{"id":64,"date":"2024-11-02T08:12:53","date_gmt":"2024-11-02T07:12:53","guid":{"rendered":"https:\/\/wordpress.p390872.webspaceconfig.de\/?page_id=64"},"modified":"2024-11-03T15:00:37","modified_gmt":"2024-11-03T14:00:37","slug":"impressum","status":"publish","type":"page","link":"https:\/\/www.sp-mallorca.com\/es\/impressum\/","title":{"rendered":"Impreso"},"content":{"rendered":"<p><\/p>\n<p style=\"text-align:center;\">PROVEEDOR<br \/>\ndirecci\u00f3n de las oficinas centrales<\/p>\n<p>Steffek y socio inmobiliaria S.L.U<br \/>\nIna Simone Steffek<\/p>\n<p>Av. Son Pillo 2, 6<br \/>\n07180 Santa Ponsa \/Mallorca \/Illes Balears \/Espa\u00f1a<\/p>\n<p>Movil:<br \/>\n<a href=\"tel:+34639872689\">+(34) 639 872 689<\/a><\/p>\n<p>correo electr\u00f3nico:<br \/>\n<a title=\"Contacto correo electr\u00f3nico\" href=\"&#109;&#97;&#105;&#108;&#116;&#111;&#58;&#105;&#110;&#102;&#111;&#64;&#115;&#112;&#45;&#109;&#97;&#108;&#108;&#111;&#114;&#99;&#97;&#46;&#99;&#111;&#109;\"><i class=\"fa fa-fw fa-envelope-o fa-lg\"><\/i>&#105;&#110;&#102;&#111;&#64;&#115;&#112;&#45;&#109;&#97;&#108;&#108;&#111;&#114;&#99;&#97;&#46;&#99;&#111;&#109;<\/a><\/p>\n<p>Internet: <i class=\"fa fa-fw fa-home\"><\/i> www.sp-mallorca.com<\/p>\n<p>Aviso legal<br \/>\nTodos los contenidos y estructuras de las p\u00e1ginas web de Steffek &#038; Socios tienen derechos de autor. La reproducci\u00f3n de datos e informaci\u00f3n, especialmente el uso de texto (o parte de ella) y las im\u00e1genes no se permite sin el consentimiento previo por escrito de Steffek &#038; Socios de los inmuebles. Steffek &#038; amp; Pareja no es responsable de la exactitud de la informaci\u00f3n en el sitio web, al amplificador a trav\u00e9s de un enlace desde los lados de Steffek y; Socio se hace referencia.<\/p>\n<p>la informaci\u00f3n del proveedor<br \/>\nIdentificaci\u00f3n del proveedor seg\u00fan \u00a7 5 Medical Devices Act (TMG) y 55 (RStV).<br \/>\nIna Steffek,<br \/>\nTel\u00e9fono Movil: +34) 639872689,<br \/>\ncorreo electr\u00f3nico: <a title=\"Contacto correo electr\u00f3nico\" href=\"&#109;&#97;&#105;&#108;&#116;&#111;&#58;&#105;&#110;&#102;&#111;&#64;&#115;&#112;&#45;&#109;&#97;&#108;&#108;&#111;&#114;&#99;&#97;&#46;&#99;&#111;&#109;\"><i class=\"fa fa-fw fa-envelope-o fa-lg\"><\/i>&#105;&#110;&#102;&#111;&#64;&#115;&#112;&#45;&#109;&#97;&#108;&#108;&#111;&#114;&#99;&#97;&#46;&#99;&#111;&#109;<\/a>.<br \/>\nInformaci\u00f3n obligatoria de acuerdo con la ley de comercio electr\u00f3nico (EGG) y el \u00a7 6 de la Ley de teleservicios (TDG). El objetivo comercial de la empresa es la intermediaci\u00f3n de bienes inmuebles. Es responsable y titular del sitio web Ina Steffek.<\/p>\n<p>N\u00famero de identificaci\u00f3n fiscal seg\u00fan la ley de impuesto sobre las ventas \u00a727a: IVA NIE: ESB57993768<\/p>\n<blockquote><p>\nEste sello se aplica a la cuenta respectiva: Google, <a href=\"https:\/\/www.facebook.com\/SteffekundPartnerImmobilienMallorca\/\" target=\"_blank\" rel=\"noopener noreferrer\">Facebook<\/a>, <a href=\"https:\/\/www.sp-mallorca.com\/feed\/\" target=\"_blank\" rel=\"noopener noreferrer\">RSS-Feed<\/a>\n<\/p><\/blockquote>\n<p>technical support by <a title=\"SEO Ranking Experte und Webdesigner- Ihre Webseite von uns erstellt, erzielt immer die Top.10 Positionen in Suchmaschinen. Denn dort sollte sich auch Ihre Homepage befinden!\" href=\"https:\/\/www.webmaker1.de\/\" target=\"_blank\" rel=\"noopener noreferrer\"><i class=\"fa fa-leaf\"><\/i> webMaker1<\/a><\/p>\n<h1 style=\"text-align: center;\"><a title=\"Pol\u00edtica de privacidad EU Regulaci\u00f3n b\u00e1sica de protecci\u00f3n de datos\" href=\"\/es\/datenschutz\/\">EU Pol\u00edtica de privacidad<\/a><\/h1>\n<p><\/p>","protected":false},"excerpt":{"rendered":"PROVEEDOR direcci\u00f3n de las oficinas centrales Steffek y socio inmobiliaria S.L.U Ina Simone Steffek Av. Son Pillo 2, 6 07180 Santa Ponsa \/Mallorca \/Illes Balears \/Espa\u00f1a Movil: +(34) 639 872 689 correo electr\u00f3nico: &#105;&#110;&#102;&#111;&#64;&#115;&#112;&#45;&#109;&#97;&#108;&#108;&#111;&#114;&#99;&#97;&#46;&#99;&#111;&#109; Internet: www.sp-mallorca.com Aviso legal Todos los &hellip; <a href=\"https:\/\/www.sp-mallorca.com\/es\/impressum\/\">Sigue leyendo <span class=\"meta-nav\">&rarr;<\/span><\/a>","protected":false},"author":7,"featured_media":0,"parent":0,"menu_order":5,"comment_status":"closed","ping_status":"closed","template":"sidebar-page.php","meta":{"_acf_changed":false,"footnotes":""},"class_list":["post-64","page","type-page","status-publish","hentry"],"acf":[],"yoast_head":"<!-- This site is optimized with the Yoast SEO plugin v27.4 - https:\/\/yoast.com\/product\/yoast-seo-wordpress\/ -->\n<title>Impreso - Steffek und Partner Immobilien SLU-Mallorca Immobilien Verkauf Vermietung S\u00fcdwesten Mallorca kaufen mieten<\/title>\n<meta name=\"robots\" content=\"index, follow, max-snippet:-1, max-image-preview:large, max-video-preview:-1\" \/>\n<link rel=\"canonical\" href=\"https:\/\/www.sp-mallorca.com\/impressum\/\" \/>\n<meta property=\"og:locale\" content=\"es_ES\" \/>\n<meta property=\"og:type\" content=\"article\" \/>\n<meta property=\"og:title\" content=\"Impreso - Steffek und Partner Immobilien SLU-Mallorca Immobilien Verkauf Vermietung S\u00fcdwesten Mallorca kaufen mieten\" \/>\n<meta property=\"og:description\" content=\"PROVEEDOR direcci\u00f3n de las oficinas centrales Steffek y socio inmobiliaria S.L.U Ina Simone Steffek Av. Son Pillo 2, 6 07180 Santa Ponsa \/Mallorca \/Illes Balears \/Espa\u00f1a Movil: +(34) 639 872 689 correo electr\u00f3nico: &#105;&#110;&#102;&#111;&#064;&#115;&#112;&#045;&#109;&#097;&#108;&#108;&#111;&#114;&#099;&#097;&#046;&#099;&#111;&#109; Internet: www.sp-mallorca.com Aviso legal Todos los &hellip; Sigue leyendo &rarr;\" \/>\n<meta property=\"og:url\" content=\"https:\/\/www.sp-mallorca.com\/impressum\/\" \/>\n<meta property=\"og:site_name\" content=\"Steffek und Partner Immobilien SLU-Mallorca Immobilien Verkauf Vermietung S\u00fcdwesten Mallorca kaufen mieten\" \/>\n<meta property=\"article:modified_time\" content=\"2024-11-03T14:00:37+00:00\" \/>\n<meta name=\"twitter:card\" content=\"summary_large_image\" \/>\n<meta name=\"twitter:label1\" content=\"Tiempo de lectura\" \/>\n\t<meta name=\"twitter:data1\" content=\"4 minutos\" \/>\n<script type=\"application\/ld+json\" class=\"yoast-schema-graph\">{\"@context\":\"https:\\\/\\\/schema.org\",\"@graph\":[{\"@type\":\"WebPage\",\"@id\":\"https:\\\/\\\/www.sp-mallorca.com\\\/impressum\\\/\",\"url\":\"https:\\\/\\\/www.sp-mallorca.com\\\/impressum\\\/\",\"name\":\"Impreso - Steffek und Partner Immobilien SLU-Mallorca Immobilien Verkauf Vermietung S\u00fcdwesten Mallorca kaufen mieten\",\"isPartOf\":{\"@id\":\"https:\\\/\\\/www.sp-mallorca.com\\\/de\\\/#website\"},\"datePublished\":\"2024-11-02T07:12:53+00:00\",\"dateModified\":\"2024-11-03T14:00:37+00:00\",\"breadcrumb\":{\"@id\":\"https:\\\/\\\/www.sp-mallorca.com\\\/impressum\\\/#breadcrumb\"},\"inLanguage\":\"es\",\"potentialAction\":[{\"@type\":\"ReadAction\",\"target\":[\"https:\\\/\\\/www.sp-mallorca.com\\\/impressum\\\/\"]}]},{\"@type\":\"BreadcrumbList\",\"@id\":\"https:\\\/\\\/www.sp-mallorca.com\\\/impressum\\\/#breadcrumb\",\"itemListElement\":[{\"@type\":\"ListItem\",\"position\":1,\"name\":\"Startseite\",\"item\":\"https:\\\/\\\/www.sp-mallorca.com\\\/\"},{\"@type\":\"ListItem\",\"position\":2,\"name\":\"[:de]Impressum[:en]Imprint[:es]Impreso[:]\"}]},{\"@type\":\"WebSite\",\"@id\":\"https:\\\/\\\/www.sp-mallorca.com\\\/de\\\/#website\",\"url\":\"https:\\\/\\\/www.sp-mallorca.com\\\/de\\\/\",\"name\":\"Steffek und Partner Immobilien SLU-Mallorca Immobilien Verkauf Vermietung S\u00fcdwesten Mallorca kaufen mieten\",\"description\":\"Mallorca Immobilien, Inmobiliaria, Real Estate, Verkauf und Vermietung, Makler Immobilienb\u00fcro, Agentur Mallorca S\u00fcdwest El Toro Calvi\u00e1 Spanien Spain, Immobilien Mallorca, g\u00fcnstige Immobilien Mallorca, Langzeitmiete Mallorca S\u00fcdwesten, Immobilien Mallorca S\u00fcdwest, Immobilien Mallorca mieten, Santa ponsa Immobilien kaufen. \u00a0 \u00a0\",\"potentialAction\":[{\"@type\":\"SearchAction\",\"target\":{\"@type\":\"EntryPoint\",\"urlTemplate\":\"https:\\\/\\\/www.sp-mallorca.com\\\/de\\\/?s={search_term_string}\"},\"query-input\":{\"@type\":\"PropertyValueSpecification\",\"valueRequired\":true,\"valueName\":\"search_term_string\"}}],\"inLanguage\":\"es\"}]}<\/script>\n<!-- \/ Yoast SEO plugin. -->","yoast_head_json":{"title":"Impreso - Steffek und Partner Immobilien SLU-Mallorca Immobilien Verkauf Vermietung S\u00fcdwesten Mallorca kaufen mieten","robots":{"index":"index","follow":"follow","max-snippet":"max-snippet:-1","max-image-preview":"max-image-preview:large","max-video-preview":"max-video-preview:-1"},"canonical":"https:\/\/www.sp-mallorca.com\/impressum\/","og_locale":"es_ES","og_type":"article","og_title":"Impreso - Steffek und Partner Immobilien SLU-Mallorca Immobilien Verkauf Vermietung S\u00fcdwesten Mallorca kaufen mieten","og_description":"PROVEEDOR direcci\u00f3n de las oficinas centrales Steffek y socio inmobiliaria S.L.U Ina Simone Steffek Av. Son Pillo 2, 6 07180 Santa Ponsa \/Mallorca \/Illes Balears \/Espa\u00f1a Movil: +(34) 639 872 689 correo electr\u00f3nico: &#105;&#110;&#102;&#111;&#64;&#115;&#112;&#45;&#109;&#97;&#108;&#108;&#111;&#114;&#99;&#97;&#46;&#99;&#111;&#109; Internet: www.sp-mallorca.com Aviso legal Todos los &hellip; Sigue leyendo &rarr;","og_url":"https:\/\/www.sp-mallorca.com\/impressum\/","og_site_name":"Steffek und Partner Immobilien SLU-Mallorca Immobilien Verkauf Vermietung S\u00fcdwesten Mallorca kaufen mieten","article_modified_time":"2024-11-03T14:00:37+00:00","twitter_card":"summary_large_image","twitter_misc":{"Tiempo de lectura":"4 minutos"},"schema":{"@context":"https:\/\/schema.org","@graph":[{"@type":"WebPage","@id":"https:\/\/www.sp-mallorca.com\/impressum\/","url":"https:\/\/www.sp-mallorca.com\/impressum\/","name":"Impreso - Steffek und Partner Immobilien SLU-Mallorca Immobilien Verkauf Vermietung S\u00fcdwesten Mallorca kaufen mieten","isPartOf":{"@id":"https:\/\/www.sp-mallorca.com\/de\/#website"},"datePublished":"2024-11-02T07:12:53+00:00","dateModified":"2024-11-03T14:00:37+00:00","breadcrumb":{"@id":"https:\/\/www.sp-mallorca.com\/impressum\/#breadcrumb"},"inLanguage":"es","potentialAction":[{"@type":"ReadAction","target":["https:\/\/www.sp-mallorca.com\/impressum\/"]}]},{"@type":"BreadcrumbList","@id":"https:\/\/www.sp-mallorca.com\/impressum\/#breadcrumb","itemListElement":[{"@type":"ListItem","position":1,"name":"Startseite","item":"https:\/\/www.sp-mallorca.com\/"},{"@type":"ListItem","position":2,"name":"[:de]Impressum[:en]Imprint[:es]Impreso[:]"}]},{"@type":"WebSite","@id":"https:\/\/www.sp-mallorca.com\/de\/#website","url":"https:\/\/www.sp-mallorca.com\/de\/","name":"Steffek und Partner Immobilien SLU-Mallorca Immobilien Verkauf Vermietung S\u00fcdwesten Mallorca kaufen mieten","description":"Mallorca Immobilien, Inmobiliaria, Real Estate, Verkauf und Vermietung, Makler Immobilienb\u00fcro, Agentur Mallorca S\u00fcdwest El Toro Calvi\u00e1 Spanien Spain, Immobilien Mallorca, g\u00fcnstige Immobilien Mallorca, Langzeitmiete Mallorca S\u00fcdwesten, Immobilien Mallorca S\u00fcdwest, Immobilien Mallorca mieten, Santa ponsa Immobilien kaufen. \u00a0 \u00a0","potentialAction":[{"@type":"SearchAction","target":{"@type":"EntryPoint","urlTemplate":"https:\/\/www.sp-mallorca.com\/de\/?s={search_term_string}"},"query-input":{"@type":"PropertyValueSpecification","valueRequired":true,"valueName":"search_term_string"}}],"inLanguage":"es"}]}},"_links":{"self":[{"href":"https:\/\/www.sp-mallorca.com\/es\/wp-json\/wp\/v2\/pages\/64","targetHints":{"allow":["GET"]}}],"collection":[{"href":"https:\/\/www.sp-mallorca.com\/es\/wp-json\/wp\/v2\/pages"}],"about":[{"href":"https:\/\/www.sp-mallorca.com\/es\/wp-json\/wp\/v2\/types\/page"}],"author":[{"embeddable":true,"href":"https:\/\/www.sp-mallorca.com\/es\/wp-json\/wp\/v2\/users\/7"}],"replies":[{"embeddable":true,"href":"https:\/\/www.sp-mallorca.com\/es\/wp-json\/wp\/v2\/comments?post=64"}],"version-history":[{"count":25,"href":"https:\/\/www.sp-mallorca.com\/es\/wp-json\/wp\/v2\/pages\/64\/revisions"}],"predecessor-version":[{"id":1071,"href":"https:\/\/www.sp-mallorca.com\/es\/wp-json\/wp\/v2\/pages\/64\/revisions\/1071"}],"wp:attachment":[{"href":"https:\/\/www.sp-mallorca.com\/es\/wp-json\/wp\/v2\/media?parent=64"}],"curies":[{"name":"wp","href":"https:\/\/api.w.org\/{rel}","templated":true}]}}