{"id":52,"date":"2024-11-02T07:41:37","date_gmt":"2024-11-02T06:41:37","guid":{"rendered":"https:\/\/wordpress.p390872.webspaceconfig.de\/?page_id=52"},"modified":"2024-11-03T15:00:54","modified_gmt":"2024-11-03T14:00:54","slug":"kontakt","status":"publish","type":"page","link":"https:\/\/www.sp-mallorca.com\/es\/kontakt\/","title":{"rendered":"Contacto"},"content":{"rendered":"<p>\u00bfLe gustar\u00eda ponerse en contacto con nosotros? Estamos muy satisfechos con cada mensaje!<\/p>\n<p>horario de apertura:<br \/>\nLunes a viernes: 10.00 h \u2013 18.00 h<\/p>\n<p>Movil:<br \/>\n+(34) 639 872 689<\/p>\n<p>Solo usa el formulario. Nos pondremos en contacto con usted lo antes posible.<\/p>\n<section class=\"contactform\">\r\n \r\n    <div class=\"container\">\r\n\t\t<form method=\"post\" id=\"onoffice-form\">\r\n\t\t\t<input type=\"hidden\" name=\"oo_formid\" value=\"Contact\">\r\n\t\t\t<input type=\"hidden\" name=\"oo_formno\" value=\"3\">\r\n\t\t\t\r\n\t\t<div class=\"formfield\"><label>Nombre*<\/label><input type=\"text\"required aria-required='true' aria-invalid='false' name=\"Vorname\" value=\"\" autocomplete=\"given-name\"><span class='error' aria-hidden='true' aria-atomic='true'><p>Por favor, introduce un texto.<\/p><\/span><\/div><div class=\"formfield\"><label>Apellido*<\/label><input type=\"text\"required aria-required='true' aria-invalid='false' name=\"Name\" value=\"\" autocomplete=\"family-name\"><span class='error' aria-hidden='true' aria-atomic='true'><p>Por favor, introduce un texto.<\/p><\/span><\/div><div class=\"formfield\"><label>Calle<\/label><input type=\"text\" name=\"Strasse\" value=\"\" autocomplete=\"street-address\"><\/div><div class=\"formfield\"><label>C\u00f3digo postal<\/label><input type=\"text\" name=\"Plz\" value=\"\" autocomplete=\"postal-code\"><\/div><div class=\"formfield\"><label>Localidad<\/label><input type=\"text\" name=\"Ort\" value=\"\" autocomplete=\"address-level2\"><\/div><div class=\"formfield\"><label>N\u00fameros de tel\u00e9fono<\/label><input type=\"text\" name=\"Telefon1\" value=\"\" autocomplete=\"tel\"><\/div><div class=\"formfield\"><label>E-mail*<\/label><input type=\"email\"required aria-required='true' aria-invalid='false' name=\"Email\" value=\"\" autocomplete=\"email\"><span class='error' aria-hidden='true' aria-atomic='true'><p>Por favor, introduce una direcci\u00f3n de correo electr\u00f3nico v\u00e1lida.<\/p><\/span><\/div>\t\t\t\t<label>mensaje:<\/label><br>\r\n\t\t\t\t<textarea name=\"message\"><\/textarea>\r\n\t\t\t\r\n\t\t\t\t\t\t\t<br>\r\n\t\t\t\t<br>\r\n\t\t\t\t<input id=\"checkBox\" type=\"checkbox\" required  name=\"gdprcheckbox\" value=\"1\" >\r\n\t\t\t\t<span style=\"font-size:12px;font-weight:normal;\">Aceptar <a href=\"\/datenschutzerklaerung\/\" rel=\"noopener\" target=\"_blank\">la pol\u00edtica de privacidad: *<\/a><\/span>\r\n\t\t\t\r\n\t\t\t<br>\r\n\t\t\t<p>Este sitio est\u00e1 protegido por reCAPTCHA\t\t\t<a href=\"https:\/\/policies.google.com\/privacy\" target=\"_blank\">y los T\u00e9rminos de servicio de Google<\/a> \r\n\t\t\ty\t\t\t<a href=\"https:\/\/policies.google.com\/terms\" target=\"_blank\">la Pol\u00edtica de privacidad.<\/a> <\/p>\r\n\t\t\t<br>\r\n\t\t\t\r\n\t\t\t    <script>\n        function submitForm3() {\n            const selectorFormById = `form[id^=\"onoffice-form\"] input[name=\"oo_formno\"][value=\"3\"]`;\n            const form = document.querySelector(selectorFormById).closest('#onoffice-form, .oo-form, #leadgeneratorform');\n            const submitButtonElement = form.querySelector('.submit_button');\n            form.submit();\n            submitButtonElement.disabled = true;\n            submitButtonElement.classList.add('onoffice-unclickable-form');\n        }\n    <\/script>\n    <div class=\"g-recaptcha\"\n        data-sitekey=\"6LeAr8UUAAAAAOPBqXNYnFd30ZYRFLIdD_rXTRxl\" \n        data-callback=\"submitForm3\" data-size=\"invisible\">\n    <\/div>\n    <button class=\"submit_button\">Enviar<\/button>\n    <script>\n        (function() {\n            const selectorFormById = `form[id^=\"onoffice-form\"] input[name=\"oo_formno\"][value=\"3\"]`;\n            const form = document.querySelector(selectorFormById).closest('#onoffice-form, .oo-form, #leadgeneratorform');\n            const submitButtonElement = form.querySelector('.submit_button');\n            if (typeof onOffice !== 'undefined' && onOffice.captchaControl) {\n                onOffice.captchaControl(form, submitButtonElement);\n            }\n        })();\n    <\/script>\n\t\t\r\n\t\t<\/form>\r\n\r\n\r\n\t<\/div>\r\n\r\n<\/section>\r\n\n<p><span style=\"font-size: 10px;\">Ihre Daten werden verschl\u00fcsselt \u00fcbermittelt und gesichert mit Let&#8217;s Encrypt Secure SSL Certificate.<\/span><\/p>","protected":false},"excerpt":{"rendered":"\u00bfLe gustar\u00eda ponerse en contacto con nosotros? Estamos muy satisfechos con cada mensaje! horario de apertura: Lunes a viernes: 10.00 h \u2013 18.00 h Movil: +(34) 639 872 689 Solo usa el formulario. Nos pondremos en contacto con usted lo &hellip; <a href=\"https:\/\/www.sp-mallorca.com\/es\/kontakt\/\">Sigue leyendo <span class=\"meta-nav\">&rarr;<\/span><\/a>","protected":false},"author":7,"featured_media":0,"parent":0,"menu_order":5,"comment_status":"closed","ping_status":"closed","template":"sidebar-page.php","meta":{"_acf_changed":false,"footnotes":""},"class_list":["post-52","page","type-page","status-publish","hentry"],"acf":[],"yoast_head":"<!-- This site is optimized with the Yoast SEO plugin v27.3 - https:\/\/yoast.com\/product\/yoast-seo-wordpress\/ -->\n<title>Contacto - Steffek und Partner Immobilien SLU-Mallorca Immobilien Verkauf Vermietung S\u00fcdwesten Mallorca kaufen mieten<\/title>\n<meta name=\"robots\" content=\"index, follow, max-snippet:-1, max-image-preview:large, max-video-preview:-1\" \/>\n<link rel=\"canonical\" href=\"https:\/\/www.sp-mallorca.com\/kontakt\/\" \/>\n<meta property=\"og:locale\" content=\"es_ES\" \/>\n<meta property=\"og:type\" content=\"article\" \/>\n<meta property=\"og:title\" content=\"Contacto - Steffek und Partner Immobilien SLU-Mallorca Immobilien Verkauf Vermietung S\u00fcdwesten Mallorca kaufen mieten\" \/>\n<meta property=\"og:description\" content=\"\u00bfLe gustar\u00eda ponerse en contacto con nosotros? Estamos muy satisfechos con cada mensaje! horario de apertura: Lunes a viernes: 10.00 h \u2013 18.00 h Movil: +(34) 639 872 689 Solo usa el formulario. Nos pondremos en contacto con usted lo &hellip; Sigue leyendo &rarr;\" \/>\n<meta property=\"og:url\" content=\"https:\/\/www.sp-mallorca.com\/kontakt\/\" \/>\n<meta property=\"og:site_name\" content=\"Steffek und Partner Immobilien SLU-Mallorca Immobilien Verkauf Vermietung S\u00fcdwesten Mallorca kaufen mieten\" \/>\n<meta property=\"article:modified_time\" content=\"2024-11-03T14:00:54+00:00\" \/>\n<meta name=\"twitter:card\" content=\"summary_large_image\" \/>\n<meta name=\"twitter:label1\" content=\"Tiempo de lectura\" \/>\n\t<meta name=\"twitter:data1\" content=\"1 minuto\" \/>\n<script type=\"application\/ld+json\" class=\"yoast-schema-graph\">{\"@context\":\"https:\\\/\\\/schema.org\",\"@graph\":[{\"@type\":\"WebPage\",\"@id\":\"https:\\\/\\\/www.sp-mallorca.com\\\/kontakt\\\/\",\"url\":\"https:\\\/\\\/www.sp-mallorca.com\\\/kontakt\\\/\",\"name\":\"Contacto - Steffek und Partner Immobilien SLU-Mallorca Immobilien Verkauf Vermietung S\u00fcdwesten Mallorca kaufen mieten\",\"isPartOf\":{\"@id\":\"https:\\\/\\\/www.sp-mallorca.com\\\/de\\\/#website\"},\"datePublished\":\"2024-11-02T06:41:37+00:00\",\"dateModified\":\"2024-11-03T14:00:54+00:00\",\"breadcrumb\":{\"@id\":\"https:\\\/\\\/www.sp-mallorca.com\\\/kontakt\\\/#breadcrumb\"},\"inLanguage\":\"es\",\"potentialAction\":[{\"@type\":\"ReadAction\",\"target\":[\"https:\\\/\\\/www.sp-mallorca.com\\\/kontakt\\\/\"]}]},{\"@type\":\"BreadcrumbList\",\"@id\":\"https:\\\/\\\/www.sp-mallorca.com\\\/kontakt\\\/#breadcrumb\",\"itemListElement\":[{\"@type\":\"ListItem\",\"position\":1,\"name\":\"Startseite\",\"item\":\"https:\\\/\\\/www.sp-mallorca.com\\\/\"},{\"@type\":\"ListItem\",\"position\":2,\"name\":\"[:de]Kontakt[:en]Contact[:es]Contacto[:]\"}]},{\"@type\":\"WebSite\",\"@id\":\"https:\\\/\\\/www.sp-mallorca.com\\\/de\\\/#website\",\"url\":\"https:\\\/\\\/www.sp-mallorca.com\\\/de\\\/\",\"name\":\"Steffek und Partner Immobilien SLU-Mallorca Immobilien Verkauf Vermietung S\u00fcdwesten Mallorca kaufen mieten\",\"description\":\"Mallorca Immobilien, Inmobiliaria, Real Estate, Verkauf und Vermietung, Makler Immobilienb\u00fcro, Agentur Mallorca S\u00fcdwest El Toro Calvi\u00e1 Spanien Spain, Immobilien Mallorca, g\u00fcnstige Immobilien Mallorca, Langzeitmiete Mallorca S\u00fcdwesten, Immobilien Mallorca S\u00fcdwest, Immobilien Mallorca mieten, Santa ponsa Immobilien kaufen. \u00a0 \u00a0\",\"potentialAction\":[{\"@type\":\"SearchAction\",\"target\":{\"@type\":\"EntryPoint\",\"urlTemplate\":\"https:\\\/\\\/www.sp-mallorca.com\\\/de\\\/?s={search_term_string}\"},\"query-input\":{\"@type\":\"PropertyValueSpecification\",\"valueRequired\":true,\"valueName\":\"search_term_string\"}}],\"inLanguage\":\"es\"}]}<\/script>\n<!-- \/ Yoast SEO plugin. -->","yoast_head_json":{"title":"Contacto - Steffek und Partner Immobilien SLU-Mallorca Immobilien Verkauf Vermietung S\u00fcdwesten Mallorca kaufen mieten","robots":{"index":"index","follow":"follow","max-snippet":"max-snippet:-1","max-image-preview":"max-image-preview:large","max-video-preview":"max-video-preview:-1"},"canonical":"https:\/\/www.sp-mallorca.com\/kontakt\/","og_locale":"es_ES","og_type":"article","og_title":"Contacto - Steffek und Partner Immobilien SLU-Mallorca Immobilien Verkauf Vermietung S\u00fcdwesten Mallorca kaufen mieten","og_description":"\u00bfLe gustar\u00eda ponerse en contacto con nosotros? Estamos muy satisfechos con cada mensaje! horario de apertura: Lunes a viernes: 10.00 h \u2013 18.00 h Movil: +(34) 639 872 689 Solo usa el formulario. Nos pondremos en contacto con usted lo &hellip; Sigue leyendo &rarr;","og_url":"https:\/\/www.sp-mallorca.com\/kontakt\/","og_site_name":"Steffek und Partner Immobilien SLU-Mallorca Immobilien Verkauf Vermietung S\u00fcdwesten Mallorca kaufen mieten","article_modified_time":"2024-11-03T14:00:54+00:00","twitter_card":"summary_large_image","twitter_misc":{"Tiempo de lectura":"1 minuto"},"schema":{"@context":"https:\/\/schema.org","@graph":[{"@type":"WebPage","@id":"https:\/\/www.sp-mallorca.com\/kontakt\/","url":"https:\/\/www.sp-mallorca.com\/kontakt\/","name":"Contacto - Steffek und Partner Immobilien SLU-Mallorca Immobilien Verkauf Vermietung S\u00fcdwesten Mallorca kaufen mieten","isPartOf":{"@id":"https:\/\/www.sp-mallorca.com\/de\/#website"},"datePublished":"2024-11-02T06:41:37+00:00","dateModified":"2024-11-03T14:00:54+00:00","breadcrumb":{"@id":"https:\/\/www.sp-mallorca.com\/kontakt\/#breadcrumb"},"inLanguage":"es","potentialAction":[{"@type":"ReadAction","target":["https:\/\/www.sp-mallorca.com\/kontakt\/"]}]},{"@type":"BreadcrumbList","@id":"https:\/\/www.sp-mallorca.com\/kontakt\/#breadcrumb","itemListElement":[{"@type":"ListItem","position":1,"name":"Startseite","item":"https:\/\/www.sp-mallorca.com\/"},{"@type":"ListItem","position":2,"name":"[:de]Kontakt[:en]Contact[:es]Contacto[:]"}]},{"@type":"WebSite","@id":"https:\/\/www.sp-mallorca.com\/de\/#website","url":"https:\/\/www.sp-mallorca.com\/de\/","name":"Steffek und Partner Immobilien SLU-Mallorca Immobilien Verkauf Vermietung S\u00fcdwesten Mallorca kaufen mieten","description":"Mallorca Immobilien, Inmobiliaria, Real Estate, Verkauf und Vermietung, Makler Immobilienb\u00fcro, Agentur Mallorca S\u00fcdwest El Toro Calvi\u00e1 Spanien Spain, Immobilien Mallorca, g\u00fcnstige Immobilien Mallorca, Langzeitmiete Mallorca S\u00fcdwesten, Immobilien Mallorca S\u00fcdwest, Immobilien Mallorca mieten, Santa ponsa Immobilien kaufen. \u00a0 \u00a0","potentialAction":[{"@type":"SearchAction","target":{"@type":"EntryPoint","urlTemplate":"https:\/\/www.sp-mallorca.com\/de\/?s={search_term_string}"},"query-input":{"@type":"PropertyValueSpecification","valueRequired":true,"valueName":"search_term_string"}}],"inLanguage":"es"}]}},"_links":{"self":[{"href":"https:\/\/www.sp-mallorca.com\/es\/wp-json\/wp\/v2\/pages\/52","targetHints":{"allow":["GET"]}}],"collection":[{"href":"https:\/\/www.sp-mallorca.com\/es\/wp-json\/wp\/v2\/pages"}],"about":[{"href":"https:\/\/www.sp-mallorca.com\/es\/wp-json\/wp\/v2\/types\/page"}],"author":[{"embeddable":true,"href":"https:\/\/www.sp-mallorca.com\/es\/wp-json\/wp\/v2\/users\/7"}],"replies":[{"embeddable":true,"href":"https:\/\/www.sp-mallorca.com\/es\/wp-json\/wp\/v2\/comments?post=52"}],"version-history":[{"count":56,"href":"https:\/\/www.sp-mallorca.com\/es\/wp-json\/wp\/v2\/pages\/52\/revisions"}],"predecessor-version":[{"id":1064,"href":"https:\/\/www.sp-mallorca.com\/es\/wp-json\/wp\/v2\/pages\/52\/revisions\/1064"}],"wp:attachment":[{"href":"https:\/\/www.sp-mallorca.com\/es\/wp-json\/wp\/v2\/media?parent=52"}],"curies":[{"name":"wp","href":"https:\/\/api.w.org\/{rel}","templated":true}]}}