{"id":345,"date":"2024-11-02T08:20:17","date_gmt":"2024-11-02T07:20:17","guid":{"rendered":"https:\/\/wordpress.p390872.webspaceconfig.de\/?page_id=345"},"modified":"2024-11-03T15:00:09","modified_gmt":"2024-11-03T14:00:09","slug":"suedosen","status":"publish","type":"page","link":"https:\/\/www.sp-mallorca.com\/es\/suedosen\/","title":{"rendered":"S\u00fcdosten Mallorca"},"content":{"rendered":"\r\n\r\n\r\n<div class=\"anzahlangebote half\">\r\n\r\n\r\n\r\n\r\n\r\n\r\n 4 propiedades encontrados <\/div>\r\n \r\n<div class=\"sort-controls half\">\r\n\t\t\t\t\t\t\t\t\t\t\t\t\t\t\t\t<div class=\"sorttest\"><\/div>\t\r\n\t\t\t\t\t\t<\/div>\r\n\t\t\r\n\r\n <div class=\"clearfix\"><\/div>\r\n\r\n\r\n<div class=\"list\">\r\n\t<div class=\"full clearfix listsearch\">\r\n\t\r\n\t\t\r\n\t\t<div class=\"obj-listobject-image one-third\">\r\n\t\t\t<div class=\"listimage\" style=\"background-image:url('https:\/\/image.onoffice.de\/smart20\/Objekte\/SteffekundPartner\/8039\/4cff59e5-1bd7-4f64-9a5c-d180a435fab9.jpg@450x300')\">\r\n\t\t\t\r\n\t\t\t\t\r\n\t\t\t\r\n\t\t\t<\/div>\r\n\t\t<\/div>\r\n\t\t\t\t\t<div class=\"obj-listobject-right two-thirds\">\r\n\t\t\t<div class=\"obj-listobject-title bgturquoise\">\r\n\t\t\t\t\t\t<div class=\"clearfix\">\r\n\t\t\t\t<div class=\"three-fourth objtitel\">Inversi\u00f3n - Apartamentos en alquiler vacacional Porto Colom playa en venta in&hellip;<\/div>\r\n\t\t\t\t<div class=\"one-fourth refnumber\">A-3021-s <span style=\"display:none;\"><\/div>\r\n\t\t\t<\/div>\r\n\t\t\t<div class=\"obj-listobject-infos clearfix\">\r\n\t\t\t\t<div class=\"half\">\r\n\t\t\t\t\t<div class=\"clearfix\"><div class=\"two-thirds list\">Cantidad de cuartos de ba\u00f1o<\/div><div class=\"one-third list\">1<\/div><\/div>\t\t\t\t<\/div>\r\n\t\t\t\t<div class=\"half\">\r\n\t\t\t\t\t\t<div class=\"clearfix\"><div class=\"half list\">Superficie construidos<\/div><div class=\"half list clearfix\">25 m\u00b2<\/div><\/div><div class=\"clearfix\"><div class=\"half list\">Precio<\/div><div class=\"half list clearfix\">198.000 \u20ac<\/div><\/div>\r\n\t\t\t\t\t\t\t<a class=\"round bgpink right\" href=\"https:\/\/www.sp-mallorca.com\/es\/detailansicht\/8039-inversion-apartamentos-en-alquiler-vacacional\/?status\">Detalles<\/a>\r\n\t\t\t\t\t\t\t<a class=\"round bgpink left\" href=\"https:\/\/www.sp-mallorca.com\/es\/detailansicht\/8039-inversion-apartamentos-en-alquiler-vacacional\/?status#sofortanfrage\">Solicitud<\/a>\r\n\t\t\t\t<\/div>\r\n\t\t\t<\/div>\r\n\t\t<\/div>\t\r\n\t\t<\/div>\r\n\t<\/div>\r\n\t<div class=\"full clearfix listsearch\">\r\n\t\r\n\t\t\r\n\t\t<div class=\"obj-listobject-image one-third\">\r\n\t\t\t<div class=\"listimage\" style=\"background-image:url('https:\/\/image.onoffice.de\/smart20\/Objekte\/SteffekundPartner\/6483\/cb8c51ef-f332-473c-aa23-e363308aea44.jpg@450x300')\">\r\n\t\t\t\r\n\t\t\t\t\r\n\t\t\t\r\n\t\t\t<\/div>\r\n\t\t<\/div>\r\n\t\t\t\t\t<div class=\"obj-listobject-right two-thirds\">\r\n\t\t\t<div class=\"obj-listobject-title bgturquoise\">\r\n\t\t\t\t\t\t<div class=\"clearfix\">\r\n\t\t\t\t<div class=\"three-fourth objtitel\">Nueva construcci\u00f3n pisos primera ocupaci\u00f3n Mallorca in Cala D&#039;Or<\/div>\r\n\t\t\t\t<div class=\"one-fourth refnumber\">A-2867 <span style=\"display:none;\"><\/div>\r\n\t\t\t<\/div>\r\n\t\t\t<div class=\"obj-listobject-infos clearfix\">\r\n\t\t\t\t<div class=\"half\">\r\n\t\t\t\t\t<div class=\"clearfix\"><div class=\"two-thirds list\">Cantidad de cuartos de ba\u00f1o<\/div><div class=\"one-third list\">2<\/div><\/div>\t\t\t\t<\/div>\r\n\t\t\t\t<div class=\"half\">\r\n\t\t\t\t\t\t<div class=\"clearfix\"><div class=\"half list\">Superficie \u00fatiles<\/div><div class=\"half list clearfix\">62 m\u00b2<\/div><\/div><div class=\"clearfix\"><div class=\"half list\">Superficie construidos<\/div><div class=\"half list clearfix\">159 m\u00b2<\/div><\/div><div class=\"clearfix\"><div class=\"half list\">Precio<\/div><div class=\"half list clearfix\">335.000 \u20ac<\/div><\/div>\r\n\t\t\t\t\t\t\t<a class=\"round bgpink right\" href=\"https:\/\/www.sp-mallorca.com\/es\/detailansicht\/6483-nueva-construccion-pisos-primera-ocupacion\/?status\">Detalles<\/a>\r\n\t\t\t\t\t\t\t<a class=\"round bgpink left\" href=\"https:\/\/www.sp-mallorca.com\/es\/detailansicht\/6483-nueva-construccion-pisos-primera-ocupacion\/?status#sofortanfrage\">Solicitud<\/a>\r\n\t\t\t\t<\/div>\r\n\t\t\t<\/div>\r\n\t\t<\/div>\t\r\n\t\t<\/div>\r\n\t<\/div>\r\n\t<div class=\"full clearfix listsearch\">\r\n\t\r\n\t\t\r\n\t\t<div class=\"obj-listobject-image one-third\">\r\n\t\t\t<div class=\"listimage\" style=\"background-image:url('https:\/\/image.onoffice.de\/smart20\/Objekte\/SteffekundPartner\/6333\/5cf81f41-1294-4eff-a070-fd4d226b31e8.jpg@450x300')\">\r\n\t\t\t\r\n\t\t\t\t\t\t\r\n\t\t\t<p class=\"ref sold\">Immobilien der Woche<\/p> \r\n\t\t\t\t\r\n\t\t\t\r\n\t\t\t<\/div>\r\n\t\t<\/div>\r\n\t\t\t\t\t<div class=\"obj-listobject-right two-thirds\">\r\n\t\t\t<div class=\"obj-listobject-title bgturquoise\">\r\n\t\t\t\t\t\t<div class=\"clearfix\">\r\n\t\t\t\t<div class=\"three-fourth objtitel\">Neubau Wohnungen am sch\u00f6nen Es Trenc Strand - Sa Rapita in Sa&hellip;<\/div>\r\n\t\t\t\t<div class=\"one-fourth refnumber\">A-2821-1 <span style=\"display:none;\"><\/div>\r\n\t\t\t<\/div>\r\n\t\t\t<div class=\"obj-listobject-infos clearfix\">\r\n\t\t\t\t<div class=\"half\">\r\n\t\t\t\t\t<div class=\"clearfix\"><div class=\"two-thirds list\">Cantidad de cuartos de ba\u00f1o<\/div><div class=\"one-third list\">2<\/div><\/div>\t\t\t\t<\/div>\r\n\t\t\t\t<div class=\"half\">\r\n\t\t\t\t\t\t<div class=\"clearfix\"><div class=\"half list\">Superficie \u00fatiles<\/div><div class=\"half list clearfix\">115 m\u00b2<\/div><\/div><div class=\"clearfix\"><div class=\"half list\">Superficie construidos<\/div><div class=\"half list clearfix\">255 m\u00b2<\/div><\/div><div class=\"clearfix\"><div class=\"half list\">Precio<\/div><div class=\"half list clearfix\">899.000 \u20ac<\/div><\/div>\r\n\t\t\t\t\t\t\t<a class=\"round bgpink right\" href=\"https:\/\/www.sp-mallorca.com\/es\/detailansicht\/6333-neubau-wohnungen-am-schonen-es\/?status=immobilien_der_woche\">Detalles<\/a>\r\n\t\t\t\t\t\t\t<a class=\"round bgpink left\" href=\"https:\/\/www.sp-mallorca.com\/es\/detailansicht\/6333-neubau-wohnungen-am-schonen-es\/?status=immobilien_der_woche#sofortanfrage\">Solicitud<\/a>\r\n\t\t\t\t<\/div>\r\n\t\t\t<\/div>\r\n\t\t<\/div>\t\r\n\t\t<\/div>\r\n\t<\/div>\r\n\t<div class=\"full clearfix listsearch\">\r\n\t\r\n\t\t\r\n\t\t<div class=\"obj-listobject-image one-third\">\r\n\t\t\t<div class=\"listimage\" style=\"background-image:url('https:\/\/image.onoffice.de\/smart20\/Objekte\/SteffekundPartner\/6197\/f981ca8f-8f16-40ae-bd93-85c6041e2b67.jpg@450x300')\">\r\n\t\t\t\r\n\t\t\t\t\r\n\t\t\t\r\n\t\t\t<\/div>\r\n\t\t<\/div>\r\n\t\t\t\t\t<div class=\"obj-listobject-right two-thirds\">\r\n\t\t\t<div class=\"obj-listobject-title bgturquoise\">\r\n\t\t\t\t\t\t<div class=\"clearfix\">\r\n\t\t\t\t<div class=\"three-fourth objtitel\">Pisos de nueva construcci\u00f3n en la hermosa playa de Es Trenc -&hellip;<\/div>\r\n\t\t\t\t<div class=\"one-fourth refnumber\">A-2821 <span style=\"display:none;\"><\/div>\r\n\t\t\t<\/div>\r\n\t\t\t<div class=\"obj-listobject-infos clearfix\">\r\n\t\t\t\t<div class=\"half\">\r\n\t\t\t\t\t<div class=\"clearfix\"><div class=\"two-thirds list\">Cantidad de cuartos de ba\u00f1o<\/div><div class=\"one-third list\">2<\/div><\/div>\t\t\t\t<\/div>\r\n\t\t\t\t<div class=\"half\">\r\n\t\t\t\t\t\t<div class=\"clearfix\"><div class=\"half list\">Superficie \u00fatiles<\/div><div class=\"half list clearfix\">94 m\u00b2<\/div><\/div><div class=\"clearfix\"><div class=\"half list\">Superficie construidos<\/div><div class=\"half list clearfix\">214 m\u00b2<\/div><\/div><div class=\"clearfix\"><div class=\"half list\">Precio<\/div><div class=\"half list clearfix\">729.000 \u20ac<\/div><\/div>\r\n\t\t\t\t\t\t\t<a class=\"round bgpink right\" href=\"https:\/\/www.sp-mallorca.com\/es\/detailansicht\/6197-pisos-de-nueva-construccion-en\/?status\">Detalles<\/a>\r\n\t\t\t\t\t\t\t<a class=\"round bgpink left\" href=\"https:\/\/www.sp-mallorca.com\/es\/detailansicht\/6197-pisos-de-nueva-construccion-en\/?status#sofortanfrage\">Solicitud<\/a>\r\n\t\t\t\t<\/div>\r\n\t\t\t<\/div>\r\n\t\t<\/div>\t\r\n\t\t<\/div>\r\n\t<\/div>\r\n<\/div>\r\n\n","protected":false},"excerpt":{"rendered":"","protected":false},"author":7,"featured_media":0,"parent":0,"menu_order":3,"comment_status":"closed","ping_status":"closed","template":"","meta":{"_acf_changed":false,"footnotes":""},"class_list":["post-345","page","type-page","status-publish","hentry"],"acf":[],"yoast_head":"<!-- This site is optimized with the Yoast SEO plugin v27.4 - https:\/\/yoast.com\/product\/yoast-seo-wordpress\/ -->\n<title>S\u00fcdosten Mallorca - Steffek und Partner Immobilien SLU-Mallorca Immobilien Verkauf Vermietung S\u00fcdwesten Mallorca kaufen mieten<\/title>\n<meta name=\"description\" content=\"S\u00fcdosten Mallorca Immobilien Verkauf Immobilienangebote Mallorca, exklusive Immobilien, kaufen, verkaufen, mieten, Meerblick, Apartment, Penthaus, Wohnung\" \/>\n<meta name=\"robots\" content=\"index, follow, max-snippet:-1, max-image-preview:large, max-video-preview:-1\" \/>\n<link rel=\"canonical\" href=\"https:\/\/www.sp-mallorca.com\/suedosen\/\" \/>\n<meta property=\"og:locale\" content=\"es_ES\" \/>\n<meta property=\"og:type\" content=\"article\" \/>\n<meta property=\"og:title\" content=\"S\u00fcdosten Mallorca - Steffek und Partner Immobilien SLU-Mallorca Immobilien Verkauf Vermietung S\u00fcdwesten Mallorca kaufen mieten\" \/>\n<meta property=\"og:description\" content=\"{:de}S\u00fcdosten Mallorca Immobilien Verkauf Immobilienangebote Mallorca, exklusive Immobilien, kaufen, verkaufen, mieten, Meerblick, Apartment, Penthaus, Wohnung{:es}S\u00fcdosten Mallorca Immobilien Verkauf Immobilienangebote Mallorca, exklusive Immobilien, kaufen, verkaufen, mieten, Meerblick, Apartment, Penthaus, Wohnung{:}\" \/>\n<meta property=\"og:url\" content=\"https:\/\/www.sp-mallorca.com\/suedosen\/\" \/>\n<meta property=\"og:site_name\" content=\"Steffek und Partner Immobilien SLU-Mallorca Immobilien Verkauf Vermietung S\u00fcdwesten Mallorca kaufen mieten\" \/>\n<meta property=\"article:modified_time\" content=\"2024-11-03T14:00:09+00:00\" \/>\n<meta name=\"twitter:card\" content=\"summary_large_image\" \/>\n<script type=\"application\/ld+json\" class=\"yoast-schema-graph\">{\"@context\":\"https:\\\/\\\/schema.org\",\"@graph\":[{\"@type\":\"WebPage\",\"@id\":\"https:\\\/\\\/www.sp-mallorca.com\\\/suedosen\\\/\",\"url\":\"https:\\\/\\\/www.sp-mallorca.com\\\/suedosen\\\/\",\"name\":\"S\u00fcdosten Mallorca - Steffek und Partner Immobilien SLU-Mallorca Immobilien Verkauf Vermietung S\u00fcdwesten Mallorca kaufen mieten\",\"isPartOf\":{\"@id\":\"https:\\\/\\\/www.sp-mallorca.com\\\/de\\\/#website\"},\"datePublished\":\"2024-11-02T07:20:17+00:00\",\"dateModified\":\"2024-11-03T14:00:09+00:00\",\"description\":\"{:de}S\u00fcdosten Mallorca Immobilien Verkauf Immobilienangebote Mallorca, exklusive Immobilien, kaufen, verkaufen, mieten, Meerblick, Apartment, Penthaus, Wohnung{:es}S\u00fcdosten Mallorca Immobilien Verkauf Immobilienangebote Mallorca, exklusive Immobilien, kaufen, verkaufen, mieten, Meerblick, Apartment, Penthaus, Wohnung{:}\",\"breadcrumb\":{\"@id\":\"https:\\\/\\\/www.sp-mallorca.com\\\/suedosen\\\/#breadcrumb\"},\"inLanguage\":\"es\",\"potentialAction\":[{\"@type\":\"ReadAction\",\"target\":[\"https:\\\/\\\/www.sp-mallorca.com\\\/suedosen\\\/\"]}]},{\"@type\":\"BreadcrumbList\",\"@id\":\"https:\\\/\\\/www.sp-mallorca.com\\\/suedosen\\\/#breadcrumb\",\"itemListElement\":[{\"@type\":\"ListItem\",\"position\":1,\"name\":\"Startseite\",\"item\":\"https:\\\/\\\/www.sp-mallorca.com\\\/\"},{\"@type\":\"ListItem\",\"position\":2,\"name\":\"[:de]S\u00fcdosten Mallorca[:en]Southeast Majorca[:es]S\u00fcdosten Mallorca[:]\"}]},{\"@type\":\"WebSite\",\"@id\":\"https:\\\/\\\/www.sp-mallorca.com\\\/de\\\/#website\",\"url\":\"https:\\\/\\\/www.sp-mallorca.com\\\/de\\\/\",\"name\":\"Steffek und Partner Immobilien SLU-Mallorca Immobilien Verkauf Vermietung S\u00fcdwesten Mallorca kaufen mieten\",\"description\":\"Mallorca Immobilien, Inmobiliaria, Real Estate, Verkauf und Vermietung, Makler Immobilienb\u00fcro, Agentur Mallorca S\u00fcdwest El Toro Calvi\u00e1 Spanien Spain, Immobilien Mallorca, g\u00fcnstige Immobilien Mallorca, Langzeitmiete Mallorca S\u00fcdwesten, Immobilien Mallorca S\u00fcdwest, Immobilien Mallorca mieten, Santa ponsa Immobilien kaufen. \u00a0 \u00a0\",\"potentialAction\":[{\"@type\":\"SearchAction\",\"target\":{\"@type\":\"EntryPoint\",\"urlTemplate\":\"https:\\\/\\\/www.sp-mallorca.com\\\/de\\\/?s={search_term_string}\"},\"query-input\":{\"@type\":\"PropertyValueSpecification\",\"valueRequired\":true,\"valueName\":\"search_term_string\"}}],\"inLanguage\":\"es\"}]}<\/script>\n<!-- \/ Yoast SEO plugin. -->","yoast_head_json":{"title":"S\u00fcdosten Mallorca - Steffek und Partner Immobilien SLU-Mallorca Immobilien Verkauf Vermietung S\u00fcdwesten Mallorca kaufen mieten","description":"S\u00fcdosten Mallorca Immobilien Verkauf Immobilienangebote Mallorca, exklusive Immobilien, kaufen, verkaufen, mieten, Meerblick, Apartment, Penthaus, Wohnung","robots":{"index":"index","follow":"follow","max-snippet":"max-snippet:-1","max-image-preview":"max-image-preview:large","max-video-preview":"max-video-preview:-1"},"canonical":"https:\/\/www.sp-mallorca.com\/suedosen\/","og_locale":"es_ES","og_type":"article","og_title":"S\u00fcdosten Mallorca - Steffek und Partner Immobilien SLU-Mallorca Immobilien Verkauf Vermietung S\u00fcdwesten Mallorca kaufen mieten","og_description":"{:de}S\u00fcdosten Mallorca Immobilien Verkauf Immobilienangebote Mallorca, exklusive Immobilien, kaufen, verkaufen, mieten, Meerblick, Apartment, Penthaus, Wohnung{:es}S\u00fcdosten Mallorca Immobilien Verkauf Immobilienangebote Mallorca, exklusive Immobilien, kaufen, verkaufen, mieten, Meerblick, Apartment, Penthaus, Wohnung{:}","og_url":"https:\/\/www.sp-mallorca.com\/suedosen\/","og_site_name":"Steffek und Partner Immobilien SLU-Mallorca Immobilien Verkauf Vermietung S\u00fcdwesten Mallorca kaufen mieten","article_modified_time":"2024-11-03T14:00:09+00:00","twitter_card":"summary_large_image","schema":{"@context":"https:\/\/schema.org","@graph":[{"@type":"WebPage","@id":"https:\/\/www.sp-mallorca.com\/suedosen\/","url":"https:\/\/www.sp-mallorca.com\/suedosen\/","name":"S\u00fcdosten Mallorca - Steffek und Partner Immobilien SLU-Mallorca Immobilien Verkauf Vermietung S\u00fcdwesten Mallorca kaufen mieten","isPartOf":{"@id":"https:\/\/www.sp-mallorca.com\/de\/#website"},"datePublished":"2024-11-02T07:20:17+00:00","dateModified":"2024-11-03T14:00:09+00:00","description":"{:de}S\u00fcdosten Mallorca Immobilien Verkauf Immobilienangebote Mallorca, exklusive Immobilien, kaufen, verkaufen, mieten, Meerblick, Apartment, Penthaus, Wohnung{:es}S\u00fcdosten Mallorca Immobilien Verkauf Immobilienangebote Mallorca, exklusive Immobilien, kaufen, verkaufen, mieten, Meerblick, Apartment, Penthaus, Wohnung{:}","breadcrumb":{"@id":"https:\/\/www.sp-mallorca.com\/suedosen\/#breadcrumb"},"inLanguage":"es","potentialAction":[{"@type":"ReadAction","target":["https:\/\/www.sp-mallorca.com\/suedosen\/"]}]},{"@type":"BreadcrumbList","@id":"https:\/\/www.sp-mallorca.com\/suedosen\/#breadcrumb","itemListElement":[{"@type":"ListItem","position":1,"name":"Startseite","item":"https:\/\/www.sp-mallorca.com\/"},{"@type":"ListItem","position":2,"name":"[:de]S\u00fcdosten Mallorca[:en]Southeast Majorca[:es]S\u00fcdosten Mallorca[:]"}]},{"@type":"WebSite","@id":"https:\/\/www.sp-mallorca.com\/de\/#website","url":"https:\/\/www.sp-mallorca.com\/de\/","name":"Steffek und Partner Immobilien SLU-Mallorca Immobilien Verkauf Vermietung S\u00fcdwesten Mallorca kaufen mieten","description":"Mallorca Immobilien, Inmobiliaria, Real Estate, Verkauf und Vermietung, Makler Immobilienb\u00fcro, Agentur Mallorca S\u00fcdwest El Toro Calvi\u00e1 Spanien Spain, Immobilien Mallorca, g\u00fcnstige Immobilien Mallorca, Langzeitmiete Mallorca S\u00fcdwesten, Immobilien Mallorca S\u00fcdwest, Immobilien Mallorca mieten, Santa ponsa Immobilien kaufen. \u00a0 \u00a0","potentialAction":[{"@type":"SearchAction","target":{"@type":"EntryPoint","urlTemplate":"https:\/\/www.sp-mallorca.com\/de\/?s={search_term_string}"},"query-input":{"@type":"PropertyValueSpecification","valueRequired":true,"valueName":"search_term_string"}}],"inLanguage":"es"}]}},"_links":{"self":[{"href":"https:\/\/www.sp-mallorca.com\/es\/wp-json\/wp\/v2\/pages\/345","targetHints":{"allow":["GET"]}}],"collection":[{"href":"https:\/\/www.sp-mallorca.com\/es\/wp-json\/wp\/v2\/pages"}],"about":[{"href":"https:\/\/www.sp-mallorca.com\/es\/wp-json\/wp\/v2\/types\/page"}],"author":[{"embeddable":true,"href":"https:\/\/www.sp-mallorca.com\/es\/wp-json\/wp\/v2\/users\/7"}],"replies":[{"embeddable":true,"href":"https:\/\/www.sp-mallorca.com\/es\/wp-json\/wp\/v2\/comments?post=345"}],"version-history":[{"count":11,"href":"https:\/\/www.sp-mallorca.com\/es\/wp-json\/wp\/v2\/pages\/345\/revisions"}],"predecessor-version":[{"id":819,"href":"https:\/\/www.sp-mallorca.com\/es\/wp-json\/wp\/v2\/pages\/345\/revisions\/819"}],"wp:attachment":[{"href":"https:\/\/www.sp-mallorca.com\/es\/wp-json\/wp\/v2\/media?parent=345"}],"curies":[{"name":"wp","href":"https:\/\/api.w.org\/{rel}","templated":true}]}}