{"id":172,"date":"2024-11-02T09:37:32","date_gmt":"2024-11-02T08:37:32","guid":{"rendered":"https:\/\/wordpress.p390872.webspaceconfig.de\/?page_id=172"},"modified":"2024-11-03T14:59:27","modified_gmt":"2024-11-03T13:59:27","slug":"bauernhaus","status":"publish","type":"page","link":"https:\/\/www.sp-mallorca.com\/es\/bauernhaus\/","title":{"rendered":"Cortijo"},"content":{"rendered":"<div class=\"full\">\r\n\r\n<section class=\"advance-search oo-search\">\r\n\r\n\t\t<h2 class=\"search-heading\">Buscar propiedad<\/h2>  \r\n\r\n\t\t<form method=\"get\" action=\"\/immobilien\" id=\"onoffice-form-search\">\r\n\r\n\t\t<div class=\"searchformfield objektart\"><select size=\"1\" name=\"objektart\"><option value=\"\">Tipo de inmueble<\/option><option value=\"haus\">Casa<\/option><option value=\"wohnung\">Apartamentos-Pisos<\/option><option value=\"grundstueck\">Terreno<\/option><option value=\"gastgewerbe\">Hosteler\u00eda<\/option><option value=\"parken\">Parking<\/option><\/select><\/div><div class=\"searchformfield vermarktungsart\"><select size=\"1\" name=\"vermarktungsart\"><option value=\"\">M\u00e9todo de comercializaci\u00f3n<\/option><option value=\"erbpacht\">Alquiler de terrenos<\/option><option value=\"kauf\">Compra<\/option><option value=\"miete\">Alquiler<\/option><option value=\"pacht\">Arrendamiento<\/option><\/select><\/div><div class=\"searchformfield anzahl_badezimmer\"><input name=\"anzahl_badezimmer__von\" type=\"number\" step=\"10\" value=\"\" placeholder=\"Minimum Cantidad de cuartos de ba\u00f1o\"><br><input name=\"anzahl_badezimmer__bis\" type=\"number\" step=\"10\" value=\"\" placeholder=\"Cantidad de cuartos de ba\u00f1o maximo\"><br><\/div><div class=\"searchformfield anzahl_schlafzimmer\"><input name=\"anzahl_schlafzimmer__von\" type=\"number\" step=\"10\" value=\"\" placeholder=\"Minimum N\u00famero de dormitorios\"><br><input name=\"anzahl_schlafzimmer__bis\" type=\"number\" step=\"10\" value=\"\" placeholder=\"N\u00famero de dormitorios maximo\"><br><\/div>\r\n\t\t<label id=\"rooms-label\">Dormitorio <span><\/span> +<\/label>\r\n           <input type=\"hidden\" id=\"rooms\" name=\"anzahl_schlafzimmer__von\" value=\"\" \/>\r\n           <div id=\"rooms-range-min\"><\/div>\r\n\t\t\t\t\t\t  \r\n\t\t<label id=\"roomswc-label\">Ba\u00f1os <span><\/span> +<\/label>\r\n              <input type=\"hidden\" id=\"roomswc\" name=\"anzahl_badezimmer__von\" value=\"\" \/>\r\n            <div id=\"roomswc-range-min\"><\/div>\r\n\r\n\t\t\t\t\t<input type=\"hidden\" name=\"sortby\" value=\"erstellt_am\">\r\n\t\t\t\t\t<input type=\"hidden\" name=\"sortorder\" value=\"DESC\">\r\n\r\n\t\t\t<input type=\"submit\" value=\"Busqueda\" class=\"round bgturquoise\" \/>\r\n\t\t<\/form>\r\n<\/section>\r\n<\/div>\n","protected":false},"excerpt":{"rendered":"","protected":false},"author":7,"featured_media":0,"parent":0,"menu_order":3,"comment_status":"closed","ping_status":"closed","template":"","meta":{"_acf_changed":false,"footnotes":""},"class_list":["post-172","page","type-page","status-publish","hentry"],"acf":[],"yoast_head":"<!-- This site is optimized with the Yoast SEO plugin v27.5 - https:\/\/yoast.com\/product\/yoast-seo-wordpress\/ -->\n<title>Cortijo - Steffek und Partner Immobilien SLU-Mallorca Immobilien Verkauf Vermietung S\u00fcdwesten Mallorca kaufen mieten<\/title>\n<meta name=\"description\" content=\"Bauernhaus\" \/>\n<meta name=\"robots\" content=\"index, follow, max-snippet:-1, max-image-preview:large, max-video-preview:-1\" \/>\n<link rel=\"canonical\" href=\"https:\/\/www.sp-mallorca.com\/bauernhaus\/\" \/>\n<meta property=\"og:locale\" content=\"es_ES\" \/>\n<meta property=\"og:type\" content=\"article\" \/>\n<meta property=\"og:title\" content=\"Cortijo - Steffek und Partner Immobilien SLU-Mallorca Immobilien Verkauf Vermietung S\u00fcdwesten Mallorca kaufen mieten\" \/>\n<meta property=\"og:description\" content=\"{:de}Mallorca Bauernhaus kaufen, Mallorca mieten, Meerblick, Finka, Finca, Apartment, Penthaus, Penthouse, Wohnung Mallorca, verkaufen Mallorca, vermieten Mallorca, Villa{:en}Bauernhaus{:es}Bauernhaus{:}\" \/>\n<meta property=\"og:url\" content=\"https:\/\/www.sp-mallorca.com\/bauernhaus\/\" \/>\n<meta property=\"og:site_name\" content=\"Steffek und Partner Immobilien SLU-Mallorca Immobilien Verkauf Vermietung S\u00fcdwesten Mallorca kaufen mieten\" \/>\n<meta property=\"article:modified_time\" content=\"2024-11-03T13:59:27+00:00\" \/>\n<meta name=\"twitter:card\" content=\"summary_large_image\" \/>\n<script type=\"application\/ld+json\" class=\"yoast-schema-graph\">{\"@context\":\"https:\\\/\\\/schema.org\",\"@graph\":[{\"@type\":\"WebPage\",\"@id\":\"https:\\\/\\\/www.sp-mallorca.com\\\/bauernhaus\\\/\",\"url\":\"https:\\\/\\\/www.sp-mallorca.com\\\/bauernhaus\\\/\",\"name\":\"Cortijo - Steffek und Partner Immobilien SLU-Mallorca Immobilien Verkauf Vermietung S\u00fcdwesten Mallorca kaufen mieten\",\"isPartOf\":{\"@id\":\"https:\\\/\\\/www.sp-mallorca.com\\\/de\\\/#website\"},\"datePublished\":\"2024-11-02T08:37:32+00:00\",\"dateModified\":\"2024-11-03T13:59:27+00:00\",\"description\":\"{:de}Mallorca Bauernhaus kaufen, Mallorca mieten, Meerblick, Finka, Finca, Apartment, Penthaus, Penthouse, Wohnung Mallorca, verkaufen Mallorca, vermieten Mallorca, Villa{:en}Bauernhaus{:es}Bauernhaus{:}\",\"breadcrumb\":{\"@id\":\"https:\\\/\\\/www.sp-mallorca.com\\\/bauernhaus\\\/#breadcrumb\"},\"inLanguage\":\"es\",\"potentialAction\":[{\"@type\":\"ReadAction\",\"target\":[\"https:\\\/\\\/www.sp-mallorca.com\\\/bauernhaus\\\/\"]}]},{\"@type\":\"BreadcrumbList\",\"@id\":\"https:\\\/\\\/www.sp-mallorca.com\\\/bauernhaus\\\/#breadcrumb\",\"itemListElement\":[{\"@type\":\"ListItem\",\"position\":1,\"name\":\"Startseite\",\"item\":\"https:\\\/\\\/www.sp-mallorca.com\\\/\"},{\"@type\":\"ListItem\",\"position\":2,\"name\":\"[:de]Bauernhaus[:en]Farm house[:es]Cortijo[:]\"}]},{\"@type\":\"WebSite\",\"@id\":\"https:\\\/\\\/www.sp-mallorca.com\\\/de\\\/#website\",\"url\":\"https:\\\/\\\/www.sp-mallorca.com\\\/de\\\/\",\"name\":\"Steffek und Partner Immobilien SLU-Mallorca Immobilien Verkauf Vermietung S\u00fcdwesten Mallorca kaufen mieten\",\"description\":\"Mallorca Immobilien, Inmobiliaria, Real Estate, Verkauf und Vermietung, Makler Immobilienb\u00fcro, Agentur Mallorca S\u00fcdwest El Toro Calvi\u00e1 Spanien Spain, Immobilien Mallorca, g\u00fcnstige Immobilien Mallorca, Langzeitmiete Mallorca S\u00fcdwesten, Immobilien Mallorca S\u00fcdwest, Immobilien Mallorca mieten, Santa ponsa Immobilien kaufen. \u00a0 \u00a0\",\"potentialAction\":[{\"@type\":\"SearchAction\",\"target\":{\"@type\":\"EntryPoint\",\"urlTemplate\":\"https:\\\/\\\/www.sp-mallorca.com\\\/de\\\/?s={search_term_string}\"},\"query-input\":{\"@type\":\"PropertyValueSpecification\",\"valueRequired\":true,\"valueName\":\"search_term_string\"}}],\"inLanguage\":\"es\"}]}<\/script>\n<!-- \/ Yoast SEO plugin. -->","yoast_head_json":{"title":"Cortijo - Steffek und Partner Immobilien SLU-Mallorca Immobilien Verkauf Vermietung S\u00fcdwesten Mallorca kaufen mieten","description":"Bauernhaus","robots":{"index":"index","follow":"follow","max-snippet":"max-snippet:-1","max-image-preview":"max-image-preview:large","max-video-preview":"max-video-preview:-1"},"canonical":"https:\/\/www.sp-mallorca.com\/bauernhaus\/","og_locale":"es_ES","og_type":"article","og_title":"Cortijo - Steffek und Partner Immobilien SLU-Mallorca Immobilien Verkauf Vermietung S\u00fcdwesten Mallorca kaufen mieten","og_description":"{:de}Mallorca Bauernhaus kaufen, Mallorca mieten, Meerblick, Finka, Finca, Apartment, Penthaus, Penthouse, Wohnung Mallorca, verkaufen Mallorca, vermieten Mallorca, Villa{:en}Bauernhaus{:es}Bauernhaus{:}","og_url":"https:\/\/www.sp-mallorca.com\/bauernhaus\/","og_site_name":"Steffek und Partner Immobilien SLU-Mallorca Immobilien Verkauf Vermietung S\u00fcdwesten Mallorca kaufen mieten","article_modified_time":"2024-11-03T13:59:27+00:00","twitter_card":"summary_large_image","schema":{"@context":"https:\/\/schema.org","@graph":[{"@type":"WebPage","@id":"https:\/\/www.sp-mallorca.com\/bauernhaus\/","url":"https:\/\/www.sp-mallorca.com\/bauernhaus\/","name":"Cortijo - Steffek und Partner Immobilien SLU-Mallorca Immobilien Verkauf Vermietung S\u00fcdwesten Mallorca kaufen mieten","isPartOf":{"@id":"https:\/\/www.sp-mallorca.com\/de\/#website"},"datePublished":"2024-11-02T08:37:32+00:00","dateModified":"2024-11-03T13:59:27+00:00","description":"{:de}Mallorca Bauernhaus kaufen, Mallorca mieten, Meerblick, Finka, Finca, Apartment, Penthaus, Penthouse, Wohnung Mallorca, verkaufen Mallorca, vermieten Mallorca, Villa{:en}Bauernhaus{:es}Bauernhaus{:}","breadcrumb":{"@id":"https:\/\/www.sp-mallorca.com\/bauernhaus\/#breadcrumb"},"inLanguage":"es","potentialAction":[{"@type":"ReadAction","target":["https:\/\/www.sp-mallorca.com\/bauernhaus\/"]}]},{"@type":"BreadcrumbList","@id":"https:\/\/www.sp-mallorca.com\/bauernhaus\/#breadcrumb","itemListElement":[{"@type":"ListItem","position":1,"name":"Startseite","item":"https:\/\/www.sp-mallorca.com\/"},{"@type":"ListItem","position":2,"name":"[:de]Bauernhaus[:en]Farm house[:es]Cortijo[:]"}]},{"@type":"WebSite","@id":"https:\/\/www.sp-mallorca.com\/de\/#website","url":"https:\/\/www.sp-mallorca.com\/de\/","name":"Steffek und Partner Immobilien SLU-Mallorca Immobilien Verkauf Vermietung S\u00fcdwesten Mallorca kaufen mieten","description":"Mallorca Immobilien, Inmobiliaria, Real Estate, Verkauf und Vermietung, Makler Immobilienb\u00fcro, Agentur Mallorca S\u00fcdwest El Toro Calvi\u00e1 Spanien Spain, Immobilien Mallorca, g\u00fcnstige Immobilien Mallorca, Langzeitmiete Mallorca S\u00fcdwesten, Immobilien Mallorca S\u00fcdwest, Immobilien Mallorca mieten, Santa ponsa Immobilien kaufen. \u00a0 \u00a0","potentialAction":[{"@type":"SearchAction","target":{"@type":"EntryPoint","urlTemplate":"https:\/\/www.sp-mallorca.com\/de\/?s={search_term_string}"},"query-input":{"@type":"PropertyValueSpecification","valueRequired":true,"valueName":"search_term_string"}}],"inLanguage":"es"}]}},"_links":{"self":[{"href":"https:\/\/www.sp-mallorca.com\/es\/wp-json\/wp\/v2\/pages\/172","targetHints":{"allow":["GET"]}}],"collection":[{"href":"https:\/\/www.sp-mallorca.com\/es\/wp-json\/wp\/v2\/pages"}],"about":[{"href":"https:\/\/www.sp-mallorca.com\/es\/wp-json\/wp\/v2\/types\/page"}],"author":[{"embeddable":true,"href":"https:\/\/www.sp-mallorca.com\/es\/wp-json\/wp\/v2\/users\/7"}],"replies":[{"embeddable":true,"href":"https:\/\/www.sp-mallorca.com\/es\/wp-json\/wp\/v2\/comments?post=172"}],"version-history":[{"count":9,"href":"https:\/\/www.sp-mallorca.com\/es\/wp-json\/wp\/v2\/pages\/172\/revisions"}],"predecessor-version":[{"id":755,"href":"https:\/\/www.sp-mallorca.com\/es\/wp-json\/wp\/v2\/pages\/172\/revisions\/755"}],"wp:attachment":[{"href":"https:\/\/www.sp-mallorca.com\/es\/wp-json\/wp\/v2\/media?parent=172"}],"curies":[{"name":"wp","href":"https:\/\/api.w.org\/{rel}","templated":true}]}}