{"id":149,"date":"2024-11-02T08:51:48","date_gmt":"2024-11-02T07:51:48","guid":{"rendered":"https:\/\/wordpress.p390872.webspaceconfig.de\/?page_id=149"},"modified":"2025-11-20T09:07:41","modified_gmt":"2025-11-20T08:07:41","slug":"interessentenformular","status":"publish","type":"page","link":"https:\/\/www.sp-mallorca.com\/es\/interessentenformular\/","title":{"rendered":"Formulario de b\u00fasqueda"},"content":{"rendered":"<p class=\"western\">\u00bfEst\u00e1 pensando en comprar o alquilar una propiedad? \u00a1Solo inf\u00f3rmenos sus criterios y encontraremos la propiedad de sus sue\u00f1os!<\/p>\n<section class=\"contactform\">\r\n\r\n    <div class=\"container\">\r\n\t\t<form method=\"post\" id=\"onoffice-form\" class=\"applicantform\">\r\n\r\n\t\t\t<input type=\"hidden\" name=\"oo_formid\" value=\"Interessentenformular\">\r\n\t\t\t<input type=\"hidden\" name=\"oo_formno\" value=\"1\">\r\n\r\n\t\t\r\n\t\t\t<h2> Sus datos de contacto <\/h2>\r\n\t\t\t\t<div>\r\n\t\t\t\t\t<div class=\"col-md-6 formfield\"><label>Tratamiento<\/label><select data-placeholder=\"Seleccione Tratamiento\" id=\"Anrede\" aria-hidden=\"true\" class=\"custom-single-select-tom\" autocomplete=\"off\" size=\"1\" name=\"Anrede\" ><option value=\"\">Seleccione Tratamiento<\/option><option value=\"Herr\">Se\u00f1or<\/option><option value=\"Frau\">Se\u00f1ora<\/option><option value=\"Firma\">Empresa<\/option><option value=\"Familie\">Familia<\/option><option value=\"Eheleute\">Matrimonio<\/option><\/select><\/div><div class=\"col-md-6 formfield\"><label>T\u00edtulo<\/label><input type=\"text\" name=\"Titel\" value=\"\" autocomplete=\"honorific-prefix\"><\/div><div class=\"col-md-6 formfield\"><label>Nombre*<\/label><input type=\"text\"required aria-required='true' aria-invalid='false' name=\"Vorname\" value=\"\" autocomplete=\"given-name\"><span class='error' aria-hidden='true' aria-atomic='true'><p>Por favor, introduce un texto.<\/p><\/span><\/div><div class=\"col-md-6 formfield\"><label>Apellido*<\/label><input type=\"text\"required aria-required='true' aria-invalid='false' name=\"Name\" value=\"\" autocomplete=\"family-name\"><span class='error' aria-hidden='true' aria-atomic='true'><p>Por favor, introduce un texto.<\/p><\/span><\/div><div class=\"col-md-6 formfield\"><label>Calle<\/label><input type=\"text\" name=\"Strasse\" value=\"\" autocomplete=\"street-address\"><\/div><div class=\"col-md-6 formfield\"><label>C\u00f3digo postal<\/label><input type=\"text\" name=\"Plz\" value=\"\" autocomplete=\"postal-code\"><\/div><div class=\"col-md-6 formfield\"><label>Localidad<\/label><input type=\"text\" name=\"Ort\" value=\"\" autocomplete=\"address-level2\"><\/div><div class=\"col-md-6 formfield\"><label>N\u00fameros de tel\u00e9fono<\/label><input type=\"text\" name=\"Telefon1\" value=\"\" autocomplete=\"tel\"><\/div><div class=\"col-md-6 formfield\"><label>E-mail*<\/label><input type=\"email\"required aria-required='true' aria-invalid='false' name=\"Email\" value=\"\" autocomplete=\"email\"><span class='error' aria-hidden='true' aria-atomic='true'><p>Por favor, introduce una direcci\u00f3n de correo electr\u00f3nico v\u00e1lida.<\/p><\/span><\/div>\t\t\t\t<\/div>\r\n\t\t\r\n\t\r\n\t\t\t<h2> Sus criterios de b\u00fascueda <\/h2>\r\n\t\t\t\t<div>\r\n\t\t\t\t\t<div class=\"col-md-6 formfield\"><label>Tipo de inmueble<\/label><select data-placeholder=\"Seleccione Tipo de inmueble\" id=\"objektart\" aria-hidden=\"true\" class=\"custom-single-select-tom\" autocomplete=\"off\" size=\"1\" name=\"objektart\" ><option value=\"\">Seleccione Tipo de inmueble<\/option><option value=\"haus\">Casa<\/option><option value=\"wohnung\">Apartamentos-Pisos<\/option><option value=\"grundstueck\">Terreno<\/option><option value=\"gastgewerbe\">Hosteler\u00eda<\/option><option value=\"parken\">Parking<\/option><\/select><\/div><div class=\"col-md-6 formfield\"><label>Subtipo de inmueble<\/label><select aria-hidden=\"true\" class=\"custom-multiple-select-tom form-control\" autocomplete=\"off\" name=\"objekttyp[]\" multiple=\"multiple\" ><option value=\"gewerbepark\">Parque empresarial<\/option><option value=\"einfamilienhausMitEinliegerwohnung\">Casa unifamiliar con apartamento independiente<\/option><option value=\"zimmer\">Habitaci\u00f3n<\/option><option value=\"hochparterre\">Entresuelo<\/option><option value=\"eigentumswohnung\">Vivienda propia<\/option><option value=\"blockhaus\">Fort\u00edn<\/option><option value=\"hausbau_reihenhaus\">Casa adosada<\/option><option value=\"hausbau_mehrfamilienhaus\">Vivienda multifamiliar<\/option><option value=\"hausbau_landhaus\">Caser\u00f3n<\/option><option value=\"holzhaus\">Casa de madera<\/option><option value=\"fachwerkhaus\">Entramado de madera<\/option><option value=\"hausbau_einfamilienhaus\">Casa unifamiliar<\/option><option value=\"doppelhaus\">Casa adosada<\/option><option value=\"hausbau_bungalow\">Bungalow<\/option><option value=\"hausbau_villa\">Villa<\/option><option value=\"ausstellungsflaeche\">El espacio de exposici\u00f3n<\/option><option value=\"mehrfamilienhaus\">Vivienda multifamiliar<\/option><option value=\"industriehalle\">Sala Industrial<\/option><option value=\"wohn_und_geschaeftshaus\">Edificio residencial y comercial<\/option><option value=\"industriehalle_und_freiflaeche\">Nave industrial y espacios abiertos<\/option><option value=\"geschaeftshaus\">Casa comercial<\/option><option value=\"kuehlhaus\">Almac\u00e9n refrigerado<\/option><option value=\"buerogebaeude\">Edificio de oficinas<\/option><option value=\"sb_maerkte\">Mercados SB<\/option><option value=\"kuehlregallager\">Almac\u00e9n refrigerado<\/option><option value=\"einkaufscentren\">Centros Comerciales<\/option><option value=\"lager_mit_freiflaeche\">Los rodamientos con un espacio abierto<\/option><option value=\"lagerflaeche\">Superficie de almacenamiento<\/option><option value=\"wohnanlagen\">Urbanizaciones<\/option><option value=\"lagerhalle\">Almac\u00e9n<\/option><option value=\"verbrauchermaerkte\">Hipermercados<\/option><option value=\"speditionslager\">Dep\u00f3sitos<\/option><option value=\"industrieanlagen\">Equipo de industria<\/option><option value=\"anwesen\">Propiedad<\/option><option value=\"barbetrieb\">Bar<\/option><option value=\"cafe\">Caf\u00e9<\/option><option value=\"loft\">Desv\u00e1n<\/option><option value=\"atelier\">Taller<\/option><option value=\"bueroetage\">Piso Oficina<\/option><option value=\"buerozentrum\">Centro de oficinas<\/option><option value=\"buero_und_lager\">Edificio de oficinas y almac\u00e9n<\/option><option value=\"praxisetage\">Piso Pr\u00e1ctica<\/option><option value=\"praxishaus\">Casa de Pr\u00e1ctica<\/option><option value=\"gewerbezentrum\">Centro Comercial<\/option><option value=\"factory_outlet\">Centro Outlet<\/option><option value=\"kaufhaus\">Grandes almacenes<\/option><option value=\"kiosk\">Quiosco<\/option><option value=\"sb_markt\">SB-market<\/option><option value=\"verkaufssflaeche\">Superficie comercial<\/option><option value=\"verkaufshalle\">Sal\u00f3n de venta<\/option><option value=\"gaststaette\">Restaurante<\/option><option value=\"hotelanwesen\">Hotel<\/option><option value=\"sportanlage\">Instalaciones deportivas<\/option><option value=\"vergnuegungsparks_und_center\">Parque de atracciones y centro<\/option><option value=\"halle\">Sal\u00f3n<\/option><option value=\"lager\">Almac\u00e9n<\/option><option value=\"produktion\">Producci\u00f3n<\/option><option value=\"werkstatt\">Taller<\/option><option value=\"hochregallager\">Almac\u00e9n de gran altura<\/option><option value=\"service\">Servicio<\/option><option value=\"freiflaechen\">Espacios abiertos<\/option><option value=\"dachgeschoss\">\u00c1tico<\/option><option value=\"maisonette\">D\u00faplex<\/option><option value=\"loft-studio-atelier\">Loft \/ Estudio \/ Taller<\/option><option value=\"penthouse\">\u00c1tico<\/option><option value=\"terrassen\">Piso adosado<\/option><option value=\"etage\">Piso<\/option><option value=\"erdgeschoss\">Planta baja<\/option><option value=\"souterrain\">S\u00f3tano<\/option><option value=\"reihenhaus\">Casa adosada<\/option><option value=\"reihenend\">Casa adosada final<\/option><option value=\"reihenmittel\">Casa adosada central<\/option><option value=\"reiheneck\">Casa adosada de esquina<\/option><option value=\"doppelhaushaelfte\">Casa pareado midat<\/option><option value=\"einfamilienhaus\">Casa unifamiliar<\/option><option value=\"stadthaus\">Casa de ciudad<\/option><option value=\"villa\">Villa<\/option><option value=\"resthof\">Caserio<\/option><option value=\"bauernhaus\">Casa de campo<\/option><option value=\"landhaus\">Caser\u00f3n<\/option><option value=\"schloss\">Castillo<\/option><option value=\"zweifamilienhaus\">Casa pareada<\/option><option value=\"ferienhaus\">Casa de vacaciones<\/option><option value=\"berghuette\">Caba\u00f1a<\/option><option value=\"chalet\">Chalet<\/option><option value=\"strandhaus\">Casa de playa<\/option><option value=\"wohnen\">Vivienda<\/option><option value=\"gewerbe\">Comercial<\/option><option value=\"industrie\">Industria<\/option><option value=\"land_forstwirtschaft\">Agr\u00edcola<\/option><option value=\"freizeit\">Ocio<\/option><option value=\"gemischt\">Mixto<\/option><option value=\"sondernutzung\">De uso especial<\/option><option value=\"bueroflaeche\">Superficie de oficina<\/option><option value=\"buerohaus\">Edificio de oficinas<\/option><option value=\"praxis\">Pr\u00e1ctica \/ cl\u00ednica<\/option><option value=\"ladenlokal\">Local comercial<\/option><option value=\"einzelhandelsladen\">Tienda minorista<\/option><option value=\"verbrauchermarkt\">Mercado de consumo<\/option><option value=\"einkaufszentrum\">Centro comercial<\/option><option value=\"gastronomie\">Gastronom\u00eda<\/option><option value=\"gastronomie_und_wohnung\">Gastronom\u00eda y estilo de vida<\/option><option value=\"pensionen\">Pensi\u00f3n<\/option><option value=\"hotels\">Hoteles<\/option><option value=\"weitere_beherbergungsbetriebe\">Otros establecimientos de alojamiento colectivo<\/option><option value=\"landwirtschaftliche_betriebe\">Empresas agr\u00edcolas<\/option><option value=\"parkhaus\">Parking<\/option><option value=\"tankstelle\">Gasolinera<\/option><option value=\"sonstige\">Otro<\/option><option value=\"gewerbeeinheit\">Local comercial<\/option><option value=\"gewerbeanwesen\">Propiedad comercial<\/option><option value=\"wohnanlage\">Urbanizaci\u00f3n<\/option><option value=\"finca\">Finca<\/option><option value=\"doppelgarage\">Garaje doble<\/option><option value=\"einzelgarage\">Garaje individual<\/option><option value=\"besondereImmobilie\">Inmueble especial<\/option><\/select><\/div><div class=\"col-md-6 formfield\"><label>M\u00e9todo de comercializaci\u00f3n<\/label><select data-placeholder=\"Seleccione M\u00e9todo de comercializaci\u00f3n\" id=\"vermarktungsart\" aria-hidden=\"true\" class=\"custom-single-select-tom\" autocomplete=\"off\" size=\"1\" name=\"vermarktungsart\" ><option value=\"\">Seleccione M\u00e9todo de comercializaci\u00f3n<\/option><option value=\"erbpacht\">Alquiler de terrenos<\/option><option value=\"kauf\">Compra<\/option><option value=\"miete\">Alquiler<\/option><option value=\"pacht\">Arrendamiento<\/option><\/select><\/div><div class=\"col-md-6 formfield\"><label>Precio<\/label><label>Precio desde <input autocomplete=\"off\" type=\"number\" step=\"1\"   name=\"kaufpreis__von\" value=\"\" placeholder=\"Precio desde\"><\/label><label>Precio hasta <input autocomplete=\"off\" type=\"number\" step=\"1\"   name=\"kaufpreis__bis\" value=\"\" placeholder=\"Precio hasta\"><\/label><\/div><div class=\"col-md-6 formfield\"><label>Alquiler sin suministros<\/label><label>Alquiler sin suministros desde <input autocomplete=\"off\" type=\"number\" step=\"1\"   name=\"kaltmiete__von\" value=\"\" placeholder=\"Alquiler sin suministros desde\"><\/label><label>Alquiler sin suministros hasta <input autocomplete=\"off\" type=\"number\" step=\"1\"   name=\"kaltmiete__bis\" value=\"\" placeholder=\"Alquiler sin suministros hasta\"><\/label><\/div><div class=\"col-md-6 formfield\"><label>Alquiler de tarifa plana<\/label><label>Alquiler a tanto alzado desde <input autocomplete=\"off\" type=\"number\" step=\"1\"   name=\"miete_pauschal__von\" value=\"\" placeholder=\"Alquiler a tanto alzado desde\"><\/label><label>Alquiler a tanto alzado hasta <input autocomplete=\"off\" type=\"number\" step=\"1\"   name=\"miete_pauschal__bis\" value=\"\" placeholder=\"Alquiler a tanto alzado hasta\"><\/label><\/div><div class=\"col-md-6 formfield\"><label>Cantidad de Habitiaciones<\/label><label>N\u00famero de estancias desde <input autocomplete=\"off\" type=\"number\" step=\"1\"   name=\"anzahl_zimmer__von\" value=\"\" placeholder=\"N\u00famero de estancias desde\"><\/label><label>N\u00famero de estancias hasta <input autocomplete=\"off\" type=\"number\" step=\"1\"   name=\"anzahl_zimmer__bis\" value=\"\" placeholder=\"N\u00famero de estancias hasta\"><\/label><\/div><div class=\"col-md-6 formfield\"><label>N\u00famero de dormitorios<\/label><label>N\u00famero de dormitorios desde <input autocomplete=\"off\" type=\"number\" step=\"1\"   name=\"anzahl_schlafzimmer__von\" value=\"\" placeholder=\"N\u00famero de dormitorios desde\"><\/label><label>N\u00famero de dormitorios hasta <input autocomplete=\"off\" type=\"number\" step=\"1\"   name=\"anzahl_schlafzimmer__bis\" value=\"\" placeholder=\"N\u00famero de dormitorios hasta\"><\/label><\/div><div class=\"col-md-6 formfield\"><label>Superficie \u00fatiles<\/label><label>Superficie \u00fatil desde <input autocomplete=\"off\" type=\"number\" step=\"1\"   name=\"wohnflaeche__von\" value=\"\" placeholder=\"Superficie \u00fatil desde\"><\/label><label>Superficie \u00fatil hasta <input autocomplete=\"off\" type=\"number\" step=\"1\"   name=\"wohnflaeche__bis\" value=\"\" placeholder=\"Superficie \u00fatil hasta\"><\/label><\/div><div class=\"col-md-6 formfield\"><label>Superficie solar<\/label><label>Superficie del terreno desde <input autocomplete=\"off\" type=\"number\" step=\"1\"   name=\"grundstuecksflaeche__von\" value=\"\" placeholder=\"Superficie del terreno desde\"><\/label><label>Superficie del terreno hasta <input autocomplete=\"off\" type=\"number\" step=\"1\"   name=\"grundstuecksflaeche__bis\" value=\"\" placeholder=\"Superficie del terreno hasta\"><\/label><\/div>\t\t\t\t<\/div>\r\n\r\n\t\t\t\t<label> mensaje:<\/label>\r\n\t\t\t\t\r\n\t\t\t\t<textarea name=\"message\" ><\/textarea>\r\n\r\n\t\t\t\t\t\t\t<br>\r\n\t\t\t\t<br>\r\n\t\t\t\t<input id=\"checkBox\" type=\"checkbox\" required  name=\"gdprcheckbox\" value=\"1\" >\r\n\t\t\t\t<span style=\"font-size:12px;font-weight:normal;\">Aceptar <a href=\"\/datenschutzerklaerung\/\" rel=\"noopener\" target=\"_blank\">la pol\u00edtica de privacidad: *<\/a><\/span>\r\n\t\t\t\t\t\t\t\t\r\n\t\t\t<br>\r\n\t\t\t<p>Este sitio est\u00e1 protegido por reCAPTCHA\t\t\t\t<a href=\"https:\/\/policies.google.com\/privacy\" target=\"_blank\">y los T\u00e9rminos de servicio de Google<\/a> and\t\t\t\t<a href=\"https:\/\/policies.google.com\/terms\" target=\"_blank\">Terms of Service<\/a> <\/p>\r\n\t\t\t<div>\r\n\t\t\t\t    <script>\n        function submitForm1() {\n            const selectorFormById = `form[id^=\"onoffice-form\"] input[name=\"oo_formno\"][value=\"1\"]`;\n            const form = document.querySelector(selectorFormById).closest('#onoffice-form, .oo-form, #leadgeneratorform');\n            const submitButtonElement = form.querySelector('.submit_button');\n            form.submit();\n            submitButtonElement.disabled = true;\n            submitButtonElement.classList.add('onoffice-unclickable-form');\n        }\n    <\/script>\n    <div class=\"g-recaptcha\"\n        data-sitekey=\"6LeAr8UUAAAAAOPBqXNYnFd30ZYRFLIdD_rXTRxl\" \n        data-callback=\"submitForm1\" data-size=\"invisible\">\n    <\/div>\n    <button class=\"submit_button\">Enviar<\/button>\n    <script>\n        (function() {\n            const selectorFormById = `form[id^=\"onoffice-form\"] input[name=\"oo_formno\"][value=\"1\"]`;\n            const form = document.querySelector(selectorFormById).closest('#onoffice-form, .oo-form, #leadgeneratorform');\n            const submitButtonElement = form.querySelector('.submit_button');\n            if (typeof onOffice !== 'undefined' && onOffice.captchaControl) {\n                onOffice.captchaControl(form, submitButtonElement);\n            }\n        })();\n    <\/script>\n\t\t\t<\/div>\r\n\t\t<\/form>\r\n\t<\/div>\r\n\r\n<\/section>\t\t\n","protected":false},"excerpt":{"rendered":"\u00bfEst\u00e1 pensando en comprar o alquilar una propiedad? \u00a1Solo inf\u00f3rmenos sus criterios y encontraremos la propiedad de sus sue\u00f1os! Sus datos de contacto TratamientoSeleccione TratamientoSe\u00f1orSe\u00f1oraEmpresaFamiliaMatrimonioT\u00edtuloNombre*Por favor, introduce un texto.Apellido*Por favor, introduce un texto.CalleC\u00f3digo postalLocalidadN\u00fameros de tel\u00e9fonoE-mail*Por favor, introduce una direcci\u00f3n &hellip; <a href=\"https:\/\/www.sp-mallorca.com\/es\/interessentenformular\/\">Sigue leyendo <span class=\"meta-nav\">&rarr;<\/span><\/a>","protected":false},"author":7,"featured_media":0,"parent":0,"menu_order":5,"comment_status":"closed","ping_status":"closed","template":"","meta":{"_acf_changed":false,"footnotes":""},"class_list":["post-149","page","type-page","status-publish","hentry"],"acf":[],"yoast_head":"<!-- This site is optimized with the Yoast SEO plugin v27.5 - https:\/\/yoast.com\/product\/yoast-seo-wordpress\/ -->\n<title>Formulario de b\u00fasqueda - Steffek und Partner Immobilien SLU-Mallorca Immobilien Verkauf Vermietung S\u00fcdwesten Mallorca kaufen mieten<\/title>\n<meta name=\"description\" content=\"Interessentenformular\" \/>\n<meta name=\"robots\" content=\"index, follow, max-snippet:-1, max-image-preview:large, max-video-preview:-1\" \/>\n<link rel=\"canonical\" href=\"https:\/\/www.sp-mallorca.com\/interessentenformular\/\" \/>\n<meta property=\"og:locale\" content=\"es_ES\" \/>\n<meta property=\"og:type\" content=\"article\" \/>\n<meta property=\"og:title\" content=\"Formulario de b\u00fasqueda - Steffek und Partner Immobilien SLU-Mallorca Immobilien Verkauf Vermietung S\u00fcdwesten Mallorca kaufen mieten\" \/>\n<meta property=\"og:description\" content=\"{:de}Interessentenformular Immobilienangebote Mallorca Immobilien kaufen, verkaufen, mieten, Meerblick, Finca, Apartment, Penthaus, Wohnung{:en}Interessentenformular{:es}Interessentenformular{:}\" \/>\n<meta property=\"og:url\" content=\"https:\/\/www.sp-mallorca.com\/interessentenformular\/\" \/>\n<meta property=\"og:site_name\" content=\"Steffek und Partner Immobilien SLU-Mallorca Immobilien Verkauf Vermietung S\u00fcdwesten Mallorca kaufen mieten\" \/>\n<meta property=\"article:modified_time\" content=\"2025-11-20T08:07:41+00:00\" \/>\n<meta name=\"twitter:card\" content=\"summary_large_image\" \/>\n<meta name=\"twitter:label1\" content=\"Tiempo de lectura\" \/>\n\t<meta name=\"twitter:data1\" content=\"1 minuto\" \/>\n<script type=\"application\/ld+json\" class=\"yoast-schema-graph\">{\"@context\":\"https:\\\/\\\/schema.org\",\"@graph\":[{\"@type\":\"WebPage\",\"@id\":\"https:\\\/\\\/www.sp-mallorca.com\\\/interessentenformular\\\/\",\"url\":\"https:\\\/\\\/www.sp-mallorca.com\\\/interessentenformular\\\/\",\"name\":\"Formulario de b\u00fasqueda - Steffek und Partner Immobilien SLU-Mallorca Immobilien Verkauf Vermietung S\u00fcdwesten Mallorca kaufen mieten\",\"isPartOf\":{\"@id\":\"https:\\\/\\\/www.sp-mallorca.com\\\/de\\\/#website\"},\"datePublished\":\"2024-11-02T07:51:48+00:00\",\"dateModified\":\"2025-11-20T08:07:41+00:00\",\"description\":\"{:de}Interessentenformular Immobilienangebote Mallorca Immobilien kaufen, verkaufen, mieten, Meerblick, Finca, Apartment, Penthaus, Wohnung{:en}Interessentenformular{:es}Interessentenformular{:}\",\"breadcrumb\":{\"@id\":\"https:\\\/\\\/www.sp-mallorca.com\\\/interessentenformular\\\/#breadcrumb\"},\"inLanguage\":\"es\",\"potentialAction\":[{\"@type\":\"ReadAction\",\"target\":[\"https:\\\/\\\/www.sp-mallorca.com\\\/interessentenformular\\\/\"]}]},{\"@type\":\"BreadcrumbList\",\"@id\":\"https:\\\/\\\/www.sp-mallorca.com\\\/interessentenformular\\\/#breadcrumb\",\"itemListElement\":[{\"@type\":\"ListItem\",\"position\":1,\"name\":\"Startseite\",\"item\":\"https:\\\/\\\/www.sp-mallorca.com\\\/\"},{\"@type\":\"ListItem\",\"position\":2,\"name\":\"Interessentenformular\"}]},{\"@type\":\"WebSite\",\"@id\":\"https:\\\/\\\/www.sp-mallorca.com\\\/de\\\/#website\",\"url\":\"https:\\\/\\\/www.sp-mallorca.com\\\/de\\\/\",\"name\":\"Steffek und Partner Immobilien SLU-Mallorca Immobilien Verkauf Vermietung S\u00fcdwesten Mallorca kaufen mieten\",\"description\":\"Mallorca Immobilien, Inmobiliaria, Real Estate, Verkauf und Vermietung, Makler Immobilienb\u00fcro, Agentur Mallorca S\u00fcdwest El Toro Calvi\u00e1 Spanien Spain, Immobilien Mallorca, g\u00fcnstige Immobilien Mallorca, Langzeitmiete Mallorca S\u00fcdwesten, Immobilien Mallorca S\u00fcdwest, Immobilien Mallorca mieten, Santa ponsa Immobilien kaufen. \u00a0 \u00a0\",\"potentialAction\":[{\"@type\":\"SearchAction\",\"target\":{\"@type\":\"EntryPoint\",\"urlTemplate\":\"https:\\\/\\\/www.sp-mallorca.com\\\/de\\\/?s={search_term_string}\"},\"query-input\":{\"@type\":\"PropertyValueSpecification\",\"valueRequired\":true,\"valueName\":\"search_term_string\"}}],\"inLanguage\":\"es\"}]}<\/script>\n<!-- \/ Yoast SEO plugin. -->","yoast_head_json":{"title":"Formulario de b\u00fasqueda - Steffek und Partner Immobilien SLU-Mallorca Immobilien Verkauf Vermietung S\u00fcdwesten Mallorca kaufen mieten","description":"Interessentenformular","robots":{"index":"index","follow":"follow","max-snippet":"max-snippet:-1","max-image-preview":"max-image-preview:large","max-video-preview":"max-video-preview:-1"},"canonical":"https:\/\/www.sp-mallorca.com\/interessentenformular\/","og_locale":"es_ES","og_type":"article","og_title":"Formulario de b\u00fasqueda - Steffek und Partner Immobilien SLU-Mallorca Immobilien Verkauf Vermietung S\u00fcdwesten Mallorca kaufen mieten","og_description":"{:de}Interessentenformular Immobilienangebote Mallorca Immobilien kaufen, verkaufen, mieten, Meerblick, Finca, Apartment, Penthaus, Wohnung{:en}Interessentenformular{:es}Interessentenformular{:}","og_url":"https:\/\/www.sp-mallorca.com\/interessentenformular\/","og_site_name":"Steffek und Partner Immobilien SLU-Mallorca Immobilien Verkauf Vermietung S\u00fcdwesten Mallorca kaufen mieten","article_modified_time":"2025-11-20T08:07:41+00:00","twitter_card":"summary_large_image","twitter_misc":{"Tiempo de lectura":"1 minuto"},"schema":{"@context":"https:\/\/schema.org","@graph":[{"@type":"WebPage","@id":"https:\/\/www.sp-mallorca.com\/interessentenformular\/","url":"https:\/\/www.sp-mallorca.com\/interessentenformular\/","name":"Formulario de b\u00fasqueda - Steffek und Partner Immobilien SLU-Mallorca Immobilien Verkauf Vermietung S\u00fcdwesten Mallorca kaufen mieten","isPartOf":{"@id":"https:\/\/www.sp-mallorca.com\/de\/#website"},"datePublished":"2024-11-02T07:51:48+00:00","dateModified":"2025-11-20T08:07:41+00:00","description":"{:de}Interessentenformular Immobilienangebote Mallorca Immobilien kaufen, verkaufen, mieten, Meerblick, Finca, Apartment, Penthaus, Wohnung{:en}Interessentenformular{:es}Interessentenformular{:}","breadcrumb":{"@id":"https:\/\/www.sp-mallorca.com\/interessentenformular\/#breadcrumb"},"inLanguage":"es","potentialAction":[{"@type":"ReadAction","target":["https:\/\/www.sp-mallorca.com\/interessentenformular\/"]}]},{"@type":"BreadcrumbList","@id":"https:\/\/www.sp-mallorca.com\/interessentenformular\/#breadcrumb","itemListElement":[{"@type":"ListItem","position":1,"name":"Startseite","item":"https:\/\/www.sp-mallorca.com\/"},{"@type":"ListItem","position":2,"name":"Interessentenformular"}]},{"@type":"WebSite","@id":"https:\/\/www.sp-mallorca.com\/de\/#website","url":"https:\/\/www.sp-mallorca.com\/de\/","name":"Steffek und Partner Immobilien SLU-Mallorca Immobilien Verkauf Vermietung S\u00fcdwesten Mallorca kaufen mieten","description":"Mallorca Immobilien, Inmobiliaria, Real Estate, Verkauf und Vermietung, Makler Immobilienb\u00fcro, Agentur Mallorca S\u00fcdwest El Toro Calvi\u00e1 Spanien Spain, Immobilien Mallorca, g\u00fcnstige Immobilien Mallorca, Langzeitmiete Mallorca S\u00fcdwesten, Immobilien Mallorca S\u00fcdwest, Immobilien Mallorca mieten, Santa ponsa Immobilien kaufen. \u00a0 \u00a0","potentialAction":[{"@type":"SearchAction","target":{"@type":"EntryPoint","urlTemplate":"https:\/\/www.sp-mallorca.com\/de\/?s={search_term_string}"},"query-input":{"@type":"PropertyValueSpecification","valueRequired":true,"valueName":"search_term_string"}}],"inLanguage":"es"}]}},"_links":{"self":[{"href":"https:\/\/www.sp-mallorca.com\/es\/wp-json\/wp\/v2\/pages\/149","targetHints":{"allow":["GET"]}}],"collection":[{"href":"https:\/\/www.sp-mallorca.com\/es\/wp-json\/wp\/v2\/pages"}],"about":[{"href":"https:\/\/www.sp-mallorca.com\/es\/wp-json\/wp\/v2\/types\/page"}],"author":[{"embeddable":true,"href":"https:\/\/www.sp-mallorca.com\/es\/wp-json\/wp\/v2\/users\/7"}],"replies":[{"embeddable":true,"href":"https:\/\/www.sp-mallorca.com\/es\/wp-json\/wp\/v2\/comments?post=149"}],"version-history":[{"count":16,"href":"https:\/\/www.sp-mallorca.com\/es\/wp-json\/wp\/v2\/pages\/149\/revisions"}],"predecessor-version":[{"id":1094,"href":"https:\/\/www.sp-mallorca.com\/es\/wp-json\/wp\/v2\/pages\/149\/revisions\/1094"}],"wp:attachment":[{"href":"https:\/\/www.sp-mallorca.com\/es\/wp-json\/wp\/v2\/media?parent=149"}],"curies":[{"name":"wp","href":"https:\/\/api.w.org\/{rel}","templated":true}]}}