{"id":74,"date":"2024-11-02T08:49:47","date_gmt":"2024-11-02T07:49:47","guid":{"rendered":"https:\/\/wordpress.p390872.webspaceconfig.de\/?page_id=74"},"modified":"2024-11-03T14:59:59","modified_gmt":"2024-11-03T13:59:59","slug":"palma","status":"publish","type":"page","link":"https:\/\/www.sp-mallorca.com\/en\/palma\/","title":{"rendered":"Palma de Majorca"},"content":{"rendered":"\r\n\r\n\r\n<div class=\"anzahlangebote half\">\r\n\r\n\r\n\r\n\r\n\r\n\r\n 13 Quotation found <\/div>\r\n \r\n<div class=\"sort-controls half\">\r\n\t\t\t\t\t\t\t\t\t\t\t\t\t\t\t\t<div class=\"sorttest\"><\/div>\t\r\n\t\t\t\t\t\t<\/div>\r\n\t\t\r\n\r\n <div class=\"clearfix\"><\/div>\r\n\r\n\r\n<div class=\"list\">\r\n\t<div class=\"full clearfix listsearch\">\r\n\t\r\n\t\t\r\n\t\t<div class=\"obj-listobject-image one-third\">\r\n\t\t\t<div class=\"listimage\" style=\"background-image:url('https:\/\/image.onoffice.de\/smart20\/Objekte\/SteffekundPartner\/7561\/8b37aea1-8d7b-49dd-9d3c-f39a1eeb3338.jpg@450x300')\">\r\n\t\t\t\r\n\t\t\t\t\t\t\r\n\t\t\t<p class=\"ref sold\">Top properties<\/p> \r\n\t\t\t\t\r\n\t\t\t\r\n\t\t\t<\/div>\r\n\t\t<\/div>\r\n\t\t\t\t\t<div class=\"obj-listobject-right two-thirds\">\r\n\t\t\t<div class=\"obj-listobject-title bgturquoise\">\r\n\t\t\t\t\t\t<div class=\"clearfix\">\r\n\t\t\t\t<div class=\"three-fourth objtitel\">Elegant new-build luxury villa for sale in Son Vida Palma de Mallorca&hellip;<\/div>\r\n\t\t\t\t<div class=\"one-fourth refnumber\">V-5015 <span style=\"display:none;\"><\/div>\r\n\t\t\t<\/div>\r\n\t\t\t<div class=\"obj-listobject-infos clearfix\">\r\n\t\t\t\t<div class=\"half\">\r\n\t\t\t\t\t<div class=\"clearfix\"><div class=\"two-thirds list\">Number of bathrooms<\/div><div class=\"one-third list\">5<\/div><\/div>\t\t\t\t<\/div>\r\n\t\t\t\t<div class=\"half\">\r\n\t\t\t\t\t\t<div class=\"clearfix\"><div class=\"half list\">Living area<\/div><div class=\"half list clearfix\">608 sqm<\/div><\/div><div class=\"clearfix\"><div class=\"half list\">Usable area<\/div><div class=\"half list clearfix\">935 sqm<\/div><\/div><div class=\"clearfix\"><div class=\"half list\">Price<\/div><div class=\"half list clearfix\">8.400.000 \u20ac<\/div><\/div>\r\n\t\t\t\t\t\t\t<a class=\"round bgpink right\" href=\"https:\/\/www.sp-mallorca.com\/en\/detailansicht\/7561-elegant-new-build-luxury-villa\/?status=top_properties\">Details<\/a>\r\n\t\t\t\t\t\t\t<a class=\"round bgpink left\" href=\"https:\/\/www.sp-mallorca.com\/en\/detailansicht\/7561-elegant-new-build-luxury-villa\/?status=top_properties#sofortanfrage\">Enquiry<\/a>\r\n\t\t\t\t<\/div>\r\n\t\t\t<\/div>\r\n\t\t<\/div>\t\r\n\t\t<\/div>\r\n\t<\/div>\r\n\t<div class=\"full clearfix listsearch\">\r\n\t\r\n\t\t\r\n\t\t<div class=\"obj-listobject-image one-third\">\r\n\t\t\t<div class=\"listimage\" style=\"background-image:url('https:\/\/image.onoffice.de\/smart20\/Objekte\/SteffekundPartner\/7063\/_42301.jpg@450x300')\">\r\n\t\t\t\r\n\t\t\t\t\r\n\t\t\t\r\n\t\t\t<\/div>\r\n\t\t<\/div>\r\n\t\t\t\t\t<div class=\"obj-listobject-right two-thirds\">\r\n\t\t\t<div class=\"obj-listobject-title bgturquoise\">\r\n\t\t\t\t\t\t<div class=\"clearfix\">\r\n\t\t\t\t<div class=\"three-fourth objtitel\">New build penthouse for sale in Santa Catalina Palma in Palma De&hellip;<\/div>\r\n\t\t\t\t<div class=\"one-fourth refnumber\">A-2945-p <span style=\"display:none;\"><\/div>\r\n\t\t\t<\/div>\r\n\t\t\t<div class=\"obj-listobject-infos clearfix\">\r\n\t\t\t\t<div class=\"half\">\r\n\t\t\t\t\t<div class=\"clearfix\"><div class=\"two-thirds list\">Number of bathrooms<\/div><div class=\"one-third list\">2<\/div><\/div>\t\t\t\t<\/div>\r\n\t\t\t\t<div class=\"half\">\r\n\t\t\t\t\t\t<div class=\"clearfix\"><div class=\"half list\">Living area<\/div><div class=\"half list clearfix\">101 sqm<\/div><\/div><div class=\"clearfix\"><div class=\"half list\">Usable area<\/div><div class=\"half list clearfix\">200 sqm<\/div><\/div><div class=\"clearfix\"><div class=\"half list\">Price<\/div><div class=\"half list clearfix\">2.499.000 \u20ac<\/div><\/div>\r\n\t\t\t\t\t\t\t<a class=\"round bgpink right\" href=\"https:\/\/www.sp-mallorca.com\/en\/detailansicht\/7063-new-build-penthouse-for-sale\/?status\">Details<\/a>\r\n\t\t\t\t\t\t\t<a class=\"round bgpink left\" href=\"https:\/\/www.sp-mallorca.com\/en\/detailansicht\/7063-new-build-penthouse-for-sale\/?status#sofortanfrage\">Enquiry<\/a>\r\n\t\t\t\t<\/div>\r\n\t\t\t<\/div>\r\n\t\t<\/div>\t\r\n\t\t<\/div>\r\n\t<\/div>\r\n\t<div class=\"full clearfix listsearch\">\r\n\t\r\n\t\t\r\n\t\t<div class=\"obj-listobject-image one-third\">\r\n\t\t\t<div class=\"listimage\" style=\"background-image:url('https:\/\/image.onoffice.de\/smart20\/Objekte\/SteffekundPartner\/7057\/7f369058-be7d-475f-a961-8e8672e42668.jpg@450x300')\">\r\n\t\t\t\r\n\t\t\t\t\r\n\t\t\t\r\n\t\t\t<\/div>\r\n\t\t<\/div>\r\n\t\t\t\t\t<div class=\"obj-listobject-right two-thirds\">\r\n\t\t\t<div class=\"obj-listobject-title bgturquoise\">\r\n\t\t\t\t\t\t<div class=\"clearfix\">\r\n\t\t\t\t<div class=\"three-fourth objtitel\">Santa Catalina Palma in Palma De Mallorca<\/div>\r\n\t\t\t\t<div class=\"one-fourth refnumber\">A-2945 <span style=\"display:none;\"><\/div>\r\n\t\t\t<\/div>\r\n\t\t\t<div class=\"obj-listobject-infos clearfix\">\r\n\t\t\t\t<div class=\"half\">\r\n\t\t\t\t\t<div class=\"clearfix\"><div class=\"two-thirds list\">Number of bathrooms<\/div><div class=\"one-third list\">1<\/div><\/div>\t\t\t\t<\/div>\r\n\t\t\t\t<div class=\"half\">\r\n\t\t\t\t\t\t<div class=\"clearfix\"><div class=\"half list\">Living area<\/div><div class=\"half list clearfix\">50 sqm<\/div><\/div><div class=\"clearfix\"><div class=\"half list\">Price<\/div><div class=\"half list clearfix\">499.000 \u20ac<\/div><\/div>\r\n\t\t\t\t\t\t\t<a class=\"round bgpink right\" href=\"https:\/\/www.sp-mallorca.com\/en\/detailansicht\/7057-santa-catalina-palma\/?status\">Details<\/a>\r\n\t\t\t\t\t\t\t<a class=\"round bgpink left\" href=\"https:\/\/www.sp-mallorca.com\/en\/detailansicht\/7057-santa-catalina-palma\/?status#sofortanfrage\">Enquiry<\/a>\r\n\t\t\t\t<\/div>\r\n\t\t\t<\/div>\r\n\t\t<\/div>\t\r\n\t\t<\/div>\r\n\t<\/div>\r\n\t<div class=\"full clearfix listsearch\">\r\n\t\r\n\t\t\r\n\t\t<div class=\"obj-listobject-image one-third\">\r\n\t\t\t<div class=\"listimage\" style=\"background-image:url('https:\/\/image.onoffice.de\/smart20\/Objekte\/SteffekundPartner\/6877\/c1ef643f-f9c2-4b26-83d7-9e70a97f4af6.jpg@450x300')\">\r\n\t\t\t\r\n\t\t\t\t\r\n\t\t\t\r\n\t\t\t<\/div>\r\n\t\t<\/div>\r\n\t\t\t\t\t<div class=\"obj-listobject-right two-thirds\">\r\n\t\t\t<div class=\"obj-listobject-title bgturquoise\">\r\n\t\t\t\t\t\t<div class=\"clearfix\">\r\n\t\t\t\t<div class=\"three-fourth objtitel\">Loft-style apartment\/investment with direct harbor views for sale - Can Barbara Palma&hellip;<\/div>\r\n\t\t\t\t<div class=\"one-fourth refnumber\">A-2926 <span style=\"display:none;\"><\/div>\r\n\t\t\t<\/div>\r\n\t\t\t<div class=\"obj-listobject-infos clearfix\">\r\n\t\t\t\t<div class=\"half\">\r\n\t\t\t\t\t<div class=\"clearfix\"><div class=\"two-thirds list\">Number of bathrooms<\/div><div class=\"one-third list\">1<\/div><\/div>\t\t\t\t<\/div>\r\n\t\t\t\t<div class=\"half\">\r\n\t\t\t\t\t\t<div class=\"clearfix\"><div class=\"half list\">Usable area<\/div><div class=\"half list clearfix\">120 sqm<\/div><\/div><div class=\"clearfix\"><div class=\"half list\">Price<\/div><div class=\"half list clearfix\">360.000 \u20ac<\/div><\/div>\r\n\t\t\t\t\t\t\t<a class=\"round bgpink right\" href=\"https:\/\/www.sp-mallorca.com\/en\/detailansicht\/6877-loft-style-apartment-investment-with\/?status\">Details<\/a>\r\n\t\t\t\t\t\t\t<a class=\"round bgpink left\" href=\"https:\/\/www.sp-mallorca.com\/en\/detailansicht\/6877-loft-style-apartment-investment-with\/?status#sofortanfrage\">Enquiry<\/a>\r\n\t\t\t\t<\/div>\r\n\t\t\t<\/div>\r\n\t\t<\/div>\t\r\n\t\t<\/div>\r\n\t<\/div>\r\n\t<div class=\"full clearfix listsearch\">\r\n\t\r\n\t\t\r\n\t\t<div class=\"obj-listobject-image one-third\">\r\n\t\t\t<div class=\"listimage\" style=\"background-image:url('https:\/\/image.onoffice.de\/smart20\/Objekte\/SteffekundPartner\/6623\/e9bfa19f-1eff-42fb-a5a9-1bb4b748749e.jpg@450x300')\">\r\n\t\t\t\r\n\t\t\t\t\r\n\t\t\t\r\n\t\t\t<\/div>\r\n\t\t<\/div>\r\n\t\t\t\t\t<div class=\"obj-listobject-right two-thirds\">\r\n\t\t\t<div class=\"obj-listobject-title bgturquoise\">\r\n\t\t\t\t\t\t<div class=\"clearfix\">\r\n\t\t\t\t<div class=\"three-fourth objtitel\">Sea view penthouse Bonanova - Palma in Palma<\/div>\r\n\t\t\t\t<div class=\"one-fourth refnumber\">A-2883-pc <span style=\"display:none;\"><\/div>\r\n\t\t\t<\/div>\r\n\t\t\t<div class=\"obj-listobject-infos clearfix\">\r\n\t\t\t\t<div class=\"half\">\r\n\t\t\t\t\t<div class=\"clearfix\"><div class=\"two-thirds list\">Number of bathrooms<\/div><div class=\"one-third list\">3<\/div><\/div>\t\t\t\t<\/div>\r\n\t\t\t\t<div class=\"half\">\r\n\t\t\t\t\t\t<div class=\"clearfix\"><div class=\"half list\">Living area<\/div><div class=\"half list clearfix\">192 sqm<\/div><\/div><div class=\"clearfix\"><div class=\"half list\">Usable area<\/div><div class=\"half list clearfix\">240 sqm<\/div><\/div><div class=\"clearfix\"><div class=\"half list\">Price<\/div><div class=\"half list clearfix\">1.395.000 \u20ac<\/div><\/div>\r\n\t\t\t\t\t\t\t<a class=\"round bgpink right\" href=\"https:\/\/www.sp-mallorca.com\/en\/detailansicht\/6623-sea-view-penthouse-bonanova-palma\/?status\">Details<\/a>\r\n\t\t\t\t\t\t\t<a class=\"round bgpink left\" href=\"https:\/\/www.sp-mallorca.com\/en\/detailansicht\/6623-sea-view-penthouse-bonanova-palma\/?status#sofortanfrage\">Enquiry<\/a>\r\n\t\t\t\t<\/div>\r\n\t\t\t<\/div>\r\n\t\t<\/div>\t\r\n\t\t<\/div>\r\n\t<\/div>\r\n\t<div class=\"full clearfix listsearch\">\r\n\t\r\n\t\t\r\n\t\t<div class=\"obj-listobject-image one-third\">\r\n\t\t\t<div class=\"listimage\" style=\"background-image:url('https:\/\/image.onoffice.de\/smart20\/Objekte\/SteffekundPartner\/6473\/0a7a4003-ee37-4784-99c9-ed8637a15e7b.jpg@450x300')\">\r\n\t\t\t\r\n\t\t\t\t\r\n\t\t\t\r\n\t\t\t<\/div>\r\n\t\t<\/div>\r\n\t\t\t\t\t<div class=\"obj-listobject-right two-thirds\">\r\n\t\t\t<div class=\"obj-listobject-title bgturquoise\">\r\n\t\t\t\t\t\t<div class=\"clearfix\">\r\n\t\t\t\t<div class=\"three-fourth objtitel\">Sea view apartment Palma Can Barbara-SOLD in Palma De Mallorca<\/div>\r\n\t\t\t\t<div class=\"one-fourth refnumber\">A-2864 <span style=\"display:none;\"><\/div>\r\n\t\t\t<\/div>\r\n\t\t\t<div class=\"obj-listobject-infos clearfix\">\r\n\t\t\t\t<div class=\"half\">\r\n\t\t\t\t\t<div class=\"clearfix\"><div class=\"two-thirds list\">Number of bathrooms<\/div><div class=\"one-third list\">4<\/div><\/div>\t\t\t\t<\/div>\r\n\t\t\t\t<div class=\"half\">\r\n\t\t\t\t\t\t<div class=\"clearfix\"><div class=\"half list\">Usable area<\/div><div class=\"half list clearfix\">346 sqm<\/div><\/div>\r\n\t\t\t\t\t\t\t<a class=\"round bgpink right\" href=\"https:\/\/www.sp-mallorca.com\/en\/detailansicht\/6473-sea-view-apartment-palma-can\/?status\">Details<\/a>\r\n\t\t\t\t\t\t\t<a class=\"round bgpink left\" href=\"https:\/\/www.sp-mallorca.com\/en\/detailansicht\/6473-sea-view-apartment-palma-can\/?status#sofortanfrage\">Enquiry<\/a>\r\n\t\t\t\t<\/div>\r\n\t\t\t<\/div>\r\n\t\t<\/div>\t\r\n\t\t<\/div>\r\n\t<\/div>\r\n\t<div class=\"full clearfix listsearch\">\r\n\t\r\n\t\t\r\n\t\t<div class=\"obj-listobject-image one-third\">\r\n\t\t\t<div class=\"listimage\" style=\"background-image:url('https:\/\/image.onoffice.de\/smart20\/Objekte\/SteffekundPartner\/6178\/9d228c51-71d0-4a20-ac94-0e41967dbd38.jpg@450x300')\">\r\n\t\t\t\r\n\t\t\t\t\r\n\t\t\t\r\n\t\t\t<\/div>\r\n\t\t<\/div>\r\n\t\t\t\t\t<div class=\"obj-listobject-right two-thirds\">\r\n\t\t\t<div class=\"obj-listobject-title bgturquoise\">\r\n\t\t\t\t\t\t<div class=\"clearfix\">\r\n\t\t\t\t<div class=\"three-fourth objtitel\">Penthouse for renovation in Son Caliu - Palmanova in Calvi\u00e0 \/&hellip;<\/div>\r\n\t\t\t\t<div class=\"one-fourth refnumber\">A-2816 <span style=\"display:none;\"><\/div>\r\n\t\t\t<\/div>\r\n\t\t\t<div class=\"obj-listobject-infos clearfix\">\r\n\t\t\t\t<div class=\"half\">\r\n\t\t\t\t\t<div class=\"clearfix\"><div class=\"two-thirds list\">Number of bathrooms<\/div><div class=\"one-third list\">2<\/div><\/div>\t\t\t\t<\/div>\r\n\t\t\t\t<div class=\"half\">\r\n\t\t\t\t\t\t<div class=\"clearfix\"><div class=\"half list\">Living area<\/div><div class=\"half list clearfix\">103 sqm<\/div><\/div><div class=\"clearfix\"><div class=\"half list\">Usable area<\/div><div class=\"half list clearfix\">170 sqm<\/div><\/div><div class=\"clearfix\"><div class=\"half list\">Price<\/div><div class=\"half list clearfix\">530.000 \u20ac<\/div><\/div>\r\n\t\t\t\t\t\t\t<a class=\"round bgpink right\" href=\"https:\/\/www.sp-mallorca.com\/en\/detailansicht\/6178-penthouse-for-renovation-in-son\/?status\">Details<\/a>\r\n\t\t\t\t\t\t\t<a class=\"round bgpink left\" href=\"https:\/\/www.sp-mallorca.com\/en\/detailansicht\/6178-penthouse-for-renovation-in-son\/?status#sofortanfrage\">Enquiry<\/a>\r\n\t\t\t\t<\/div>\r\n\t\t\t<\/div>\r\n\t\t<\/div>\t\r\n\t\t<\/div>\r\n\t<\/div>\r\n\t<div class=\"full clearfix listsearch\">\r\n\t\r\n\t\t\r\n\t\t<div class=\"obj-listobject-image one-third\">\r\n\t\t\t<div class=\"listimage\" style=\"background-image:url('https:\/\/image.onoffice.de\/smart20\/Objekte\/SteffekundPartner\/5929\/9dcd19c9-00a0-4468-a526-0e5e4bdae007.jpg@450x300')\">\r\n\t\t\t\r\n\t\t\t\t\r\n\t\t\t\r\n\t\t\t<\/div>\r\n\t\t<\/div>\r\n\t\t\t\t\t<div class=\"obj-listobject-right two-thirds\">\r\n\t\t\t<div class=\"obj-listobject-title bgturquoise\">\r\n\t\t\t\t\t\t<div class=\"clearfix\">\r\n\t\t\t\t<div class=\"three-fourth objtitel\">Neu sanierte Penthaus Wohnungen in der Altstadt von Palma in Palma de&hellip;<\/div>\r\n\t\t\t\t<div class=\"one-fourth refnumber\">A-2776 <span style=\"display:none;\"><\/div>\r\n\t\t\t<\/div>\r\n\t\t\t<div class=\"obj-listobject-infos clearfix\">\r\n\t\t\t\t<div class=\"half\">\r\n\t\t\t\t\t<div class=\"clearfix\"><div class=\"two-thirds list\">Number of bathrooms<\/div><div class=\"one-third list\">2<\/div><\/div>\t\t\t\t<\/div>\r\n\t\t\t\t<div class=\"half\">\r\n\t\t\t\t\t\t<div class=\"clearfix\"><div class=\"half list\">Living area<\/div><div class=\"half list clearfix\">185 sqm<\/div><\/div><div class=\"clearfix\"><div class=\"half list\">Usable area<\/div><div class=\"half list clearfix\">225 sqm<\/div><\/div><div class=\"clearfix\"><div class=\"half list\">Price<\/div><div class=\"half list clearfix\">1.750.000 \u20ac<\/div><\/div>\r\n\t\t\t\t\t\t\t<a class=\"round bgpink right\" href=\"https:\/\/www.sp-mallorca.com\/en\/detailansicht\/5929-neu-sanierte-penthaus-wohnungen-in\/?status\">Details<\/a>\r\n\t\t\t\t\t\t\t<a class=\"round bgpink left\" href=\"https:\/\/www.sp-mallorca.com\/en\/detailansicht\/5929-neu-sanierte-penthaus-wohnungen-in\/?status#sofortanfrage\">Enquiry<\/a>\r\n\t\t\t\t<\/div>\r\n\t\t\t<\/div>\r\n\t\t<\/div>\t\r\n\t\t<\/div>\r\n\t<\/div>\r\n\t<div class=\"full clearfix listsearch\">\r\n\t\r\n\t\t\r\n\t\t<div class=\"obj-listobject-image one-third\">\r\n\t\t\t<div class=\"listimage\" style=\"background-image:url('https:\/\/image.onoffice.de\/smart20\/Objekte\/SteffekundPartner\/5483\/db27d15f-34ef-4f3e-88c3-1d9af4e49274.jpg@450x300')\">\r\n\t\t\t\r\n\t\t\t\t\r\n\t\t\t\r\n\t\t\t<\/div>\r\n\t\t<\/div>\r\n\t\t\t\t\t<div class=\"obj-listobject-right two-thirds\">\r\n\t\t\t<div class=\"obj-listobject-title bgturquoise\">\r\n\t\t\t\t\t\t<div class=\"clearfix\">\r\n\t\t\t\t<div class=\"three-fourth objtitel\">Sea view beach penthouse with hotel service in Palmanova<\/div>\r\n\t\t\t\t<div class=\"one-fourth refnumber\">A-2711 <span style=\"display:none;\"><\/div>\r\n\t\t\t<\/div>\r\n\t\t\t<div class=\"obj-listobject-infos clearfix\">\r\n\t\t\t\t<div class=\"half\">\r\n\t\t\t\t\t<div class=\"clearfix\"><div class=\"two-thirds list\">Number of bathrooms<\/div><div class=\"one-third list\">1<\/div><\/div>\t\t\t\t<\/div>\r\n\t\t\t\t<div class=\"half\">\r\n\t\t\t\t\t\t<div class=\"clearfix\"><div class=\"half list\">Living area<\/div><div class=\"half list clearfix\">68 sqm<\/div><\/div><div class=\"clearfix\"><div class=\"half list\">Usable area<\/div><div class=\"half list clearfix\">80 sqm<\/div><\/div><div class=\"clearfix\"><div class=\"half list\">Price<\/div><div class=\"half list clearfix\">520.000 \u20ac<\/div><\/div>\r\n\t\t\t\t\t\t\t<a class=\"round bgpink right\" href=\"https:\/\/www.sp-mallorca.com\/en\/detailansicht\/5483-sea-view-beach-penthouse-with\/?status\">Details<\/a>\r\n\t\t\t\t\t\t\t<a class=\"round bgpink left\" href=\"https:\/\/www.sp-mallorca.com\/en\/detailansicht\/5483-sea-view-beach-penthouse-with\/?status#sofortanfrage\">Enquiry<\/a>\r\n\t\t\t\t<\/div>\r\n\t\t\t<\/div>\r\n\t\t<\/div>\t\r\n\t\t<\/div>\r\n\t<\/div>\r\n\t<div class=\"full clearfix listsearch\">\r\n\t\r\n\t\t\r\n\t\t<div class=\"obj-listobject-image one-third\">\r\n\t\t\t<div class=\"listimage\" style=\"background-image:url('https:\/\/image.onoffice.de\/smart20\/Objekte\/SteffekundPartner\/4239\/Titelbild_25067.jpg@450x300')\">\r\n\t\t\t\r\n\t\t\t\t\t\t\r\n\t\t\t<p class=\"ref sold\">New<\/p> \r\n\t\t\t\t\r\n\t\t\t\r\n\t\t\t<\/div>\r\n\t\t<\/div>\r\n\t\t\t\t\t<div class=\"obj-listobject-right two-thirds\">\r\n\t\t\t<div class=\"obj-listobject-title bgturquoise\">\r\n\t\t\t\t\t\t<div class=\"clearfix\">\r\n\t\t\t\t<div class=\"three-fourth objtitel\">Wonderfull Villa with sea view in in Son Vida - Palma<\/div>\r\n\t\t\t\t<div class=\"one-fourth refnumber\">V-2511 <span style=\"display:none;\"><\/div>\r\n\t\t\t<\/div>\r\n\t\t\t<div class=\"obj-listobject-infos clearfix\">\r\n\t\t\t\t<div class=\"half\">\r\n\t\t\t\t\t<div class=\"clearfix\"><div class=\"two-thirds list\">Number of bathrooms<\/div><div class=\"one-third list\">5<\/div><\/div>\t\t\t\t<\/div>\r\n\t\t\t\t<div class=\"half\">\r\n\t\t\t\t\t\t<div class=\"clearfix\"><div class=\"half list\">Living area<\/div><div class=\"half list clearfix\">510 sqm<\/div><\/div><div class=\"clearfix\"><div class=\"half list\">Usable area<\/div><div class=\"half list clearfix\">621 sqm<\/div><\/div><div class=\"clearfix\"><div class=\"half list\">Price<\/div><div class=\"half list clearfix\">2.850.000 \u20ac<\/div><\/div><div class=\"clearfix\"><div class=\"half list\">Basic rent<\/div><div class=\"half list clearfix\">7.700 \u20ac<\/div><\/div>\r\n\t\t\t\t\t\t\t<a class=\"round bgpink right\" href=\"https:\/\/www.sp-mallorca.com\/en\/detailansicht\/4239-wonderfull-villa-with-sea-view\/?status=new\">Details<\/a>\r\n\t\t\t\t\t\t\t<a class=\"round bgpink left\" href=\"https:\/\/www.sp-mallorca.com\/en\/detailansicht\/4239-wonderfull-villa-with-sea-view\/?status=new#sofortanfrage\">Enquiry<\/a>\r\n\t\t\t\t<\/div>\r\n\t\t\t<\/div>\r\n\t\t<\/div>\t\r\n\t\t<\/div>\r\n\t<\/div>\r\n<\/div>\r\n\n","protected":false},"excerpt":{"rendered":"","protected":false},"author":7,"featured_media":0,"parent":0,"menu_order":3,"comment_status":"closed","ping_status":"closed","template":"","meta":{"_acf_changed":false,"footnotes":""},"class_list":["post-74","page","type-page","status-publish","hentry"],"acf":[],"yoast_head":"<!-- This site is optimized with the Yoast SEO plugin v27.5 - https:\/\/yoast.com\/product\/yoast-seo-wordpress\/ -->\n<title>Palma de Majorca - Steffek und Partner Immobilien SLU-Mallorca Immobilien Verkauf Vermietung S\u00fcdwesten Mallorca kaufen mieten<\/title>\n<meta name=\"description\" content=\"Mallorca exklusive Immobilien kaufen, verkaufen, mieten, Meerblick, Finca, Apartment, Penthaus, Wohnung S\u00fcdwesten, Atic\u00f3, buy, comprar\" \/>\n<meta name=\"robots\" content=\"index, follow, max-snippet:-1, max-image-preview:large, max-video-preview:-1\" \/>\n<link rel=\"canonical\" href=\"https:\/\/www.sp-mallorca.com\/palma\/\" \/>\n<meta property=\"og:locale\" content=\"en_US\" \/>\n<meta property=\"og:type\" content=\"article\" \/>\n<meta property=\"og:title\" content=\"Palma de Majorca - Steffek und Partner Immobilien SLU-Mallorca Immobilien Verkauf Vermietung S\u00fcdwesten Mallorca kaufen mieten\" \/>\n<meta property=\"og:description\" content=\"{:de}Mallorca exklusive Immobilien kaufen, verkaufen, mieten, Meerblick, Finca, Apartment, Penthaus, Wohnung S\u00fcdwesten, Atic\u00f3, buy, comprar{:}\" \/>\n<meta property=\"og:url\" content=\"https:\/\/www.sp-mallorca.com\/palma\/\" \/>\n<meta property=\"og:site_name\" content=\"Steffek und Partner Immobilien SLU-Mallorca Immobilien Verkauf Vermietung S\u00fcdwesten Mallorca kaufen mieten\" \/>\n<meta property=\"article:modified_time\" content=\"2024-11-03T13:59:59+00:00\" \/>\n<meta name=\"twitter:card\" content=\"summary_large_image\" \/>\n<script type=\"application\/ld+json\" class=\"yoast-schema-graph\">{\"@context\":\"https:\\\/\\\/schema.org\",\"@graph\":[{\"@type\":\"WebPage\",\"@id\":\"https:\\\/\\\/www.sp-mallorca.com\\\/palma\\\/\",\"url\":\"https:\\\/\\\/www.sp-mallorca.com\\\/palma\\\/\",\"name\":\"Palma de Majorca - Steffek und Partner Immobilien SLU-Mallorca Immobilien Verkauf Vermietung S\u00fcdwesten Mallorca kaufen mieten\",\"isPartOf\":{\"@id\":\"https:\\\/\\\/www.sp-mallorca.com\\\/de\\\/#website\"},\"datePublished\":\"2024-11-02T07:49:47+00:00\",\"dateModified\":\"2024-11-03T13:59:59+00:00\",\"description\":\"{:de}Mallorca exklusive Immobilien kaufen, verkaufen, mieten, Meerblick, Finca, Apartment, Penthaus, Wohnung S\u00fcdwesten, Atic\u00f3, buy, comprar{:}\",\"breadcrumb\":{\"@id\":\"https:\\\/\\\/www.sp-mallorca.com\\\/palma\\\/#breadcrumb\"},\"inLanguage\":\"en-US\",\"potentialAction\":[{\"@type\":\"ReadAction\",\"target\":[\"https:\\\/\\\/www.sp-mallorca.com\\\/palma\\\/\"]}]},{\"@type\":\"BreadcrumbList\",\"@id\":\"https:\\\/\\\/www.sp-mallorca.com\\\/palma\\\/#breadcrumb\",\"itemListElement\":[{\"@type\":\"ListItem\",\"position\":1,\"name\":\"Startseite\",\"item\":\"https:\\\/\\\/www.sp-mallorca.com\\\/\"},{\"@type\":\"ListItem\",\"position\":2,\"name\":\"[:de]Palma de Mallorca[:en]Palma de Majorca[:es]Palma de Mallorca[:]\"}]},{\"@type\":\"WebSite\",\"@id\":\"https:\\\/\\\/www.sp-mallorca.com\\\/de\\\/#website\",\"url\":\"https:\\\/\\\/www.sp-mallorca.com\\\/de\\\/\",\"name\":\"Steffek und Partner Immobilien SLU-Mallorca Immobilien Verkauf Vermietung S\u00fcdwesten Mallorca kaufen mieten\",\"description\":\"Mallorca Immobilien, Inmobiliaria, Real Estate, Verkauf und Vermietung, Makler Immobilienb\u00fcro, Agentur Mallorca S\u00fcdwest El Toro Calvi\u00e1 Spanien Spain, Immobilien Mallorca, g\u00fcnstige Immobilien Mallorca, Langzeitmiete Mallorca S\u00fcdwesten, Immobilien Mallorca S\u00fcdwest, Immobilien Mallorca mieten, Santa ponsa Immobilien kaufen. \u00a0 \u00a0\",\"potentialAction\":[{\"@type\":\"SearchAction\",\"target\":{\"@type\":\"EntryPoint\",\"urlTemplate\":\"https:\\\/\\\/www.sp-mallorca.com\\\/de\\\/?s={search_term_string}\"},\"query-input\":{\"@type\":\"PropertyValueSpecification\",\"valueRequired\":true,\"valueName\":\"search_term_string\"}}],\"inLanguage\":\"en-US\"}]}<\/script>\n<!-- \/ Yoast SEO plugin. -->","yoast_head_json":{"title":"Palma de Majorca - Steffek und Partner Immobilien SLU-Mallorca Immobilien Verkauf Vermietung S\u00fcdwesten Mallorca kaufen mieten","description":"Mallorca exklusive Immobilien kaufen, verkaufen, mieten, Meerblick, Finca, Apartment, Penthaus, Wohnung S\u00fcdwesten, Atic\u00f3, buy, comprar","robots":{"index":"index","follow":"follow","max-snippet":"max-snippet:-1","max-image-preview":"max-image-preview:large","max-video-preview":"max-video-preview:-1"},"canonical":"https:\/\/www.sp-mallorca.com\/palma\/","og_locale":"en_US","og_type":"article","og_title":"Palma de Majorca - Steffek und Partner Immobilien SLU-Mallorca Immobilien Verkauf Vermietung S\u00fcdwesten Mallorca kaufen mieten","og_description":"{:de}Mallorca exklusive Immobilien kaufen, verkaufen, mieten, Meerblick, Finca, Apartment, Penthaus, Wohnung S\u00fcdwesten, Atic\u00f3, buy, comprar{:}","og_url":"https:\/\/www.sp-mallorca.com\/palma\/","og_site_name":"Steffek und Partner Immobilien SLU-Mallorca Immobilien Verkauf Vermietung S\u00fcdwesten Mallorca kaufen mieten","article_modified_time":"2024-11-03T13:59:59+00:00","twitter_card":"summary_large_image","schema":{"@context":"https:\/\/schema.org","@graph":[{"@type":"WebPage","@id":"https:\/\/www.sp-mallorca.com\/palma\/","url":"https:\/\/www.sp-mallorca.com\/palma\/","name":"Palma de Majorca - Steffek und Partner Immobilien SLU-Mallorca Immobilien Verkauf Vermietung S\u00fcdwesten Mallorca kaufen mieten","isPartOf":{"@id":"https:\/\/www.sp-mallorca.com\/de\/#website"},"datePublished":"2024-11-02T07:49:47+00:00","dateModified":"2024-11-03T13:59:59+00:00","description":"{:de}Mallorca exklusive Immobilien kaufen, verkaufen, mieten, Meerblick, Finca, Apartment, Penthaus, Wohnung S\u00fcdwesten, Atic\u00f3, buy, comprar{:}","breadcrumb":{"@id":"https:\/\/www.sp-mallorca.com\/palma\/#breadcrumb"},"inLanguage":"en-US","potentialAction":[{"@type":"ReadAction","target":["https:\/\/www.sp-mallorca.com\/palma\/"]}]},{"@type":"BreadcrumbList","@id":"https:\/\/www.sp-mallorca.com\/palma\/#breadcrumb","itemListElement":[{"@type":"ListItem","position":1,"name":"Startseite","item":"https:\/\/www.sp-mallorca.com\/"},{"@type":"ListItem","position":2,"name":"[:de]Palma de Mallorca[:en]Palma de Majorca[:es]Palma de Mallorca[:]"}]},{"@type":"WebSite","@id":"https:\/\/www.sp-mallorca.com\/de\/#website","url":"https:\/\/www.sp-mallorca.com\/de\/","name":"Steffek und Partner Immobilien SLU-Mallorca Immobilien Verkauf Vermietung S\u00fcdwesten Mallorca kaufen mieten","description":"Mallorca Immobilien, Inmobiliaria, Real Estate, Verkauf und Vermietung, Makler Immobilienb\u00fcro, Agentur Mallorca S\u00fcdwest El Toro Calvi\u00e1 Spanien Spain, Immobilien Mallorca, g\u00fcnstige Immobilien Mallorca, Langzeitmiete Mallorca S\u00fcdwesten, Immobilien Mallorca S\u00fcdwest, Immobilien Mallorca mieten, Santa ponsa Immobilien kaufen. \u00a0 \u00a0","potentialAction":[{"@type":"SearchAction","target":{"@type":"EntryPoint","urlTemplate":"https:\/\/www.sp-mallorca.com\/de\/?s={search_term_string}"},"query-input":{"@type":"PropertyValueSpecification","valueRequired":true,"valueName":"search_term_string"}}],"inLanguage":"en-US"}]}},"_links":{"self":[{"href":"https:\/\/www.sp-mallorca.com\/en\/wp-json\/wp\/v2\/pages\/74","targetHints":{"allow":["GET"]}}],"collection":[{"href":"https:\/\/www.sp-mallorca.com\/en\/wp-json\/wp\/v2\/pages"}],"about":[{"href":"https:\/\/www.sp-mallorca.com\/en\/wp-json\/wp\/v2\/types\/page"}],"author":[{"embeddable":true,"href":"https:\/\/www.sp-mallorca.com\/en\/wp-json\/wp\/v2\/users\/7"}],"replies":[{"embeddable":true,"href":"https:\/\/www.sp-mallorca.com\/en\/wp-json\/wp\/v2\/comments?post=74"}],"version-history":[{"count":8,"href":"https:\/\/www.sp-mallorca.com\/en\/wp-json\/wp\/v2\/pages\/74\/revisions"}],"predecessor-version":[{"id":777,"href":"https:\/\/www.sp-mallorca.com\/en\/wp-json\/wp\/v2\/pages\/74\/revisions\/777"}],"wp:attachment":[{"href":"https:\/\/www.sp-mallorca.com\/en\/wp-json\/wp\/v2\/media?parent=74"}],"curies":[{"name":"wp","href":"https:\/\/api.w.org\/{rel}","templated":true}]}}