{"id":64,"date":"2024-11-02T08:12:53","date_gmt":"2024-11-02T07:12:53","guid":{"rendered":"https:\/\/wordpress.p390872.webspaceconfig.de\/?page_id=64"},"modified":"2024-11-03T15:00:37","modified_gmt":"2024-11-03T14:00:37","slug":"impressum","status":"publish","type":"page","link":"https:\/\/www.sp-mallorca.com\/en\/impressum\/","title":{"rendered":"Imprint"},"content":{"rendered":"<p><\/p>\n<p style=\"text-align:center;\">PROVIDER<br \/>\nHeadquarters Address<\/p>\n<p>Steffek and Partner property S.L.U<br \/>\nIna Simone Steffek<\/p>\n<p>Av. Son Pillo 2, 6<br \/>\n07180 Santa Ponsa \/Mallorca \/Illes Balears \/Spain<\/p>\n<p>Mobile:<br \/>\n<a href=\"tel:+34639872689\">+(34) 639 872 689<\/a><\/p>\n<p>email:<br \/>\n<a title=\"eMail contact\" href=\"&#109;&#97;&#105;&#108;&#116;&#111;&#58;&#105;&#110;&#102;&#111;&#64;&#115;&#112;&#45;&#109;&#97;&#108;&#108;&#111;&#114;&#99;&#97;&#46;&#99;&#111;&#109;\"><i class=\"fa fa-fw fa-envelope-o fa-lg\"><\/i>&#105;&#110;&#102;&#111;&#64;&#115;&#112;&#45;&#109;&#97;&#108;&#108;&#111;&#114;&#99;&#97;&#46;&#99;&#111;&#109;<\/a><\/p>\n<p>Internet: <i class=\"fa fa-fw fa-home\"><\/i> www.sp-mallorca.com<\/p>\n<p>Legal Notices<br \/>\nAll content and structures of the Internet pages of Steffek &#038; Partner are copyrighted. Any duplication of data and \/ or information, in particular the use of texts (also optional) and images is not permitted and requires the prior written consent of Steffek &#038; Partner property.<br \/>\nSteffek &#038; amp; Partner shall not be liable for the correctness of the content of the information on the website to which a link from the pages of Steffek &#038; Partners.<\/p>\n<p>Provider information<br \/>\nProvider identification according to \u00a7 5 Medical Devices Act (TMG) and 55 (RStV).<br \/>\nIna Steffek,<br \/>\nfon: +34) 639872689,<br \/>\nemail: <a title=\"eMail contact\" href=\"&#109;&#97;&#105;&#108;&#116;&#111;&#58;&#105;&#110;&#102;&#111;&#64;&#115;&#112;&#45;&#109;&#97;&#108;&#108;&#111;&#114;&#99;&#97;&#46;&#99;&#111;&#109;\"><i class=\"fa fa-fw fa-envelope-o fa-lg\"><\/i>&#105;&#110;&#102;&#111;&#64;&#115;&#112;&#45;&#109;&#97;&#108;&#108;&#111;&#114;&#99;&#97;&#46;&#99;&#111;&#109;<\/a>.<br \/>\nMandatory information according to the electronic commerce law (EGG) and \u00a7 6 of the Teleservices Act (TDG). The business purpose of the company is the brokerage of real estate. Responsible and owner of the website is Ina Steffek.<\/p>\n<p>Sales tax identification number according to \u00a727 a sales tax law: IVA NIE: ESB57993768<\/p>\n<blockquote><p>\nThis imprint applies to the respective account: Google, <a href=\"https:\/\/www.facebook.com\/SteffekundPartnerImmobilienMallorca\/\" target=\"_blank\" rel=\"noopener noreferrer\">Facebook<\/a>, <a href=\"https:\/\/www.sp-mallorca.com\/feed\/\" target=\"_blank\" rel=\"noopener noreferrer\">RSS-Feed<\/a>\n<\/p><\/blockquote>\n<p>technical support by <a title=\"SEO Ranking Experte und Webdesigner- Ihre Webseite von uns erstellt, erzielt immer die Top.10 Positionen in Suchmaschinen. Denn dort sollte sich auch Ihre Homepage befinden!\" href=\"https:\/\/www.webmaker1.de\/\" target=\"_blank\" rel=\"noopener noreferrer\"><i class=\"fa fa-leaf\"><\/i> webMaker1<\/a><\/p>\n<h1 style=\"text-align: center;\"><a title=\"Privacy Policy Basic EU Data Protection Regulation\" href=\"\/en\/datenschutz\/\">EU Data Protection Regulation<\/a><\/h1>\n<p><\/p>","protected":false},"excerpt":{"rendered":"PROVIDER Headquarters Address Steffek and Partner property S.L.U Ina Simone Steffek Av. Son Pillo 2, 6 07180 Santa Ponsa \/Mallorca \/Illes Balears \/Spain Mobile: +(34) 639 872 689 email: &#105;&#110;&#102;&#111;&#64;&#115;&#112;&#45;&#109;&#97;&#108;&#108;&#111;&#114;&#99;&#97;&#46;&#99;&#111;&#109; Internet: www.sp-mallorca.com Legal Notices All content and structures of the &hellip; <a href=\"https:\/\/www.sp-mallorca.com\/en\/impressum\/\">Continue reading <span class=\"meta-nav\">&rarr;<\/span><\/a>","protected":false},"author":7,"featured_media":0,"parent":0,"menu_order":5,"comment_status":"closed","ping_status":"closed","template":"sidebar-page.php","meta":{"_acf_changed":false,"footnotes":""},"class_list":["post-64","page","type-page","status-publish","hentry"],"acf":[],"yoast_head":"<!-- This site is optimized with the Yoast SEO plugin v27.4 - https:\/\/yoast.com\/product\/yoast-seo-wordpress\/ -->\n<title>Imprint - Steffek und Partner Immobilien SLU-Mallorca Immobilien Verkauf Vermietung S\u00fcdwesten Mallorca kaufen mieten<\/title>\n<meta name=\"robots\" content=\"index, follow, max-snippet:-1, max-image-preview:large, max-video-preview:-1\" \/>\n<link rel=\"canonical\" href=\"https:\/\/www.sp-mallorca.com\/impressum\/\" \/>\n<meta property=\"og:locale\" content=\"en_US\" \/>\n<meta property=\"og:type\" content=\"article\" \/>\n<meta property=\"og:title\" content=\"Imprint - Steffek und Partner Immobilien SLU-Mallorca Immobilien Verkauf Vermietung S\u00fcdwesten Mallorca kaufen mieten\" \/>\n<meta property=\"og:description\" content=\"PROVIDER Headquarters Address Steffek and Partner property S.L.U Ina Simone Steffek Av. Son Pillo 2, 6 07180 Santa Ponsa \/Mallorca \/Illes Balears \/Spain Mobile: +(34) 639 872 689 email: &#105;&#110;&#102;&#111;&#064;&#115;&#112;&#045;&#109;&#097;&#108;&#108;&#111;&#114;&#099;&#097;&#046;&#099;&#111;&#109; Internet: www.sp-mallorca.com Legal Notices All content and structures of the &hellip; Continue reading &rarr;\" \/>\n<meta property=\"og:url\" content=\"https:\/\/www.sp-mallorca.com\/impressum\/\" \/>\n<meta property=\"og:site_name\" content=\"Steffek und Partner Immobilien SLU-Mallorca Immobilien Verkauf Vermietung S\u00fcdwesten Mallorca kaufen mieten\" \/>\n<meta property=\"article:modified_time\" content=\"2024-11-03T14:00:37+00:00\" \/>\n<meta name=\"twitter:card\" content=\"summary_large_image\" \/>\n<meta name=\"twitter:label1\" content=\"Est. reading time\" \/>\n\t<meta name=\"twitter:data1\" content=\"4 minutes\" \/>\n<script type=\"application\/ld+json\" class=\"yoast-schema-graph\">{\"@context\":\"https:\\\/\\\/schema.org\",\"@graph\":[{\"@type\":\"WebPage\",\"@id\":\"https:\\\/\\\/www.sp-mallorca.com\\\/impressum\\\/\",\"url\":\"https:\\\/\\\/www.sp-mallorca.com\\\/impressum\\\/\",\"name\":\"Imprint - Steffek und Partner Immobilien SLU-Mallorca Immobilien Verkauf Vermietung S\u00fcdwesten Mallorca kaufen mieten\",\"isPartOf\":{\"@id\":\"https:\\\/\\\/www.sp-mallorca.com\\\/de\\\/#website\"},\"datePublished\":\"2024-11-02T07:12:53+00:00\",\"dateModified\":\"2024-11-03T14:00:37+00:00\",\"breadcrumb\":{\"@id\":\"https:\\\/\\\/www.sp-mallorca.com\\\/impressum\\\/#breadcrumb\"},\"inLanguage\":\"en-US\",\"potentialAction\":[{\"@type\":\"ReadAction\",\"target\":[\"https:\\\/\\\/www.sp-mallorca.com\\\/impressum\\\/\"]}]},{\"@type\":\"BreadcrumbList\",\"@id\":\"https:\\\/\\\/www.sp-mallorca.com\\\/impressum\\\/#breadcrumb\",\"itemListElement\":[{\"@type\":\"ListItem\",\"position\":1,\"name\":\"Startseite\",\"item\":\"https:\\\/\\\/www.sp-mallorca.com\\\/\"},{\"@type\":\"ListItem\",\"position\":2,\"name\":\"[:de]Impressum[:en]Imprint[:es]Impreso[:]\"}]},{\"@type\":\"WebSite\",\"@id\":\"https:\\\/\\\/www.sp-mallorca.com\\\/de\\\/#website\",\"url\":\"https:\\\/\\\/www.sp-mallorca.com\\\/de\\\/\",\"name\":\"Steffek und Partner Immobilien SLU-Mallorca Immobilien Verkauf Vermietung S\u00fcdwesten Mallorca kaufen mieten\",\"description\":\"Mallorca Immobilien, Inmobiliaria, Real Estate, Verkauf und Vermietung, Makler Immobilienb\u00fcro, Agentur Mallorca S\u00fcdwest El Toro Calvi\u00e1 Spanien Spain, Immobilien Mallorca, g\u00fcnstige Immobilien Mallorca, Langzeitmiete Mallorca S\u00fcdwesten, Immobilien Mallorca S\u00fcdwest, Immobilien Mallorca mieten, Santa ponsa Immobilien kaufen. \u00a0 \u00a0\",\"potentialAction\":[{\"@type\":\"SearchAction\",\"target\":{\"@type\":\"EntryPoint\",\"urlTemplate\":\"https:\\\/\\\/www.sp-mallorca.com\\\/de\\\/?s={search_term_string}\"},\"query-input\":{\"@type\":\"PropertyValueSpecification\",\"valueRequired\":true,\"valueName\":\"search_term_string\"}}],\"inLanguage\":\"en-US\"}]}<\/script>\n<!-- \/ Yoast SEO plugin. -->","yoast_head_json":{"title":"Imprint - Steffek und Partner Immobilien SLU-Mallorca Immobilien Verkauf Vermietung S\u00fcdwesten Mallorca kaufen mieten","robots":{"index":"index","follow":"follow","max-snippet":"max-snippet:-1","max-image-preview":"max-image-preview:large","max-video-preview":"max-video-preview:-1"},"canonical":"https:\/\/www.sp-mallorca.com\/impressum\/","og_locale":"en_US","og_type":"article","og_title":"Imprint - Steffek und Partner Immobilien SLU-Mallorca Immobilien Verkauf Vermietung S\u00fcdwesten Mallorca kaufen mieten","og_description":"PROVIDER Headquarters Address Steffek and Partner property S.L.U Ina Simone Steffek Av. Son Pillo 2, 6 07180 Santa Ponsa \/Mallorca \/Illes Balears \/Spain Mobile: +(34) 639 872 689 email: &#105;&#110;&#102;&#111;&#64;&#115;&#112;&#45;&#109;&#97;&#108;&#108;&#111;&#114;&#99;&#97;&#46;&#99;&#111;&#109; Internet: www.sp-mallorca.com Legal Notices All content and structures of the &hellip; Continue reading &rarr;","og_url":"https:\/\/www.sp-mallorca.com\/impressum\/","og_site_name":"Steffek und Partner Immobilien SLU-Mallorca Immobilien Verkauf Vermietung S\u00fcdwesten Mallorca kaufen mieten","article_modified_time":"2024-11-03T14:00:37+00:00","twitter_card":"summary_large_image","twitter_misc":{"Est. reading time":"4 minutes"},"schema":{"@context":"https:\/\/schema.org","@graph":[{"@type":"WebPage","@id":"https:\/\/www.sp-mallorca.com\/impressum\/","url":"https:\/\/www.sp-mallorca.com\/impressum\/","name":"Imprint - Steffek und Partner Immobilien SLU-Mallorca Immobilien Verkauf Vermietung S\u00fcdwesten Mallorca kaufen mieten","isPartOf":{"@id":"https:\/\/www.sp-mallorca.com\/de\/#website"},"datePublished":"2024-11-02T07:12:53+00:00","dateModified":"2024-11-03T14:00:37+00:00","breadcrumb":{"@id":"https:\/\/www.sp-mallorca.com\/impressum\/#breadcrumb"},"inLanguage":"en-US","potentialAction":[{"@type":"ReadAction","target":["https:\/\/www.sp-mallorca.com\/impressum\/"]}]},{"@type":"BreadcrumbList","@id":"https:\/\/www.sp-mallorca.com\/impressum\/#breadcrumb","itemListElement":[{"@type":"ListItem","position":1,"name":"Startseite","item":"https:\/\/www.sp-mallorca.com\/"},{"@type":"ListItem","position":2,"name":"[:de]Impressum[:en]Imprint[:es]Impreso[:]"}]},{"@type":"WebSite","@id":"https:\/\/www.sp-mallorca.com\/de\/#website","url":"https:\/\/www.sp-mallorca.com\/de\/","name":"Steffek und Partner Immobilien SLU-Mallorca Immobilien Verkauf Vermietung S\u00fcdwesten Mallorca kaufen mieten","description":"Mallorca Immobilien, Inmobiliaria, Real Estate, Verkauf und Vermietung, Makler Immobilienb\u00fcro, Agentur Mallorca S\u00fcdwest El Toro Calvi\u00e1 Spanien Spain, Immobilien Mallorca, g\u00fcnstige Immobilien Mallorca, Langzeitmiete Mallorca S\u00fcdwesten, Immobilien Mallorca S\u00fcdwest, Immobilien Mallorca mieten, Santa ponsa Immobilien kaufen. \u00a0 \u00a0","potentialAction":[{"@type":"SearchAction","target":{"@type":"EntryPoint","urlTemplate":"https:\/\/www.sp-mallorca.com\/de\/?s={search_term_string}"},"query-input":{"@type":"PropertyValueSpecification","valueRequired":true,"valueName":"search_term_string"}}],"inLanguage":"en-US"}]}},"_links":{"self":[{"href":"https:\/\/www.sp-mallorca.com\/en\/wp-json\/wp\/v2\/pages\/64","targetHints":{"allow":["GET"]}}],"collection":[{"href":"https:\/\/www.sp-mallorca.com\/en\/wp-json\/wp\/v2\/pages"}],"about":[{"href":"https:\/\/www.sp-mallorca.com\/en\/wp-json\/wp\/v2\/types\/page"}],"author":[{"embeddable":true,"href":"https:\/\/www.sp-mallorca.com\/en\/wp-json\/wp\/v2\/users\/7"}],"replies":[{"embeddable":true,"href":"https:\/\/www.sp-mallorca.com\/en\/wp-json\/wp\/v2\/comments?post=64"}],"version-history":[{"count":25,"href":"https:\/\/www.sp-mallorca.com\/en\/wp-json\/wp\/v2\/pages\/64\/revisions"}],"predecessor-version":[{"id":1071,"href":"https:\/\/www.sp-mallorca.com\/en\/wp-json\/wp\/v2\/pages\/64\/revisions\/1071"}],"wp:attachment":[{"href":"https:\/\/www.sp-mallorca.com\/en\/wp-json\/wp\/v2\/media?parent=64"}],"curies":[{"name":"wp","href":"https:\/\/api.w.org\/{rel}","templated":true}]}}