{"id":58,"date":"2024-11-02T09:47:23","date_gmt":"2024-11-02T08:47:23","guid":{"rendered":"https:\/\/wordpress.p390872.webspaceconfig.de\/?page_id=58"},"modified":"2024-11-03T14:59:31","modified_gmt":"2024-11-03T13:59:31","slug":"finca","status":"publish","type":"page","link":"https:\/\/www.sp-mallorca.com\/en\/finca\/","title":{"rendered":"Country house"},"content":{"rendered":"\r\n\r\n\r\n<div class=\"anzahlangebote half\">\r\n\r\n\r\n\r\n\r\n\r\n\r\n 8 Quotation found <\/div>\r\n \r\n<div class=\"sort-controls half\">\r\n\t\t\t\t\t\t\t\t\t\t\t\t\t\t\t\t<div class=\"sorttest\"><select name=\"userDefinedSelection\" autocomplete=\"off\" title=\"Sorting\" data-sort-listviewid=\"8\" class=\"onofficeSortListSelector\"><option value=\"erstellt_am#ASC\" >created on (lowest first)<\/option><option value=\"erstellt_am#DESC\"  selected>created on (highest first)<\/option><option value=\"kaufpreis#ASC\" >Price (lowest first)<\/option><option value=\"kaufpreis#DESC\" >Price (highest first)<\/option><option value=\"anzahl_zimmer#ASC\" >Number of rooms (lowest first)<\/option><option value=\"anzahl_zimmer#DESC\" >Number of rooms (highest first)<\/option><\/select><\/div>\t\r\n\t\t\t\t\t\t<\/div>\r\n\t\t\r\n\r\n <div class=\"clearfix\"><\/div>\r\n\r\n\r\n<div class=\"list\">\r\n\t<div class=\"full clearfix listsearch\">\r\n\t\r\n\t\t\r\n\t\t<div class=\"obj-listobject-image one-third\">\r\n\t\t\t<div class=\"listimage\" style=\"background-image:url('https:\/\/image.onoffice.de\/smart20\/Objekte\/SteffekundPartner\/7767\/ca4776ff-e015-43ab-a68b-c3d5db1dc57f.jpg@450x300')\">\r\n\t\t\t\r\n\t\t\t\t\t\t\r\n\t\t\t<p class=\"ref sold\">Price reduction<\/p> \r\n\t\t\t\t\r\n\t\t\t\r\n\t\t\t<\/div>\r\n\t\t<\/div>\r\n\t\t\t\t\t<div class=\"obj-listobject-right two-thirds\">\r\n\t\t\t<div class=\"obj-listobject-title bgturquoise\">\r\n\t\t\t\t\t\t<div class=\"clearfix\">\r\n\t\t\t\t<div class=\"three-fourth objtitel\">Historic finca with panoramic views for sale in Andratx - Mallorca in&hellip;<\/div>\r\n\t\t\t\t<div class=\"one-fourth refnumber\">F-3007 <span style=\"display:none;\"><\/div>\r\n\t\t\t<\/div>\r\n\t\t\t<div class=\"obj-listobject-infos clearfix\">\r\n\t\t\t\t<div class=\"half\">\r\n\t\t\t\t\t<div class=\"clearfix\"><div class=\"two-thirds list\">Number of bathrooms<\/div><div class=\"one-third list\">2<\/div><\/div>\t\t\t\t<\/div>\r\n\t\t\t\t<div class=\"half\">\r\n\t\t\t\t\t\t<div class=\"clearfix\"><div class=\"half list\">Living area<\/div><div class=\"half list clearfix\">153 sqm<\/div><\/div><div class=\"clearfix\"><div class=\"half list\">Usable area<\/div><div class=\"half list clearfix\">232 sqm<\/div><\/div><div class=\"clearfix\"><div class=\"half list\">Price<\/div><div class=\"half list clearfix\">1.325.000 \u20ac<\/div><\/div>\r\n\t\t\t\t\t\t\t<a class=\"round bgpink right\" href=\"https:\/\/www.sp-mallorca.com\/en\/detailansicht\/7767-historic-finca-with-panoramic-views\/?status=price_reduction\">Details<\/a>\r\n\t\t\t\t\t\t\t<a class=\"round bgpink left\" href=\"https:\/\/www.sp-mallorca.com\/en\/detailansicht\/7767-historic-finca-with-panoramic-views\/?status=price_reduction#sofortanfrage\">Enquiry<\/a>\r\n\t\t\t\t<\/div>\r\n\t\t\t<\/div>\r\n\t\t<\/div>\t\r\n\t\t<\/div>\r\n\t<\/div>\r\n\t<div class=\"full clearfix listsearch\">\r\n\t\r\n\t\t\r\n\t\t<div class=\"obj-listobject-image one-third\">\r\n\t\t\t<div class=\"listimage\" style=\"background-image:url('https:\/\/image.onoffice.de\/smart20\/Objekte\/SteffekundPartner\/7761\/_49465.jpg@450x300')\">\r\n\t\t\t\r\n\t\t\t\t\r\n\t\t\t\r\n\t\t\t<\/div>\r\n\t\t<\/div>\r\n\t\t\t\t\t<div class=\"obj-listobject-right two-thirds\">\r\n\t\t\t<div class=\"obj-listobject-title bgturquoise\">\r\n\t\t\t\t\t\t<div class=\"clearfix\">\r\n\t\t\t\t<div class=\"three-fourth objtitel\">Finca in Santanyi for sale as good as new in Santany\u00ed<\/div>\r\n\t\t\t\t<div class=\"one-fourth refnumber\">F-3006 <span style=\"display:none;\"><\/div>\r\n\t\t\t<\/div>\r\n\t\t\t<div class=\"obj-listobject-infos clearfix\">\r\n\t\t\t\t<div class=\"half\">\r\n\t\t\t\t\t<div class=\"clearfix\"><div class=\"two-thirds list\">Number of bathrooms<\/div><div class=\"one-third list\">5<\/div><\/div>\t\t\t\t<\/div>\r\n\t\t\t\t<div class=\"half\">\r\n\t\t\t\t\t\t<div class=\"clearfix\"><div class=\"half list\">Living area<\/div><div class=\"half list clearfix\">336 sqm<\/div><\/div><div class=\"clearfix\"><div class=\"half list\">Usable area<\/div><div class=\"half list clearfix\">430 sqm<\/div><\/div><div class=\"clearfix\"><div class=\"half list\">Price<\/div><div class=\"half list clearfix\">2.950.000 \u20ac<\/div><\/div>\r\n\t\t\t\t\t\t\t<a class=\"round bgpink right\" href=\"https:\/\/www.sp-mallorca.com\/en\/detailansicht\/7761-finca-in-santanyi-for-sale\/?status\">Details<\/a>\r\n\t\t\t\t\t\t\t<a class=\"round bgpink left\" href=\"https:\/\/www.sp-mallorca.com\/en\/detailansicht\/7761-finca-in-santanyi-for-sale\/?status#sofortanfrage\">Enquiry<\/a>\r\n\t\t\t\t<\/div>\r\n\t\t\t<\/div>\r\n\t\t<\/div>\t\r\n\t\t<\/div>\r\n\t<\/div>\r\n\t<div class=\"full clearfix listsearch\">\r\n\t\r\n\t\t\r\n\t\t<div class=\"obj-listobject-image one-third\">\r\n\t\t\t<div class=\"listimage\" style=\"background-image:url('https:\/\/image.onoffice.de\/smart20\/Objekte\/SteffekundPartner\/7687\/53a892e9-07dc-450f-af96-e78a08dbf925.jpg@450x300')\">\r\n\t\t\t\r\n\t\t\t\t\r\n\t\t\t\r\n\t\t\t<\/div>\r\n\t\t<\/div>\r\n\t\t\t\t\t<div class=\"obj-listobject-right two-thirds\">\r\n\t\t\t<div class=\"obj-listobject-title bgturquoise\">\r\n\t\t\t\t\t\t<div class=\"clearfix\">\r\n\t\t\t\t<div class=\"three-fourth objtitel\">Great finca in Ses Salines with large pool, great garden, buy in&hellip;<\/div>\r\n\t\t\t\t<div class=\"one-fourth refnumber\">F-2997 <span style=\"display:none;\"><\/div>\r\n\t\t\t<\/div>\r\n\t\t\t<div class=\"obj-listobject-infos clearfix\">\r\n\t\t\t\t<div class=\"half\">\r\n\t\t\t\t\t<div class=\"clearfix\"><div class=\"two-thirds list\">Number of bathrooms<\/div><div class=\"one-third list\">3<\/div><\/div>\t\t\t\t<\/div>\r\n\t\t\t\t<div class=\"half\">\r\n\t\t\t\t\t\t<div class=\"clearfix\"><div class=\"half list\">Living area<\/div><div class=\"half list clearfix\">357 sqm<\/div><\/div><div class=\"clearfix\"><div class=\"half list\">Usable area<\/div><div class=\"half list clearfix\">105 sqm<\/div><\/div><div class=\"clearfix\"><div class=\"half list\">Price<\/div><div class=\"half list clearfix\">3.695.000 \u20ac<\/div><\/div>\r\n\t\t\t\t\t\t\t<a class=\"round bgpink right\" href=\"https:\/\/www.sp-mallorca.com\/en\/detailansicht\/7687-great-finca-in-ses-salines\/?status\">Details<\/a>\r\n\t\t\t\t\t\t\t<a class=\"round bgpink left\" href=\"https:\/\/www.sp-mallorca.com\/en\/detailansicht\/7687-great-finca-in-ses-salines\/?status#sofortanfrage\">Enquiry<\/a>\r\n\t\t\t\t<\/div>\r\n\t\t\t<\/div>\r\n\t\t<\/div>\t\r\n\t\t<\/div>\r\n\t<\/div>\r\n\t<div class=\"full clearfix listsearch\">\r\n\t\r\n\t\t\r\n\t\t<div class=\"obj-listobject-image one-third\">\r\n\t\t\t<div class=\"listimage\" style=\"background-image:url('https:\/\/image.onoffice.de\/smart20\/Objekte\/SteffekundPartner\/7249\/51160730-b7c7-4bc1-9717-9f27e58e8bce.jpg@450x300')\">\r\n\t\t\t\r\n\t\t\t\t\r\n\t\t\t\r\n\t\t\t<\/div>\r\n\t\t<\/div>\r\n\t\t\t\t\t<div class=\"obj-listobject-right two-thirds\">\r\n\t\t\t<div class=\"obj-listobject-title bgturquoise\">\r\n\t\t\t\t\t\t<div class=\"clearfix\">\r\n\t\t\t\t<div class=\"three-fourth objtitel\">Finca for sale in Manacor with vacation rental license in Manacor<\/div>\r\n\t\t\t\t<div class=\"one-fourth refnumber\">F-2955 <span style=\"display:none;\"><\/div>\r\n\t\t\t<\/div>\r\n\t\t\t<div class=\"obj-listobject-infos clearfix\">\r\n\t\t\t\t<div class=\"half\">\r\n\t\t\t\t\t<div class=\"clearfix\"><div class=\"two-thirds list\">Number of bathrooms<\/div><div class=\"one-third list\">3<\/div><\/div>\t\t\t\t<\/div>\r\n\t\t\t\t<div class=\"half\">\r\n\t\t\t\t\t\t<div class=\"clearfix\"><div class=\"half list\">Living area<\/div><div class=\"half list clearfix\">238 sqm<\/div><\/div><div class=\"clearfix\"><div class=\"half list\">Usable area<\/div><div class=\"half list clearfix\">448 sqm<\/div><\/div><div class=\"clearfix\"><div class=\"half list\">Price<\/div><div class=\"half list clearfix\">1.890.000 \u20ac<\/div><\/div>\r\n\t\t\t\t\t\t\t<a class=\"round bgpink right\" href=\"https:\/\/www.sp-mallorca.com\/en\/detailansicht\/7249-finca-for-sale-in-manacor\/?status\">Details<\/a>\r\n\t\t\t\t\t\t\t<a class=\"round bgpink left\" href=\"https:\/\/www.sp-mallorca.com\/en\/detailansicht\/7249-finca-for-sale-in-manacor\/?status#sofortanfrage\">Enquiry<\/a>\r\n\t\t\t\t<\/div>\r\n\t\t\t<\/div>\r\n\t\t<\/div>\t\r\n\t\t<\/div>\r\n\t<\/div>\r\n\t<div class=\"full clearfix listsearch\">\r\n\t\r\n\t\t\r\n\t\t<div class=\"obj-listobject-image one-third\">\r\n\t\t\t<div class=\"listimage\" style=\"background-image:url('https:\/\/image.onoffice.de\/smart20\/Objekte\/SteffekundPartner\/7095\/ecf0f936-499c-4b20-8b85-e6f7836195a4.jpg@450x300')\">\r\n\t\t\t\r\n\t\t\t\t\r\n\t\t\t\r\n\t\t\t<\/div>\r\n\t\t<\/div>\r\n\t\t\t\t\t<div class=\"obj-listobject-right two-thirds\">\r\n\t\t\t<div class=\"obj-listobject-title bgturquoise\">\r\n\t\t\t\t\t\t<div class=\"clearfix\">\r\n\t\t\t\t<div class=\"three-fourth objtitel\">Luxury new build finca Santanyi - Ses Salines in Santanyi<\/div>\r\n\t\t\t\t<div class=\"one-fourth refnumber\">F-2947 <span style=\"display:none;\"><\/div>\r\n\t\t\t<\/div>\r\n\t\t\t<div class=\"obj-listobject-infos clearfix\">\r\n\t\t\t\t<div class=\"half\">\r\n\t\t\t\t\t<div class=\"clearfix\"><div class=\"two-thirds list\">Number of bathrooms<\/div><div class=\"one-third list\">4<\/div><\/div>\t\t\t\t<\/div>\r\n\t\t\t\t<div class=\"half\">\r\n\t\t\t\t\t\t<div class=\"clearfix\"><div class=\"half list\">Usable area<\/div><div class=\"half list clearfix\">350 sqm<\/div><\/div><div class=\"clearfix\"><div class=\"half list\">Price<\/div><div class=\"half list clearfix\">3.250.000 \u20ac<\/div><\/div>\r\n\t\t\t\t\t\t\t<a class=\"round bgpink right\" href=\"https:\/\/www.sp-mallorca.com\/en\/detailansicht\/7095-luxury-new-build-finca-santanyi\/?status\">Details<\/a>\r\n\t\t\t\t\t\t\t<a class=\"round bgpink left\" href=\"https:\/\/www.sp-mallorca.com\/en\/detailansicht\/7095-luxury-new-build-finca-santanyi\/?status#sofortanfrage\">Enquiry<\/a>\r\n\t\t\t\t<\/div>\r\n\t\t\t<\/div>\r\n\t\t<\/div>\t\r\n\t\t<\/div>\r\n\t<\/div>\r\n\t<div class=\"full clearfix listsearch\">\r\n\t\r\n\t\t\r\n\t\t<div class=\"obj-listobject-image one-third\">\r\n\t\t\t<div class=\"listimage\" style=\"background-image:url('https:\/\/image.onoffice.de\/smart20\/Objekte\/SteffekundPartner\/6415\/172a1d3c-e44d-4892-b23d-97c28f8197c6.jpg@450x300')\">\r\n\t\t\t\r\n\t\t\t\t\r\n\t\t\t\r\n\t\t\t<\/div>\r\n\t\t<\/div>\r\n\t\t\t\t\t<div class=\"obj-listobject-right two-thirds\">\r\n\t\t\t<div class=\"obj-listobject-title bgturquoise\">\r\n\t\t\t\t\t\t<div class=\"clearfix\">\r\n\t\t\t\t<div class=\"three-fourth objtitel\">Finca property with vacation rental license in Llucmajor<\/div>\r\n\t\t\t\t<div class=\"one-fourth refnumber\">F-2853 <span style=\"display:none;\"><\/div>\r\n\t\t\t<\/div>\r\n\t\t\t<div class=\"obj-listobject-infos clearfix\">\r\n\t\t\t\t<div class=\"half\">\r\n\t\t\t\t\t<div class=\"clearfix\"><div class=\"two-thirds list\">Number of bathrooms<\/div><div class=\"one-third list\">7<\/div><\/div>\t\t\t\t<\/div>\r\n\t\t\t\t<div class=\"half\">\r\n\t\t\t\t\t\t<div class=\"clearfix\"><div class=\"half list\">Usable area<\/div><div class=\"half list clearfix\">340 sqm<\/div><\/div><div class=\"clearfix\"><div class=\"half list\">Price<\/div><div class=\"half list clearfix\">1.900.000 \u20ac<\/div><\/div>\r\n\t\t\t\t\t\t\t<a class=\"round bgpink right\" href=\"https:\/\/www.sp-mallorca.com\/en\/detailansicht\/6415-finca-property-with-vacation-rental\/?status\">Details<\/a>\r\n\t\t\t\t\t\t\t<a class=\"round bgpink left\" href=\"https:\/\/www.sp-mallorca.com\/en\/detailansicht\/6415-finca-property-with-vacation-rental\/?status#sofortanfrage\">Enquiry<\/a>\r\n\t\t\t\t<\/div>\r\n\t\t\t<\/div>\r\n\t\t<\/div>\t\r\n\t\t<\/div>\r\n\t<\/div>\r\n\t<div class=\"full clearfix listsearch\">\r\n\t\r\n\t\t\r\n\t\t<div class=\"obj-listobject-image one-third\">\r\n\t\t\t<div class=\"listimage\" style=\"background-image:url('https:\/\/image.onoffice.de\/smart20\/Objekte\/SteffekundPartner\/4193\/Foto_24803.jpg@450x300')\">\r\n\t\t\t\r\n\t\t\t\t\r\n\t\t\t\r\n\t\t\t<\/div>\r\n\t\t<\/div>\r\n\t\t\t\t\t<div class=\"obj-listobject-right two-thirds\">\r\n\t\t\t<div class=\"obj-listobject-title bgturquoise\">\r\n\t\t\t\t\t\t<div class=\"clearfix\">\r\n\t\t\t\t<div class=\"three-fourth objtitel\">Mediterranean finca on a sensational estate in Santa Mar\u00eda del Cam\u00ed<\/div>\r\n\t\t\t\t<div class=\"one-fourth refnumber\">F-2509 <span style=\"display:none;\"><\/div>\r\n\t\t\t<\/div>\r\n\t\t\t<div class=\"obj-listobject-infos clearfix\">\r\n\t\t\t\t<div class=\"half\">\r\n\t\t\t\t\t<div class=\"clearfix\"><div class=\"two-thirds list\">Number of bathrooms<\/div><div class=\"one-third list\">4<\/div><\/div>\t\t\t\t<\/div>\r\n\t\t\t\t<div class=\"half\">\r\n\t\t\t\t\t\t<div class=\"clearfix\"><div class=\"half list\">Living area<\/div><div class=\"half list clearfix\">480 sqm<\/div><\/div><div class=\"clearfix\"><div class=\"half list\">Usable area<\/div><div class=\"half list clearfix\">602 sqm<\/div><\/div><div class=\"clearfix\"><div class=\"half list\">Price<\/div><div class=\"half list clearfix\">2.995.000 \u20ac<\/div><\/div>\r\n\t\t\t\t\t\t\t<a class=\"round bgpink right\" href=\"https:\/\/www.sp-mallorca.com\/en\/detailansicht\/4193-mediterranean-finca-on-a-sensational\/?status\">Details<\/a>\r\n\t\t\t\t\t\t\t<a class=\"round bgpink left\" href=\"https:\/\/www.sp-mallorca.com\/en\/detailansicht\/4193-mediterranean-finca-on-a-sensational\/?status#sofortanfrage\">Enquiry<\/a>\r\n\t\t\t\t<\/div>\r\n\t\t\t<\/div>\r\n\t\t<\/div>\t\r\n\t\t<\/div>\r\n\t<\/div>\r\n\t<div class=\"full clearfix listsearch\">\r\n\t\r\n\t\t\r\n\t\t<div class=\"obj-listobject-image one-third\">\r\n\t\t\t<div class=\"listimage\" style=\"background-image:url('https:\/\/image.onoffice.de\/smart20\/Objekte\/SteffekundPartner\/1734\/Foto_8472.jpg@450x300')\">\r\n\t\t\t\r\n\t\t\t\t\r\n\t\t\t\r\n\t\t\t<\/div>\r\n\t\t<\/div>\r\n\t\t\t\t\t<div class=\"obj-listobject-right two-thirds\">\r\n\t\t\t<div class=\"obj-listobject-title bgturquoise\">\r\n\t\t\t\t\t\t<div class=\"clearfix\">\r\n\t\t\t\t<div class=\"three-fourth objtitel\">Wonderful luxury home in the village and surrounded by Mediterranean Vegetacion in&hellip;<\/div>\r\n\t\t\t\t<div class=\"one-fourth refnumber\">V-2168 <span style=\"display:none;\"><\/div>\r\n\t\t\t<\/div>\r\n\t\t\t<div class=\"obj-listobject-infos clearfix\">\r\n\t\t\t\t<div class=\"half\">\r\n\t\t\t\t\t<div class=\"clearfix\"><div class=\"two-thirds list\">Number of bathrooms<\/div><div class=\"one-third list\">3<\/div><\/div>\t\t\t\t<\/div>\r\n\t\t\t\t<div class=\"half\">\r\n\t\t\t\t\t\t<div class=\"clearfix\"><div class=\"half list\">Living area<\/div><div class=\"half list clearfix\">220 sqm<\/div><\/div><div class=\"clearfix\"><div class=\"half list\">Usable area<\/div><div class=\"half list clearfix\">250 sqm<\/div><\/div><div class=\"clearfix\"><div class=\"half list\">Price<\/div><div class=\"half list clearfix\">1.300.000 \u20ac<\/div><\/div>\r\n\t\t\t\t\t\t\t<a class=\"round bgpink right\" href=\"https:\/\/www.sp-mallorca.com\/en\/detailansicht\/1734-wonderful-luxury-home-in-the\/?status\">Details<\/a>\r\n\t\t\t\t\t\t\t<a class=\"round bgpink left\" href=\"https:\/\/www.sp-mallorca.com\/en\/detailansicht\/1734-wonderful-luxury-home-in-the\/?status#sofortanfrage\">Enquiry<\/a>\r\n\t\t\t\t<\/div>\r\n\t\t\t<\/div>\r\n\t\t<\/div>\t\r\n\t\t<\/div>\r\n\t<\/div>\r\n<\/div>\r\n\n","protected":false},"excerpt":{"rendered":"","protected":false},"author":7,"featured_media":0,"parent":0,"menu_order":3,"comment_status":"closed","ping_status":"closed","template":"","meta":{"_acf_changed":false,"footnotes":""},"class_list":["post-58","page","type-page","status-publish","hentry"],"acf":[],"yoast_head":"<!-- This site is optimized with the Yoast SEO plugin v27.3 - https:\/\/yoast.com\/product\/yoast-seo-wordpress\/ -->\n<title>Country house - Steffek und Partner Immobilien SLU-Mallorca Immobilien Verkauf Vermietung S\u00fcdwesten Mallorca kaufen mieten<\/title>\n<meta name=\"description\" content=\"Finca Mallorca exklusive Immobilien kaufen, verkaufen, mieten, Meerblick, Apartment, Penthaus, Wohnung S\u00fcdwesten, Atic\u00f3, buy, comprar\" \/>\n<meta name=\"robots\" content=\"index, follow, max-snippet:-1, max-image-preview:large, max-video-preview:-1\" \/>\n<link rel=\"canonical\" href=\"https:\/\/www.sp-mallorca.com\/finca\/\" \/>\n<meta property=\"og:locale\" content=\"en_US\" \/>\n<meta property=\"og:type\" content=\"article\" \/>\n<meta property=\"og:title\" content=\"Country house - Steffek und Partner Immobilien SLU-Mallorca Immobilien Verkauf Vermietung S\u00fcdwesten Mallorca kaufen mieten\" \/>\n<meta property=\"og:description\" content=\"{:de}Finca Mallorca exklusive Immobilien kaufen, verkaufen, mieten, Meerblick, Apartment, Penthaus, Wohnung S\u00fcdwesten, Atic\u00f3, buy, comprar{:}\" \/>\n<meta property=\"og:url\" content=\"https:\/\/www.sp-mallorca.com\/finca\/\" \/>\n<meta property=\"og:site_name\" content=\"Steffek und Partner Immobilien SLU-Mallorca Immobilien Verkauf Vermietung S\u00fcdwesten Mallorca kaufen mieten\" \/>\n<meta property=\"article:modified_time\" content=\"2024-11-03T13:59:31+00:00\" \/>\n<meta name=\"twitter:card\" content=\"summary_large_image\" \/>\n<script type=\"application\/ld+json\" class=\"yoast-schema-graph\">{\"@context\":\"https:\\\/\\\/schema.org\",\"@graph\":[{\"@type\":\"WebPage\",\"@id\":\"https:\\\/\\\/www.sp-mallorca.com\\\/finca\\\/\",\"url\":\"https:\\\/\\\/www.sp-mallorca.com\\\/finca\\\/\",\"name\":\"Country house - Steffek und Partner Immobilien SLU-Mallorca Immobilien Verkauf Vermietung S\u00fcdwesten Mallorca kaufen mieten\",\"isPartOf\":{\"@id\":\"https:\\\/\\\/www.sp-mallorca.com\\\/de\\\/#website\"},\"datePublished\":\"2024-11-02T08:47:23+00:00\",\"dateModified\":\"2024-11-03T13:59:31+00:00\",\"description\":\"{:de}Finca Mallorca exklusive Immobilien kaufen, verkaufen, mieten, Meerblick, Apartment, Penthaus, Wohnung S\u00fcdwesten, Atic\u00f3, buy, comprar{:}\",\"breadcrumb\":{\"@id\":\"https:\\\/\\\/www.sp-mallorca.com\\\/finca\\\/#breadcrumb\"},\"inLanguage\":\"en-US\",\"potentialAction\":[{\"@type\":\"ReadAction\",\"target\":[\"https:\\\/\\\/www.sp-mallorca.com\\\/finca\\\/\"]}]},{\"@type\":\"BreadcrumbList\",\"@id\":\"https:\\\/\\\/www.sp-mallorca.com\\\/finca\\\/#breadcrumb\",\"itemListElement\":[{\"@type\":\"ListItem\",\"position\":1,\"name\":\"Startseite\",\"item\":\"https:\\\/\\\/www.sp-mallorca.com\\\/\"},{\"@type\":\"ListItem\",\"position\":2,\"name\":\"[:de]Finca[:en]Country house[:es]Finca[:]\"}]},{\"@type\":\"WebSite\",\"@id\":\"https:\\\/\\\/www.sp-mallorca.com\\\/de\\\/#website\",\"url\":\"https:\\\/\\\/www.sp-mallorca.com\\\/de\\\/\",\"name\":\"Steffek und Partner Immobilien SLU-Mallorca Immobilien Verkauf Vermietung S\u00fcdwesten Mallorca kaufen mieten\",\"description\":\"Mallorca Immobilien, Inmobiliaria, Real Estate, Verkauf und Vermietung, Makler Immobilienb\u00fcro, Agentur Mallorca S\u00fcdwest El Toro Calvi\u00e1 Spanien Spain, Immobilien Mallorca, g\u00fcnstige Immobilien Mallorca, Langzeitmiete Mallorca S\u00fcdwesten, Immobilien Mallorca S\u00fcdwest, Immobilien Mallorca mieten, Santa ponsa Immobilien kaufen. \u00a0 \u00a0\",\"potentialAction\":[{\"@type\":\"SearchAction\",\"target\":{\"@type\":\"EntryPoint\",\"urlTemplate\":\"https:\\\/\\\/www.sp-mallorca.com\\\/de\\\/?s={search_term_string}\"},\"query-input\":{\"@type\":\"PropertyValueSpecification\",\"valueRequired\":true,\"valueName\":\"search_term_string\"}}],\"inLanguage\":\"en-US\"}]}<\/script>\n<!-- \/ Yoast SEO plugin. -->","yoast_head_json":{"title":"Country house - Steffek und Partner Immobilien SLU-Mallorca Immobilien Verkauf Vermietung S\u00fcdwesten Mallorca kaufen mieten","description":"Finca Mallorca exklusive Immobilien kaufen, verkaufen, mieten, Meerblick, Apartment, Penthaus, Wohnung S\u00fcdwesten, Atic\u00f3, buy, comprar","robots":{"index":"index","follow":"follow","max-snippet":"max-snippet:-1","max-image-preview":"max-image-preview:large","max-video-preview":"max-video-preview:-1"},"canonical":"https:\/\/www.sp-mallorca.com\/finca\/","og_locale":"en_US","og_type":"article","og_title":"Country house - Steffek und Partner Immobilien SLU-Mallorca Immobilien Verkauf Vermietung S\u00fcdwesten Mallorca kaufen mieten","og_description":"{:de}Finca Mallorca exklusive Immobilien kaufen, verkaufen, mieten, Meerblick, Apartment, Penthaus, Wohnung S\u00fcdwesten, Atic\u00f3, buy, comprar{:}","og_url":"https:\/\/www.sp-mallorca.com\/finca\/","og_site_name":"Steffek und Partner Immobilien SLU-Mallorca Immobilien Verkauf Vermietung S\u00fcdwesten Mallorca kaufen mieten","article_modified_time":"2024-11-03T13:59:31+00:00","twitter_card":"summary_large_image","schema":{"@context":"https:\/\/schema.org","@graph":[{"@type":"WebPage","@id":"https:\/\/www.sp-mallorca.com\/finca\/","url":"https:\/\/www.sp-mallorca.com\/finca\/","name":"Country house - Steffek und Partner Immobilien SLU-Mallorca Immobilien Verkauf Vermietung S\u00fcdwesten Mallorca kaufen mieten","isPartOf":{"@id":"https:\/\/www.sp-mallorca.com\/de\/#website"},"datePublished":"2024-11-02T08:47:23+00:00","dateModified":"2024-11-03T13:59:31+00:00","description":"{:de}Finca Mallorca exklusive Immobilien kaufen, verkaufen, mieten, Meerblick, Apartment, Penthaus, Wohnung S\u00fcdwesten, Atic\u00f3, buy, comprar{:}","breadcrumb":{"@id":"https:\/\/www.sp-mallorca.com\/finca\/#breadcrumb"},"inLanguage":"en-US","potentialAction":[{"@type":"ReadAction","target":["https:\/\/www.sp-mallorca.com\/finca\/"]}]},{"@type":"BreadcrumbList","@id":"https:\/\/www.sp-mallorca.com\/finca\/#breadcrumb","itemListElement":[{"@type":"ListItem","position":1,"name":"Startseite","item":"https:\/\/www.sp-mallorca.com\/"},{"@type":"ListItem","position":2,"name":"[:de]Finca[:en]Country house[:es]Finca[:]"}]},{"@type":"WebSite","@id":"https:\/\/www.sp-mallorca.com\/de\/#website","url":"https:\/\/www.sp-mallorca.com\/de\/","name":"Steffek und Partner Immobilien SLU-Mallorca Immobilien Verkauf Vermietung S\u00fcdwesten Mallorca kaufen mieten","description":"Mallorca Immobilien, Inmobiliaria, Real Estate, Verkauf und Vermietung, Makler Immobilienb\u00fcro, Agentur Mallorca S\u00fcdwest El Toro Calvi\u00e1 Spanien Spain, Immobilien Mallorca, g\u00fcnstige Immobilien Mallorca, Langzeitmiete Mallorca S\u00fcdwesten, Immobilien Mallorca S\u00fcdwest, Immobilien Mallorca mieten, Santa ponsa Immobilien kaufen. \u00a0 \u00a0","potentialAction":[{"@type":"SearchAction","target":{"@type":"EntryPoint","urlTemplate":"https:\/\/www.sp-mallorca.com\/de\/?s={search_term_string}"},"query-input":{"@type":"PropertyValueSpecification","valueRequired":true,"valueName":"search_term_string"}}],"inLanguage":"en-US"}]}},"_links":{"self":[{"href":"https:\/\/www.sp-mallorca.com\/en\/wp-json\/wp\/v2\/pages\/58","targetHints":{"allow":["GET"]}}],"collection":[{"href":"https:\/\/www.sp-mallorca.com\/en\/wp-json\/wp\/v2\/pages"}],"about":[{"href":"https:\/\/www.sp-mallorca.com\/en\/wp-json\/wp\/v2\/types\/page"}],"author":[{"embeddable":true,"href":"https:\/\/www.sp-mallorca.com\/en\/wp-json\/wp\/v2\/users\/7"}],"replies":[{"embeddable":true,"href":"https:\/\/www.sp-mallorca.com\/en\/wp-json\/wp\/v2\/comments?post=58"}],"version-history":[{"count":9,"href":"https:\/\/www.sp-mallorca.com\/en\/wp-json\/wp\/v2\/pages\/58\/revisions"}],"predecessor-version":[{"id":758,"href":"https:\/\/www.sp-mallorca.com\/en\/wp-json\/wp\/v2\/pages\/58\/revisions\/758"}],"wp:attachment":[{"href":"https:\/\/www.sp-mallorca.com\/en\/wp-json\/wp\/v2\/media?parent=58"}],"curies":[{"name":"wp","href":"https:\/\/api.w.org\/{rel}","templated":true}]}}