{"id":149,"date":"2024-11-02T08:51:48","date_gmt":"2024-11-02T07:51:48","guid":{"rendered":"https:\/\/wordpress.p390872.webspaceconfig.de\/?page_id=149"},"modified":"2025-11-20T09:07:41","modified_gmt":"2025-11-20T08:07:41","slug":"interessentenformular","status":"publish","type":"page","link":"https:\/\/www.sp-mallorca.com\/en\/interessentenformular\/","title":{"rendered":"Prospective buyer form"},"content":{"rendered":"<p class=\"western\">Are you considering buying or renting a property? Simply tell us your search criteria for your dream property!<\/p>\n<section class=\"contactform\">\r\n\r\n    <div class=\"container\">\r\n\t\t<form method=\"post\" id=\"onoffice-form\" class=\"applicantform\">\r\n\r\n\t\t\t<input type=\"hidden\" name=\"oo_formid\" value=\"Interessentenformular\">\r\n\t\t\t<input type=\"hidden\" name=\"oo_formno\" value=\"1\">\r\n\r\n\t\t\r\n\t\t\t<h2> Your contact details <\/h2>\r\n\t\t\t\t<div>\r\n\t\t\t\t\t<div class=\"col-md-6 formfield\"><label>Salutation<\/label><select data-placeholder=\"Choose Salutation\" id=\"Anrede\" aria-hidden=\"true\" class=\"custom-single-select-tom\" autocomplete=\"off\" size=\"1\" name=\"Anrede\" ><option value=\"\">Choose Salutation<\/option><option value=\"Herr\">Mr.<\/option><option value=\"Frau\">Ms.<\/option><option value=\"Firma\">Company<\/option><option value=\"Familie\">Family<\/option><option value=\"Eheleute\">Mr. &amp; Mrs.<\/option><\/select><\/div><div class=\"col-md-6 formfield\"><label>Title<\/label><input type=\"text\" name=\"Titel\" value=\"\" autocomplete=\"honorific-prefix\"><\/div><div class=\"col-md-6 formfield\"><label>First name*<\/label><input type=\"text\"required aria-required='true' aria-invalid='false' name=\"Vorname\" value=\"\" autocomplete=\"given-name\"><span class='error' aria-hidden='true' aria-atomic='true'><p>Please enter a text.<\/p><\/span><\/div><div class=\"col-md-6 formfield\"><label>Surname*<\/label><input type=\"text\"required aria-required='true' aria-invalid='false' name=\"Name\" value=\"\" autocomplete=\"family-name\"><span class='error' aria-hidden='true' aria-atomic='true'><p>Please enter a text.<\/p><\/span><\/div><div class=\"col-md-6 formfield\"><label>Street<\/label><input type=\"text\" name=\"Strasse\" value=\"\" autocomplete=\"street-address\"><\/div><div class=\"col-md-6 formfield\"><label>Postcode<\/label><input type=\"text\" name=\"Plz\" value=\"\" autocomplete=\"postal-code\"><\/div><div class=\"col-md-6 formfield\"><label>City<\/label><input type=\"text\" name=\"Ort\" value=\"\" autocomplete=\"address-level2\"><\/div><div class=\"col-md-6 formfield\"><label>Phone numbers<\/label><input type=\"text\" name=\"Telefon1\" value=\"\" autocomplete=\"tel\"><\/div><div class=\"col-md-6 formfield\"><label>Email*<\/label><input type=\"email\"required aria-required='true' aria-invalid='false' name=\"Email\" value=\"\" autocomplete=\"email\"><span class='error' aria-hidden='true' aria-atomic='true'><p>Please enter a valid e-mail address.<\/p><\/span><\/div>\t\t\t\t<\/div>\r\n\t\t\r\n\t\r\n\t\t\t<h2> Your search criteria <\/h2>\r\n\t\t\t\t<div>\r\n\t\t\t\t\t<div class=\"col-md-6 formfield\"><label>Type of property<\/label><select data-placeholder=\"Choose Type of property\" id=\"objektart\" aria-hidden=\"true\" class=\"custom-single-select-tom\" autocomplete=\"off\" size=\"1\" name=\"objektart\" ><option value=\"\">Choose Type of property<\/option><option value=\"haus\">House<\/option><option value=\"wohnung\">Apartment<\/option><option value=\"grundstueck\">Plot<\/option><option value=\"gastgewerbe\">Hospitality industry<\/option><option value=\"parken\">Parking<\/option><\/select><\/div><div class=\"col-md-6 formfield\"><label>Kind of property<\/label><select aria-hidden=\"true\" class=\"custom-multiple-select-tom form-control\" autocomplete=\"off\" name=\"objekttyp[]\" multiple=\"multiple\" ><option value=\"gewerbepark\">Industrial park<\/option><option value=\"einfamilienhausMitEinliegerwohnung\">Detached house with accessory apartment<\/option><option value=\"zimmer\">Room<\/option><option value=\"hochparterre\">Raised first floor<\/option><option value=\"eigentumswohnung\">Condo<\/option><option value=\"blockhaus\">Log house<\/option><option value=\"hausbau_reihenhaus\">Terraced house<\/option><option value=\"hausbau_mehrfamilienhaus\">Residential building<\/option><option value=\"hausbau_landhaus\">Country house<\/option><option value=\"holzhaus\">Wooden house<\/option><option value=\"fachwerkhaus\">Half-timbered house<\/option><option value=\"hausbau_einfamilienhaus\">Detached house<\/option><option value=\"doppelhaus\">Semi detached house<\/option><option value=\"hausbau_bungalow\">Bungalow<\/option><option value=\"hausbau_villa\">Villa<\/option><option value=\"ausstellungsflaeche\">Exhibition area<\/option><option value=\"mehrfamilienhaus\">Residential building<\/option><option value=\"industriehalle\">Industrial hall<\/option><option value=\"wohn_und_geschaeftshaus\">Residential and commercial building<\/option><option value=\"industriehalle_und_freiflaeche\">Industrial hall and open area<\/option><option value=\"geschaeftshaus\">Commercial Building<\/option><option value=\"kuehlhaus\">Cold storage<\/option><option value=\"buerogebaeude\">Office building<\/option><option value=\"sb_maerkte\">SB markets<\/option><option value=\"kuehlregallager\">Refrigerated warehouse<\/option><option value=\"einkaufscentren\">Shopping centers<\/option><option value=\"lager_mit_freiflaeche\">Warehouse with open area<\/option><option value=\"lagerflaeche\">Storage area<\/option><option value=\"wohnanlagen\">Housing complex<\/option><option value=\"lagerhalle\">Warehouse<\/option><option value=\"verbrauchermaerkte\">Convenience stores<\/option><option value=\"speditionslager\">Depots<\/option><option value=\"industrieanlagen\">Industrial plants<\/option><option value=\"anwesen\">Estate<\/option><option value=\"barbetrieb\">Bar business<\/option><option value=\"cafe\">Caf\u00e9<\/option><option value=\"loft\">Loft<\/option><option value=\"atelier\">Studio<\/option><option value=\"bueroetage\">Bureau floor<\/option><option value=\"buerozentrum\">Office Complex<\/option><option value=\"buero_und_lager\">Office and Storage buildings<\/option><option value=\"praxisetage\">Doctor&#039;s office floor<\/option><option value=\"praxishaus\">Doctor&#039;s office building<\/option><option value=\"gewerbezentrum\">Business center<\/option><option value=\"factory_outlet\">Factory Outlet<\/option><option value=\"kaufhaus\">Department store<\/option><option value=\"kiosk\">Kiosk<\/option><option value=\"sb_markt\">Self-service market<\/option><option value=\"verkaufssflaeche\">Sales area<\/option><option value=\"verkaufshalle\">Sales hall<\/option><option value=\"gaststaette\">Restaurant<\/option><option value=\"hotelanwesen\">Hotel estate<\/option><option value=\"sportanlage\">Sports complex<\/option><option value=\"vergnuegungsparks_und_center\">Amusement parks and centers<\/option><option value=\"halle\">Hall<\/option><option value=\"lager\">Storage<\/option><option value=\"produktion\">Production<\/option><option value=\"werkstatt\">Workshop<\/option><option value=\"hochregallager\">High bay warehouse<\/option><option value=\"service\">Service<\/option><option value=\"freiflaechen\">Open areas<\/option><option value=\"dachgeschoss\">Attic<\/option><option value=\"maisonette\">Duplex apartment<\/option><option value=\"loft-studio-atelier\">Loft\/Studio<\/option><option value=\"penthouse\">Penthouse<\/option><option value=\"terrassen\">Patio apartment<\/option><option value=\"etage\">Flat<\/option><option value=\"erdgeschoss\">Ground floor<\/option><option value=\"souterrain\">Basement<\/option><option value=\"reihenhaus\">Terraced house<\/option><option value=\"reihenend\">End of Terrace<\/option><option value=\"reihenmittel\">Center of row<\/option><option value=\"reiheneck\">Corner of row<\/option><option value=\"doppelhaushaelfte\">Semi-detached<\/option><option value=\"einfamilienhaus\">Detached house<\/option><option value=\"stadthaus\">Townhouse<\/option><option value=\"villa\">Villa<\/option><option value=\"resthof\">Residual farm<\/option><option value=\"bauernhaus\">Farmhouse<\/option><option value=\"landhaus\">Country house<\/option><option value=\"schloss\">Castle<\/option><option value=\"zweifamilienhaus\">Duplex house<\/option><option value=\"ferienhaus\">Vacation home<\/option><option value=\"berghuette\">Mountain hut<\/option><option value=\"chalet\">Chalet<\/option><option value=\"strandhaus\">Beach house<\/option><option value=\"wohnen\">Residential<\/option><option value=\"gewerbe\">Commercial<\/option><option value=\"industrie\">Industrial<\/option><option value=\"land_forstwirtschaft\">Agriculture\/Forestry<\/option><option value=\"freizeit\">Leisure<\/option><option value=\"gemischt\">Mixed<\/option><option value=\"sondernutzung\">Special use<\/option><option value=\"bueroflaeche\">Office area<\/option><option value=\"buerohaus\">Office building<\/option><option value=\"praxis\">Practice<\/option><option value=\"ladenlokal\">Shop<\/option><option value=\"einzelhandelsladen\">Retail store<\/option><option value=\"verbrauchermarkt\">Consumer Market<\/option><option value=\"einkaufszentrum\">Shopping center<\/option><option value=\"gastronomie\">Gastronomy<\/option><option value=\"gastronomie_und_wohnung\">Gastronomy and housing<\/option><option value=\"pensionen\">Guesthouse<\/option><option value=\"hotels\">Hotels<\/option><option value=\"weitere_beherbergungsbetriebe\">Other accommodation facilities<\/option><option value=\"landwirtschaftliche_betriebe\">Agricultural enterprises<\/option><option value=\"parkhaus\">Multi-storey car park<\/option><option value=\"tankstelle\">Gas station<\/option><option value=\"sonstige\">Other<\/option><option value=\"gewerbeeinheit\">Commercial unit<\/option><option value=\"gewerbeanwesen\">Commercial property<\/option><option value=\"wohnanlage\">Housing complex<\/option><option value=\"finca\">Country House<\/option><option value=\"doppelgarage\">Two-car garage<\/option><option value=\"einzelgarage\">Single garage<\/option><option value=\"besondereImmobilie\">special property<\/option><\/select><\/div><div class=\"col-md-6 formfield\"><label>Type of commercialization<\/label><select data-placeholder=\"Choose Type of commercialization\" id=\"vermarktungsart\" aria-hidden=\"true\" class=\"custom-single-select-tom\" autocomplete=\"off\" size=\"1\" name=\"vermarktungsart\" ><option value=\"\">Choose Type of commercialization<\/option><option value=\"erbpacht\">Hereditary lease<\/option><option value=\"kauf\">Buy<\/option><option value=\"miete\">Rent<\/option><option value=\"pacht\">Lease<\/option><\/select><\/div><div class=\"col-md-6 formfield\"><label>Price<\/label><label>Price (min) <input autocomplete=\"off\" type=\"number\" step=\"1\"   name=\"kaufpreis__von\" value=\"\" placeholder=\"Price (min)\"><\/label><label>Price (max) <input autocomplete=\"off\" type=\"number\" step=\"1\"   name=\"kaufpreis__bis\" value=\"\" placeholder=\"Price (max)\"><\/label><\/div><div class=\"col-md-6 formfield\"><label>Basic rent<\/label><label>Basic rent (min) <input autocomplete=\"off\" type=\"number\" step=\"1\"   name=\"kaltmiete__von\" value=\"\" placeholder=\"Basic rent (min)\"><\/label><label>Basic rent (max) <input autocomplete=\"off\" type=\"number\" step=\"1\"   name=\"kaltmiete__bis\" value=\"\" placeholder=\"Basic rent (max)\"><\/label><\/div><div class=\"col-md-6 formfield\"><label>Flat rent<\/label><label>Flat rent (min) <input autocomplete=\"off\" type=\"number\" step=\"1\"   name=\"miete_pauschal__von\" value=\"\" placeholder=\"Flat rent (min)\"><\/label><label>Flat rent (max) <input autocomplete=\"off\" type=\"number\" step=\"1\"   name=\"miete_pauschal__bis\" value=\"\" placeholder=\"Flat rent (max)\"><\/label><\/div><div class=\"col-md-6 formfield\"><label>Number of rooms<\/label><label>Number of rooms (min) <input autocomplete=\"off\" type=\"number\" step=\"1\"   name=\"anzahl_zimmer__von\" value=\"\" placeholder=\"Number of rooms (min)\"><\/label><label>Number of rooms (max) <input autocomplete=\"off\" type=\"number\" step=\"1\"   name=\"anzahl_zimmer__bis\" value=\"\" placeholder=\"Number of rooms (max)\"><\/label><\/div><div class=\"col-md-6 formfield\"><label>Number of bedrooms<\/label><label>Number of bedrooms (min) <input autocomplete=\"off\" type=\"number\" step=\"1\"   name=\"anzahl_schlafzimmer__von\" value=\"\" placeholder=\"Number of bedrooms (min)\"><\/label><label>Number of bedrooms (max) <input autocomplete=\"off\" type=\"number\" step=\"1\"   name=\"anzahl_schlafzimmer__bis\" value=\"\" placeholder=\"Number of bedrooms (max)\"><\/label><\/div><div class=\"col-md-6 formfield\"><label>Living area<\/label><label>Living space (min) <input autocomplete=\"off\" type=\"number\" step=\"1\"   name=\"wohnflaeche__von\" value=\"\" placeholder=\"Living space (min)\"><\/label><label>Living space (max) <input autocomplete=\"off\" type=\"number\" step=\"1\"   name=\"wohnflaeche__bis\" value=\"\" placeholder=\"Living space (max)\"><\/label><\/div><div class=\"col-md-6 formfield\"><label>Plot size<\/label><label>Plot size (min) <input autocomplete=\"off\" type=\"number\" step=\"1\"   name=\"grundstuecksflaeche__von\" value=\"\" placeholder=\"Plot size (min)\"><\/label><label>Plot size (max) <input autocomplete=\"off\" type=\"number\" step=\"1\"   name=\"grundstuecksflaeche__bis\" value=\"\" placeholder=\"Plot size (max)\"><\/label><\/div>\t\t\t\t<\/div>\r\n\r\n\t\t\t\t<label> Message:<\/label>\r\n\t\t\t\t\r\n\t\t\t\t<textarea name=\"message\" ><\/textarea>\r\n\r\n\t\t\t\t\t\t\t<br>\r\n\t\t\t\t<br>\r\n\t\t\t\t<input id=\"checkBox\" type=\"checkbox\" required  name=\"gdprcheckbox\" value=\"1\" >\r\n\t\t\t\t<span style=\"font-size:12px;font-weight:normal;\">Accept <a href=\"\/datenschutzerklaerung\/\" rel=\"noopener\" target=\"_blank\">Privacy Policy: *<\/a><\/span>\r\n\t\t\t\t\t\t\t\t\r\n\t\t\t<br>\r\n\t\t\t<p>This site is protected by reCAPTCHA and the Google\t\t\t\t<a href=\"https:\/\/policies.google.com\/privacy\" target=\"_blank\">Privacy Policy<\/a> and\t\t\t\t<a href=\"https:\/\/policies.google.com\/terms\" target=\"_blank\">Terms of Service<\/a> <\/p>\r\n\t\t\t<div>\r\n\t\t\t\t    <script>\n        function submitForm1() {\n            const selectorFormById = `form[id^=\"onoffice-form\"] input[name=\"oo_formno\"][value=\"1\"]`;\n            const form = document.querySelector(selectorFormById).closest('#onoffice-form, .oo-form, #leadgeneratorform');\n            const submitButtonElement = form.querySelector('.submit_button');\n            form.submit();\n            submitButtonElement.disabled = true;\n            submitButtonElement.classList.add('onoffice-unclickable-form');\n        }\n    <\/script>\n    <div class=\"g-recaptcha\"\n        data-sitekey=\"6LeAr8UUAAAAAOPBqXNYnFd30ZYRFLIdD_rXTRxl\" \n        data-callback=\"submitForm1\" data-size=\"invisible\">\n    <\/div>\n    <button class=\"submit_button\">Submit<\/button>\n    <script>\n        (function() {\n            const selectorFormById = `form[id^=\"onoffice-form\"] input[name=\"oo_formno\"][value=\"1\"]`;\n            const form = document.querySelector(selectorFormById).closest('#onoffice-form, .oo-form, #leadgeneratorform');\n            const submitButtonElement = form.querySelector('.submit_button');\n            if (typeof onOffice !== 'undefined' && onOffice.captchaControl) {\n                onOffice.captchaControl(form, submitButtonElement);\n            }\n        })();\n    <\/script>\n\t\t\t<\/div>\r\n\t\t<\/form>\r\n\t<\/div>\r\n\r\n<\/section>\t\t\n","protected":false},"excerpt":{"rendered":"Are you considering buying or renting a property? Simply tell us your search criteria for your dream property! Your contact details SalutationChoose SalutationMr.Ms.CompanyFamilyMr. &amp; Mrs.TitleFirst name*Please enter a text.Surname*Please enter a text.StreetPostcodeCityPhone numbersEmail*Please enter a valid e-mail address. Your search &hellip; <a href=\"https:\/\/www.sp-mallorca.com\/en\/interessentenformular\/\">Continue reading <span class=\"meta-nav\">&rarr;<\/span><\/a>","protected":false},"author":7,"featured_media":0,"parent":0,"menu_order":5,"comment_status":"closed","ping_status":"closed","template":"","meta":{"_acf_changed":false,"footnotes":""},"class_list":["post-149","page","type-page","status-publish","hentry"],"acf":[],"yoast_head":"<!-- This site is optimized with the Yoast SEO plugin v27.5 - https:\/\/yoast.com\/product\/yoast-seo-wordpress\/ -->\n<title>Prospective buyer form - Steffek und Partner Immobilien SLU-Mallorca Immobilien Verkauf Vermietung S\u00fcdwesten Mallorca kaufen mieten<\/title>\n<meta name=\"description\" content=\"Interessentenformular\" \/>\n<meta name=\"robots\" content=\"index, follow, max-snippet:-1, max-image-preview:large, max-video-preview:-1\" \/>\n<link rel=\"canonical\" href=\"https:\/\/www.sp-mallorca.com\/interessentenformular\/\" \/>\n<meta property=\"og:locale\" content=\"en_US\" \/>\n<meta property=\"og:type\" content=\"article\" \/>\n<meta property=\"og:title\" content=\"Prospective buyer form - Steffek und Partner Immobilien SLU-Mallorca Immobilien Verkauf Vermietung S\u00fcdwesten Mallorca kaufen mieten\" \/>\n<meta property=\"og:description\" content=\"{:de}Interessentenformular Immobilienangebote Mallorca Immobilien kaufen, verkaufen, mieten, Meerblick, Finca, Apartment, Penthaus, Wohnung{:en}Interessentenformular{:es}Interessentenformular{:}\" \/>\n<meta property=\"og:url\" content=\"https:\/\/www.sp-mallorca.com\/interessentenformular\/\" \/>\n<meta property=\"og:site_name\" content=\"Steffek und Partner Immobilien SLU-Mallorca Immobilien Verkauf Vermietung S\u00fcdwesten Mallorca kaufen mieten\" \/>\n<meta property=\"article:modified_time\" content=\"2025-11-20T08:07:41+00:00\" \/>\n<meta name=\"twitter:card\" content=\"summary_large_image\" \/>\n<meta name=\"twitter:label1\" content=\"Est. reading time\" \/>\n\t<meta name=\"twitter:data1\" content=\"1 minute\" \/>\n<script type=\"application\/ld+json\" class=\"yoast-schema-graph\">{\"@context\":\"https:\\\/\\\/schema.org\",\"@graph\":[{\"@type\":\"WebPage\",\"@id\":\"https:\\\/\\\/www.sp-mallorca.com\\\/interessentenformular\\\/\",\"url\":\"https:\\\/\\\/www.sp-mallorca.com\\\/interessentenformular\\\/\",\"name\":\"Prospective buyer form - Steffek und Partner Immobilien SLU-Mallorca Immobilien Verkauf Vermietung S\u00fcdwesten Mallorca kaufen mieten\",\"isPartOf\":{\"@id\":\"https:\\\/\\\/www.sp-mallorca.com\\\/de\\\/#website\"},\"datePublished\":\"2024-11-02T07:51:48+00:00\",\"dateModified\":\"2025-11-20T08:07:41+00:00\",\"description\":\"{:de}Interessentenformular Immobilienangebote Mallorca Immobilien kaufen, verkaufen, mieten, Meerblick, Finca, Apartment, Penthaus, Wohnung{:en}Interessentenformular{:es}Interessentenformular{:}\",\"breadcrumb\":{\"@id\":\"https:\\\/\\\/www.sp-mallorca.com\\\/interessentenformular\\\/#breadcrumb\"},\"inLanguage\":\"en-US\",\"potentialAction\":[{\"@type\":\"ReadAction\",\"target\":[\"https:\\\/\\\/www.sp-mallorca.com\\\/interessentenformular\\\/\"]}]},{\"@type\":\"BreadcrumbList\",\"@id\":\"https:\\\/\\\/www.sp-mallorca.com\\\/interessentenformular\\\/#breadcrumb\",\"itemListElement\":[{\"@type\":\"ListItem\",\"position\":1,\"name\":\"Startseite\",\"item\":\"https:\\\/\\\/www.sp-mallorca.com\\\/\"},{\"@type\":\"ListItem\",\"position\":2,\"name\":\"Interessentenformular\"}]},{\"@type\":\"WebSite\",\"@id\":\"https:\\\/\\\/www.sp-mallorca.com\\\/de\\\/#website\",\"url\":\"https:\\\/\\\/www.sp-mallorca.com\\\/de\\\/\",\"name\":\"Steffek und Partner Immobilien SLU-Mallorca Immobilien Verkauf Vermietung S\u00fcdwesten Mallorca kaufen mieten\",\"description\":\"Mallorca Immobilien, Inmobiliaria, Real Estate, Verkauf und Vermietung, Makler Immobilienb\u00fcro, Agentur Mallorca S\u00fcdwest El Toro Calvi\u00e1 Spanien Spain, Immobilien Mallorca, g\u00fcnstige Immobilien Mallorca, Langzeitmiete Mallorca S\u00fcdwesten, Immobilien Mallorca S\u00fcdwest, Immobilien Mallorca mieten, Santa ponsa Immobilien kaufen. \u00a0 \u00a0\",\"potentialAction\":[{\"@type\":\"SearchAction\",\"target\":{\"@type\":\"EntryPoint\",\"urlTemplate\":\"https:\\\/\\\/www.sp-mallorca.com\\\/de\\\/?s={search_term_string}\"},\"query-input\":{\"@type\":\"PropertyValueSpecification\",\"valueRequired\":true,\"valueName\":\"search_term_string\"}}],\"inLanguage\":\"en-US\"}]}<\/script>\n<!-- \/ Yoast SEO plugin. -->","yoast_head_json":{"title":"Prospective buyer form - Steffek und Partner Immobilien SLU-Mallorca Immobilien Verkauf Vermietung S\u00fcdwesten Mallorca kaufen mieten","description":"Interessentenformular","robots":{"index":"index","follow":"follow","max-snippet":"max-snippet:-1","max-image-preview":"max-image-preview:large","max-video-preview":"max-video-preview:-1"},"canonical":"https:\/\/www.sp-mallorca.com\/interessentenformular\/","og_locale":"en_US","og_type":"article","og_title":"Prospective buyer form - Steffek und Partner Immobilien SLU-Mallorca Immobilien Verkauf Vermietung S\u00fcdwesten Mallorca kaufen mieten","og_description":"{:de}Interessentenformular Immobilienangebote Mallorca Immobilien kaufen, verkaufen, mieten, Meerblick, Finca, Apartment, Penthaus, Wohnung{:en}Interessentenformular{:es}Interessentenformular{:}","og_url":"https:\/\/www.sp-mallorca.com\/interessentenformular\/","og_site_name":"Steffek und Partner Immobilien SLU-Mallorca Immobilien Verkauf Vermietung S\u00fcdwesten Mallorca kaufen mieten","article_modified_time":"2025-11-20T08:07:41+00:00","twitter_card":"summary_large_image","twitter_misc":{"Est. reading time":"1 minute"},"schema":{"@context":"https:\/\/schema.org","@graph":[{"@type":"WebPage","@id":"https:\/\/www.sp-mallorca.com\/interessentenformular\/","url":"https:\/\/www.sp-mallorca.com\/interessentenformular\/","name":"Prospective buyer form - Steffek und Partner Immobilien SLU-Mallorca Immobilien Verkauf Vermietung S\u00fcdwesten Mallorca kaufen mieten","isPartOf":{"@id":"https:\/\/www.sp-mallorca.com\/de\/#website"},"datePublished":"2024-11-02T07:51:48+00:00","dateModified":"2025-11-20T08:07:41+00:00","description":"{:de}Interessentenformular Immobilienangebote Mallorca Immobilien kaufen, verkaufen, mieten, Meerblick, Finca, Apartment, Penthaus, Wohnung{:en}Interessentenformular{:es}Interessentenformular{:}","breadcrumb":{"@id":"https:\/\/www.sp-mallorca.com\/interessentenformular\/#breadcrumb"},"inLanguage":"en-US","potentialAction":[{"@type":"ReadAction","target":["https:\/\/www.sp-mallorca.com\/interessentenformular\/"]}]},{"@type":"BreadcrumbList","@id":"https:\/\/www.sp-mallorca.com\/interessentenformular\/#breadcrumb","itemListElement":[{"@type":"ListItem","position":1,"name":"Startseite","item":"https:\/\/www.sp-mallorca.com\/"},{"@type":"ListItem","position":2,"name":"Interessentenformular"}]},{"@type":"WebSite","@id":"https:\/\/www.sp-mallorca.com\/de\/#website","url":"https:\/\/www.sp-mallorca.com\/de\/","name":"Steffek und Partner Immobilien SLU-Mallorca Immobilien Verkauf Vermietung S\u00fcdwesten Mallorca kaufen mieten","description":"Mallorca Immobilien, Inmobiliaria, Real Estate, Verkauf und Vermietung, Makler Immobilienb\u00fcro, Agentur Mallorca S\u00fcdwest El Toro Calvi\u00e1 Spanien Spain, Immobilien Mallorca, g\u00fcnstige Immobilien Mallorca, Langzeitmiete Mallorca S\u00fcdwesten, Immobilien Mallorca S\u00fcdwest, Immobilien Mallorca mieten, Santa ponsa Immobilien kaufen. \u00a0 \u00a0","potentialAction":[{"@type":"SearchAction","target":{"@type":"EntryPoint","urlTemplate":"https:\/\/www.sp-mallorca.com\/de\/?s={search_term_string}"},"query-input":{"@type":"PropertyValueSpecification","valueRequired":true,"valueName":"search_term_string"}}],"inLanguage":"en-US"}]}},"_links":{"self":[{"href":"https:\/\/www.sp-mallorca.com\/en\/wp-json\/wp\/v2\/pages\/149","targetHints":{"allow":["GET"]}}],"collection":[{"href":"https:\/\/www.sp-mallorca.com\/en\/wp-json\/wp\/v2\/pages"}],"about":[{"href":"https:\/\/www.sp-mallorca.com\/en\/wp-json\/wp\/v2\/types\/page"}],"author":[{"embeddable":true,"href":"https:\/\/www.sp-mallorca.com\/en\/wp-json\/wp\/v2\/users\/7"}],"replies":[{"embeddable":true,"href":"https:\/\/www.sp-mallorca.com\/en\/wp-json\/wp\/v2\/comments?post=149"}],"version-history":[{"count":16,"href":"https:\/\/www.sp-mallorca.com\/en\/wp-json\/wp\/v2\/pages\/149\/revisions"}],"predecessor-version":[{"id":1094,"href":"https:\/\/www.sp-mallorca.com\/en\/wp-json\/wp\/v2\/pages\/149\/revisions\/1094"}],"wp:attachment":[{"href":"https:\/\/www.sp-mallorca.com\/en\/wp-json\/wp\/v2\/media?parent=149"}],"curies":[{"name":"wp","href":"https:\/\/api.w.org\/{rel}","templated":true}]}}