{"id":147,"date":"2024-11-02T09:48:47","date_gmt":"2024-11-02T08:48:47","guid":{"rendered":"https:\/\/wordpress.p390872.webspaceconfig.de\/?page_id=147"},"modified":"2025-11-20T09:09:16","modified_gmt":"2025-11-20T08:09:16","slug":"eigentuemerformular","status":"publish","type":"page","link":"https:\/\/www.sp-mallorca.com\/en\/eigentuemerformular\/","title":{"rendered":"Landlord form"},"content":{"rendered":"<p><\/p>\n<p class=\"western\">Are you the owner of a property and would like to sell it profitably and with full legal security? We can help you find reliable buyers and ensure a smooth transaction. Get in touch with us \u2014 together, we\u2019ll make sure your property is sold safely and successfully.<\/p>\n<p><section class=\"contactform\">\r\n\r\n    <div class=\"container\">\r\n\t\t<form method=\"post\" id=\"onoffice-form\">\r\n\r\n\t\t\t<input type=\"hidden\" name=\"oo_formid\" value=\"Eigentuemerformular\">\r\n\t\t\t<input type=\"hidden\" name=\"oo_formno\" value=\"2\">\r\n\t\t<div class=\"formfield\"><label>First name*<\/label><input type=\"text\"required aria-required='true' aria-invalid='false' name=\"Vorname\" value=\"\" autocomplete=\"given-name\"><span class='error' aria-hidden='true' aria-atomic='true'><p>Please enter a text.<\/p><\/span><\/div><div class=\"formfield\"><label>Surname*<\/label><input type=\"text\"required aria-required='true' aria-invalid='false' name=\"Name\" value=\"\" autocomplete=\"family-name\"><span class='error' aria-hidden='true' aria-atomic='true'><p>Please enter a text.<\/p><\/span><\/div><div class=\"formfield\"><label>Street<\/label><input type=\"text\" name=\"Strasse\" value=\"\" autocomplete=\"street-address\"><\/div><div class=\"formfield\"><label>Postcode<\/label><input type=\"text\" name=\"Plz\" value=\"\" autocomplete=\"postal-code\"><\/div><div class=\"formfield\"><label>City<\/label><input type=\"text\" name=\"Ort\" value=\"\" autocomplete=\"address-level2\"><\/div><div class=\"formfield\"><label>Phone numbers<\/label><input type=\"text\" name=\"Telefon1\" value=\"\" autocomplete=\"tel\"><\/div><div class=\"formfield\"><label>Email*<\/label><input type=\"email\"required aria-required='true' aria-invalid='false' name=\"Email\" value=\"\" autocomplete=\"email\"><span class='error' aria-hidden='true' aria-atomic='true'><p>Please enter a valid e-mail address.<\/p><\/span><\/div><div class=\"formfield\"><label>Type of commercialization<\/label><select data-placeholder=\"Choose Type of commercialization\" id=\"vermarktungsart\" aria-hidden=\"true\" class=\"custom-single-select-tom\" autocomplete=\"off\" size=\"1\" name=\"vermarktungsart\" ><option value=\"\">Choose Type of commercialization<\/option><option value=\"erbpacht\">Hereditary lease<\/option><option value=\"kauf\">Buy<\/option><option value=\"miete\">Rent<\/option><option value=\"pacht\">Lease<\/option><\/select><\/div><div class=\"formfield\"><label>Message<\/label><input type=\"text\" name=\"message\" value=\"\" autocomplete=\"off\"><\/div>Message:<br>\r\n\t\t\t\t<textarea name=\"message\"><\/textarea><br>\t\r\n\t\t\t\t\t\t\t<br>\r\n\t\t\t\t<input id=\"checkBox\" type=\"checkbox\" required  name=\"gdprcheckbox\" value=\"1\" >\r\n\t\t\t\t<span style=\"font-size:12px;font-weight:normal;\">Accept <a href=\"\/datenschutzerklaerung\/\" rel=\"noopener\" target=\"_blank\">Privacy Policy: *<\/a><\/span>\r\n\t\t\t\r\n\t\t\t<p>\r\n\t\t\t\tThis site is protected by reCAPTCHA and the Google\t\t\t\t<a href=\"https:\/\/policies.google.com\/privacy\" target=\"_blank\">Privacy Policy<\/a>\r\n\t\t\t\tand\t\t\t\t<a href=\"https:\/\/policies.google.com\/terms\" target=\"_blank\">Terms of Service.<\/a>\r\n\t\t\t<\/p>\r\n\t\t\t\t\r\n\t\t    <script>\n        function submitForm2() {\n            const selectorFormById = `form[id^=\"onoffice-form\"] input[name=\"oo_formno\"][value=\"2\"]`;\n            const form = document.querySelector(selectorFormById).closest('#onoffice-form, .oo-form, #leadgeneratorform');\n            const submitButtonElement = form.querySelector('.submit_button');\n            form.submit();\n            submitButtonElement.disabled = true;\n            submitButtonElement.classList.add('onoffice-unclickable-form');\n        }\n    <\/script>\n    <div class=\"g-recaptcha\"\n        data-sitekey=\"6LeAr8UUAAAAAOPBqXNYnFd30ZYRFLIdD_rXTRxl\" \n        data-callback=\"submitForm2\" data-size=\"invisible\">\n    <\/div>\n    <button class=\"submit_button\">Submit<\/button>\n    <script>\n        (function() {\n            const selectorFormById = `form[id^=\"onoffice-form\"] input[name=\"oo_formno\"][value=\"2\"]`;\n            const form = document.querySelector(selectorFormById).closest('#onoffice-form, .oo-form, #leadgeneratorform');\n            const submitButtonElement = form.querySelector('.submit_button');\n            if (typeof onOffice !== 'undefined' && onOffice.captchaControl) {\n                onOffice.captchaControl(form, submitButtonElement);\n            }\n        })();\n    <\/script>\n\t\t<\/form>\r\n\r\n\t<\/div>\r\n\r\n<\/section>\t\t\r\n\t\t<\/p>","protected":false},"excerpt":{"rendered":"Are you the owner of a property and would like to sell it profitably and with full legal security? We can help you find reliable buyers and ensure a smooth transaction. Get in touch with us \u2014 together, we\u2019ll make &hellip; <a href=\"https:\/\/www.sp-mallorca.com\/en\/eigentuemerformular\/\">Continue reading <span class=\"meta-nav\">&rarr;<\/span><\/a>","protected":false},"author":7,"featured_media":0,"parent":0,"menu_order":5,"comment_status":"closed","ping_status":"closed","template":"","meta":{"_acf_changed":false,"footnotes":""},"class_list":["post-147","page","type-page","status-publish","hentry"],"acf":[],"yoast_head":"<!-- This site is optimized with the Yoast SEO plugin v27.3 - https:\/\/yoast.com\/product\/yoast-seo-wordpress\/ -->\n<title>Landlord form - Steffek und Partner Immobilien SLU-Mallorca Immobilien Verkauf Vermietung S\u00fcdwesten Mallorca kaufen mieten<\/title>\n<meta name=\"description\" content=\"Eigent\u00fcmerformular\" \/>\n<meta name=\"robots\" content=\"index, follow, max-snippet:-1, max-image-preview:large, max-video-preview:-1\" \/>\n<link rel=\"canonical\" href=\"https:\/\/www.sp-mallorca.com\/eigentuemerformular\/\" \/>\n<meta property=\"og:locale\" content=\"en_US\" \/>\n<meta property=\"og:type\" content=\"article\" \/>\n<meta property=\"og:title\" content=\"Landlord form - Steffek und Partner Immobilien SLU-Mallorca Immobilien Verkauf Vermietung S\u00fcdwesten Mallorca kaufen mieten\" \/>\n<meta property=\"og:description\" content=\"{:de}Eigent\u00fcmerformular Mallorca exklusive Immobilien kaufen, verkaufen, mieten, Meerblick, Finca, Apartment, Penthaus, Wohnung S\u00fcdwesten, Atic\u00f3, buy, comprar{:en}Eigent\u00fcmerformular{:es}Eigent\u00fcmerformular{:}\" \/>\n<meta property=\"og:url\" content=\"https:\/\/www.sp-mallorca.com\/eigentuemerformular\/\" \/>\n<meta property=\"og:site_name\" content=\"Steffek und Partner Immobilien SLU-Mallorca Immobilien Verkauf Vermietung S\u00fcdwesten Mallorca kaufen mieten\" \/>\n<meta property=\"article:modified_time\" content=\"2025-11-20T08:09:16+00:00\" \/>\n<meta name=\"twitter:card\" content=\"summary_large_image\" \/>\n<meta name=\"twitter:label1\" content=\"Est. reading time\" \/>\n\t<meta name=\"twitter:data1\" content=\"1 minute\" \/>\n<script type=\"application\/ld+json\" class=\"yoast-schema-graph\">{\"@context\":\"https:\\\/\\\/schema.org\",\"@graph\":[{\"@type\":\"WebPage\",\"@id\":\"https:\\\/\\\/www.sp-mallorca.com\\\/eigentuemerformular\\\/\",\"url\":\"https:\\\/\\\/www.sp-mallorca.com\\\/eigentuemerformular\\\/\",\"name\":\"Landlord form - Steffek und Partner Immobilien SLU-Mallorca Immobilien Verkauf Vermietung S\u00fcdwesten Mallorca kaufen mieten\",\"isPartOf\":{\"@id\":\"https:\\\/\\\/www.sp-mallorca.com\\\/de\\\/#website\"},\"datePublished\":\"2024-11-02T08:48:47+00:00\",\"dateModified\":\"2025-11-20T08:09:16+00:00\",\"description\":\"{:de}Eigent\u00fcmerformular Mallorca exklusive Immobilien kaufen, verkaufen, mieten, Meerblick, Finca, Apartment, Penthaus, Wohnung S\u00fcdwesten, Atic\u00f3, buy, comprar{:en}Eigent\u00fcmerformular{:es}Eigent\u00fcmerformular{:}\",\"breadcrumb\":{\"@id\":\"https:\\\/\\\/www.sp-mallorca.com\\\/eigentuemerformular\\\/#breadcrumb\"},\"inLanguage\":\"en-US\",\"potentialAction\":[{\"@type\":\"ReadAction\",\"target\":[\"https:\\\/\\\/www.sp-mallorca.com\\\/eigentuemerformular\\\/\"]}]},{\"@type\":\"BreadcrumbList\",\"@id\":\"https:\\\/\\\/www.sp-mallorca.com\\\/eigentuemerformular\\\/#breadcrumb\",\"itemListElement\":[{\"@type\":\"ListItem\",\"position\":1,\"name\":\"Startseite\",\"item\":\"https:\\\/\\\/www.sp-mallorca.com\\\/\"},{\"@type\":\"ListItem\",\"position\":2,\"name\":\"Eigent\u00fcmerformular\"}]},{\"@type\":\"WebSite\",\"@id\":\"https:\\\/\\\/www.sp-mallorca.com\\\/de\\\/#website\",\"url\":\"https:\\\/\\\/www.sp-mallorca.com\\\/de\\\/\",\"name\":\"Steffek und Partner Immobilien SLU-Mallorca Immobilien Verkauf Vermietung S\u00fcdwesten Mallorca kaufen mieten\",\"description\":\"Mallorca Immobilien, Inmobiliaria, Real Estate, Verkauf und Vermietung, Makler Immobilienb\u00fcro, Agentur Mallorca S\u00fcdwest El Toro Calvi\u00e1 Spanien Spain, Immobilien Mallorca, g\u00fcnstige Immobilien Mallorca, Langzeitmiete Mallorca S\u00fcdwesten, Immobilien Mallorca S\u00fcdwest, Immobilien Mallorca mieten, Santa ponsa Immobilien kaufen. \u00a0 \u00a0\",\"potentialAction\":[{\"@type\":\"SearchAction\",\"target\":{\"@type\":\"EntryPoint\",\"urlTemplate\":\"https:\\\/\\\/www.sp-mallorca.com\\\/de\\\/?s={search_term_string}\"},\"query-input\":{\"@type\":\"PropertyValueSpecification\",\"valueRequired\":true,\"valueName\":\"search_term_string\"}}],\"inLanguage\":\"en-US\"}]}<\/script>\n<!-- \/ Yoast SEO plugin. -->","yoast_head_json":{"title":"Landlord form - Steffek und Partner Immobilien SLU-Mallorca Immobilien Verkauf Vermietung S\u00fcdwesten Mallorca kaufen mieten","description":"Eigent\u00fcmerformular","robots":{"index":"index","follow":"follow","max-snippet":"max-snippet:-1","max-image-preview":"max-image-preview:large","max-video-preview":"max-video-preview:-1"},"canonical":"https:\/\/www.sp-mallorca.com\/eigentuemerformular\/","og_locale":"en_US","og_type":"article","og_title":"Landlord form - Steffek und Partner Immobilien SLU-Mallorca Immobilien Verkauf Vermietung S\u00fcdwesten Mallorca kaufen mieten","og_description":"{:de}Eigent\u00fcmerformular Mallorca exklusive Immobilien kaufen, verkaufen, mieten, Meerblick, Finca, Apartment, Penthaus, Wohnung S\u00fcdwesten, Atic\u00f3, buy, comprar{:en}Eigent\u00fcmerformular{:es}Eigent\u00fcmerformular{:}","og_url":"https:\/\/www.sp-mallorca.com\/eigentuemerformular\/","og_site_name":"Steffek und Partner Immobilien SLU-Mallorca Immobilien Verkauf Vermietung S\u00fcdwesten Mallorca kaufen mieten","article_modified_time":"2025-11-20T08:09:16+00:00","twitter_card":"summary_large_image","twitter_misc":{"Est. reading time":"1 minute"},"schema":{"@context":"https:\/\/schema.org","@graph":[{"@type":"WebPage","@id":"https:\/\/www.sp-mallorca.com\/eigentuemerformular\/","url":"https:\/\/www.sp-mallorca.com\/eigentuemerformular\/","name":"Landlord form - Steffek und Partner Immobilien SLU-Mallorca Immobilien Verkauf Vermietung S\u00fcdwesten Mallorca kaufen mieten","isPartOf":{"@id":"https:\/\/www.sp-mallorca.com\/de\/#website"},"datePublished":"2024-11-02T08:48:47+00:00","dateModified":"2025-11-20T08:09:16+00:00","description":"{:de}Eigent\u00fcmerformular Mallorca exklusive Immobilien kaufen, verkaufen, mieten, Meerblick, Finca, Apartment, Penthaus, Wohnung S\u00fcdwesten, Atic\u00f3, buy, comprar{:en}Eigent\u00fcmerformular{:es}Eigent\u00fcmerformular{:}","breadcrumb":{"@id":"https:\/\/www.sp-mallorca.com\/eigentuemerformular\/#breadcrumb"},"inLanguage":"en-US","potentialAction":[{"@type":"ReadAction","target":["https:\/\/www.sp-mallorca.com\/eigentuemerformular\/"]}]},{"@type":"BreadcrumbList","@id":"https:\/\/www.sp-mallorca.com\/eigentuemerformular\/#breadcrumb","itemListElement":[{"@type":"ListItem","position":1,"name":"Startseite","item":"https:\/\/www.sp-mallorca.com\/"},{"@type":"ListItem","position":2,"name":"Eigent\u00fcmerformular"}]},{"@type":"WebSite","@id":"https:\/\/www.sp-mallorca.com\/de\/#website","url":"https:\/\/www.sp-mallorca.com\/de\/","name":"Steffek und Partner Immobilien SLU-Mallorca Immobilien Verkauf Vermietung S\u00fcdwesten Mallorca kaufen mieten","description":"Mallorca Immobilien, Inmobiliaria, Real Estate, Verkauf und Vermietung, Makler Immobilienb\u00fcro, Agentur Mallorca S\u00fcdwest El Toro Calvi\u00e1 Spanien Spain, Immobilien Mallorca, g\u00fcnstige Immobilien Mallorca, Langzeitmiete Mallorca S\u00fcdwesten, Immobilien Mallorca S\u00fcdwest, Immobilien Mallorca mieten, Santa ponsa Immobilien kaufen. \u00a0 \u00a0","potentialAction":[{"@type":"SearchAction","target":{"@type":"EntryPoint","urlTemplate":"https:\/\/www.sp-mallorca.com\/de\/?s={search_term_string}"},"query-input":{"@type":"PropertyValueSpecification","valueRequired":true,"valueName":"search_term_string"}}],"inLanguage":"en-US"}]}},"_links":{"self":[{"href":"https:\/\/www.sp-mallorca.com\/en\/wp-json\/wp\/v2\/pages\/147","targetHints":{"allow":["GET"]}}],"collection":[{"href":"https:\/\/www.sp-mallorca.com\/en\/wp-json\/wp\/v2\/pages"}],"about":[{"href":"https:\/\/www.sp-mallorca.com\/en\/wp-json\/wp\/v2\/types\/page"}],"author":[{"embeddable":true,"href":"https:\/\/www.sp-mallorca.com\/en\/wp-json\/wp\/v2\/users\/7"}],"replies":[{"embeddable":true,"href":"https:\/\/www.sp-mallorca.com\/en\/wp-json\/wp\/v2\/comments?post=147"}],"version-history":[{"count":15,"href":"https:\/\/www.sp-mallorca.com\/en\/wp-json\/wp\/v2\/pages\/147\/revisions"}],"predecessor-version":[{"id":1096,"href":"https:\/\/www.sp-mallorca.com\/en\/wp-json\/wp\/v2\/pages\/147\/revisions\/1096"}],"wp:attachment":[{"href":"https:\/\/www.sp-mallorca.com\/en\/wp-json\/wp\/v2\/media?parent=147"}],"curies":[{"name":"wp","href":"https:\/\/api.w.org\/{rel}","templated":true}]}}