{"id":143,"date":"2025-12-02T10:00:36","date_gmt":"2025-12-02T09:00:36","guid":{"rendered":"https:\/\/wordpress.p390872.webspaceconfig.de\/?page_id=143"},"modified":"2025-12-07T15:41:32","modified_gmt":"2025-12-07T14:41:32","slug":"startseite","status":"publish","type":"page","link":"https:\/\/www.sp-mallorca.com\/en\/","title":{"rendered":"Home"},"content":{"rendered":"<p>Mallorca exklusive Immobilien kaufen, verkaufen, mieten, Meerblick, Finca, Apartment, Penthaus, Wohnung S\u00fcdwesten, Atic\u00f3, buy, comprar<\/p>\n","protected":false},"excerpt":{"rendered":"Mallorca exklusive Immobilien kaufen, verkaufen, mieten, Meerblick, Finca, Apartment, Penthaus, Wohnung S\u00fcdwesten, Atic\u00f3, buy, comprar","protected":false},"author":7,"featured_media":0,"parent":0,"menu_order":0,"comment_status":"closed","ping_status":"closed","template":"","meta":{"_acf_changed":false,"footnotes":""},"class_list":["post-143","page","type-page","status-publish","hentry"],"acf":[],"yoast_head":"<!-- This site is optimized with the Yoast SEO plugin v27.4 - https:\/\/yoast.com\/product\/yoast-seo-wordpress\/ -->\n<title>Mallorca Immobilien, Inmobiliaria, Real Estate, Verkauf und Vermietung, Makler Immobilienb\u00fcro, Agentur Mallorca S\u00fcdwest El Toro Calvi\u00e1 Spanien Spain<\/title>\n<meta name=\"description\" content=\"Mallorca exklusive Immobilien kaufen, verkaufen, mieten, Meerblick, Finca, Apartment, Penthaus, Wohnung S\u00fcdwesten, Atic\u00f3, buy, comprar\" \/>\n<meta name=\"robots\" content=\"index, follow, max-snippet:-1, max-image-preview:large, max-video-preview:-1\" \/>\n<link rel=\"canonical\" href=\"https:\/\/www.sp-mallorca.com\/\" \/>\n<meta property=\"og:locale\" content=\"en_US\" \/>\n<meta property=\"og:type\" content=\"article\" \/>\n<meta property=\"og:title\" content=\"[:de]Mallorca Immobilien, Inmobiliaria, Real Estate, Verkauf und Vermietung, Makler Immobilienb\u00fcro, Agentur Mallorca S\u00fcdwest El Toro Calvi\u00e1 Spanien Spain[:]\" \/>\n<meta property=\"og:description\" content=\"{:de}Immobilien Mallorca, port Adriano, el Toro, g\u00fcnstige Immobilien, Langzeitmiete S\u00fcdwesten, Immobilien S\u00fcdwest, Immobilien Mallorca mieten, Santa ponsa Immobilie kaufen.{:en}Mallorca exklusive Immobilien kaufen, verkaufen, mieten, Meerblick, Finca, Apartment, Penthaus, Wohnung S\u00fcdwesten, Atic\u00f3, buy, comprar{:es}Mallorca exklusive Immobilien kaufen, verkaufen, mieten, Meerblick, Finca, Apartment, Penthaus, Wohnung S\u00fcdwesten, Atic\u00f3, buy, comprar{:}\" \/>\n<meta property=\"og:url\" content=\"https:\/\/www.sp-mallorca.com\/\" \/>\n<meta property=\"og:site_name\" content=\"Steffek und Partner Immobilien SLU-Mallorca Immobilien Verkauf Vermietung S\u00fcdwesten Mallorca kaufen mieten\" \/>\n<meta property=\"article:modified_time\" content=\"2025-12-07T14:41:32+00:00\" \/>\n<meta name=\"twitter:card\" content=\"summary_large_image\" \/>\n<meta name=\"twitter:label1\" content=\"Est. reading time\" \/>\n\t<meta name=\"twitter:data1\" content=\"1 minute\" \/>\n<script type=\"application\/ld+json\" class=\"yoast-schema-graph\">{\"@context\":\"https:\\\/\\\/schema.org\",\"@graph\":[{\"@type\":\"WebPage\",\"@id\":\"https:\\\/\\\/www.sp-mallorca.com\\\/\",\"url\":\"https:\\\/\\\/www.sp-mallorca.com\\\/\",\"name\":\"[:de]Mallorca Immobilien, Inmobiliaria, Real Estate, Verkauf und Vermietung, Makler Immobilienb\u00fcro, Agentur Mallorca S\u00fcdwest El Toro Calvi\u00e1 Spanien Spain[:]\",\"isPartOf\":{\"@id\":\"https:\\\/\\\/www.sp-mallorca.com\\\/de\\\/#website\"},\"datePublished\":\"2025-12-02T09:00:36+00:00\",\"dateModified\":\"2025-12-07T14:41:32+00:00\",\"description\":\"{:de}Immobilien Mallorca, port Adriano, el Toro, g\u00fcnstige Immobilien, Langzeitmiete S\u00fcdwesten, Immobilien S\u00fcdwest, Immobilien Mallorca mieten, Santa ponsa Immobilie kaufen.{:en}Mallorca exklusive Immobilien kaufen, verkaufen, mieten, Meerblick, Finca, Apartment, Penthaus, Wohnung S\u00fcdwesten, Atic\u00f3, buy, comprar{:es}Mallorca exklusive Immobilien kaufen, verkaufen, mieten, Meerblick, Finca, Apartment, Penthaus, Wohnung S\u00fcdwesten, Atic\u00f3, buy, comprar{:}\",\"breadcrumb\":{\"@id\":\"https:\\\/\\\/www.sp-mallorca.com\\\/#breadcrumb\"},\"inLanguage\":\"en-US\",\"potentialAction\":[{\"@type\":\"ReadAction\",\"target\":[\"https:\\\/\\\/www.sp-mallorca.com\\\/\"]}]},{\"@type\":\"BreadcrumbList\",\"@id\":\"https:\\\/\\\/www.sp-mallorca.com\\\/#breadcrumb\",\"itemListElement\":[{\"@type\":\"ListItem\",\"position\":1,\"name\":\"Startseite\",\"item\":\"https:\\\/\\\/www.sp-mallorca.com\\\/\"},{\"@type\":\"ListItem\",\"position\":2,\"name\":\"[:de]Startseite[:en]Home[:es]Inicio[:]\"}]},{\"@type\":\"WebSite\",\"@id\":\"https:\\\/\\\/www.sp-mallorca.com\\\/de\\\/#website\",\"url\":\"https:\\\/\\\/www.sp-mallorca.com\\\/de\\\/\",\"name\":\"Steffek und Partner Immobilien SLU-Mallorca Immobilien Verkauf Vermietung S\u00fcdwesten Mallorca kaufen mieten\",\"description\":\"Mallorca Immobilien, Inmobiliaria, Real Estate, Verkauf und Vermietung, Makler Immobilienb\u00fcro, Agentur Mallorca S\u00fcdwest El Toro Calvi\u00e1 Spanien Spain, Immobilien Mallorca, g\u00fcnstige Immobilien Mallorca, Langzeitmiete Mallorca S\u00fcdwesten, Immobilien Mallorca S\u00fcdwest, Immobilien Mallorca mieten, Santa ponsa Immobilien kaufen. \u00a0 \u00a0\",\"potentialAction\":[{\"@type\":\"SearchAction\",\"target\":{\"@type\":\"EntryPoint\",\"urlTemplate\":\"https:\\\/\\\/www.sp-mallorca.com\\\/de\\\/?s={search_term_string}\"},\"query-input\":{\"@type\":\"PropertyValueSpecification\",\"valueRequired\":true,\"valueName\":\"search_term_string\"}}],\"inLanguage\":\"en-US\"}]}<\/script>\n<!-- \/ Yoast SEO plugin. -->","yoast_head_json":{"title":"Mallorca Immobilien, Inmobiliaria, Real Estate, Verkauf und Vermietung, Makler Immobilienb\u00fcro, Agentur Mallorca S\u00fcdwest El Toro Calvi\u00e1 Spanien Spain","description":"Mallorca exklusive Immobilien kaufen, verkaufen, mieten, Meerblick, Finca, Apartment, Penthaus, Wohnung S\u00fcdwesten, Atic\u00f3, buy, comprar","robots":{"index":"index","follow":"follow","max-snippet":"max-snippet:-1","max-image-preview":"max-image-preview:large","max-video-preview":"max-video-preview:-1"},"canonical":"https:\/\/www.sp-mallorca.com\/","og_locale":"en_US","og_type":"article","og_title":"[:de]Mallorca Immobilien, Inmobiliaria, Real Estate, Verkauf und Vermietung, Makler Immobilienb\u00fcro, Agentur Mallorca S\u00fcdwest El Toro Calvi\u00e1 Spanien Spain[:]","og_description":"{:de}Immobilien Mallorca, port Adriano, el Toro, g\u00fcnstige Immobilien, Langzeitmiete S\u00fcdwesten, Immobilien S\u00fcdwest, Immobilien Mallorca mieten, Santa ponsa Immobilie kaufen.{:en}Mallorca exklusive Immobilien kaufen, verkaufen, mieten, Meerblick, Finca, Apartment, Penthaus, Wohnung S\u00fcdwesten, Atic\u00f3, buy, comprar{:es}Mallorca exklusive Immobilien kaufen, verkaufen, mieten, Meerblick, Finca, Apartment, Penthaus, Wohnung S\u00fcdwesten, Atic\u00f3, buy, comprar{:}","og_url":"https:\/\/www.sp-mallorca.com\/","og_site_name":"Steffek und Partner Immobilien SLU-Mallorca Immobilien Verkauf Vermietung S\u00fcdwesten Mallorca kaufen mieten","article_modified_time":"2025-12-07T14:41:32+00:00","twitter_card":"summary_large_image","twitter_misc":{"Est. reading time":"1 minute"},"schema":{"@context":"https:\/\/schema.org","@graph":[{"@type":"WebPage","@id":"https:\/\/www.sp-mallorca.com\/","url":"https:\/\/www.sp-mallorca.com\/","name":"[:de]Mallorca Immobilien, Inmobiliaria, Real Estate, Verkauf und Vermietung, Makler Immobilienb\u00fcro, Agentur Mallorca S\u00fcdwest El Toro Calvi\u00e1 Spanien Spain[:]","isPartOf":{"@id":"https:\/\/www.sp-mallorca.com\/de\/#website"},"datePublished":"2025-12-02T09:00:36+00:00","dateModified":"2025-12-07T14:41:32+00:00","description":"{:de}Immobilien Mallorca, port Adriano, el Toro, g\u00fcnstige Immobilien, Langzeitmiete S\u00fcdwesten, Immobilien S\u00fcdwest, Immobilien Mallorca mieten, Santa ponsa Immobilie kaufen.{:en}Mallorca exklusive Immobilien kaufen, verkaufen, mieten, Meerblick, Finca, Apartment, Penthaus, Wohnung S\u00fcdwesten, Atic\u00f3, buy, comprar{:es}Mallorca exklusive Immobilien kaufen, verkaufen, mieten, Meerblick, Finca, Apartment, Penthaus, Wohnung S\u00fcdwesten, Atic\u00f3, buy, comprar{:}","breadcrumb":{"@id":"https:\/\/www.sp-mallorca.com\/#breadcrumb"},"inLanguage":"en-US","potentialAction":[{"@type":"ReadAction","target":["https:\/\/www.sp-mallorca.com\/"]}]},{"@type":"BreadcrumbList","@id":"https:\/\/www.sp-mallorca.com\/#breadcrumb","itemListElement":[{"@type":"ListItem","position":1,"name":"Startseite","item":"https:\/\/www.sp-mallorca.com\/"},{"@type":"ListItem","position":2,"name":"[:de]Startseite[:en]Home[:es]Inicio[:]"}]},{"@type":"WebSite","@id":"https:\/\/www.sp-mallorca.com\/de\/#website","url":"https:\/\/www.sp-mallorca.com\/de\/","name":"Steffek und Partner Immobilien SLU-Mallorca Immobilien Verkauf Vermietung S\u00fcdwesten Mallorca kaufen mieten","description":"Mallorca Immobilien, Inmobiliaria, Real Estate, Verkauf und Vermietung, Makler Immobilienb\u00fcro, Agentur Mallorca S\u00fcdwest El Toro Calvi\u00e1 Spanien Spain, Immobilien Mallorca, g\u00fcnstige Immobilien Mallorca, Langzeitmiete Mallorca S\u00fcdwesten, Immobilien Mallorca S\u00fcdwest, Immobilien Mallorca mieten, Santa ponsa Immobilien kaufen. \u00a0 \u00a0","potentialAction":[{"@type":"SearchAction","target":{"@type":"EntryPoint","urlTemplate":"https:\/\/www.sp-mallorca.com\/de\/?s={search_term_string}"},"query-input":{"@type":"PropertyValueSpecification","valueRequired":true,"valueName":"search_term_string"}}],"inLanguage":"en-US"}]}},"_links":{"self":[{"href":"https:\/\/www.sp-mallorca.com\/en\/wp-json\/wp\/v2\/pages\/143","targetHints":{"allow":["GET"]}}],"collection":[{"href":"https:\/\/www.sp-mallorca.com\/en\/wp-json\/wp\/v2\/pages"}],"about":[{"href":"https:\/\/www.sp-mallorca.com\/en\/wp-json\/wp\/v2\/types\/page"}],"author":[{"embeddable":true,"href":"https:\/\/www.sp-mallorca.com\/en\/wp-json\/wp\/v2\/users\/7"}],"replies":[{"embeddable":true,"href":"https:\/\/www.sp-mallorca.com\/en\/wp-json\/wp\/v2\/comments?post=143"}],"version-history":[{"count":9,"href":"https:\/\/www.sp-mallorca.com\/en\/wp-json\/wp\/v2\/pages\/143\/revisions"}],"predecessor-version":[{"id":889,"href":"https:\/\/www.sp-mallorca.com\/en\/wp-json\/wp\/v2\/pages\/143\/revisions\/889"}],"wp:attachment":[{"href":"https:\/\/www.sp-mallorca.com\/en\/wp-json\/wp\/v2\/media?parent=143"}],"curies":[{"name":"wp","href":"https:\/\/api.w.org\/{rel}","templated":true}]}}