{"id":74,"date":"2024-11-02T08:49:47","date_gmt":"2024-11-02T07:49:47","guid":{"rendered":"https:\/\/wordpress.p390872.webspaceconfig.de\/?page_id=74"},"modified":"2024-11-03T14:59:59","modified_gmt":"2024-11-03T13:59:59","slug":"palma","status":"publish","type":"page","link":"https:\/\/www.sp-mallorca.com\/de\/palma\/","title":{"rendered":"Palma de Mallorca"},"content":{"rendered":"\r\n\r\n\r\n<div class=\"anzahlangebote half\">\r\n\r\n\r\n\r\n\r\n\r\n\r\n 13 Angebote gefunden <\/div>\r\n \r\n<div class=\"sort-controls half\">\r\n\t\t\t\t\t\t\t\t\t\t\t\t\t\t\t\t<div class=\"sorttest\"><\/div>\t\r\n\t\t\t\t\t\t<\/div>\r\n\t\t\r\n\r\n <div class=\"clearfix\"><\/div>\r\n\r\n\r\n<div class=\"list\">\r\n\t<div class=\"full clearfix listsearch\">\r\n\t\r\n\t\t\r\n\t\t<div class=\"obj-listobject-image one-third\">\r\n\t\t\t<div class=\"listimage\" style=\"background-image:url('https:\/\/image.onoffice.de\/smart20\/Objekte\/SteffekundPartner\/7561\/8b37aea1-8d7b-49dd-9d3c-f39a1eeb3338.jpg@450x300')\">\r\n\t\t\t\r\n\t\t\t\t\t\t\r\n\t\t\t<p class=\"ref sold\">Top Objekte<\/p> \r\n\t\t\t\t\r\n\t\t\t\r\n\t\t\t<\/div>\r\n\t\t<\/div>\r\n\t\t\t\t\t<div class=\"obj-listobject-right two-thirds\">\r\n\t\t\t<div class=\"obj-listobject-title bgturquoise\">\r\n\t\t\t\t\t\t<div class=\"clearfix\">\r\n\t\t\t\t<div class=\"three-fourth objtitel\">Elegante Neubauvilla der Luxusklasse in Son Vida Palma de  Mallorca kaufen&hellip;<\/div>\r\n\t\t\t\t<div class=\"one-fourth refnumber\">V-5015 <span style=\"display:none;\"><\/div>\r\n\t\t\t<\/div>\r\n\t\t\t<div class=\"obj-listobject-infos clearfix\">\r\n\t\t\t\t<div class=\"half\">\r\n\t\t\t\t\t<div class=\"clearfix\"><div class=\"two-thirds list\">Anzahl Badezimmer<\/div><div class=\"one-third list\">5<\/div><\/div>\t\t\t\t<\/div>\r\n\t\t\t\t<div class=\"half\">\r\n\t\t\t\t\t\t<div class=\"clearfix\"><div class=\"half list\">Wohnfl\u00e4che<\/div><div class=\"half list clearfix\">608 m\u00b2<\/div><\/div><div class=\"clearfix\"><div class=\"half list\">Nutzfl\u00e4che<\/div><div class=\"half list clearfix\">935 m\u00b2<\/div><\/div><div class=\"clearfix\"><div class=\"half list\">Preis<\/div><div class=\"half list clearfix\">8.400.000 \u20ac<\/div><\/div>\r\n\t\t\t\t\t\t\t<a class=\"round bgpink right\" href=\"https:\/\/www.sp-mallorca.com\/de\/detailansicht\/7561-elegante-neubauvilla-der-luxusklasse-in\/?status=top_objekte\">Details<\/a>\r\n\t\t\t\t\t\t\t<a class=\"round bgpink left\" href=\"https:\/\/www.sp-mallorca.com\/de\/detailansicht\/7561-elegante-neubauvilla-der-luxusklasse-in\/?status=top_objekte#sofortanfrage\">Anfrage<\/a>\r\n\t\t\t\t<\/div>\r\n\t\t\t<\/div>\r\n\t\t<\/div>\t\r\n\t\t<\/div>\r\n\t<\/div>\r\n\t<div class=\"full clearfix listsearch\">\r\n\t\r\n\t\t\r\n\t\t<div class=\"obj-listobject-image one-third\">\r\n\t\t\t<div class=\"listimage\" style=\"background-image:url('https:\/\/image.onoffice.de\/smart20\/Objekte\/SteffekundPartner\/7063\/_42301.jpg@450x300')\">\r\n\t\t\t\r\n\t\t\t\t\r\n\t\t\t\r\n\t\t\t<\/div>\r\n\t\t<\/div>\r\n\t\t\t\t\t<div class=\"obj-listobject-right two-thirds\">\r\n\t\t\t<div class=\"obj-listobject-title bgturquoise\">\r\n\t\t\t\t\t\t<div class=\"clearfix\">\r\n\t\t\t\t<div class=\"three-fourth objtitel\">Neubau  Penthaus kaufen in Santa Catalina Palma in Palma De&hellip;<\/div>\r\n\t\t\t\t<div class=\"one-fourth refnumber\">A-2945-p <span style=\"display:none;\"><\/div>\r\n\t\t\t<\/div>\r\n\t\t\t<div class=\"obj-listobject-infos clearfix\">\r\n\t\t\t\t<div class=\"half\">\r\n\t\t\t\t\t<div class=\"clearfix\"><div class=\"two-thirds list\">Anzahl Badezimmer<\/div><div class=\"one-third list\">2<\/div><\/div>\t\t\t\t<\/div>\r\n\t\t\t\t<div class=\"half\">\r\n\t\t\t\t\t\t<div class=\"clearfix\"><div class=\"half list\">Wohnfl\u00e4che<\/div><div class=\"half list clearfix\">101 m\u00b2<\/div><\/div><div class=\"clearfix\"><div class=\"half list\">Nutzfl\u00e4che<\/div><div class=\"half list clearfix\">200 m\u00b2<\/div><\/div><div class=\"clearfix\"><div class=\"half list\">Preis<\/div><div class=\"half list clearfix\">2.499.000 \u20ac<\/div><\/div>\r\n\t\t\t\t\t\t\t<a class=\"round bgpink right\" href=\"https:\/\/www.sp-mallorca.com\/de\/detailansicht\/7063-neubau-penthaus-kaufen-in-santa\/?status\">Details<\/a>\r\n\t\t\t\t\t\t\t<a class=\"round bgpink left\" href=\"https:\/\/www.sp-mallorca.com\/de\/detailansicht\/7063-neubau-penthaus-kaufen-in-santa\/?status#sofortanfrage\">Anfrage<\/a>\r\n\t\t\t\t<\/div>\r\n\t\t\t<\/div>\r\n\t\t<\/div>\t\r\n\t\t<\/div>\r\n\t<\/div>\r\n\t<div class=\"full clearfix listsearch\">\r\n\t\r\n\t\t\r\n\t\t<div class=\"obj-listobject-image one-third\">\r\n\t\t\t<div class=\"listimage\" style=\"background-image:url('https:\/\/image.onoffice.de\/smart20\/Objekte\/SteffekundPartner\/7057\/7f369058-be7d-475f-a961-8e8672e42668.jpg@450x300')\">\r\n\t\t\t\r\n\t\t\t\t\r\n\t\t\t\r\n\t\t\t<\/div>\r\n\t\t<\/div>\r\n\t\t\t\t\t<div class=\"obj-listobject-right two-thirds\">\r\n\t\t\t<div class=\"obj-listobject-title bgturquoise\">\r\n\t\t\t\t\t\t<div class=\"clearfix\">\r\n\t\t\t\t<div class=\"three-fourth objtitel\">Apartment kaufen Santa Catalina Palma in Palma De Mallorca<\/div>\r\n\t\t\t\t<div class=\"one-fourth refnumber\">A-2945 <span style=\"display:none;\"><\/div>\r\n\t\t\t<\/div>\r\n\t\t\t<div class=\"obj-listobject-infos clearfix\">\r\n\t\t\t\t<div class=\"half\">\r\n\t\t\t\t\t<div class=\"clearfix\"><div class=\"two-thirds list\">Anzahl Badezimmer<\/div><div class=\"one-third list\">1<\/div><\/div>\t\t\t\t<\/div>\r\n\t\t\t\t<div class=\"half\">\r\n\t\t\t\t\t\t<div class=\"clearfix\"><div class=\"half list\">Wohnfl\u00e4che<\/div><div class=\"half list clearfix\">50 m\u00b2<\/div><\/div><div class=\"clearfix\"><div class=\"half list\">Preis<\/div><div class=\"half list clearfix\">499.000 \u20ac<\/div><\/div>\r\n\t\t\t\t\t\t\t<a class=\"round bgpink right\" href=\"https:\/\/www.sp-mallorca.com\/de\/detailansicht\/7057-apartment-kaufen-santa-catalina-palma\/?status\">Details<\/a>\r\n\t\t\t\t\t\t\t<a class=\"round bgpink left\" href=\"https:\/\/www.sp-mallorca.com\/de\/detailansicht\/7057-apartment-kaufen-santa-catalina-palma\/?status#sofortanfrage\">Anfrage<\/a>\r\n\t\t\t\t<\/div>\r\n\t\t\t<\/div>\r\n\t\t<\/div>\t\r\n\t\t<\/div>\r\n\t<\/div>\r\n\t<div class=\"full clearfix listsearch\">\r\n\t\r\n\t\t\r\n\t\t<div class=\"obj-listobject-image one-third\">\r\n\t\t\t<div class=\"listimage\" style=\"background-image:url('https:\/\/image.onoffice.de\/smart20\/Objekte\/SteffekundPartner\/6877\/c1ef643f-f9c2-4b26-83d7-9e70a97f4af6.jpg@450x300')\">\r\n\t\t\t\r\n\t\t\t\t\r\n\t\t\t\r\n\t\t\t<\/div>\r\n\t\t<\/div>\r\n\t\t\t\t\t<div class=\"obj-listobject-right two-thirds\">\r\n\t\t\t<div class=\"obj-listobject-title bgturquoise\">\r\n\t\t\t\t\t\t<div class=\"clearfix\">\r\n\t\t\t\t<div class=\"three-fourth objtitel\">Wohnung\/ Investment im Loft Stil mit direkten Hafenblick kaufen - Can Barbara&hellip;<\/div>\r\n\t\t\t\t<div class=\"one-fourth refnumber\">A-2926 <span style=\"display:none;\"><\/div>\r\n\t\t\t<\/div>\r\n\t\t\t<div class=\"obj-listobject-infos clearfix\">\r\n\t\t\t\t<div class=\"half\">\r\n\t\t\t\t\t<div class=\"clearfix\"><div class=\"two-thirds list\">Anzahl Badezimmer<\/div><div class=\"one-third list\">1<\/div><\/div>\t\t\t\t<\/div>\r\n\t\t\t\t<div class=\"half\">\r\n\t\t\t\t\t\t<div class=\"clearfix\"><div class=\"half list\">Nutzfl\u00e4che<\/div><div class=\"half list clearfix\">120 m\u00b2<\/div><\/div><div class=\"clearfix\"><div class=\"half list\">Preis<\/div><div class=\"half list clearfix\">360.000 \u20ac<\/div><\/div>\r\n\t\t\t\t\t\t\t<a class=\"round bgpink right\" href=\"https:\/\/www.sp-mallorca.com\/de\/detailansicht\/6877-wohnung-investment-im-loft-stil\/?status\">Details<\/a>\r\n\t\t\t\t\t\t\t<a class=\"round bgpink left\" href=\"https:\/\/www.sp-mallorca.com\/de\/detailansicht\/6877-wohnung-investment-im-loft-stil\/?status#sofortanfrage\">Anfrage<\/a>\r\n\t\t\t\t<\/div>\r\n\t\t\t<\/div>\r\n\t\t<\/div>\t\r\n\t\t<\/div>\r\n\t<\/div>\r\n\t<div class=\"full clearfix listsearch\">\r\n\t\r\n\t\t\r\n\t\t<div class=\"obj-listobject-image one-third\">\r\n\t\t\t<div class=\"listimage\" style=\"background-image:url('https:\/\/image.onoffice.de\/smart20\/Objekte\/SteffekundPartner\/6623\/e9bfa19f-1eff-42fb-a5a9-1bb4b748749e.jpg@450x300')\">\r\n\t\t\t\r\n\t\t\t\t\r\n\t\t\t\r\n\t\t\t<\/div>\r\n\t\t<\/div>\r\n\t\t\t\t\t<div class=\"obj-listobject-right two-thirds\">\r\n\t\t\t<div class=\"obj-listobject-title bgturquoise\">\r\n\t\t\t\t\t\t<div class=\"clearfix\">\r\n\t\t\t\t<div class=\"three-fourth objtitel\">Meerblick Penthaus Bonanova - Palma in Palma<\/div>\r\n\t\t\t\t<div class=\"one-fourth refnumber\">A-2883-pc <span style=\"display:none;\"><\/div>\r\n\t\t\t<\/div>\r\n\t\t\t<div class=\"obj-listobject-infos clearfix\">\r\n\t\t\t\t<div class=\"half\">\r\n\t\t\t\t\t<div class=\"clearfix\"><div class=\"two-thirds list\">Anzahl Badezimmer<\/div><div class=\"one-third list\">3<\/div><\/div>\t\t\t\t<\/div>\r\n\t\t\t\t<div class=\"half\">\r\n\t\t\t\t\t\t<div class=\"clearfix\"><div class=\"half list\">Wohnfl\u00e4che<\/div><div class=\"half list clearfix\">192 m\u00b2<\/div><\/div><div class=\"clearfix\"><div class=\"half list\">Nutzfl\u00e4che<\/div><div class=\"half list clearfix\">240 m\u00b2<\/div><\/div><div class=\"clearfix\"><div class=\"half list\">Preis<\/div><div class=\"half list clearfix\">1.395.000 \u20ac<\/div><\/div>\r\n\t\t\t\t\t\t\t<a class=\"round bgpink right\" href=\"https:\/\/www.sp-mallorca.com\/de\/detailansicht\/6623-meerblick-penthaus-bonanova-palma\/?status\">Details<\/a>\r\n\t\t\t\t\t\t\t<a class=\"round bgpink left\" href=\"https:\/\/www.sp-mallorca.com\/de\/detailansicht\/6623-meerblick-penthaus-bonanova-palma\/?status#sofortanfrage\">Anfrage<\/a>\r\n\t\t\t\t<\/div>\r\n\t\t\t<\/div>\r\n\t\t<\/div>\t\r\n\t\t<\/div>\r\n\t<\/div>\r\n\t<div class=\"full clearfix listsearch\">\r\n\t\r\n\t\t\r\n\t\t<div class=\"obj-listobject-image one-third\">\r\n\t\t\t<div class=\"listimage\" style=\"background-image:url('https:\/\/image.onoffice.de\/smart20\/Objekte\/SteffekundPartner\/6473\/0a7a4003-ee37-4784-99c9-ed8637a15e7b.jpg@450x300')\">\r\n\t\t\t\r\n\t\t\t\t\r\n\t\t\t\r\n\t\t\t<\/div>\r\n\t\t<\/div>\r\n\t\t\t\t\t<div class=\"obj-listobject-right two-thirds\">\r\n\t\t\t<div class=\"obj-listobject-title bgturquoise\">\r\n\t\t\t\t\t\t<div class=\"clearfix\">\r\n\t\t\t\t<div class=\"three-fourth objtitel\">Meerblick Wohnung Palma Can Barbara-VERKAUFT in Palma De Mallorca<\/div>\r\n\t\t\t\t<div class=\"one-fourth refnumber\">A-2864 <span style=\"display:none;\"><\/div>\r\n\t\t\t<\/div>\r\n\t\t\t<div class=\"obj-listobject-infos clearfix\">\r\n\t\t\t\t<div class=\"half\">\r\n\t\t\t\t\t<div class=\"clearfix\"><div class=\"two-thirds list\">Anzahl Badezimmer<\/div><div class=\"one-third list\">4<\/div><\/div>\t\t\t\t<\/div>\r\n\t\t\t\t<div class=\"half\">\r\n\t\t\t\t\t\t<div class=\"clearfix\"><div class=\"half list\">Nutzfl\u00e4che<\/div><div class=\"half list clearfix\">346 m\u00b2<\/div><\/div>\r\n\t\t\t\t\t\t\t<a class=\"round bgpink right\" href=\"https:\/\/www.sp-mallorca.com\/de\/detailansicht\/6473-meerblick-wohnung-palma-can-barbara\/?status\">Details<\/a>\r\n\t\t\t\t\t\t\t<a class=\"round bgpink left\" href=\"https:\/\/www.sp-mallorca.com\/de\/detailansicht\/6473-meerblick-wohnung-palma-can-barbara\/?status#sofortanfrage\">Anfrage<\/a>\r\n\t\t\t\t<\/div>\r\n\t\t\t<\/div>\r\n\t\t<\/div>\t\r\n\t\t<\/div>\r\n\t<\/div>\r\n\t<div class=\"full clearfix listsearch\">\r\n\t\r\n\t\t\r\n\t\t<div class=\"obj-listobject-image one-third\">\r\n\t\t\t<div class=\"listimage\" style=\"background-image:url('https:\/\/image.onoffice.de\/smart20\/Objekte\/SteffekundPartner\/6178\/9d228c51-71d0-4a20-ac94-0e41967dbd38.jpg@450x300')\">\r\n\t\t\t\r\n\t\t\t\t\r\n\t\t\t\r\n\t\t\t<\/div>\r\n\t\t<\/div>\r\n\t\t\t\t\t<div class=\"obj-listobject-right two-thirds\">\r\n\t\t\t<div class=\"obj-listobject-title bgturquoise\">\r\n\t\t\t\t\t\t<div class=\"clearfix\">\r\n\t\t\t\t<div class=\"three-fourth objtitel\">Penthaus zur Renovierung in Son Caliu - Palmanova in Calvi\u00e0 \/&hellip;<\/div>\r\n\t\t\t\t<div class=\"one-fourth refnumber\">A-2816 <span style=\"display:none;\"><\/div>\r\n\t\t\t<\/div>\r\n\t\t\t<div class=\"obj-listobject-infos clearfix\">\r\n\t\t\t\t<div class=\"half\">\r\n\t\t\t\t\t<div class=\"clearfix\"><div class=\"two-thirds list\">Anzahl Badezimmer<\/div><div class=\"one-third list\">2<\/div><\/div>\t\t\t\t<\/div>\r\n\t\t\t\t<div class=\"half\">\r\n\t\t\t\t\t\t<div class=\"clearfix\"><div class=\"half list\">Wohnfl\u00e4che<\/div><div class=\"half list clearfix\">103 m\u00b2<\/div><\/div><div class=\"clearfix\"><div class=\"half list\">Nutzfl\u00e4che<\/div><div class=\"half list clearfix\">170 m\u00b2<\/div><\/div><div class=\"clearfix\"><div class=\"half list\">Preis<\/div><div class=\"half list clearfix\">530.000 \u20ac<\/div><\/div>\r\n\t\t\t\t\t\t\t<a class=\"round bgpink right\" href=\"https:\/\/www.sp-mallorca.com\/de\/detailansicht\/6178-penthaus-zur-renovierung-in-son\/?status\">Details<\/a>\r\n\t\t\t\t\t\t\t<a class=\"round bgpink left\" href=\"https:\/\/www.sp-mallorca.com\/de\/detailansicht\/6178-penthaus-zur-renovierung-in-son\/?status#sofortanfrage\">Anfrage<\/a>\r\n\t\t\t\t<\/div>\r\n\t\t\t<\/div>\r\n\t\t<\/div>\t\r\n\t\t<\/div>\r\n\t<\/div>\r\n\t<div class=\"full clearfix listsearch\">\r\n\t\r\n\t\t\r\n\t\t<div class=\"obj-listobject-image one-third\">\r\n\t\t\t<div class=\"listimage\" style=\"background-image:url('https:\/\/image.onoffice.de\/smart20\/Objekte\/SteffekundPartner\/5929\/9dcd19c9-00a0-4468-a526-0e5e4bdae007.jpg@450x300')\">\r\n\t\t\t\r\n\t\t\t\t\r\n\t\t\t\r\n\t\t\t<\/div>\r\n\t\t<\/div>\r\n\t\t\t\t\t<div class=\"obj-listobject-right two-thirds\">\r\n\t\t\t<div class=\"obj-listobject-title bgturquoise\">\r\n\t\t\t\t\t\t<div class=\"clearfix\">\r\n\t\t\t\t<div class=\"three-fourth objtitel\">Neu sanierte Penthaus Wohnungen in der Altstadt von Palma in Palma de&hellip;<\/div>\r\n\t\t\t\t<div class=\"one-fourth refnumber\">A-2776 <span style=\"display:none;\"><\/div>\r\n\t\t\t<\/div>\r\n\t\t\t<div class=\"obj-listobject-infos clearfix\">\r\n\t\t\t\t<div class=\"half\">\r\n\t\t\t\t\t<div class=\"clearfix\"><div class=\"two-thirds list\">Anzahl Badezimmer<\/div><div class=\"one-third list\">2<\/div><\/div>\t\t\t\t<\/div>\r\n\t\t\t\t<div class=\"half\">\r\n\t\t\t\t\t\t<div class=\"clearfix\"><div class=\"half list\">Wohnfl\u00e4che<\/div><div class=\"half list clearfix\">185 m\u00b2<\/div><\/div><div class=\"clearfix\"><div class=\"half list\">Nutzfl\u00e4che<\/div><div class=\"half list clearfix\">225 m\u00b2<\/div><\/div><div class=\"clearfix\"><div class=\"half list\">Preis<\/div><div class=\"half list clearfix\">1.750.000 \u20ac<\/div><\/div>\r\n\t\t\t\t\t\t\t<a class=\"round bgpink right\" href=\"https:\/\/www.sp-mallorca.com\/de\/detailansicht\/5929-neu-sanierte-penthaus-wohnungen-in\/?status\">Details<\/a>\r\n\t\t\t\t\t\t\t<a class=\"round bgpink left\" href=\"https:\/\/www.sp-mallorca.com\/de\/detailansicht\/5929-neu-sanierte-penthaus-wohnungen-in\/?status#sofortanfrage\">Anfrage<\/a>\r\n\t\t\t\t<\/div>\r\n\t\t\t<\/div>\r\n\t\t<\/div>\t\r\n\t\t<\/div>\r\n\t<\/div>\r\n\t<div class=\"full clearfix listsearch\">\r\n\t\r\n\t\t\r\n\t\t<div class=\"obj-listobject-image one-third\">\r\n\t\t\t<div class=\"listimage\" style=\"background-image:url('https:\/\/image.onoffice.de\/smart20\/Objekte\/SteffekundPartner\/5483\/db27d15f-34ef-4f3e-88c3-1d9af4e49274.jpg@450x300')\">\r\n\t\t\t\r\n\t\t\t\t\r\n\t\t\t\r\n\t\t\t<\/div>\r\n\t\t<\/div>\r\n\t\t\t\t\t<div class=\"obj-listobject-right two-thirds\">\r\n\t\t\t<div class=\"obj-listobject-title bgturquoise\">\r\n\t\t\t\t\t\t<div class=\"clearfix\">\r\n\t\t\t\t<div class=\"three-fourth objtitel\">Meerblick Strandpenthaus mit Hotelservice in Palmanova<\/div>\r\n\t\t\t\t<div class=\"one-fourth refnumber\">A-2711 <span style=\"display:none;\"><\/div>\r\n\t\t\t<\/div>\r\n\t\t\t<div class=\"obj-listobject-infos clearfix\">\r\n\t\t\t\t<div class=\"half\">\r\n\t\t\t\t\t<div class=\"clearfix\"><div class=\"two-thirds list\">Anzahl Badezimmer<\/div><div class=\"one-third list\">1<\/div><\/div>\t\t\t\t<\/div>\r\n\t\t\t\t<div class=\"half\">\r\n\t\t\t\t\t\t<div class=\"clearfix\"><div class=\"half list\">Wohnfl\u00e4che<\/div><div class=\"half list clearfix\">68 m\u00b2<\/div><\/div><div class=\"clearfix\"><div class=\"half list\">Nutzfl\u00e4che<\/div><div class=\"half list clearfix\">80 m\u00b2<\/div><\/div><div class=\"clearfix\"><div class=\"half list\">Preis<\/div><div class=\"half list clearfix\">520.000 \u20ac<\/div><\/div>\r\n\t\t\t\t\t\t\t<a class=\"round bgpink right\" href=\"https:\/\/www.sp-mallorca.com\/de\/detailansicht\/5483-meerblick-strandpenthaus-mit-hotelservice\/?status\">Details<\/a>\r\n\t\t\t\t\t\t\t<a class=\"round bgpink left\" href=\"https:\/\/www.sp-mallorca.com\/de\/detailansicht\/5483-meerblick-strandpenthaus-mit-hotelservice\/?status#sofortanfrage\">Anfrage<\/a>\r\n\t\t\t\t<\/div>\r\n\t\t\t<\/div>\r\n\t\t<\/div>\t\r\n\t\t<\/div>\r\n\t<\/div>\r\n\t<div class=\"full clearfix listsearch\">\r\n\t\r\n\t\t\r\n\t\t<div class=\"obj-listobject-image one-third\">\r\n\t\t\t<div class=\"listimage\" style=\"background-image:url('https:\/\/image.onoffice.de\/smart20\/Objekte\/SteffekundPartner\/4239\/Titelbild_25067.jpg@450x300')\">\r\n\t\t\t\r\n\t\t\t\t\t\t\r\n\t\t\t<p class=\"ref sold\">Neu<\/p> \r\n\t\t\t\t\r\n\t\t\t\r\n\t\t\t<\/div>\r\n\t\t<\/div>\r\n\t\t\t\t\t<div class=\"obj-listobject-right two-thirds\">\r\n\t\t\t<div class=\"obj-listobject-title bgturquoise\">\r\n\t\t\t\t\t\t<div class=\"clearfix\">\r\n\t\t\t\t<div class=\"three-fourth objtitel\">Son Vida Villa mit Meerblick in Son Vida - Palma<\/div>\r\n\t\t\t\t<div class=\"one-fourth refnumber\">V-2511 <span style=\"display:none;\"><\/div>\r\n\t\t\t<\/div>\r\n\t\t\t<div class=\"obj-listobject-infos clearfix\">\r\n\t\t\t\t<div class=\"half\">\r\n\t\t\t\t\t<div class=\"clearfix\"><div class=\"two-thirds list\">Anzahl Badezimmer<\/div><div class=\"one-third list\">5<\/div><\/div>\t\t\t\t<\/div>\r\n\t\t\t\t<div class=\"half\">\r\n\t\t\t\t\t\t<div class=\"clearfix\"><div class=\"half list\">Wohnfl\u00e4che<\/div><div class=\"half list clearfix\">510 m\u00b2<\/div><\/div><div class=\"clearfix\"><div class=\"half list\">Nutzfl\u00e4che<\/div><div class=\"half list clearfix\">621 m\u00b2<\/div><\/div><div class=\"clearfix\"><div class=\"half list\">Preis<\/div><div class=\"half list clearfix\">2.850.000 \u20ac<\/div><\/div><div class=\"clearfix\"><div class=\"half list\">Kaltmiete<\/div><div class=\"half list clearfix\">7.700 \u20ac<\/div><\/div>\r\n\t\t\t\t\t\t\t<a class=\"round bgpink right\" href=\"https:\/\/www.sp-mallorca.com\/de\/detailansicht\/4239-son-vida-villa-mit-meerblick\/?status=neu\">Details<\/a>\r\n\t\t\t\t\t\t\t<a class=\"round bgpink left\" href=\"https:\/\/www.sp-mallorca.com\/de\/detailansicht\/4239-son-vida-villa-mit-meerblick\/?status=neu#sofortanfrage\">Anfrage<\/a>\r\n\t\t\t\t<\/div>\r\n\t\t\t<\/div>\r\n\t\t<\/div>\t\r\n\t\t<\/div>\r\n\t<\/div>\r\n<\/div>\r\n\n","protected":false},"excerpt":{"rendered":"","protected":false},"author":7,"featured_media":0,"parent":0,"menu_order":3,"comment_status":"closed","ping_status":"closed","template":"","meta":{"_acf_changed":false,"footnotes":""},"class_list":["post-74","page","type-page","status-publish","hentry"],"acf":[],"yoast_head":"<!-- This site is optimized with the Yoast SEO plugin v27.4 - https:\/\/yoast.com\/product\/yoast-seo-wordpress\/ -->\n<title>Palma de Mallorca - Steffek und Partner Immobilien SLU-Mallorca Immobilien Verkauf Vermietung S\u00fcdwesten Mallorca kaufen mieten<\/title>\n<meta name=\"description\" content=\"Mallorca exklusive Immobilien kaufen, verkaufen, mieten, Meerblick, Finca, Apartment, Penthaus, Wohnung S\u00fcdwesten, Atic\u00f3, buy, comprar\" \/>\n<meta name=\"robots\" content=\"index, follow, max-snippet:-1, max-image-preview:large, max-video-preview:-1\" \/>\n<link rel=\"canonical\" href=\"https:\/\/www.sp-mallorca.com\/palma\/\" \/>\n<meta property=\"og:locale\" content=\"de_DE\" \/>\n<meta property=\"og:type\" content=\"article\" \/>\n<meta property=\"og:title\" content=\"Palma de Mallorca - Steffek und Partner Immobilien SLU-Mallorca Immobilien Verkauf Vermietung S\u00fcdwesten Mallorca kaufen mieten\" \/>\n<meta property=\"og:description\" content=\"{:de}Mallorca exklusive Immobilien kaufen, verkaufen, mieten, Meerblick, Finca, Apartment, Penthaus, Wohnung S\u00fcdwesten, Atic\u00f3, buy, comprar{:}\" \/>\n<meta property=\"og:url\" content=\"https:\/\/www.sp-mallorca.com\/palma\/\" \/>\n<meta property=\"og:site_name\" content=\"Steffek und Partner Immobilien SLU-Mallorca Immobilien Verkauf Vermietung S\u00fcdwesten Mallorca kaufen mieten\" \/>\n<meta property=\"article:modified_time\" content=\"2024-11-03T13:59:59+00:00\" \/>\n<meta name=\"twitter:card\" content=\"summary_large_image\" \/>\n<script type=\"application\/ld+json\" class=\"yoast-schema-graph\">{\"@context\":\"https:\\\/\\\/schema.org\",\"@graph\":[{\"@type\":\"WebPage\",\"@id\":\"https:\\\/\\\/www.sp-mallorca.com\\\/palma\\\/\",\"url\":\"https:\\\/\\\/www.sp-mallorca.com\\\/palma\\\/\",\"name\":\"Palma de Mallorca - Steffek und Partner Immobilien SLU-Mallorca Immobilien Verkauf Vermietung S\u00fcdwesten Mallorca kaufen mieten\",\"isPartOf\":{\"@id\":\"https:\\\/\\\/www.sp-mallorca.com\\\/de\\\/#website\"},\"datePublished\":\"2024-11-02T07:49:47+00:00\",\"dateModified\":\"2024-11-03T13:59:59+00:00\",\"description\":\"{:de}Mallorca exklusive Immobilien kaufen, verkaufen, mieten, Meerblick, Finca, Apartment, Penthaus, Wohnung S\u00fcdwesten, Atic\u00f3, buy, comprar{:}\",\"breadcrumb\":{\"@id\":\"https:\\\/\\\/www.sp-mallorca.com\\\/palma\\\/#breadcrumb\"},\"inLanguage\":\"de\",\"potentialAction\":[{\"@type\":\"ReadAction\",\"target\":[\"https:\\\/\\\/www.sp-mallorca.com\\\/palma\\\/\"]}]},{\"@type\":\"BreadcrumbList\",\"@id\":\"https:\\\/\\\/www.sp-mallorca.com\\\/palma\\\/#breadcrumb\",\"itemListElement\":[{\"@type\":\"ListItem\",\"position\":1,\"name\":\"Startseite\",\"item\":\"https:\\\/\\\/www.sp-mallorca.com\\\/\"},{\"@type\":\"ListItem\",\"position\":2,\"name\":\"[:de]Palma de Mallorca[:en]Palma de Majorca[:es]Palma de Mallorca[:]\"}]},{\"@type\":\"WebSite\",\"@id\":\"https:\\\/\\\/www.sp-mallorca.com\\\/de\\\/#website\",\"url\":\"https:\\\/\\\/www.sp-mallorca.com\\\/de\\\/\",\"name\":\"Steffek und Partner Immobilien SLU-Mallorca Immobilien Verkauf Vermietung S\u00fcdwesten Mallorca kaufen mieten\",\"description\":\"Mallorca Immobilien, Inmobiliaria, Real Estate, Verkauf und Vermietung, Makler Immobilienb\u00fcro, Agentur Mallorca S\u00fcdwest El Toro Calvi\u00e1 Spanien Spain, Immobilien Mallorca, g\u00fcnstige Immobilien Mallorca, Langzeitmiete Mallorca S\u00fcdwesten, Immobilien Mallorca S\u00fcdwest, Immobilien Mallorca mieten, Santa ponsa Immobilien kaufen. \u00a0 \u00a0\",\"potentialAction\":[{\"@type\":\"SearchAction\",\"target\":{\"@type\":\"EntryPoint\",\"urlTemplate\":\"https:\\\/\\\/www.sp-mallorca.com\\\/de\\\/?s={search_term_string}\"},\"query-input\":{\"@type\":\"PropertyValueSpecification\",\"valueRequired\":true,\"valueName\":\"search_term_string\"}}],\"inLanguage\":\"de\"}]}<\/script>\n<!-- \/ Yoast SEO plugin. -->","yoast_head_json":{"title":"Palma de Mallorca - Steffek und Partner Immobilien SLU-Mallorca Immobilien Verkauf Vermietung S\u00fcdwesten Mallorca kaufen mieten","description":"Mallorca exklusive Immobilien kaufen, verkaufen, mieten, Meerblick, Finca, Apartment, Penthaus, Wohnung S\u00fcdwesten, Atic\u00f3, buy, comprar","robots":{"index":"index","follow":"follow","max-snippet":"max-snippet:-1","max-image-preview":"max-image-preview:large","max-video-preview":"max-video-preview:-1"},"canonical":"https:\/\/www.sp-mallorca.com\/palma\/","og_locale":"de_DE","og_type":"article","og_title":"Palma de Mallorca - Steffek und Partner Immobilien SLU-Mallorca Immobilien Verkauf Vermietung S\u00fcdwesten Mallorca kaufen mieten","og_description":"{:de}Mallorca exklusive Immobilien kaufen, verkaufen, mieten, Meerblick, Finca, Apartment, Penthaus, Wohnung S\u00fcdwesten, Atic\u00f3, buy, comprar{:}","og_url":"https:\/\/www.sp-mallorca.com\/palma\/","og_site_name":"Steffek und Partner Immobilien SLU-Mallorca Immobilien Verkauf Vermietung S\u00fcdwesten Mallorca kaufen mieten","article_modified_time":"2024-11-03T13:59:59+00:00","twitter_card":"summary_large_image","schema":{"@context":"https:\/\/schema.org","@graph":[{"@type":"WebPage","@id":"https:\/\/www.sp-mallorca.com\/palma\/","url":"https:\/\/www.sp-mallorca.com\/palma\/","name":"Palma de Mallorca - Steffek und Partner Immobilien SLU-Mallorca Immobilien Verkauf Vermietung S\u00fcdwesten Mallorca kaufen mieten","isPartOf":{"@id":"https:\/\/www.sp-mallorca.com\/de\/#website"},"datePublished":"2024-11-02T07:49:47+00:00","dateModified":"2024-11-03T13:59:59+00:00","description":"{:de}Mallorca exklusive Immobilien kaufen, verkaufen, mieten, Meerblick, Finca, Apartment, Penthaus, Wohnung S\u00fcdwesten, Atic\u00f3, buy, comprar{:}","breadcrumb":{"@id":"https:\/\/www.sp-mallorca.com\/palma\/#breadcrumb"},"inLanguage":"de","potentialAction":[{"@type":"ReadAction","target":["https:\/\/www.sp-mallorca.com\/palma\/"]}]},{"@type":"BreadcrumbList","@id":"https:\/\/www.sp-mallorca.com\/palma\/#breadcrumb","itemListElement":[{"@type":"ListItem","position":1,"name":"Startseite","item":"https:\/\/www.sp-mallorca.com\/"},{"@type":"ListItem","position":2,"name":"[:de]Palma de Mallorca[:en]Palma de Majorca[:es]Palma de Mallorca[:]"}]},{"@type":"WebSite","@id":"https:\/\/www.sp-mallorca.com\/de\/#website","url":"https:\/\/www.sp-mallorca.com\/de\/","name":"Steffek und Partner Immobilien SLU-Mallorca Immobilien Verkauf Vermietung S\u00fcdwesten Mallorca kaufen mieten","description":"Mallorca Immobilien, Inmobiliaria, Real Estate, Verkauf und Vermietung, Makler Immobilienb\u00fcro, Agentur Mallorca S\u00fcdwest El Toro Calvi\u00e1 Spanien Spain, Immobilien Mallorca, g\u00fcnstige Immobilien Mallorca, Langzeitmiete Mallorca S\u00fcdwesten, Immobilien Mallorca S\u00fcdwest, Immobilien Mallorca mieten, Santa ponsa Immobilien kaufen. \u00a0 \u00a0","potentialAction":[{"@type":"SearchAction","target":{"@type":"EntryPoint","urlTemplate":"https:\/\/www.sp-mallorca.com\/de\/?s={search_term_string}"},"query-input":{"@type":"PropertyValueSpecification","valueRequired":true,"valueName":"search_term_string"}}],"inLanguage":"de"}]}},"_links":{"self":[{"href":"https:\/\/www.sp-mallorca.com\/de\/wp-json\/wp\/v2\/pages\/74","targetHints":{"allow":["GET"]}}],"collection":[{"href":"https:\/\/www.sp-mallorca.com\/de\/wp-json\/wp\/v2\/pages"}],"about":[{"href":"https:\/\/www.sp-mallorca.com\/de\/wp-json\/wp\/v2\/types\/page"}],"author":[{"embeddable":true,"href":"https:\/\/www.sp-mallorca.com\/de\/wp-json\/wp\/v2\/users\/7"}],"replies":[{"embeddable":true,"href":"https:\/\/www.sp-mallorca.com\/de\/wp-json\/wp\/v2\/comments?post=74"}],"version-history":[{"count":8,"href":"https:\/\/www.sp-mallorca.com\/de\/wp-json\/wp\/v2\/pages\/74\/revisions"}],"predecessor-version":[{"id":777,"href":"https:\/\/www.sp-mallorca.com\/de\/wp-json\/wp\/v2\/pages\/74\/revisions\/777"}],"wp:attachment":[{"href":"https:\/\/www.sp-mallorca.com\/de\/wp-json\/wp\/v2\/media?parent=74"}],"curies":[{"name":"wp","href":"https:\/\/api.w.org\/{rel}","templated":true}]}}