{"id":64,"date":"2024-11-02T08:12:53","date_gmt":"2024-11-02T07:12:53","guid":{"rendered":"https:\/\/wordpress.p390872.webspaceconfig.de\/?page_id=64"},"modified":"2024-11-03T15:00:37","modified_gmt":"2024-11-03T14:00:37","slug":"impressum","status":"publish","type":"page","link":"https:\/\/www.sp-mallorca.com\/de\/impressum\/","title":{"rendered":"Impressum"},"content":{"rendered":"<p><\/p>\n<p style=\"text-align:center;\">ANBIETERKENNUNG<br \/>\nFirmensitz &#038; Adresse<\/p>\n<p>Steffek und Partner Immobilien S.L.U<br \/>\nIna Simone Steffek<\/p>\n<p>Av. Son Pillo 2, 6<br \/>\n07180 Santa Ponsa \/Mallorca \/Illes Balears \/Spanien<\/p>\n<p>Mobile:<br \/>\n<a href=\"tel:+34639872689\">+(34) 639 872 689<\/a><\/p>\n<p>E-Mail:<br \/>\n<a title=\"E-Mail Kontakt\" href=\"&#109;&#97;&#105;&#108;&#116;&#111;&#58;&#105;&#110;&#102;&#111;&#64;&#115;&#112;&#45;&#109;&#97;&#108;&#108;&#111;&#114;&#99;&#97;&#46;&#99;&#111;&#109;\"><i class=\"fa fa-fw fa-envelope-o fa-lg\"><\/i>&#105;&#110;&#102;&#111;&#64;&#115;&#112;&#45;&#109;&#97;&#108;&#108;&#111;&#114;&#99;&#97;&#46;&#99;&#111;&#109;<\/a><\/p>\n<p>URL: <i class=\"fa fa-fw fa-home\"><\/i> www.sp-mallorca.com<\/p>\n<p>Anbieterinformation<br \/>\nAnbieterkennzeichnung nach \u00a7 5 Telemediengesetz (TMG) und 55 (RStV):<br \/>\nIna Steffek,<br \/>\nTelefon Mobile: +34) 639872689,<br \/>\nE-Mail: <a title=\"E-Mail Kontakt\" href=\"&#109;&#97;&#105;&#108;&#116;&#111;&#58;&#105;&#110;&#102;&#111;&#64;&#115;&#112;&#45;&#109;&#97;&#108;&#108;&#111;&#114;&#99;&#97;&#46;&#99;&#111;&#109;\"><i class=\"fa fa-fw fa-envelope-o fa-lg\"><\/i>&#105;&#110;&#102;&#111;&#64;&#115;&#112;&#45;&#109;&#97;&#108;&#108;&#111;&#114;&#99;&#97;&#46;&#99;&#111;&#109;<\/a>.<br \/>\nPflichtangaben nach dem elektronischen Gesch\u00e4ftsverkehr-Gesetz (EGG) und \u00a7 6 des Teledienst-Gesetzes (TDG). <a href=\"https:\/\/www.gesetze-im-internet.de\/tmg\/__5.html\" target=\"_blank\" rel=\"noopener noreferrer\">\u00a7 5 Allgemeine Informationspflichten<\/a>. Gesch\u00e4ftszweck des Unternehmens ist die Vermittlung von Immobilien. Verantwortlich f\u00fcr den Inhalt und Inhaber der Website ist: Ina Steffek.<\/p>\n<p>Umsatzsteuer-Identifikationsnummer gem\u00e4\u00df \u00a727a Umsatzsteuergesetz: IVA NIE:ESB57993768<\/p>\n<blockquote><p>\nDieses Impressum gilt auch f\u00fcr den jeweiligen Account: Google # <a href=\"https:\/\/www.facebook.com\/SteffekundPartnerImmobilienMallorca\/\" target=\"_blank\" rel=\"noopener noreferrer\">Facebook<\/a> # <a title=\"RSS Feed (keine Funktion bei Firefox Browser)\" href=\"https:\/\/www.sp-mallorca.com\/feed\/\" target=\"_blank\" rel=\"noopener noreferrer\">RSS-Feed<\/a>\n<\/p><\/blockquote>\n<p>technical support by <a title=\"SEO Ranking Experte und Webdesigner- Ihre Webseite von uns erstellt, erzielt immer die Top.10 Positionen in Suchmaschinen. Denn dort sollte sich auch Ihre Homepage befinden!\" href=\"https:\/\/www.webmaker1.de\/\" target=\"_blank\" rel=\"noopener noreferrer\"><i class=\"fa fa-leaf\"><\/i> webMaker1<\/a><\/p>\n<p>Rechtliche Hinweise<br \/>\nS\u00e4mtliche Inhalte und Strukturen der Internetseiten der Steffek &#038; Partner sind urheberrechtlich gesch\u00fctzt. Jede Vervielf\u00e4ltigung von Daten und Informationen, insbesondere die Verwendung von Texten (auch auszugsweise) und Bildmaterial ist nicht gestattet und bedarf der vorherigen schriftlichen Zustimmung durch Steffek &#038; Partner Immobilien. Steffek &#038; Partner haftet nicht f\u00fcr inhaltliche Richtigkeit der Informationen auf der Internetseite, auf die mittels eines Links von den Seiten der Steffek &#038; Partner verwiesen wird.<br \/>\nHaftung f\u00fcr Inhalte:<br \/>\nAls Diensteanbieter sind wir gem\u00e4\u00df \u00a7 7 Abs.1 TMG f\u00fcr eigene Inhalte auf diesen Seiten nach den allgemeinen Gesetzen verantwortlich. Nach \u00a7\u00a7 8 bis 10 TMG sind wir als Diensteanbieter jedoch nicht verpflichtet, \u00fcbermittelte oder gespeicherte fremde Informationen zu \u00fcberwachen oder nach Umst\u00e4nden zu forschen, die auf eine rechtswidrige T\u00e4tigkeit hinweisen. Verpflichtungen zur Entfernung oder Sperrung der Nutzung von Informationen nach den allgemeinen Gesetzen bleiben hiervon unber\u00fchrt. Eine diesbez\u00fcgliche Haftung ist jedoch erst ab dem Zeitpunkt der Kenntnis einer konkreten Rechtsverletzung m\u00f6glich. Bei Bekanntwerden von entsprechenden Rechtsverletzungen werden wir diese Inhalte umgehend entfernen.<\/p>\n<p style=\"text-align: center;\"><a title=\"Datenschutzerkl\u00e4rung EU Datenschutz-Grundverordnung\" href=\"\/de\/datenschutz\/\">EU Datenschutzerkl\u00e4rung DSGVO<\/a><\/p>\n<p><\/p>","protected":false},"excerpt":{"rendered":"ANBIETERKENNUNG Firmensitz &#038; Adresse Steffek und Partner Immobilien S.L.U Ina Simone Steffek Av. Son Pillo 2, 6 07180 Santa Ponsa \/Mallorca \/Illes Balears \/Spanien Mobile: +(34) 639 872 689 E-Mail: &#105;&#110;&#102;&#111;&#64;&#115;&#112;&#45;&#109;&#97;&#108;&#108;&#111;&#114;&#99;&#97;&#46;&#99;&#111;&#109; URL: www.sp-mallorca.com Anbieterinformation Anbieterkennzeichnung nach \u00a7 5 Telemediengesetz (TMG) &hellip; <a href=\"https:\/\/www.sp-mallorca.com\/de\/impressum\/\">Weiterlesen <span class=\"meta-nav\">&rarr;<\/span><\/a>","protected":false},"author":7,"featured_media":0,"parent":0,"menu_order":5,"comment_status":"closed","ping_status":"closed","template":"sidebar-page.php","meta":{"_acf_changed":false,"footnotes":""},"class_list":["post-64","page","type-page","status-publish","hentry"],"acf":[],"yoast_head":"<!-- This site is optimized with the Yoast SEO plugin v27.4 - https:\/\/yoast.com\/product\/yoast-seo-wordpress\/ -->\n<title>Impressum - Steffek und Partner Immobilien SLU-Mallorca Immobilien Verkauf Vermietung S\u00fcdwesten Mallorca kaufen mieten<\/title>\n<meta name=\"robots\" content=\"index, follow, max-snippet:-1, max-image-preview:large, max-video-preview:-1\" \/>\n<link rel=\"canonical\" href=\"https:\/\/www.sp-mallorca.com\/impressum\/\" \/>\n<meta property=\"og:locale\" content=\"de_DE\" \/>\n<meta property=\"og:type\" content=\"article\" \/>\n<meta property=\"og:title\" content=\"Impressum - Steffek und Partner Immobilien SLU-Mallorca Immobilien Verkauf Vermietung S\u00fcdwesten Mallorca kaufen mieten\" \/>\n<meta property=\"og:description\" content=\"ANBIETERKENNUNG Firmensitz &#038; Adresse Steffek und Partner Immobilien S.L.U Ina Simone Steffek Av. Son Pillo 2, 6 07180 Santa Ponsa \/Mallorca \/Illes Balears \/Spanien Mobile: +(34) 639 872 689 E-Mail: &#105;&#110;&#102;&#111;&#064;&#115;&#112;&#045;&#109;&#097;&#108;&#108;&#111;&#114;&#099;&#097;&#046;&#099;&#111;&#109; URL: www.sp-mallorca.com Anbieterinformation Anbieterkennzeichnung nach \u00a7 5 Telemediengesetz (TMG) &hellip; Weiterlesen &rarr;\" \/>\n<meta property=\"og:url\" content=\"https:\/\/www.sp-mallorca.com\/impressum\/\" \/>\n<meta property=\"og:site_name\" content=\"Steffek und Partner Immobilien SLU-Mallorca Immobilien Verkauf Vermietung S\u00fcdwesten Mallorca kaufen mieten\" \/>\n<meta property=\"article:modified_time\" content=\"2024-11-03T14:00:37+00:00\" \/>\n<meta name=\"twitter:card\" content=\"summary_large_image\" \/>\n<meta name=\"twitter:label1\" content=\"Gesch\u00e4tzte Lesezeit\" \/>\n\t<meta name=\"twitter:data1\" content=\"4\u00a0Minuten\" \/>\n<script type=\"application\/ld+json\" class=\"yoast-schema-graph\">{\"@context\":\"https:\\\/\\\/schema.org\",\"@graph\":[{\"@type\":\"WebPage\",\"@id\":\"https:\\\/\\\/www.sp-mallorca.com\\\/impressum\\\/\",\"url\":\"https:\\\/\\\/www.sp-mallorca.com\\\/impressum\\\/\",\"name\":\"Impressum - Steffek und Partner Immobilien SLU-Mallorca Immobilien Verkauf Vermietung S\u00fcdwesten Mallorca kaufen mieten\",\"isPartOf\":{\"@id\":\"https:\\\/\\\/www.sp-mallorca.com\\\/de\\\/#website\"},\"datePublished\":\"2024-11-02T07:12:53+00:00\",\"dateModified\":\"2024-11-03T14:00:37+00:00\",\"breadcrumb\":{\"@id\":\"https:\\\/\\\/www.sp-mallorca.com\\\/impressum\\\/#breadcrumb\"},\"inLanguage\":\"de\",\"potentialAction\":[{\"@type\":\"ReadAction\",\"target\":[\"https:\\\/\\\/www.sp-mallorca.com\\\/impressum\\\/\"]}]},{\"@type\":\"BreadcrumbList\",\"@id\":\"https:\\\/\\\/www.sp-mallorca.com\\\/impressum\\\/#breadcrumb\",\"itemListElement\":[{\"@type\":\"ListItem\",\"position\":1,\"name\":\"Startseite\",\"item\":\"https:\\\/\\\/www.sp-mallorca.com\\\/\"},{\"@type\":\"ListItem\",\"position\":2,\"name\":\"[:de]Impressum[:en]Imprint[:es]Impreso[:]\"}]},{\"@type\":\"WebSite\",\"@id\":\"https:\\\/\\\/www.sp-mallorca.com\\\/de\\\/#website\",\"url\":\"https:\\\/\\\/www.sp-mallorca.com\\\/de\\\/\",\"name\":\"Steffek und Partner Immobilien SLU-Mallorca Immobilien Verkauf Vermietung S\u00fcdwesten Mallorca kaufen mieten\",\"description\":\"Mallorca Immobilien, Inmobiliaria, Real Estate, Verkauf und Vermietung, Makler Immobilienb\u00fcro, Agentur Mallorca S\u00fcdwest El Toro Calvi\u00e1 Spanien Spain, Immobilien Mallorca, g\u00fcnstige Immobilien Mallorca, Langzeitmiete Mallorca S\u00fcdwesten, Immobilien Mallorca S\u00fcdwest, Immobilien Mallorca mieten, Santa ponsa Immobilien kaufen. \u00a0 \u00a0\",\"potentialAction\":[{\"@type\":\"SearchAction\",\"target\":{\"@type\":\"EntryPoint\",\"urlTemplate\":\"https:\\\/\\\/www.sp-mallorca.com\\\/de\\\/?s={search_term_string}\"},\"query-input\":{\"@type\":\"PropertyValueSpecification\",\"valueRequired\":true,\"valueName\":\"search_term_string\"}}],\"inLanguage\":\"de\"}]}<\/script>\n<!-- \/ Yoast SEO plugin. -->","yoast_head_json":{"title":"Impressum - Steffek und Partner Immobilien SLU-Mallorca Immobilien Verkauf Vermietung S\u00fcdwesten Mallorca kaufen mieten","robots":{"index":"index","follow":"follow","max-snippet":"max-snippet:-1","max-image-preview":"max-image-preview:large","max-video-preview":"max-video-preview:-1"},"canonical":"https:\/\/www.sp-mallorca.com\/impressum\/","og_locale":"de_DE","og_type":"article","og_title":"Impressum - Steffek und Partner Immobilien SLU-Mallorca Immobilien Verkauf Vermietung S\u00fcdwesten Mallorca kaufen mieten","og_description":"ANBIETERKENNUNG Firmensitz &#038; Adresse Steffek und Partner Immobilien S.L.U Ina Simone Steffek Av. Son Pillo 2, 6 07180 Santa Ponsa \/Mallorca \/Illes Balears \/Spanien Mobile: +(34) 639 872 689 E-Mail: &#105;&#110;&#102;&#111;&#64;&#115;&#112;&#45;&#109;&#97;&#108;&#108;&#111;&#114;&#99;&#97;&#46;&#99;&#111;&#109; URL: www.sp-mallorca.com Anbieterinformation Anbieterkennzeichnung nach \u00a7 5 Telemediengesetz (TMG) &hellip; Weiterlesen &rarr;","og_url":"https:\/\/www.sp-mallorca.com\/impressum\/","og_site_name":"Steffek und Partner Immobilien SLU-Mallorca Immobilien Verkauf Vermietung S\u00fcdwesten Mallorca kaufen mieten","article_modified_time":"2024-11-03T14:00:37+00:00","twitter_card":"summary_large_image","twitter_misc":{"Gesch\u00e4tzte Lesezeit":"4\u00a0Minuten"},"schema":{"@context":"https:\/\/schema.org","@graph":[{"@type":"WebPage","@id":"https:\/\/www.sp-mallorca.com\/impressum\/","url":"https:\/\/www.sp-mallorca.com\/impressum\/","name":"Impressum - Steffek und Partner Immobilien SLU-Mallorca Immobilien Verkauf Vermietung S\u00fcdwesten Mallorca kaufen mieten","isPartOf":{"@id":"https:\/\/www.sp-mallorca.com\/de\/#website"},"datePublished":"2024-11-02T07:12:53+00:00","dateModified":"2024-11-03T14:00:37+00:00","breadcrumb":{"@id":"https:\/\/www.sp-mallorca.com\/impressum\/#breadcrumb"},"inLanguage":"de","potentialAction":[{"@type":"ReadAction","target":["https:\/\/www.sp-mallorca.com\/impressum\/"]}]},{"@type":"BreadcrumbList","@id":"https:\/\/www.sp-mallorca.com\/impressum\/#breadcrumb","itemListElement":[{"@type":"ListItem","position":1,"name":"Startseite","item":"https:\/\/www.sp-mallorca.com\/"},{"@type":"ListItem","position":2,"name":"[:de]Impressum[:en]Imprint[:es]Impreso[:]"}]},{"@type":"WebSite","@id":"https:\/\/www.sp-mallorca.com\/de\/#website","url":"https:\/\/www.sp-mallorca.com\/de\/","name":"Steffek und Partner Immobilien SLU-Mallorca Immobilien Verkauf Vermietung S\u00fcdwesten Mallorca kaufen mieten","description":"Mallorca Immobilien, Inmobiliaria, Real Estate, Verkauf und Vermietung, Makler Immobilienb\u00fcro, Agentur Mallorca S\u00fcdwest El Toro Calvi\u00e1 Spanien Spain, Immobilien Mallorca, g\u00fcnstige Immobilien Mallorca, Langzeitmiete Mallorca S\u00fcdwesten, Immobilien Mallorca S\u00fcdwest, Immobilien Mallorca mieten, Santa ponsa Immobilien kaufen. \u00a0 \u00a0","potentialAction":[{"@type":"SearchAction","target":{"@type":"EntryPoint","urlTemplate":"https:\/\/www.sp-mallorca.com\/de\/?s={search_term_string}"},"query-input":{"@type":"PropertyValueSpecification","valueRequired":true,"valueName":"search_term_string"}}],"inLanguage":"de"}]}},"_links":{"self":[{"href":"https:\/\/www.sp-mallorca.com\/de\/wp-json\/wp\/v2\/pages\/64","targetHints":{"allow":["GET"]}}],"collection":[{"href":"https:\/\/www.sp-mallorca.com\/de\/wp-json\/wp\/v2\/pages"}],"about":[{"href":"https:\/\/www.sp-mallorca.com\/de\/wp-json\/wp\/v2\/types\/page"}],"author":[{"embeddable":true,"href":"https:\/\/www.sp-mallorca.com\/de\/wp-json\/wp\/v2\/users\/7"}],"replies":[{"embeddable":true,"href":"https:\/\/www.sp-mallorca.com\/de\/wp-json\/wp\/v2\/comments?post=64"}],"version-history":[{"count":25,"href":"https:\/\/www.sp-mallorca.com\/de\/wp-json\/wp\/v2\/pages\/64\/revisions"}],"predecessor-version":[{"id":1071,"href":"https:\/\/www.sp-mallorca.com\/de\/wp-json\/wp\/v2\/pages\/64\/revisions\/1071"}],"wp:attachment":[{"href":"https:\/\/www.sp-mallorca.com\/de\/wp-json\/wp\/v2\/media?parent=64"}],"curies":[{"name":"wp","href":"https:\/\/api.w.org\/{rel}","templated":true}]}}