{"id":52,"date":"2024-11-02T07:41:37","date_gmt":"2024-11-02T06:41:37","guid":{"rendered":"https:\/\/wordpress.p390872.webspaceconfig.de\/?page_id=52"},"modified":"2024-11-03T15:00:54","modified_gmt":"2024-11-03T14:00:54","slug":"kontakt","status":"publish","type":"page","link":"https:\/\/www.sp-mallorca.com\/de\/kontakt\/","title":{"rendered":"Kontakt"},"content":{"rendered":"<p>Sie m\u00f6chten mit uns Kontakt aufnehmen? Wir freuen uns \u00fcber jede Nachricht!<\/p>\n<p>\u00d6ffnungszeiten:<br \/>\nMo \u2013 Fr: 9.30 h\u2013 13.30 h \/ 15.00 h \u2013 19.00 h<\/p>\n<p>Mobile:<br \/>\n+(34) 639 872 689<\/p>\n<p>Nutzen Sie einfach das Formular. Wir werden uns umgehend bei Ihnen melden.<\/p>\n<section class=\"contactform\">\r\n \r\n    <div class=\"container\">\r\n\t\t<form method=\"post\" id=\"onoffice-form\">\r\n\t\t\t<input type=\"hidden\" name=\"oo_formid\" value=\"Contact\">\r\n\t\t\t<input type=\"hidden\" name=\"oo_formno\" value=\"1\">\r\n\t\t\t\r\n\t\t<div class=\"formfield\"><label>Vorname*<\/label><input type=\"text\"required aria-required='true' aria-invalid='false' name=\"Vorname\" value=\"\" autocomplete=\"given-name\"><span class='error' aria-hidden='true' aria-atomic='true'><p>Bitte geben Sie einen Text ein.<\/p><\/span><\/div><div class=\"formfield\"><label>Nachname*<\/label><input type=\"text\"required aria-required='true' aria-invalid='false' name=\"Name\" value=\"\" autocomplete=\"family-name\"><span class='error' aria-hidden='true' aria-atomic='true'><p>Bitte geben Sie einen Text ein.<\/p><\/span><\/div><div class=\"formfield\"><label>Stra\u00dfe<\/label><input type=\"text\" name=\"Strasse\" value=\"\" autocomplete=\"street-address\"><\/div><div class=\"formfield\"><label>Plz<\/label><input type=\"text\" name=\"Plz\" value=\"\" autocomplete=\"postal-code\"><\/div><div class=\"formfield\"><label>Ort<\/label><input type=\"text\" name=\"Ort\" value=\"\" autocomplete=\"address-level2\"><\/div><div class=\"formfield\"><label>Telefonnummern<\/label><input type=\"text\" name=\"Telefon1\" value=\"\" autocomplete=\"tel\"><\/div><div class=\"formfield\"><label>E-Mail*<\/label><input type=\"email\"required aria-required='true' aria-invalid='false' name=\"Email\" value=\"\" autocomplete=\"email\"><span class='error' aria-hidden='true' aria-atomic='true'><p>Bitte geben Sie eine g\u00fcltige E-Mail-Adresse ein.<\/p><\/span><\/div>\t\t\t\t<label>Nachricht:<\/label><br>\r\n\t\t\t\t<textarea name=\"message\"><\/textarea>\r\n\t\t\t\r\n\t\t\t\t\t\t\t<br>\r\n\t\t\t\t<br>\r\n\t\t\t\t<input id=\"checkBox\" type=\"checkbox\" required  name=\"gdprcheckbox\" value=\"1\" >\r\n\t\t\t\t<span style=\"font-size:12px;font-weight:normal;\">Akzeptiere <a href=\"\/datenschutzerklaerung\/\" rel=\"noopener\" target=\"_blank\">Datenschutzbestimmung: *<\/a><\/span>\r\n\t\t\t\r\n\t\t\t<br>\r\n\t\t\t<p>Diese Website ist durch reCAPTCHA gesch\u00fctzt.\t\t\t<a href=\"https:\/\/policies.google.com\/privacy\" target=\"_blank\">Es gelten die Datenschutzbestimmung<\/a> \r\n\t\t\tund\t\t\t<a href=\"https:\/\/policies.google.com\/terms\" target=\"_blank\">Nutzungsbedingungen von Google.<\/a> <\/p>\r\n\t\t\t<br>\r\n\t\t\t\r\n\t\t\t    <script>\n        function submitForm1() {\n            const selectorFormById = `form[id^=\"onoffice-form\"] input[name=\"oo_formno\"][value=\"1\"]`;\n            const form = document.querySelector(selectorFormById).closest('#onoffice-form, .oo-form, #leadgeneratorform');\n            const submitButtonElement = form.querySelector('.submit_button');\n            form.submit();\n            submitButtonElement.disabled = true;\n            submitButtonElement.classList.add('onoffice-unclickable-form');\n        }\n    <\/script>\n    <div class=\"g-recaptcha\"\n        data-sitekey=\"6LeAr8UUAAAAAOPBqXNYnFd30ZYRFLIdD_rXTRxl\" \n        data-callback=\"submitForm1\" data-size=\"invisible\">\n    <\/div>\n    <button class=\"submit_button\">Absenden<\/button>\n    <script>\n        (function() {\n            const selectorFormById = `form[id^=\"onoffice-form\"] input[name=\"oo_formno\"][value=\"1\"]`;\n            const form = document.querySelector(selectorFormById).closest('#onoffice-form, .oo-form, #leadgeneratorform');\n            const submitButtonElement = form.querySelector('.submit_button');\n            if (typeof onOffice !== 'undefined' && onOffice.captchaControl) {\n                onOffice.captchaControl(form, submitButtonElement);\n            }\n        })();\n    <\/script>\n\t\t\r\n\t\t<\/form>\r\n\r\n\r\n\t<\/div>\r\n\r\n<\/section>\r\n\n<p><span style=\"font-size: 10px;\">Ihre Daten werden verschl\u00fcsselt \u00fcbermittelt und gesichert mit Let&#8217;s Encrypt Secure SSL Certificate.<\/span><\/p>","protected":false},"excerpt":{"rendered":"Sie m\u00f6chten mit uns Kontakt aufnehmen? Wir freuen uns \u00fcber jede Nachricht! \u00d6ffnungszeiten: Mo \u2013 Fr: 9.30 h\u2013 13.30 h \/ 15.00 h \u2013 19.00 h Mobile: +(34) 639 872 689 Nutzen Sie einfach das Formular. Wir werden uns umgehend &hellip; <a href=\"https:\/\/www.sp-mallorca.com\/de\/kontakt\/\">Weiterlesen <span class=\"meta-nav\">&rarr;<\/span><\/a>","protected":false},"author":7,"featured_media":0,"parent":0,"menu_order":5,"comment_status":"closed","ping_status":"closed","template":"sidebar-page.php","meta":{"_acf_changed":false,"footnotes":""},"class_list":["post-52","page","type-page","status-publish","hentry"],"acf":[],"yoast_head":"<!-- This site is optimized with the Yoast SEO plugin v27.5 - https:\/\/yoast.com\/product\/yoast-seo-wordpress\/ -->\n<title>Kontakt - Steffek und Partner Immobilien SLU-Mallorca Immobilien Verkauf Vermietung S\u00fcdwesten Mallorca kaufen mieten<\/title>\n<meta name=\"robots\" content=\"index, follow, max-snippet:-1, max-image-preview:large, max-video-preview:-1\" \/>\n<link rel=\"canonical\" href=\"https:\/\/www.sp-mallorca.com\/kontakt\/\" \/>\n<meta property=\"og:locale\" content=\"de_DE\" \/>\n<meta property=\"og:type\" content=\"article\" \/>\n<meta property=\"og:title\" content=\"Kontakt - Steffek und Partner Immobilien SLU-Mallorca Immobilien Verkauf Vermietung S\u00fcdwesten Mallorca kaufen mieten\" \/>\n<meta property=\"og:description\" content=\"Sie m\u00f6chten mit uns Kontakt aufnehmen? Wir freuen uns \u00fcber jede Nachricht! \u00d6ffnungszeiten: Mo \u2013 Fr: 9.30 h\u2013 13.30 h \/ 15.00 h \u2013 19.00 h Mobile: +(34) 639 872 689 Nutzen Sie einfach das Formular. Wir werden uns umgehend &hellip; Weiterlesen &rarr;\" \/>\n<meta property=\"og:url\" content=\"https:\/\/www.sp-mallorca.com\/kontakt\/\" \/>\n<meta property=\"og:site_name\" content=\"Steffek und Partner Immobilien SLU-Mallorca Immobilien Verkauf Vermietung S\u00fcdwesten Mallorca kaufen mieten\" \/>\n<meta property=\"article:modified_time\" content=\"2024-11-03T14:00:54+00:00\" \/>\n<meta name=\"twitter:card\" content=\"summary_large_image\" \/>\n<meta name=\"twitter:label1\" content=\"Gesch\u00e4tzte Lesezeit\" \/>\n\t<meta name=\"twitter:data1\" content=\"1\u00a0Minute\" \/>\n<script type=\"application\/ld+json\" class=\"yoast-schema-graph\">{\"@context\":\"https:\\\/\\\/schema.org\",\"@graph\":[{\"@type\":\"WebPage\",\"@id\":\"https:\\\/\\\/www.sp-mallorca.com\\\/kontakt\\\/\",\"url\":\"https:\\\/\\\/www.sp-mallorca.com\\\/kontakt\\\/\",\"name\":\"Kontakt - Steffek und Partner Immobilien SLU-Mallorca Immobilien Verkauf Vermietung S\u00fcdwesten Mallorca kaufen mieten\",\"isPartOf\":{\"@id\":\"https:\\\/\\\/www.sp-mallorca.com\\\/de\\\/#website\"},\"datePublished\":\"2024-11-02T06:41:37+00:00\",\"dateModified\":\"2024-11-03T14:00:54+00:00\",\"breadcrumb\":{\"@id\":\"https:\\\/\\\/www.sp-mallorca.com\\\/kontakt\\\/#breadcrumb\"},\"inLanguage\":\"de\",\"potentialAction\":[{\"@type\":\"ReadAction\",\"target\":[\"https:\\\/\\\/www.sp-mallorca.com\\\/kontakt\\\/\"]}]},{\"@type\":\"BreadcrumbList\",\"@id\":\"https:\\\/\\\/www.sp-mallorca.com\\\/kontakt\\\/#breadcrumb\",\"itemListElement\":[{\"@type\":\"ListItem\",\"position\":1,\"name\":\"Startseite\",\"item\":\"https:\\\/\\\/www.sp-mallorca.com\\\/\"},{\"@type\":\"ListItem\",\"position\":2,\"name\":\"[:de]Kontakt[:en]Contact[:es]Contacto[:]\"}]},{\"@type\":\"WebSite\",\"@id\":\"https:\\\/\\\/www.sp-mallorca.com\\\/de\\\/#website\",\"url\":\"https:\\\/\\\/www.sp-mallorca.com\\\/de\\\/\",\"name\":\"Steffek und Partner Immobilien SLU-Mallorca Immobilien Verkauf Vermietung S\u00fcdwesten Mallorca kaufen mieten\",\"description\":\"Mallorca Immobilien, Inmobiliaria, Real Estate, Verkauf und Vermietung, Makler Immobilienb\u00fcro, Agentur Mallorca S\u00fcdwest El Toro Calvi\u00e1 Spanien Spain, Immobilien Mallorca, g\u00fcnstige Immobilien Mallorca, Langzeitmiete Mallorca S\u00fcdwesten, Immobilien Mallorca S\u00fcdwest, Immobilien Mallorca mieten, Santa ponsa Immobilien kaufen. \u00a0 \u00a0\",\"potentialAction\":[{\"@type\":\"SearchAction\",\"target\":{\"@type\":\"EntryPoint\",\"urlTemplate\":\"https:\\\/\\\/www.sp-mallorca.com\\\/de\\\/?s={search_term_string}\"},\"query-input\":{\"@type\":\"PropertyValueSpecification\",\"valueRequired\":true,\"valueName\":\"search_term_string\"}}],\"inLanguage\":\"de\"}]}<\/script>\n<!-- \/ Yoast SEO plugin. -->","yoast_head_json":{"title":"Kontakt - Steffek und Partner Immobilien SLU-Mallorca Immobilien Verkauf Vermietung S\u00fcdwesten Mallorca kaufen mieten","robots":{"index":"index","follow":"follow","max-snippet":"max-snippet:-1","max-image-preview":"max-image-preview:large","max-video-preview":"max-video-preview:-1"},"canonical":"https:\/\/www.sp-mallorca.com\/kontakt\/","og_locale":"de_DE","og_type":"article","og_title":"Kontakt - Steffek und Partner Immobilien SLU-Mallorca Immobilien Verkauf Vermietung S\u00fcdwesten Mallorca kaufen mieten","og_description":"Sie m\u00f6chten mit uns Kontakt aufnehmen? Wir freuen uns \u00fcber jede Nachricht! \u00d6ffnungszeiten: Mo \u2013 Fr: 9.30 h\u2013 13.30 h \/ 15.00 h \u2013 19.00 h Mobile: +(34) 639 872 689 Nutzen Sie einfach das Formular. Wir werden uns umgehend &hellip; Weiterlesen &rarr;","og_url":"https:\/\/www.sp-mallorca.com\/kontakt\/","og_site_name":"Steffek und Partner Immobilien SLU-Mallorca Immobilien Verkauf Vermietung S\u00fcdwesten Mallorca kaufen mieten","article_modified_time":"2024-11-03T14:00:54+00:00","twitter_card":"summary_large_image","twitter_misc":{"Gesch\u00e4tzte Lesezeit":"1\u00a0Minute"},"schema":{"@context":"https:\/\/schema.org","@graph":[{"@type":"WebPage","@id":"https:\/\/www.sp-mallorca.com\/kontakt\/","url":"https:\/\/www.sp-mallorca.com\/kontakt\/","name":"Kontakt - Steffek und Partner Immobilien SLU-Mallorca Immobilien Verkauf Vermietung S\u00fcdwesten Mallorca kaufen mieten","isPartOf":{"@id":"https:\/\/www.sp-mallorca.com\/de\/#website"},"datePublished":"2024-11-02T06:41:37+00:00","dateModified":"2024-11-03T14:00:54+00:00","breadcrumb":{"@id":"https:\/\/www.sp-mallorca.com\/kontakt\/#breadcrumb"},"inLanguage":"de","potentialAction":[{"@type":"ReadAction","target":["https:\/\/www.sp-mallorca.com\/kontakt\/"]}]},{"@type":"BreadcrumbList","@id":"https:\/\/www.sp-mallorca.com\/kontakt\/#breadcrumb","itemListElement":[{"@type":"ListItem","position":1,"name":"Startseite","item":"https:\/\/www.sp-mallorca.com\/"},{"@type":"ListItem","position":2,"name":"[:de]Kontakt[:en]Contact[:es]Contacto[:]"}]},{"@type":"WebSite","@id":"https:\/\/www.sp-mallorca.com\/de\/#website","url":"https:\/\/www.sp-mallorca.com\/de\/","name":"Steffek und Partner Immobilien SLU-Mallorca Immobilien Verkauf Vermietung S\u00fcdwesten Mallorca kaufen mieten","description":"Mallorca Immobilien, Inmobiliaria, Real Estate, Verkauf und Vermietung, Makler Immobilienb\u00fcro, Agentur Mallorca S\u00fcdwest El Toro Calvi\u00e1 Spanien Spain, Immobilien Mallorca, g\u00fcnstige Immobilien Mallorca, Langzeitmiete Mallorca S\u00fcdwesten, Immobilien Mallorca S\u00fcdwest, Immobilien Mallorca mieten, Santa ponsa Immobilien kaufen. \u00a0 \u00a0","potentialAction":[{"@type":"SearchAction","target":{"@type":"EntryPoint","urlTemplate":"https:\/\/www.sp-mallorca.com\/de\/?s={search_term_string}"},"query-input":{"@type":"PropertyValueSpecification","valueRequired":true,"valueName":"search_term_string"}}],"inLanguage":"de"}]}},"_links":{"self":[{"href":"https:\/\/www.sp-mallorca.com\/de\/wp-json\/wp\/v2\/pages\/52","targetHints":{"allow":["GET"]}}],"collection":[{"href":"https:\/\/www.sp-mallorca.com\/de\/wp-json\/wp\/v2\/pages"}],"about":[{"href":"https:\/\/www.sp-mallorca.com\/de\/wp-json\/wp\/v2\/types\/page"}],"author":[{"embeddable":true,"href":"https:\/\/www.sp-mallorca.com\/de\/wp-json\/wp\/v2\/users\/7"}],"replies":[{"embeddable":true,"href":"https:\/\/www.sp-mallorca.com\/de\/wp-json\/wp\/v2\/comments?post=52"}],"version-history":[{"count":56,"href":"https:\/\/www.sp-mallorca.com\/de\/wp-json\/wp\/v2\/pages\/52\/revisions"}],"predecessor-version":[{"id":1064,"href":"https:\/\/www.sp-mallorca.com\/de\/wp-json\/wp\/v2\/pages\/52\/revisions\/1064"}],"wp:attachment":[{"href":"https:\/\/www.sp-mallorca.com\/de\/wp-json\/wp\/v2\/media?parent=52"}],"curies":[{"name":"wp","href":"https:\/\/api.w.org\/{rel}","templated":true}]}}