{"id":400,"date":"2024-11-02T09:55:43","date_gmt":"2024-11-02T08:55:43","guid":{"rendered":"https:\/\/wordpress.p390872.webspaceconfig.de\/?page_id=400"},"modified":"2024-11-03T14:58:57","modified_gmt":"2024-11-03T13:58:57","slug":"mallorca-immobilien-kaufen","status":"publish","type":"page","link":"https:\/\/www.sp-mallorca.com\/de\/mallorca-immobilien-kaufen\/","title":{"rendered":"Mallorca Immobilien kaufen"},"content":{"rendered":"<p><\/p>\n<h1>Haus kaufen Mallorca Meerblick<br \/>\nBeim deutschen Makler auf Mallorca kaufen! Palma de Mallorca Immobilien kaufen, verkaufen, mieten, Meerblick, Finca, Apartment, Penthaus, Wohnung.<\/h1>\n<p>Mallorca exklusive Immobilien kaufen, verkaufen, mieten, Meerblick, Finca, Apartment, Penthouse, Wohnung S\u00fcdwesten, Atic\u00f3, buy, comprar.<br \/>\nImmobilienangebote Mallorca, exklusive Immobilien, kaufen, verkaufen, mieten, Meerblick, Apartment, Penthaus, Wohnung S\u00fcdwesten, Atic\u00f3, buy, comprar, Finca Grundst\u00fccke.<\/p>\n<h1>Luxus Immobilie, Makler, Port Adriano, El Toro, portals nous, port d&#8217;andratx,<\/h1>\n<p><a href=\"#\"><img loading=\"lazy\" decoding=\"async\" class=\"alignleft size-full wp-image-213\" src=\"https:\/\/www.sp-mallorca.com\/wp-content\/uploads\/2017\/02\/logobig.png\" alt=\"Steffek und Partner Immobilien SLU-Mallorca Mallorca Immobilien Verkauf Vermietung S\u00fcdwesten kaufen\" width=\"658\" height=\"352\" srcset=\"https:\/\/www.sp-mallorca.com\/wp-content\/uploads\/2017\/02\/logobig.png 658w, https:\/\/www.sp-mallorca.com\/wp-content\/uploads\/2017\/02\/logobig-300x160.png 300w, https:\/\/www.sp-mallorca.com\/wp-content\/uploads\/2017\/02\/logobig-500x267.png 500w\" sizes=\"auto, (max-width: 658px) 100vw, 658px\" \/><\/a><\/p>","protected":false},"excerpt":{"rendered":"Haus kaufen Mallorca Meerblick Beim deutschen Makler auf Mallorca kaufen! Palma de Mallorca Immobilien kaufen, verkaufen, mieten, Meerblick, Finca, Apartment, Penthaus, Wohnung. Mallorca exklusive Immobilien kaufen, verkaufen, mieten, Meerblick, Finca, Apartment, Penthouse, Wohnung S\u00fcdwesten, Atic\u00f3, buy, comprar. Immobilienangebote Mallorca, exklusive &hellip; <a href=\"https:\/\/www.sp-mallorca.com\/de\/mallorca-immobilien-kaufen\/\">Weiterlesen <span class=\"meta-nav\">&rarr;<\/span><\/a>","protected":false},"author":5,"featured_media":0,"parent":0,"menu_order":2,"comment_status":"closed","ping_status":"closed","template":"","meta":{"_acf_changed":false,"footnotes":""},"class_list":["post-400","page","type-page","status-publish","hentry"],"acf":[],"yoast_head":"<!-- This site is optimized with the Yoast SEO plugin v27.5 - https:\/\/yoast.com\/product\/yoast-seo-wordpress\/ -->\n<title>Mallorca Immobilien kaufen - Steffek und Partner Immobilien SLU-Mallorca Immobilien Verkauf Vermietung S\u00fcdwesten Mallorca kaufen mieten<\/title>\n<meta name=\"description\" content=\"haus kaufen mallorca meerblick, Palma de Mallorca Immobilien kaufen, verkaufen, mieten, Meerblick, Finca, Apartment, Penthaus, Wohnung\" \/>\n<meta name=\"robots\" content=\"index, follow, max-snippet:-1, max-image-preview:large, max-video-preview:-1\" \/>\n<link rel=\"canonical\" href=\"https:\/\/www.sp-mallorca.com\/mallorca-immobilien-kaufen\/\" \/>\n<meta property=\"og:locale\" content=\"de_DE\" \/>\n<meta property=\"og:type\" content=\"article\" \/>\n<meta property=\"og:title\" content=\"Mallorca Immobilien kaufen - Steffek und Partner Immobilien SLU-Mallorca Immobilien Verkauf Vermietung S\u00fcdwesten Mallorca kaufen mieten\" \/>\n<meta property=\"og:description\" content=\"{:de}haus kaufen mallorca meerblick, Palma de Mallorca Immobilien kaufen, verkaufen, mieten, Meerblick, Finca, Apartment, Penthaus, Wohnung{:}\" \/>\n<meta property=\"og:url\" content=\"https:\/\/www.sp-mallorca.com\/mallorca-immobilien-kaufen\/\" \/>\n<meta property=\"og:site_name\" content=\"Steffek und Partner Immobilien SLU-Mallorca Immobilien Verkauf Vermietung S\u00fcdwesten Mallorca kaufen mieten\" \/>\n<meta property=\"article:modified_time\" content=\"2024-11-03T13:58:57+00:00\" \/>\n<meta property=\"og:image\" content=\"https:\/\/www.sp-mallorca.com\/wp-content\/uploads\/2017\/02\/logobig.png\" \/>\n\t<meta property=\"og:image:width\" content=\"658\" \/>\n\t<meta property=\"og:image:height\" content=\"352\" \/>\n\t<meta property=\"og:image:type\" content=\"image\/png\" \/>\n<meta name=\"twitter:card\" content=\"summary_large_image\" \/>\n<meta name=\"twitter:label1\" content=\"Gesch\u00e4tzte Lesezeit\" \/>\n\t<meta name=\"twitter:data1\" content=\"1\u00a0Minute\" \/>\n<script type=\"application\/ld+json\" class=\"yoast-schema-graph\">{\"@context\":\"https:\\\/\\\/schema.org\",\"@graph\":[{\"@type\":\"WebPage\",\"@id\":\"https:\\\/\\\/www.sp-mallorca.com\\\/mallorca-immobilien-kaufen\\\/\",\"url\":\"https:\\\/\\\/www.sp-mallorca.com\\\/mallorca-immobilien-kaufen\\\/\",\"name\":\"Mallorca Immobilien kaufen - Steffek und Partner Immobilien SLU-Mallorca Immobilien Verkauf Vermietung S\u00fcdwesten Mallorca kaufen mieten\",\"isPartOf\":{\"@id\":\"https:\\\/\\\/www.sp-mallorca.com\\\/de\\\/#website\"},\"primaryImageOfPage\":{\"@id\":\"https:\\\/\\\/www.sp-mallorca.com\\\/mallorca-immobilien-kaufen\\\/#primaryimage\"},\"image\":{\"@id\":\"https:\\\/\\\/www.sp-mallorca.com\\\/mallorca-immobilien-kaufen\\\/#primaryimage\"},\"thumbnailUrl\":\"https:\\\/\\\/www.sp-mallorca.com\\\/wp-content\\\/uploads\\\/2017\\\/02\\\/logobig.png\",\"datePublished\":\"2024-11-02T08:55:43+00:00\",\"dateModified\":\"2024-11-03T13:58:57+00:00\",\"description\":\"{:de}haus kaufen mallorca meerblick, Palma de Mallorca Immobilien kaufen, verkaufen, mieten, Meerblick, Finca, Apartment, Penthaus, Wohnung{:}\",\"breadcrumb\":{\"@id\":\"https:\\\/\\\/www.sp-mallorca.com\\\/mallorca-immobilien-kaufen\\\/#breadcrumb\"},\"inLanguage\":\"de\",\"potentialAction\":[{\"@type\":\"ReadAction\",\"target\":[\"https:\\\/\\\/www.sp-mallorca.com\\\/mallorca-immobilien-kaufen\\\/\"]}]},{\"@type\":\"ImageObject\",\"inLanguage\":\"de\",\"@id\":\"https:\\\/\\\/www.sp-mallorca.com\\\/mallorca-immobilien-kaufen\\\/#primaryimage\",\"url\":\"https:\\\/\\\/www.sp-mallorca.com\\\/wp-content\\\/uploads\\\/2017\\\/02\\\/logobig.png\",\"contentUrl\":\"https:\\\/\\\/www.sp-mallorca.com\\\/wp-content\\\/uploads\\\/2017\\\/02\\\/logobig.png\"},{\"@type\":\"BreadcrumbList\",\"@id\":\"https:\\\/\\\/www.sp-mallorca.com\\\/mallorca-immobilien-kaufen\\\/#breadcrumb\",\"itemListElement\":[{\"@type\":\"ListItem\",\"position\":1,\"name\":\"Startseite\",\"item\":\"https:\\\/\\\/www.sp-mallorca.com\\\/\"},{\"@type\":\"ListItem\",\"position\":2,\"name\":\"[:de]Mallorca Immobilien kaufen[:en]Atic\u00f3 buy Majorca[:es]Villa Nova Santa Ponsa[:]\"}]},{\"@type\":\"WebSite\",\"@id\":\"https:\\\/\\\/www.sp-mallorca.com\\\/de\\\/#website\",\"url\":\"https:\\\/\\\/www.sp-mallorca.com\\\/de\\\/\",\"name\":\"Steffek und Partner Immobilien SLU-Mallorca Immobilien Verkauf Vermietung S\u00fcdwesten Mallorca kaufen mieten\",\"description\":\"Mallorca Immobilien, Inmobiliaria, Real Estate, Verkauf und Vermietung, Makler Immobilienb\u00fcro, Agentur Mallorca S\u00fcdwest El Toro Calvi\u00e1 Spanien Spain, Immobilien Mallorca, g\u00fcnstige Immobilien Mallorca, Langzeitmiete Mallorca S\u00fcdwesten, Immobilien Mallorca S\u00fcdwest, Immobilien Mallorca mieten, Santa ponsa Immobilien kaufen. \u00a0 \u00a0\",\"potentialAction\":[{\"@type\":\"SearchAction\",\"target\":{\"@type\":\"EntryPoint\",\"urlTemplate\":\"https:\\\/\\\/www.sp-mallorca.com\\\/de\\\/?s={search_term_string}\"},\"query-input\":{\"@type\":\"PropertyValueSpecification\",\"valueRequired\":true,\"valueName\":\"search_term_string\"}}],\"inLanguage\":\"de\"}]}<\/script>\n<!-- \/ Yoast SEO plugin. -->","yoast_head_json":{"title":"Mallorca Immobilien kaufen - Steffek und Partner Immobilien SLU-Mallorca Immobilien Verkauf Vermietung S\u00fcdwesten Mallorca kaufen mieten","description":"haus kaufen mallorca meerblick, Palma de Mallorca Immobilien kaufen, verkaufen, mieten, Meerblick, Finca, Apartment, Penthaus, Wohnung","robots":{"index":"index","follow":"follow","max-snippet":"max-snippet:-1","max-image-preview":"max-image-preview:large","max-video-preview":"max-video-preview:-1"},"canonical":"https:\/\/www.sp-mallorca.com\/mallorca-immobilien-kaufen\/","og_locale":"de_DE","og_type":"article","og_title":"Mallorca Immobilien kaufen - Steffek und Partner Immobilien SLU-Mallorca Immobilien Verkauf Vermietung S\u00fcdwesten Mallorca kaufen mieten","og_description":"{:de}haus kaufen mallorca meerblick, Palma de Mallorca Immobilien kaufen, verkaufen, mieten, Meerblick, Finca, Apartment, Penthaus, Wohnung{:}","og_url":"https:\/\/www.sp-mallorca.com\/mallorca-immobilien-kaufen\/","og_site_name":"Steffek und Partner Immobilien SLU-Mallorca Immobilien Verkauf Vermietung S\u00fcdwesten Mallorca kaufen mieten","article_modified_time":"2024-11-03T13:58:57+00:00","og_image":[{"width":658,"height":352,"url":"https:\/\/www.sp-mallorca.com\/wp-content\/uploads\/2017\/02\/logobig.png","type":"image\/png"}],"twitter_card":"summary_large_image","twitter_misc":{"Gesch\u00e4tzte Lesezeit":"1\u00a0Minute"},"schema":{"@context":"https:\/\/schema.org","@graph":[{"@type":"WebPage","@id":"https:\/\/www.sp-mallorca.com\/mallorca-immobilien-kaufen\/","url":"https:\/\/www.sp-mallorca.com\/mallorca-immobilien-kaufen\/","name":"Mallorca Immobilien kaufen - Steffek und Partner Immobilien SLU-Mallorca Immobilien Verkauf Vermietung S\u00fcdwesten Mallorca kaufen mieten","isPartOf":{"@id":"https:\/\/www.sp-mallorca.com\/de\/#website"},"primaryImageOfPage":{"@id":"https:\/\/www.sp-mallorca.com\/mallorca-immobilien-kaufen\/#primaryimage"},"image":{"@id":"https:\/\/www.sp-mallorca.com\/mallorca-immobilien-kaufen\/#primaryimage"},"thumbnailUrl":"https:\/\/www.sp-mallorca.com\/wp-content\/uploads\/2017\/02\/logobig.png","datePublished":"2024-11-02T08:55:43+00:00","dateModified":"2024-11-03T13:58:57+00:00","description":"{:de}haus kaufen mallorca meerblick, Palma de Mallorca Immobilien kaufen, verkaufen, mieten, Meerblick, Finca, Apartment, Penthaus, Wohnung{:}","breadcrumb":{"@id":"https:\/\/www.sp-mallorca.com\/mallorca-immobilien-kaufen\/#breadcrumb"},"inLanguage":"de","potentialAction":[{"@type":"ReadAction","target":["https:\/\/www.sp-mallorca.com\/mallorca-immobilien-kaufen\/"]}]},{"@type":"ImageObject","inLanguage":"de","@id":"https:\/\/www.sp-mallorca.com\/mallorca-immobilien-kaufen\/#primaryimage","url":"https:\/\/www.sp-mallorca.com\/wp-content\/uploads\/2017\/02\/logobig.png","contentUrl":"https:\/\/www.sp-mallorca.com\/wp-content\/uploads\/2017\/02\/logobig.png"},{"@type":"BreadcrumbList","@id":"https:\/\/www.sp-mallorca.com\/mallorca-immobilien-kaufen\/#breadcrumb","itemListElement":[{"@type":"ListItem","position":1,"name":"Startseite","item":"https:\/\/www.sp-mallorca.com\/"},{"@type":"ListItem","position":2,"name":"[:de]Mallorca Immobilien kaufen[:en]Atic\u00f3 buy Majorca[:es]Villa Nova Santa Ponsa[:]"}]},{"@type":"WebSite","@id":"https:\/\/www.sp-mallorca.com\/de\/#website","url":"https:\/\/www.sp-mallorca.com\/de\/","name":"Steffek und Partner Immobilien SLU-Mallorca Immobilien Verkauf Vermietung S\u00fcdwesten Mallorca kaufen mieten","description":"Mallorca Immobilien, Inmobiliaria, Real Estate, Verkauf und Vermietung, Makler Immobilienb\u00fcro, Agentur Mallorca S\u00fcdwest El Toro Calvi\u00e1 Spanien Spain, Immobilien Mallorca, g\u00fcnstige Immobilien Mallorca, Langzeitmiete Mallorca S\u00fcdwesten, Immobilien Mallorca S\u00fcdwest, Immobilien Mallorca mieten, Santa ponsa Immobilien kaufen. \u00a0 \u00a0","potentialAction":[{"@type":"SearchAction","target":{"@type":"EntryPoint","urlTemplate":"https:\/\/www.sp-mallorca.com\/de\/?s={search_term_string}"},"query-input":{"@type":"PropertyValueSpecification","valueRequired":true,"valueName":"search_term_string"}}],"inLanguage":"de"}]}},"_links":{"self":[{"href":"https:\/\/www.sp-mallorca.com\/de\/wp-json\/wp\/v2\/pages\/400","targetHints":{"allow":["GET"]}}],"collection":[{"href":"https:\/\/www.sp-mallorca.com\/de\/wp-json\/wp\/v2\/pages"}],"about":[{"href":"https:\/\/www.sp-mallorca.com\/de\/wp-json\/wp\/v2\/types\/page"}],"author":[{"embeddable":true,"href":"https:\/\/www.sp-mallorca.com\/de\/wp-json\/wp\/v2\/users\/5"}],"replies":[{"embeddable":true,"href":"https:\/\/www.sp-mallorca.com\/de\/wp-json\/wp\/v2\/comments?post=400"}],"version-history":[{"count":10,"href":"https:\/\/www.sp-mallorca.com\/de\/wp-json\/wp\/v2\/pages\/400\/revisions"}],"predecessor-version":[{"id":850,"href":"https:\/\/www.sp-mallorca.com\/de\/wp-json\/wp\/v2\/pages\/400\/revisions\/850"}],"wp:attachment":[{"href":"https:\/\/www.sp-mallorca.com\/de\/wp-json\/wp\/v2\/media?parent=400"}],"curies":[{"name":"wp","href":"https:\/\/api.w.org\/{rel}","templated":true}]}}