{"id":331,"date":"2024-11-02T08:49:08","date_gmt":"2024-11-02T07:49:08","guid":{"rendered":"https:\/\/wordpress.p390872.webspaceconfig.de\/?page_id=331"},"modified":"2024-11-03T15:00:25","modified_gmt":"2024-11-03T14:00:25","slug":"mieterinformation","status":"publish","type":"page","link":"https:\/\/www.sp-mallorca.com\/de\/mieten\/mieterinformation\/","title":{"rendered":"Mieterinformation"},"content":{"rendered":"<p>Mallorca exklusive Immobilien kaufen,<br \/>\nverkaufen,<br \/>\nmieten,<br \/>\nMeerblick,<br \/>\nApartment,<br \/>\nPenthaus,<br \/>\nWohnung S\u00fcdwesten,<br \/>\nFinca Grundst\u00fccke,<br \/>\nAtic\u00f3,<br \/>\nbuy, comprar.<\/p>","protected":false},"excerpt":{"rendered":"Mallorca exklusive Immobilien kaufen, verkaufen, mieten, Meerblick, Apartment, Penthaus, Wohnung S\u00fcdwesten, Finca Grundst\u00fccke, Atic\u00f3, buy, comprar.","protected":false},"author":7,"featured_media":0,"parent":46,"menu_order":4,"comment_status":"closed","ping_status":"closed","template":"","meta":{"_acf_changed":false,"footnotes":""},"class_list":["post-331","page","type-page","status-publish","hentry"],"acf":[],"yoast_head":"<!-- This site is optimized with the Yoast SEO plugin v27.4 - https:\/\/yoast.com\/product\/yoast-seo-wordpress\/ -->\n<title>Mieterinformation - Steffek und Partner Immobilien SLU-Mallorca Immobilien Verkauf Vermietung S\u00fcdwesten Mallorca kaufen mieten<\/title>\n<meta name=\"description\" content=\"Mieterinformation Mallorca, exklusive Immobilien, kaufen, verkaufen, mieten, Apartment, Penthaus, Wohnung S\u00fcdwesten, Atic\u00f3, buy, comprar, Finca Grundst\u00fccke\" \/>\n<meta name=\"robots\" content=\"index, follow, max-snippet:-1, max-image-preview:large, max-video-preview:-1\" \/>\n<link rel=\"canonical\" href=\"https:\/\/www.sp-mallorca.com\/mieten\/mieterinformation\/\" \/>\n<meta property=\"og:locale\" content=\"de_DE\" \/>\n<meta property=\"og:type\" content=\"article\" \/>\n<meta property=\"og:title\" content=\"Mieterinformation - Steffek und Partner Immobilien SLU-Mallorca Immobilien Verkauf Vermietung S\u00fcdwesten Mallorca kaufen mieten\" \/>\n<meta property=\"og:description\" content=\"{:de}Mieterinformation Mallorca, exklusive Immobilien, kaufen, verkaufen, mieten, Apartment, Penthaus, Wohnung S\u00fcdwesten, Atic\u00f3, buy, comprar, Finca Grundst\u00fccke{:}\" \/>\n<meta property=\"og:url\" content=\"https:\/\/www.sp-mallorca.com\/mieten\/mieterinformation\/\" \/>\n<meta property=\"og:site_name\" content=\"Steffek und Partner Immobilien SLU-Mallorca Immobilien Verkauf Vermietung S\u00fcdwesten Mallorca kaufen mieten\" \/>\n<meta property=\"article:modified_time\" content=\"2024-11-03T14:00:25+00:00\" \/>\n<meta name=\"twitter:card\" content=\"summary_large_image\" \/>\n<script type=\"application\/ld+json\" class=\"yoast-schema-graph\">{\"@context\":\"https:\\\/\\\/schema.org\",\"@graph\":[{\"@type\":\"WebPage\",\"@id\":\"https:\\\/\\\/www.sp-mallorca.com\\\/mieten\\\/mieterinformation\\\/\",\"url\":\"https:\\\/\\\/www.sp-mallorca.com\\\/mieten\\\/mieterinformation\\\/\",\"name\":\"Mieterinformation - Steffek und Partner Immobilien SLU-Mallorca Immobilien Verkauf Vermietung S\u00fcdwesten Mallorca kaufen mieten\",\"isPartOf\":{\"@id\":\"https:\\\/\\\/www.sp-mallorca.com\\\/de\\\/#website\"},\"datePublished\":\"2024-11-02T07:49:08+00:00\",\"dateModified\":\"2024-11-03T14:00:25+00:00\",\"description\":\"{:de}Mieterinformation Mallorca, exklusive Immobilien, kaufen, verkaufen, mieten, Apartment, Penthaus, Wohnung S\u00fcdwesten, Atic\u00f3, buy, comprar, Finca Grundst\u00fccke{:}\",\"breadcrumb\":{\"@id\":\"https:\\\/\\\/www.sp-mallorca.com\\\/mieten\\\/mieterinformation\\\/#breadcrumb\"},\"inLanguage\":\"de\",\"potentialAction\":[{\"@type\":\"ReadAction\",\"target\":[\"https:\\\/\\\/www.sp-mallorca.com\\\/mieten\\\/mieterinformation\\\/\"]}]},{\"@type\":\"BreadcrumbList\",\"@id\":\"https:\\\/\\\/www.sp-mallorca.com\\\/mieten\\\/mieterinformation\\\/#breadcrumb\",\"itemListElement\":[{\"@type\":\"ListItem\",\"position\":1,\"name\":\"Startseite\",\"item\":\"https:\\\/\\\/www.sp-mallorca.com\\\/\"},{\"@type\":\"ListItem\",\"position\":2,\"name\":\"[:de]Mietobjekte[:en]Rental properties[:es]Mietobjekte[:]\",\"item\":\"https:\\\/\\\/www.sp-mallorca.com\\\/mieten\\\/\"},{\"@type\":\"ListItem\",\"position\":3,\"name\":\"[:de]Mieterinformation[:en]Tenant information[:es]La informaci\u00f3n del arrendatario[:]\"}]},{\"@type\":\"WebSite\",\"@id\":\"https:\\\/\\\/www.sp-mallorca.com\\\/de\\\/#website\",\"url\":\"https:\\\/\\\/www.sp-mallorca.com\\\/de\\\/\",\"name\":\"Steffek und Partner Immobilien SLU-Mallorca Immobilien Verkauf Vermietung S\u00fcdwesten Mallorca kaufen mieten\",\"description\":\"Mallorca Immobilien, Inmobiliaria, Real Estate, Verkauf und Vermietung, Makler Immobilienb\u00fcro, Agentur Mallorca S\u00fcdwest El Toro Calvi\u00e1 Spanien Spain, Immobilien Mallorca, g\u00fcnstige Immobilien Mallorca, Langzeitmiete Mallorca S\u00fcdwesten, Immobilien Mallorca S\u00fcdwest, Immobilien Mallorca mieten, Santa ponsa Immobilien kaufen. \u00a0 \u00a0\",\"potentialAction\":[{\"@type\":\"SearchAction\",\"target\":{\"@type\":\"EntryPoint\",\"urlTemplate\":\"https:\\\/\\\/www.sp-mallorca.com\\\/de\\\/?s={search_term_string}\"},\"query-input\":{\"@type\":\"PropertyValueSpecification\",\"valueRequired\":true,\"valueName\":\"search_term_string\"}}],\"inLanguage\":\"de\"}]}<\/script>\n<!-- \/ Yoast SEO plugin. -->","yoast_head_json":{"title":"Mieterinformation - Steffek und Partner Immobilien SLU-Mallorca Immobilien Verkauf Vermietung S\u00fcdwesten Mallorca kaufen mieten","description":"Mieterinformation Mallorca, exklusive Immobilien, kaufen, verkaufen, mieten, Apartment, Penthaus, Wohnung S\u00fcdwesten, Atic\u00f3, buy, comprar, Finca Grundst\u00fccke","robots":{"index":"index","follow":"follow","max-snippet":"max-snippet:-1","max-image-preview":"max-image-preview:large","max-video-preview":"max-video-preview:-1"},"canonical":"https:\/\/www.sp-mallorca.com\/mieten\/mieterinformation\/","og_locale":"de_DE","og_type":"article","og_title":"Mieterinformation - Steffek und Partner Immobilien SLU-Mallorca Immobilien Verkauf Vermietung S\u00fcdwesten Mallorca kaufen mieten","og_description":"{:de}Mieterinformation Mallorca, exklusive Immobilien, kaufen, verkaufen, mieten, Apartment, Penthaus, Wohnung S\u00fcdwesten, Atic\u00f3, buy, comprar, Finca Grundst\u00fccke{:}","og_url":"https:\/\/www.sp-mallorca.com\/mieten\/mieterinformation\/","og_site_name":"Steffek und Partner Immobilien SLU-Mallorca Immobilien Verkauf Vermietung S\u00fcdwesten Mallorca kaufen mieten","article_modified_time":"2024-11-03T14:00:25+00:00","twitter_card":"summary_large_image","schema":{"@context":"https:\/\/schema.org","@graph":[{"@type":"WebPage","@id":"https:\/\/www.sp-mallorca.com\/mieten\/mieterinformation\/","url":"https:\/\/www.sp-mallorca.com\/mieten\/mieterinformation\/","name":"Mieterinformation - Steffek und Partner Immobilien SLU-Mallorca Immobilien Verkauf Vermietung S\u00fcdwesten Mallorca kaufen mieten","isPartOf":{"@id":"https:\/\/www.sp-mallorca.com\/de\/#website"},"datePublished":"2024-11-02T07:49:08+00:00","dateModified":"2024-11-03T14:00:25+00:00","description":"{:de}Mieterinformation Mallorca, exklusive Immobilien, kaufen, verkaufen, mieten, Apartment, Penthaus, Wohnung S\u00fcdwesten, Atic\u00f3, buy, comprar, Finca Grundst\u00fccke{:}","breadcrumb":{"@id":"https:\/\/www.sp-mallorca.com\/mieten\/mieterinformation\/#breadcrumb"},"inLanguage":"de","potentialAction":[{"@type":"ReadAction","target":["https:\/\/www.sp-mallorca.com\/mieten\/mieterinformation\/"]}]},{"@type":"BreadcrumbList","@id":"https:\/\/www.sp-mallorca.com\/mieten\/mieterinformation\/#breadcrumb","itemListElement":[{"@type":"ListItem","position":1,"name":"Startseite","item":"https:\/\/www.sp-mallorca.com\/"},{"@type":"ListItem","position":2,"name":"[:de]Mietobjekte[:en]Rental properties[:es]Mietobjekte[:]","item":"https:\/\/www.sp-mallorca.com\/mieten\/"},{"@type":"ListItem","position":3,"name":"[:de]Mieterinformation[:en]Tenant information[:es]La informaci\u00f3n del arrendatario[:]"}]},{"@type":"WebSite","@id":"https:\/\/www.sp-mallorca.com\/de\/#website","url":"https:\/\/www.sp-mallorca.com\/de\/","name":"Steffek und Partner Immobilien SLU-Mallorca Immobilien Verkauf Vermietung S\u00fcdwesten Mallorca kaufen mieten","description":"Mallorca Immobilien, Inmobiliaria, Real Estate, Verkauf und Vermietung, Makler Immobilienb\u00fcro, Agentur Mallorca S\u00fcdwest El Toro Calvi\u00e1 Spanien Spain, Immobilien Mallorca, g\u00fcnstige Immobilien Mallorca, Langzeitmiete Mallorca S\u00fcdwesten, Immobilien Mallorca S\u00fcdwest, Immobilien Mallorca mieten, Santa ponsa Immobilien kaufen. \u00a0 \u00a0","potentialAction":[{"@type":"SearchAction","target":{"@type":"EntryPoint","urlTemplate":"https:\/\/www.sp-mallorca.com\/de\/?s={search_term_string}"},"query-input":{"@type":"PropertyValueSpecification","valueRequired":true,"valueName":"search_term_string"}}],"inLanguage":"de"}]}},"_links":{"self":[{"href":"https:\/\/www.sp-mallorca.com\/de\/wp-json\/wp\/v2\/pages\/331","targetHints":{"allow":["GET"]}}],"collection":[{"href":"https:\/\/www.sp-mallorca.com\/de\/wp-json\/wp\/v2\/pages"}],"about":[{"href":"https:\/\/www.sp-mallorca.com\/de\/wp-json\/wp\/v2\/types\/page"}],"author":[{"embeddable":true,"href":"https:\/\/www.sp-mallorca.com\/de\/wp-json\/wp\/v2\/users\/7"}],"replies":[{"embeddable":true,"href":"https:\/\/www.sp-mallorca.com\/de\/wp-json\/wp\/v2\/comments?post=331"}],"version-history":[{"count":4,"href":"https:\/\/www.sp-mallorca.com\/de\/wp-json\/wp\/v2\/pages\/331\/revisions"}],"predecessor-version":[{"id":851,"href":"https:\/\/www.sp-mallorca.com\/de\/wp-json\/wp\/v2\/pages\/331\/revisions\/851"}],"up":[{"embeddable":true,"href":"https:\/\/www.sp-mallorca.com\/de\/wp-json\/wp\/v2\/pages\/46"}],"wp:attachment":[{"href":"https:\/\/www.sp-mallorca.com\/de\/wp-json\/wp\/v2\/media?parent=331"}],"curies":[{"name":"wp","href":"https:\/\/api.w.org\/{rel}","templated":true}]}}