{"id":174,"date":"2024-11-02T09:56:34","date_gmt":"2024-11-02T08:56:34","guid":{"rendered":"https:\/\/wordpress.p390872.webspaceconfig.de\/?page_id=174"},"modified":"2024-11-03T14:59:37","modified_gmt":"2024-11-03T13:59:37","slug":"grundstuecke","status":"publish","type":"page","link":"https:\/\/www.sp-mallorca.com\/de\/grundstuecke\/","title":{"rendered":"Grundst\u00fccke"},"content":{"rendered":"\r\n\r\n\r\n<div class=\"anzahlangebote half\">\r\n\r\n\r\n\r\n\r\n\r\n\r\n 8 Angebote gefunden <\/div>\r\n \r\n<div class=\"sort-controls half\">\r\n\t\t\t\t\t\t\t\t\t\t\t\t\t\t\t\t<div class=\"sorttest\"><select name=\"userDefinedSelection\" autocomplete=\"off\" title=\"Sorting\" data-sort-listviewid=\"10\" class=\"onofficeSortListSelector\"><option value=\"erstellt_am#ASC\" >erstellt am (niedrigste zuerst)<\/option><option value=\"erstellt_am#DESC\"  selected>erstellt am (h\u00f6chste zuerst)<\/option><option value=\"kaufpreis#ASC\" >Preis (niedrigste zuerst)<\/option><option value=\"kaufpreis#DESC\" >Preis (h\u00f6chste zuerst)<\/option><option value=\"anzahl_zimmer#ASC\" >Anzahl Zimmer (niedrigste zuerst)<\/option><option value=\"anzahl_zimmer#DESC\" >Anzahl Zimmer (h\u00f6chste zuerst)<\/option><\/select><\/div>\t\r\n\t\t\t\t\t\t<\/div>\r\n\t\t\r\n\r\n <div class=\"clearfix\"><\/div>\r\n\r\n\r\n<div class=\"list\">\r\n\t<div class=\"full clearfix listsearch\">\r\n\t\r\n\t\t\r\n\t\t<div class=\"obj-listobject-image one-third\">\r\n\t\t\t<div class=\"listimage\" style=\"background-image:url('https:\/\/image.onoffice.de\/smart20\/Objekte\/SteffekundPartner\/8045\/a0ebbba8-ac79-40d8-bcab-a1644405ba6c.jpg@450x300')\">\r\n\t\t\t\r\n\t\t\t\t\r\n\t\t\t\r\n\t\t\t<\/div>\r\n\t\t<\/div>\r\n\t\t\t\t\t<div class=\"obj-listobject-right two-thirds\">\r\n\t\t\t<div class=\"obj-listobject-title bgturquoise\">\r\n\t\t\t\t\t\t<div class=\"clearfix\">\r\n\t\t\t\t<div class=\"three-fourth objtitel\">Doppelgrundst\u00fcck mit g\u00fcltiger Baulizenz f\u00fcr sofortigen Baustart in 07180<\/div>\r\n\t\t\t\t<div class=\"one-fourth refnumber\">G-3022 <span style=\"display:none;\"><\/div>\r\n\t\t\t<\/div>\r\n\t\t\t<div class=\"obj-listobject-infos clearfix\">\r\n\t\t\t\t<div class=\"half\">\r\n\t\t\t\t\t<div class=\"clearfix\"><div class=\"two-thirds list\">Anzahl Badezimmer<\/div><div class=\"one-third list\">4<\/div><\/div><div class=\"clearfix\"><div class=\"two-thirds list\">Anzahl Schlafzimmer<\/div><div class=\"one-third list\">4<\/div><\/div>\t\t\t\t<\/div>\r\n\t\t\t\t<div class=\"half\">\r\n\t\t\t\t\t\t<div class=\"clearfix\"><div class=\"half list\">Preis<\/div><div class=\"half list clearfix\">1.300.000 \u20ac<\/div><\/div>\r\n\t\t\t\t\t\t\t<a class=\"round bgpink right\" href=\"https:\/\/www.sp-mallorca.com\/de\/detailansicht\/8045-doppelgrundstueck-mit-gueltiger-baulizenz-fuer\/?status\">Details<\/a>\r\n\t\t\t\t\t\t\t<a class=\"round bgpink left\" href=\"https:\/\/www.sp-mallorca.com\/de\/detailansicht\/8045-doppelgrundstueck-mit-gueltiger-baulizenz-fuer\/?status#sofortanfrage\">Anfrage<\/a>\r\n\t\t\t\t<\/div>\r\n\t\t\t<\/div>\r\n\t\t<\/div>\t\r\n\t\t<\/div>\r\n\t<\/div>\r\n\t<div class=\"full clearfix listsearch\">\r\n\t\r\n\t\t\r\n\t\t<div class=\"obj-listobject-image one-third\">\r\n\t\t\t<div class=\"listimage\" style=\"background-image:url('https:\/\/image.onoffice.de\/smart20\/Objekte\/SteffekundPartner\/6579\/_38835.jpg@450x300')\">\r\n\t\t\t\r\n\t\t\t\t\r\n\t\t\t\r\n\t\t\t<\/div>\r\n\t\t<\/div>\r\n\t\t\t\t\t<div class=\"obj-listobject-right two-thirds\">\r\n\t\t\t<div class=\"obj-listobject-title bgturquoise\">\r\n\t\t\t\t\t\t<div class=\"clearfix\">\r\n\t\t\t\t<div class=\"three-fourth objtitel\">Meerblick Grundst\u00fcck in Nova Santa Ponsa in Calvi\u00e0 \/ Santa Pon\u00e7a<\/div>\r\n\t\t\t\t<div class=\"one-fourth refnumber\">G-2834 <span style=\"display:none;\"><\/div>\r\n\t\t\t<\/div>\r\n\t\t\t<div class=\"obj-listobject-infos clearfix\">\r\n\t\t\t\t<div class=\"half\">\r\n\t\t\t\t\t\t\t\t\t<\/div>\r\n\t\t\t\t<div class=\"half\">\r\n\t\t\t\t\t\t<div class=\"clearfix\"><div class=\"half list\">Preis<\/div><div class=\"half list clearfix\">2.600.000 \u20ac<\/div><\/div>\r\n\t\t\t\t\t\t\t<a class=\"round bgpink right\" href=\"https:\/\/www.sp-mallorca.com\/de\/detailansicht\/6579-meerblick-grundstueck-in-nova-santa\/?status\">Details<\/a>\r\n\t\t\t\t\t\t\t<a class=\"round bgpink left\" href=\"https:\/\/www.sp-mallorca.com\/de\/detailansicht\/6579-meerblick-grundstueck-in-nova-santa\/?status#sofortanfrage\">Anfrage<\/a>\r\n\t\t\t\t<\/div>\r\n\t\t\t<\/div>\r\n\t\t<\/div>\t\r\n\t\t<\/div>\r\n\t<\/div>\r\n\t<div class=\"full clearfix listsearch\">\r\n\t\r\n\t\t\r\n\t\t<div class=\"obj-listobject-image one-third\">\r\n\t\t\t<div class=\"listimage\" style=\"background-image:url('https:\/\/image.onoffice.de\/smart20\/Objekte\/SteffekundPartner\/6351\/596ec89c-6b12-4dff-a0c9-24a16ab25b4a.jpg@450x300')\">\r\n\t\t\t\r\n\t\t\t\t\r\n\t\t\t\r\n\t\t\t<\/div>\r\n\t\t<\/div>\r\n\t\t\t\t\t<div class=\"obj-listobject-right two-thirds\">\r\n\t\t\t<div class=\"obj-listobject-title bgturquoise\">\r\n\t\t\t\t\t\t<div class=\"clearfix\">\r\n\t\t\t\t<div class=\"three-fourth objtitel\">Baugrundst\u00fcck in Calvia Dorf in Calvia<\/div>\r\n\t\t\t\t<div class=\"one-fourth refnumber\">G-2840-jt <span style=\"display:none;\"><\/div>\r\n\t\t\t<\/div>\r\n\t\t\t<div class=\"obj-listobject-infos clearfix\">\r\n\t\t\t\t<div class=\"half\">\r\n\t\t\t\t\t\t\t\t\t<\/div>\r\n\t\t\t\t<div class=\"half\">\r\n\t\t\t\t\t\t<div class=\"clearfix\"><div class=\"half list\">Preis<\/div><div class=\"half list clearfix\">180.000 \u20ac<\/div><\/div>\r\n\t\t\t\t\t\t\t<a class=\"round bgpink right\" href=\"https:\/\/www.sp-mallorca.com\/de\/detailansicht\/6351-baugrundstueck-in-calvia-dorf\/?status\">Details<\/a>\r\n\t\t\t\t\t\t\t<a class=\"round bgpink left\" href=\"https:\/\/www.sp-mallorca.com\/de\/detailansicht\/6351-baugrundstueck-in-calvia-dorf\/?status#sofortanfrage\">Anfrage<\/a>\r\n\t\t\t\t<\/div>\r\n\t\t\t<\/div>\r\n\t\t<\/div>\t\r\n\t\t<\/div>\r\n\t<\/div>\r\n\t<div class=\"full clearfix listsearch\">\r\n\t\r\n\t\t\r\n\t\t<div class=\"obj-listobject-image one-third\">\r\n\t\t\t<div class=\"listimage\" style=\"background-image:url('https:\/\/image.onoffice.de\/smart20\/Objekte\/SteffekundPartner\/5285\/Foto_31321.jpg@450x300')\">\r\n\t\t\t\r\n\t\t\t\t\r\n\t\t\t\r\n\t\t\t<\/div>\r\n\t\t<\/div>\r\n\t\t\t\t\t<div class=\"obj-listobject-right two-thirds\">\r\n\t\t\t<div class=\"obj-listobject-title bgturquoise\">\r\n\t\t\t\t\t\t<div class=\"clearfix\">\r\n\t\t\t\t<div class=\"three-fourth objtitel\">Baugrundst\u00fcck mit Projekt - sofort Bau beginnen in Son Ferrer<\/div>\r\n\t\t\t\t<div class=\"one-fourth refnumber\">G-2674 <span style=\"display:none;\"><\/div>\r\n\t\t\t<\/div>\r\n\t\t\t<div class=\"obj-listobject-infos clearfix\">\r\n\t\t\t\t<div class=\"half\">\r\n\t\t\t\t\t\t\t\t\t<\/div>\r\n\t\t\t\t<div class=\"half\">\r\n\t\t\t\t\t\t<div class=\"clearfix\"><div class=\"half list\">Preis<\/div><div class=\"half list clearfix\">329.000 \u20ac<\/div><\/div>\r\n\t\t\t\t\t\t\t<a class=\"round bgpink right\" href=\"https:\/\/www.sp-mallorca.com\/de\/detailansicht\/5285-baugrundstueck-mit-projekt-sofort-bau\/?status\">Details<\/a>\r\n\t\t\t\t\t\t\t<a class=\"round bgpink left\" href=\"https:\/\/www.sp-mallorca.com\/de\/detailansicht\/5285-baugrundstueck-mit-projekt-sofort-bau\/?status#sofortanfrage\">Anfrage<\/a>\r\n\t\t\t\t<\/div>\r\n\t\t\t<\/div>\r\n\t\t<\/div>\t\r\n\t\t<\/div>\r\n\t<\/div>\r\n\t<div class=\"full clearfix listsearch\">\r\n\t\r\n\t\t\r\n\t\t<div class=\"obj-listobject-image one-third\">\r\n\t\t\t<div class=\"listimage\" style=\"background-image:url('https:\/\/image.onoffice.de\/smart20\/Objekte\/SteffekundPartner\/4977\/Titelbild_29221.jpg@450x300')\">\r\n\t\t\t\r\n\t\t\t\t\r\n\t\t\t\r\n\t\t\t<\/div>\r\n\t\t<\/div>\r\n\t\t\t\t\t<div class=\"obj-listobject-right two-thirds\">\r\n\t\t\t<div class=\"obj-listobject-title bgturquoise\">\r\n\t\t\t\t\t\t<div class=\"clearfix\">\r\n\t\t\t\t<div class=\"three-fourth objtitel\">Grundstueck in Calvia zu kaufen in Calvia<\/div>\r\n\t\t\t\t<div class=\"one-fourth refnumber\">G-2639 <span style=\"display:none;\"><\/div>\r\n\t\t\t<\/div>\r\n\t\t\t<div class=\"obj-listobject-infos clearfix\">\r\n\t\t\t\t<div class=\"half\">\r\n\t\t\t\t\t\t\t\t\t<\/div>\r\n\t\t\t\t<div class=\"half\">\r\n\t\t\t\t\t\t<div class=\"clearfix\"><div class=\"half list\">Preis<\/div><div class=\"half list clearfix\">405.000 \u20ac<\/div><\/div>\r\n\t\t\t\t\t\t\t<a class=\"round bgpink right\" href=\"https:\/\/www.sp-mallorca.com\/de\/detailansicht\/4977-grundstueck-in-calvia-zu-kaufen\/?status\">Details<\/a>\r\n\t\t\t\t\t\t\t<a class=\"round bgpink left\" href=\"https:\/\/www.sp-mallorca.com\/de\/detailansicht\/4977-grundstueck-in-calvia-zu-kaufen\/?status#sofortanfrage\">Anfrage<\/a>\r\n\t\t\t\t<\/div>\r\n\t\t\t<\/div>\r\n\t\t<\/div>\t\r\n\t\t<\/div>\r\n\t<\/div>\r\n\t<div class=\"full clearfix listsearch\">\r\n\t\r\n\t\t\r\n\t\t<div class=\"obj-listobject-image one-third\">\r\n\t\t\t<div class=\"listimage\" style=\"background-image:url('https:\/\/image.onoffice.de\/smart20\/Objekte\/SteffekundPartner\/4961\/Titelbild_29187.jpg@450x300')\">\r\n\t\t\t\r\n\t\t\t\t\r\n\t\t\t\r\n\t\t\t<\/div>\r\n\t\t<\/div>\r\n\t\t\t\t\t<div class=\"obj-listobject-right two-thirds\">\r\n\t\t\t<div class=\"obj-listobject-title bgturquoise\">\r\n\t\t\t\t\t\t<div class=\"clearfix\">\r\n\t\t\t\t<div class=\"three-fourth objtitel\">Fantastischen Baugrundst\u00fcck mit Weitblick bis Camp de Mar in Calvia Dorf in&hellip;<\/div>\r\n\t\t\t\t<div class=\"one-fourth refnumber\">G-2637 <span style=\"display:none;\"><\/div>\r\n\t\t\t<\/div>\r\n\t\t\t<div class=\"obj-listobject-infos clearfix\">\r\n\t\t\t\t<div class=\"half\">\r\n\t\t\t\t\t\t\t\t\t<\/div>\r\n\t\t\t\t<div class=\"half\">\r\n\t\t\t\t\t\t<div class=\"clearfix\"><div class=\"half list\">Preis<\/div><div class=\"half list clearfix\">475.000 \u20ac<\/div><\/div>\r\n\t\t\t\t\t\t\t<a class=\"round bgpink right\" href=\"https:\/\/www.sp-mallorca.com\/de\/detailansicht\/4961-fantastischen-baugrundstueck-mit-weitblick-bis\/?status\">Details<\/a>\r\n\t\t\t\t\t\t\t<a class=\"round bgpink left\" href=\"https:\/\/www.sp-mallorca.com\/de\/detailansicht\/4961-fantastischen-baugrundstueck-mit-weitblick-bis\/?status#sofortanfrage\">Anfrage<\/a>\r\n\t\t\t\t<\/div>\r\n\t\t\t<\/div>\r\n\t\t<\/div>\t\r\n\t\t<\/div>\r\n\t<\/div>\r\n\t<div class=\"full clearfix listsearch\">\r\n\t\r\n\t\t\r\n\t\t<div class=\"obj-listobject-image one-third\">\r\n\t\t\t<div class=\"listimage\" style=\"background-image:url('https:\/\/image.onoffice.de\/smart20\/Objekte\/SteffekundPartner\/4571\/Titelbild_26729.jpg@450x300')\">\r\n\t\t\t\r\n\t\t\t\t\t\t\r\n\t\t\t<p class=\"ref sold\">Reserviert<\/p> \r\n\t\t\t\t\r\n\t\t\t\r\n\t\t\t<\/div>\r\n\t\t<\/div>\r\n\t\t\t\t\t<div class=\"obj-listobject-right two-thirds\">\r\n\t\t\t<div class=\"obj-listobject-title bgturquoise\">\r\n\t\t\t\t\t\t<div class=\"clearfix\">\r\n\t\t\t\t<div class=\"three-fourth objtitel\">Meerblick Grundst\u00fcck kaufen in Calvi\u00e0 \/ Costa de la Calma<\/div>\r\n\t\t\t\t<div class=\"one-fourth refnumber\">G-2578-m <span style=\"display:none;\"><\/div>\r\n\t\t\t<\/div>\r\n\t\t\t<div class=\"obj-listobject-infos clearfix\">\r\n\t\t\t\t<div class=\"half\">\r\n\t\t\t\t\t\t\t\t\t<\/div>\r\n\t\t\t\t<div class=\"half\">\r\n\t\t\t\t\t\t<div class=\"clearfix\"><div class=\"half list\">Preis<\/div><div class=\"half list clearfix\">630.000 \u20ac<\/div><\/div>\r\n\t\t\t\t\t\t\t<a class=\"round bgpink right\" href=\"https:\/\/www.sp-mallorca.com\/de\/detailansicht\/4571-meerblick-grundstueck-kaufen\/?status=reserviert\">Details<\/a>\r\n\t\t\t\t\t\t\t<a class=\"round bgpink left\" href=\"https:\/\/www.sp-mallorca.com\/de\/detailansicht\/4571-meerblick-grundstueck-kaufen\/?status=reserviert#sofortanfrage\">Anfrage<\/a>\r\n\t\t\t\t<\/div>\r\n\t\t\t<\/div>\r\n\t\t<\/div>\t\r\n\t\t<\/div>\r\n\t<\/div>\r\n\t<div class=\"full clearfix listsearch\">\r\n\t\r\n\t\t\r\n\t\t<div class=\"obj-listobject-image one-third\">\r\n\t\t\t<div class=\"listimage\" style=\"background-image:url('https:\/\/image.onoffice.de\/smart20\/Objekte\/SteffekundPartner\/4337\/Foto_29723.jpg@450x300')\">\r\n\t\t\t\r\n\t\t\t\t\r\n\t\t\t\r\n\t\t\t<\/div>\r\n\t\t<\/div>\r\n\t\t\t\t\t<div class=\"obj-listobject-right two-thirds\">\r\n\t\t\t<div class=\"obj-listobject-title bgturquoise\">\r\n\t\t\t\t\t\t<div class=\"clearfix\">\r\n\t\t\t\t<div class=\"three-fourth objtitel\">Meerblick Bau Grundst\u00fcck Mallorca in Calvi\u00e0 \/ Costa de la Calma<\/div>\r\n\t\t\t\t<div class=\"one-fourth refnumber\">G-2534 <span style=\"display:none;\"><\/div>\r\n\t\t\t<\/div>\r\n\t\t\t<div class=\"obj-listobject-infos clearfix\">\r\n\t\t\t\t<div class=\"half\">\r\n\t\t\t\t\t\t\t\t\t<\/div>\r\n\t\t\t\t<div class=\"half\">\r\n\t\t\t\t\t\t<div class=\"clearfix\"><div class=\"half list\">Preis<\/div><div class=\"half list clearfix\">1.990.000 \u20ac<\/div><\/div>\r\n\t\t\t\t\t\t\t<a class=\"round bgpink right\" href=\"https:\/\/www.sp-mallorca.com\/de\/detailansicht\/4337-meerblick-bau-grundstueck-mallorca\/?status\">Details<\/a>\r\n\t\t\t\t\t\t\t<a class=\"round bgpink left\" href=\"https:\/\/www.sp-mallorca.com\/de\/detailansicht\/4337-meerblick-bau-grundstueck-mallorca\/?status#sofortanfrage\">Anfrage<\/a>\r\n\t\t\t\t<\/div>\r\n\t\t\t<\/div>\r\n\t\t<\/div>\t\r\n\t\t<\/div>\r\n\t<\/div>\r\n<\/div>\r\n\n","protected":false},"excerpt":{"rendered":"","protected":false},"author":7,"featured_media":0,"parent":0,"menu_order":3,"comment_status":"closed","ping_status":"closed","template":"","meta":{"_acf_changed":false,"footnotes":""},"class_list":["post-174","page","type-page","status-publish","hentry"],"acf":[],"yoast_head":"<!-- This site is optimized with the Yoast SEO plugin v27.5 - https:\/\/yoast.com\/product\/yoast-seo-wordpress\/ -->\n<title>Grundst\u00fccke - Steffek und Partner Immobilien SLU-Mallorca Immobilien Verkauf Vermietung S\u00fcdwesten Mallorca kaufen mieten<\/title>\n<meta name=\"description\" content=\"Grundst\u00fccke Mallorca, exklusive Immobilien, kaufen, verkaufen, mieten, Meerblick, Apartment, Penthaus, Wohnung S\u00fcdwesten, Atic\u00f3, buy, comprar, Finca\" \/>\n<meta name=\"robots\" content=\"index, follow, max-snippet:-1, max-image-preview:large, max-video-preview:-1\" \/>\n<link rel=\"canonical\" href=\"https:\/\/www.sp-mallorca.com\/grundstuecke\/\" \/>\n<meta property=\"og:locale\" content=\"de_DE\" \/>\n<meta property=\"og:type\" content=\"article\" \/>\n<meta property=\"og:title\" content=\"Grundst\u00fccke - Steffek und Partner Immobilien SLU-Mallorca Immobilien Verkauf Vermietung S\u00fcdwesten Mallorca kaufen mieten\" \/>\n<meta property=\"og:description\" content=\"{:de}Grundst\u00fccke Mallorca, exklusive Immobilien, kaufen, verkaufen, mieten, Meerblick, Apartment, Penthaus, Wohnung S\u00fcdwesten, Atic\u00f3, buy, comprar, Finca{:en}Grundst\u00fccke{:es}Grundst\u00fccke{:}\" \/>\n<meta property=\"og:url\" content=\"https:\/\/www.sp-mallorca.com\/grundstuecke\/\" \/>\n<meta property=\"og:site_name\" content=\"Steffek und Partner Immobilien SLU-Mallorca Immobilien Verkauf Vermietung S\u00fcdwesten Mallorca kaufen mieten\" \/>\n<meta property=\"article:modified_time\" content=\"2024-11-03T13:59:37+00:00\" \/>\n<meta name=\"twitter:card\" content=\"summary_large_image\" \/>\n<script type=\"application\/ld+json\" class=\"yoast-schema-graph\">{\"@context\":\"https:\\\/\\\/schema.org\",\"@graph\":[{\"@type\":\"WebPage\",\"@id\":\"https:\\\/\\\/www.sp-mallorca.com\\\/grundstuecke\\\/\",\"url\":\"https:\\\/\\\/www.sp-mallorca.com\\\/grundstuecke\\\/\",\"name\":\"Grundst\u00fccke - Steffek und Partner Immobilien SLU-Mallorca Immobilien Verkauf Vermietung S\u00fcdwesten Mallorca kaufen mieten\",\"isPartOf\":{\"@id\":\"https:\\\/\\\/www.sp-mallorca.com\\\/de\\\/#website\"},\"datePublished\":\"2024-11-02T08:56:34+00:00\",\"dateModified\":\"2024-11-03T13:59:37+00:00\",\"description\":\"{:de}Grundst\u00fccke Mallorca, exklusive Immobilien, kaufen, verkaufen, mieten, Meerblick, Apartment, Penthaus, Wohnung S\u00fcdwesten, Atic\u00f3, buy, comprar, Finca{:en}Grundst\u00fccke{:es}Grundst\u00fccke{:}\",\"breadcrumb\":{\"@id\":\"https:\\\/\\\/www.sp-mallorca.com\\\/grundstuecke\\\/#breadcrumb\"},\"inLanguage\":\"de\",\"potentialAction\":[{\"@type\":\"ReadAction\",\"target\":[\"https:\\\/\\\/www.sp-mallorca.com\\\/grundstuecke\\\/\"]}]},{\"@type\":\"BreadcrumbList\",\"@id\":\"https:\\\/\\\/www.sp-mallorca.com\\\/grundstuecke\\\/#breadcrumb\",\"itemListElement\":[{\"@type\":\"ListItem\",\"position\":1,\"name\":\"Startseite\",\"item\":\"https:\\\/\\\/www.sp-mallorca.com\\\/\"},{\"@type\":\"ListItem\",\"position\":2,\"name\":\"[:de]Grundst\u00fccke[:en]Site[:es]Terrenos \\\/ Solares[:]\"}]},{\"@type\":\"WebSite\",\"@id\":\"https:\\\/\\\/www.sp-mallorca.com\\\/de\\\/#website\",\"url\":\"https:\\\/\\\/www.sp-mallorca.com\\\/de\\\/\",\"name\":\"Steffek und Partner Immobilien SLU-Mallorca Immobilien Verkauf Vermietung S\u00fcdwesten Mallorca kaufen mieten\",\"description\":\"Mallorca Immobilien, Inmobiliaria, Real Estate, Verkauf und Vermietung, Makler Immobilienb\u00fcro, Agentur Mallorca S\u00fcdwest El Toro Calvi\u00e1 Spanien Spain, Immobilien Mallorca, g\u00fcnstige Immobilien Mallorca, Langzeitmiete Mallorca S\u00fcdwesten, Immobilien Mallorca S\u00fcdwest, Immobilien Mallorca mieten, Santa ponsa Immobilien kaufen. \u00a0 \u00a0\",\"potentialAction\":[{\"@type\":\"SearchAction\",\"target\":{\"@type\":\"EntryPoint\",\"urlTemplate\":\"https:\\\/\\\/www.sp-mallorca.com\\\/de\\\/?s={search_term_string}\"},\"query-input\":{\"@type\":\"PropertyValueSpecification\",\"valueRequired\":true,\"valueName\":\"search_term_string\"}}],\"inLanguage\":\"de\"}]}<\/script>\n<!-- \/ Yoast SEO plugin. -->","yoast_head_json":{"title":"Grundst\u00fccke - Steffek und Partner Immobilien SLU-Mallorca Immobilien Verkauf Vermietung S\u00fcdwesten Mallorca kaufen mieten","description":"Grundst\u00fccke Mallorca, exklusive Immobilien, kaufen, verkaufen, mieten, Meerblick, Apartment, Penthaus, Wohnung S\u00fcdwesten, Atic\u00f3, buy, comprar, Finca","robots":{"index":"index","follow":"follow","max-snippet":"max-snippet:-1","max-image-preview":"max-image-preview:large","max-video-preview":"max-video-preview:-1"},"canonical":"https:\/\/www.sp-mallorca.com\/grundstuecke\/","og_locale":"de_DE","og_type":"article","og_title":"Grundst\u00fccke - Steffek und Partner Immobilien SLU-Mallorca Immobilien Verkauf Vermietung S\u00fcdwesten Mallorca kaufen mieten","og_description":"{:de}Grundst\u00fccke Mallorca, exklusive Immobilien, kaufen, verkaufen, mieten, Meerblick, Apartment, Penthaus, Wohnung S\u00fcdwesten, Atic\u00f3, buy, comprar, Finca{:en}Grundst\u00fccke{:es}Grundst\u00fccke{:}","og_url":"https:\/\/www.sp-mallorca.com\/grundstuecke\/","og_site_name":"Steffek und Partner Immobilien SLU-Mallorca Immobilien Verkauf Vermietung S\u00fcdwesten Mallorca kaufen mieten","article_modified_time":"2024-11-03T13:59:37+00:00","twitter_card":"summary_large_image","schema":{"@context":"https:\/\/schema.org","@graph":[{"@type":"WebPage","@id":"https:\/\/www.sp-mallorca.com\/grundstuecke\/","url":"https:\/\/www.sp-mallorca.com\/grundstuecke\/","name":"Grundst\u00fccke - Steffek und Partner Immobilien SLU-Mallorca Immobilien Verkauf Vermietung S\u00fcdwesten Mallorca kaufen mieten","isPartOf":{"@id":"https:\/\/www.sp-mallorca.com\/de\/#website"},"datePublished":"2024-11-02T08:56:34+00:00","dateModified":"2024-11-03T13:59:37+00:00","description":"{:de}Grundst\u00fccke Mallorca, exklusive Immobilien, kaufen, verkaufen, mieten, Meerblick, Apartment, Penthaus, Wohnung S\u00fcdwesten, Atic\u00f3, buy, comprar, Finca{:en}Grundst\u00fccke{:es}Grundst\u00fccke{:}","breadcrumb":{"@id":"https:\/\/www.sp-mallorca.com\/grundstuecke\/#breadcrumb"},"inLanguage":"de","potentialAction":[{"@type":"ReadAction","target":["https:\/\/www.sp-mallorca.com\/grundstuecke\/"]}]},{"@type":"BreadcrumbList","@id":"https:\/\/www.sp-mallorca.com\/grundstuecke\/#breadcrumb","itemListElement":[{"@type":"ListItem","position":1,"name":"Startseite","item":"https:\/\/www.sp-mallorca.com\/"},{"@type":"ListItem","position":2,"name":"[:de]Grundst\u00fccke[:en]Site[:es]Terrenos \/ Solares[:]"}]},{"@type":"WebSite","@id":"https:\/\/www.sp-mallorca.com\/de\/#website","url":"https:\/\/www.sp-mallorca.com\/de\/","name":"Steffek und Partner Immobilien SLU-Mallorca Immobilien Verkauf Vermietung S\u00fcdwesten Mallorca kaufen mieten","description":"Mallorca Immobilien, Inmobiliaria, Real Estate, Verkauf und Vermietung, Makler Immobilienb\u00fcro, Agentur Mallorca S\u00fcdwest El Toro Calvi\u00e1 Spanien Spain, Immobilien Mallorca, g\u00fcnstige Immobilien Mallorca, Langzeitmiete Mallorca S\u00fcdwesten, Immobilien Mallorca S\u00fcdwest, Immobilien Mallorca mieten, Santa ponsa Immobilien kaufen. \u00a0 \u00a0","potentialAction":[{"@type":"SearchAction","target":{"@type":"EntryPoint","urlTemplate":"https:\/\/www.sp-mallorca.com\/de\/?s={search_term_string}"},"query-input":{"@type":"PropertyValueSpecification","valueRequired":true,"valueName":"search_term_string"}}],"inLanguage":"de"}]}},"_links":{"self":[{"href":"https:\/\/www.sp-mallorca.com\/de\/wp-json\/wp\/v2\/pages\/174","targetHints":{"allow":["GET"]}}],"collection":[{"href":"https:\/\/www.sp-mallorca.com\/de\/wp-json\/wp\/v2\/pages"}],"about":[{"href":"https:\/\/www.sp-mallorca.com\/de\/wp-json\/wp\/v2\/types\/page"}],"author":[{"embeddable":true,"href":"https:\/\/www.sp-mallorca.com\/de\/wp-json\/wp\/v2\/users\/7"}],"replies":[{"embeddable":true,"href":"https:\/\/www.sp-mallorca.com\/de\/wp-json\/wp\/v2\/comments?post=174"}],"version-history":[{"count":9,"href":"https:\/\/www.sp-mallorca.com\/de\/wp-json\/wp\/v2\/pages\/174\/revisions"}],"predecessor-version":[{"id":813,"href":"https:\/\/www.sp-mallorca.com\/de\/wp-json\/wp\/v2\/pages\/174\/revisions\/813"}],"wp:attachment":[{"href":"https:\/\/www.sp-mallorca.com\/de\/wp-json\/wp\/v2\/media?parent=174"}],"curies":[{"name":"wp","href":"https:\/\/api.w.org\/{rel}","templated":true}]}}