{"id":155,"date":"2024-11-02T07:44:33","date_gmt":"2024-11-02T06:44:33","guid":{"rendered":"https:\/\/wordpress.p390872.webspaceconfig.de\/?page_id=155"},"modified":"2024-11-03T15:01:02","modified_gmt":"2024-11-03T14:01:02","slug":"sitemap","status":"publish","type":"page","link":"https:\/\/www.sp-mallorca.com\/de\/sitemap\/","title":{"rendered":"Sitemap"},"content":{"rendered":"<p><div id=\"simple-sitemap-container-69d289db5adf4\" class=\"simple-sitemap-container simple-sitemap-container-69d289db5adf4 tab-disabled\"><div class=\"simple-sitemap-wrap\"><h3 class=\"post-type\">Seiten<\/h3><ul class=\"simple-sitemap-page main\"><li class=\"sitemap-item page_item page-item-50\"><a href=\"https:\/\/www.sp-mallorca.com\/de\/wer-sind-wir\/\">Wer sind Wir?<\/a><\/li>\n<li class=\"sitemap-item page_item page-item-314\"><a href=\"https:\/\/www.sp-mallorca.com\/de\/verkaufen-vermieten\/\">Verkaufen und Vermieten<\/a><\/li>\n<li class=\"sitemap-item page_item page-item-350\"><a href=\"https:\/\/www.sp-mallorca.com\/de\/suedwesten\/\">S\u00fcdwesten Mallorca<\/a><\/li>\n<li class=\"sitemap-item page_item page-item-345\"><a href=\"https:\/\/www.sp-mallorca.com\/de\/suedosen\/\">S\u00fcdosten Mallorca<\/a><\/li>\n<li class=\"sitemap-item page_item page-item-143\"><a href=\"https:\/\/www.sp-mallorca.com\/de\/\">Startseite<\/a><\/li>\n<li class=\"sitemap-item page_item page-item-155\"><a href=\"https:\/\/www.sp-mallorca.com\/de\/sitemap\/\">Sitemap<\/a><\/li>\n<li class=\"sitemap-item page_item page-item-245\"><a href=\"https:\/\/www.sp-mallorca.com\/de\/referenzen\/\">Referenzen<\/a><\/li>\n<li class=\"sitemap-item page_item page-item-62\"><a href=\"https:\/\/www.sp-mallorca.com\/de\/penthaus\/\">Penthaus<\/a><\/li>\n<li class=\"sitemap-item page_item page-item-74\"><a href=\"https:\/\/www.sp-mallorca.com\/de\/palma\/\">Palma de Mallorca<\/a><\/li>\n<li class=\"sitemap-item page_item page-item-48\"><a href=\"https:\/\/www.sp-mallorca.com\/de\/news\/\">News<\/a><\/li>\n<li class=\"sitemap-item page_item page-item-56\"><a href=\"https:\/\/www.sp-mallorca.com\/de\/neu-bau\/\">Neubau<\/a><\/li>\n<li class=\"sitemap-item page_item page-item-46 page_item_has_children\"><a href=\"https:\/\/www.sp-mallorca.com\/de\/mieten\/\">Mietobjekte<\/a>\n<ul class='children'>\n\t<li class=\"sitemap-item page_item page-item-331\"><a href=\"https:\/\/www.sp-mallorca.com\/de\/mieten\/mieterinformation\/\">Mieterinformation<\/a><\/li>\n<\/ul>\n<\/li>\n<li class=\"sitemap-item page_item page-item-54\"><a href=\"https:\/\/www.sp-mallorca.com\/de\/meerblick\/\">Meerblick<\/a><\/li>\n<li class=\"sitemap-item page_item page-item-400\"><a href=\"https:\/\/www.sp-mallorca.com\/de\/mallorca-immobilien-kaufen\/\">Mallorca Immobilien kaufen<\/a><\/li>\n<li class=\"sitemap-item page_item page-item-52\"><a href=\"https:\/\/www.sp-mallorca.com\/de\/kontakt\/\">Kontakt<\/a><\/li>\n<li class=\"sitemap-item page_item page-item-2 page_item_has_children\"><a href=\"https:\/\/www.sp-mallorca.com\/de\/kaufen\/\">Kaufobjekte<\/a>\n<ul class='children'>\n\t<li class=\"sitemap-item page_item page-item-329\"><a href=\"https:\/\/www.sp-mallorca.com\/de\/kaufen\/kaeuferinformation\/\">K\u00e4uferinformation<\/a><\/li>\n<\/ul>\n<\/li>\n<li class=\"sitemap-item page_item page-item-149\"><a href=\"https:\/\/www.sp-mallorca.com\/de\/interessentenformular\/\">Interessentenformular<\/a><\/li>\n<li class=\"sitemap-item page_item page-item-342\"><a href=\"https:\/\/www.sp-mallorca.com\/de\/inselmitte\/\">Inselmitte Mallorca<\/a><\/li>\n<li class=\"sitemap-item page_item page-item-64\"><a href=\"https:\/\/www.sp-mallorca.com\/de\/impressum\/\">Impressum<\/a><\/li>\n<li class=\"sitemap-item page_item page-item-104\"><a href=\"https:\/\/www.sp-mallorca.com\/de\/immobilien\/\">Immobilien<\/a><\/li>\n<li class=\"sitemap-item page_item page-item-174\"><a href=\"https:\/\/www.sp-mallorca.com\/de\/grundstuecke\/\">Grundst\u00fccke<\/a><\/li>\n<li class=\"sitemap-item page_item page-item-58\"><a href=\"https:\/\/www.sp-mallorca.com\/de\/finca\/\">Finca<\/a><\/li>\n<li class=\"sitemap-item page_item page-item-147\"><a href=\"https:\/\/www.sp-mallorca.com\/de\/eigentuemerformular\/\">Eigent\u00fcmerformular<\/a><\/li>\n<li class=\"sitemap-item page_item page-item-620\"><a href=\"https:\/\/www.sp-mallorca.com\/de\/datenschutzerklaerung\/\">Datenschutzerkl\u00e4rung DSGVO<\/a><\/li>\n<li class=\"sitemap-item page_item page-item-172\"><a href=\"https:\/\/www.sp-mallorca.com\/de\/bauernhaus\/\">Bauernhaus<\/a><\/li>\n<li class=\"sitemap-item page_item page-item-169\"><a href=\"https:\/\/www.sp-mallorca.com\/de\/apartment\/\">Appartements<\/a><\/li>\n<li class=\"sitemap-item page_item page-item-60\"><a href=\"https:\/\/www.sp-mallorca.com\/de\/villa\/\">Villa<\/a><\/li>\n<li class=\"sitemap-item page_item page-item-128\"><a href=\"https:\/\/www.sp-mallorca.com\/de\/detailansicht\/\">Detailansicht<\/a><\/li>\n<\/ul><\/div><\/div><br style=\"clear: both;\"> <div id=\"simple-sitemap-container-69d289db5dc05\" class=\"simple-sitemap-container simple-sitemap-container-69d289db5dc05\"><h3 class=\"post-type\">Beitr\u00e4ge<\/h3><div class=\"simple-sitemap-wrap blog\"><h3 class=\"term-tag\">Blog<\/h3><ul class=\"simple-sitemap-post main\"><li class=\"sitemap-item\"><a href=\"https:\/\/www.sp-mallorca.com\/de\/energieausweis\/\">Energieausweis<\/a><\/li><li class=\"sitemap-item\"><a href=\"https:\/\/www.sp-mallorca.com\/de\/photo-shooting-in-our-office-in-el-toro-port-adriano\/\">Foto Shooting El Toro<\/a><\/li><li class=\"sitemap-item\"><a href=\"https:\/\/www.sp-mallorca.com\/de\/steffek-und-partner-immobilien-mallorca\/\">Immobilien Verkauf<\/a><\/li><li class=\"sitemap-item\"><a href=\"https:\/\/www.sp-mallorca.com\/de\/mandelbluete-mallorca\/\">Mandelbl\u00fcte Mallorca<\/a><\/li><li class=\"sitemap-item\"><a href=\"https:\/\/www.sp-mallorca.com\/de\/office-opening-el-toro\/\">Neu Er\u00f6ffnung in El Toro<\/a><\/li><li class=\"sitemap-item\"><a href=\"https:\/\/www.sp-mallorca.com\/de\/port-adriano-news\/\">Port Adriano News<\/a><\/li><li class=\"sitemap-item\"><a href=\"https:\/\/www.sp-mallorca.com\/de\/port-adriano-village\/\">Port Adriano Village<\/a><\/li><li class=\"sitemap-item\"><a href=\"https:\/\/www.sp-mallorca.com\/de\/hyperlinks\/\">Social Linking<\/a><\/li><li class=\"sitemap-item\"><a href=\"https:\/\/www.sp-mallorca.com\/de\/son-vida-luxus-villa\/\">Son Vida Luxus Villa<\/a><\/li><li class=\"sitemap-item\"><a href=\"https:\/\/www.sp-mallorca.com\/de\/oberster-spanische-gerichtshof-hebt-stempelsteuern-fuer-hypotheken-auf\/\">Stempelsteuer Hypotheken<\/a><\/li><li class=\"sitemap-item\"><a href=\"https:\/\/www.sp-mallorca.com\/de\/ihre-persoenlichen-suchkriterien-beim-kauf-einer-immobilie-auf-mallorca\/\">Suchkriterien beim Kauf<\/a><\/li><\/ul><\/div><\/div><br style=\"clear: both\"><\/p>\n","protected":false},"excerpt":{"rendered":"","protected":false},"author":7,"featured_media":0,"parent":0,"menu_order":5,"comment_status":"closed","ping_status":"closed","template":"","meta":{"_acf_changed":false,"footnotes":""},"class_list":["post-155","page","type-page","status-publish","hentry"],"acf":[],"yoast_head":"<!-- This site is optimized with the Yoast SEO plugin v27.3 - https:\/\/yoast.com\/product\/yoast-seo-wordpress\/ -->\n<title>Sitemap - Steffek und Partner Immobilien SLU-Mallorca Immobilien Verkauf Vermietung S\u00fcdwesten Mallorca kaufen mieten<\/title>\n<meta name=\"description\" content=\"Sitemap Immobilienangebote Mallorca, exklusive Immobilien, kaufen, verkaufen, mieten, Meerblick, Apartment, Penthaus, Wohnung S\u00fcdwesten, Finca Grundst\u00fccke\" \/>\n<meta name=\"robots\" content=\"index, follow, max-snippet:-1, max-image-preview:large, max-video-preview:-1\" \/>\n<link rel=\"canonical\" href=\"https:\/\/www.sp-mallorca.com\/sitemap\/\" \/>\n<meta property=\"og:locale\" content=\"de_DE\" \/>\n<meta property=\"og:type\" content=\"article\" \/>\n<meta property=\"og:title\" content=\"Sitemap - Steffek und Partner Immobilien SLU-Mallorca Immobilien Verkauf Vermietung S\u00fcdwesten Mallorca kaufen mieten\" \/>\n<meta property=\"og:description\" content=\"{:de}Sitemap Immobilienangebote Mallorca, exklusive Immobilien, kaufen, verkaufen, mieten, Meerblick, Apartment, Penthaus, Wohnung S\u00fcdwesten, Finca Grundst\u00fccke{:}\" \/>\n<meta property=\"og:url\" content=\"https:\/\/www.sp-mallorca.com\/sitemap\/\" \/>\n<meta property=\"og:site_name\" content=\"Steffek und Partner Immobilien SLU-Mallorca Immobilien Verkauf Vermietung S\u00fcdwesten Mallorca kaufen mieten\" \/>\n<meta property=\"article:modified_time\" content=\"2024-11-03T14:01:02+00:00\" \/>\n<meta name=\"twitter:card\" content=\"summary_large_image\" \/>\n<meta name=\"twitter:label1\" content=\"Gesch\u00e4tzte Lesezeit\" \/>\n\t<meta name=\"twitter:data1\" content=\"1\u00a0Minute\" \/>\n<script type=\"application\/ld+json\" class=\"yoast-schema-graph\">{\"@context\":\"https:\\\/\\\/schema.org\",\"@graph\":[{\"@type\":\"WebPage\",\"@id\":\"https:\\\/\\\/www.sp-mallorca.com\\\/sitemap\\\/\",\"url\":\"https:\\\/\\\/www.sp-mallorca.com\\\/sitemap\\\/\",\"name\":\"Sitemap - Steffek und Partner Immobilien SLU-Mallorca Immobilien Verkauf Vermietung S\u00fcdwesten Mallorca kaufen mieten\",\"isPartOf\":{\"@id\":\"https:\\\/\\\/www.sp-mallorca.com\\\/de\\\/#website\"},\"datePublished\":\"2024-11-02T06:44:33+00:00\",\"dateModified\":\"2024-11-03T14:01:02+00:00\",\"description\":\"{:de}Sitemap Immobilienangebote Mallorca, exklusive Immobilien, kaufen, verkaufen, mieten, Meerblick, Apartment, Penthaus, Wohnung S\u00fcdwesten, Finca Grundst\u00fccke{:}\",\"breadcrumb\":{\"@id\":\"https:\\\/\\\/www.sp-mallorca.com\\\/sitemap\\\/#breadcrumb\"},\"inLanguage\":\"de\",\"potentialAction\":[{\"@type\":\"ReadAction\",\"target\":[\"https:\\\/\\\/www.sp-mallorca.com\\\/sitemap\\\/\"]}]},{\"@type\":\"BreadcrumbList\",\"@id\":\"https:\\\/\\\/www.sp-mallorca.com\\\/sitemap\\\/#breadcrumb\",\"itemListElement\":[{\"@type\":\"ListItem\",\"position\":1,\"name\":\"Startseite\",\"item\":\"https:\\\/\\\/www.sp-mallorca.com\\\/\"},{\"@type\":\"ListItem\",\"position\":2,\"name\":\"[:de]Sitemap[:en]Sitemap[:es]Sitio de mapa[:]\"}]},{\"@type\":\"WebSite\",\"@id\":\"https:\\\/\\\/www.sp-mallorca.com\\\/de\\\/#website\",\"url\":\"https:\\\/\\\/www.sp-mallorca.com\\\/de\\\/\",\"name\":\"Steffek und Partner Immobilien SLU-Mallorca Immobilien Verkauf Vermietung S\u00fcdwesten Mallorca kaufen mieten\",\"description\":\"Mallorca Immobilien, Inmobiliaria, Real Estate, Verkauf und Vermietung, Makler Immobilienb\u00fcro, Agentur Mallorca S\u00fcdwest El Toro Calvi\u00e1 Spanien Spain, Immobilien Mallorca, g\u00fcnstige Immobilien Mallorca, Langzeitmiete Mallorca S\u00fcdwesten, Immobilien Mallorca S\u00fcdwest, Immobilien Mallorca mieten, Santa ponsa Immobilien kaufen. \u00a0 \u00a0\",\"potentialAction\":[{\"@type\":\"SearchAction\",\"target\":{\"@type\":\"EntryPoint\",\"urlTemplate\":\"https:\\\/\\\/www.sp-mallorca.com\\\/de\\\/?s={search_term_string}\"},\"query-input\":{\"@type\":\"PropertyValueSpecification\",\"valueRequired\":true,\"valueName\":\"search_term_string\"}}],\"inLanguage\":\"de\"}]}<\/script>\n<!-- \/ Yoast SEO plugin. -->","yoast_head_json":{"title":"Sitemap - Steffek und Partner Immobilien SLU-Mallorca Immobilien Verkauf Vermietung S\u00fcdwesten Mallorca kaufen mieten","description":"Sitemap Immobilienangebote Mallorca, exklusive Immobilien, kaufen, verkaufen, mieten, Meerblick, Apartment, Penthaus, Wohnung S\u00fcdwesten, Finca Grundst\u00fccke","robots":{"index":"index","follow":"follow","max-snippet":"max-snippet:-1","max-image-preview":"max-image-preview:large","max-video-preview":"max-video-preview:-1"},"canonical":"https:\/\/www.sp-mallorca.com\/sitemap\/","og_locale":"de_DE","og_type":"article","og_title":"Sitemap - Steffek und Partner Immobilien SLU-Mallorca Immobilien Verkauf Vermietung S\u00fcdwesten Mallorca kaufen mieten","og_description":"{:de}Sitemap Immobilienangebote Mallorca, exklusive Immobilien, kaufen, verkaufen, mieten, Meerblick, Apartment, Penthaus, Wohnung S\u00fcdwesten, Finca Grundst\u00fccke{:}","og_url":"https:\/\/www.sp-mallorca.com\/sitemap\/","og_site_name":"Steffek und Partner Immobilien SLU-Mallorca Immobilien Verkauf Vermietung S\u00fcdwesten Mallorca kaufen mieten","article_modified_time":"2024-11-03T14:01:02+00:00","twitter_card":"summary_large_image","twitter_misc":{"Gesch\u00e4tzte Lesezeit":"1\u00a0Minute"},"schema":{"@context":"https:\/\/schema.org","@graph":[{"@type":"WebPage","@id":"https:\/\/www.sp-mallorca.com\/sitemap\/","url":"https:\/\/www.sp-mallorca.com\/sitemap\/","name":"Sitemap - Steffek und Partner Immobilien SLU-Mallorca Immobilien Verkauf Vermietung S\u00fcdwesten Mallorca kaufen mieten","isPartOf":{"@id":"https:\/\/www.sp-mallorca.com\/de\/#website"},"datePublished":"2024-11-02T06:44:33+00:00","dateModified":"2024-11-03T14:01:02+00:00","description":"{:de}Sitemap Immobilienangebote Mallorca, exklusive Immobilien, kaufen, verkaufen, mieten, Meerblick, Apartment, Penthaus, Wohnung S\u00fcdwesten, Finca Grundst\u00fccke{:}","breadcrumb":{"@id":"https:\/\/www.sp-mallorca.com\/sitemap\/#breadcrumb"},"inLanguage":"de","potentialAction":[{"@type":"ReadAction","target":["https:\/\/www.sp-mallorca.com\/sitemap\/"]}]},{"@type":"BreadcrumbList","@id":"https:\/\/www.sp-mallorca.com\/sitemap\/#breadcrumb","itemListElement":[{"@type":"ListItem","position":1,"name":"Startseite","item":"https:\/\/www.sp-mallorca.com\/"},{"@type":"ListItem","position":2,"name":"[:de]Sitemap[:en]Sitemap[:es]Sitio de mapa[:]"}]},{"@type":"WebSite","@id":"https:\/\/www.sp-mallorca.com\/de\/#website","url":"https:\/\/www.sp-mallorca.com\/de\/","name":"Steffek und Partner Immobilien SLU-Mallorca Immobilien Verkauf Vermietung S\u00fcdwesten Mallorca kaufen mieten","description":"Mallorca Immobilien, Inmobiliaria, Real Estate, Verkauf und Vermietung, Makler Immobilienb\u00fcro, Agentur Mallorca S\u00fcdwest El Toro Calvi\u00e1 Spanien Spain, Immobilien Mallorca, g\u00fcnstige Immobilien Mallorca, Langzeitmiete Mallorca S\u00fcdwesten, Immobilien Mallorca S\u00fcdwest, Immobilien Mallorca mieten, Santa ponsa Immobilien kaufen. \u00a0 \u00a0","potentialAction":[{"@type":"SearchAction","target":{"@type":"EntryPoint","urlTemplate":"https:\/\/www.sp-mallorca.com\/de\/?s={search_term_string}"},"query-input":{"@type":"PropertyValueSpecification","valueRequired":true,"valueName":"search_term_string"}}],"inLanguage":"de"}]}},"_links":{"self":[{"href":"https:\/\/www.sp-mallorca.com\/de\/wp-json\/wp\/v2\/pages\/155","targetHints":{"allow":["GET"]}}],"collection":[{"href":"https:\/\/www.sp-mallorca.com\/de\/wp-json\/wp\/v2\/pages"}],"about":[{"href":"https:\/\/www.sp-mallorca.com\/de\/wp-json\/wp\/v2\/types\/page"}],"author":[{"embeddable":true,"href":"https:\/\/www.sp-mallorca.com\/de\/wp-json\/wp\/v2\/users\/7"}],"replies":[{"embeddable":true,"href":"https:\/\/www.sp-mallorca.com\/de\/wp-json\/wp\/v2\/comments?post=155"}],"version-history":[{"count":18,"href":"https:\/\/www.sp-mallorca.com\/de\/wp-json\/wp\/v2\/pages\/155\/revisions"}],"predecessor-version":[{"id":1074,"href":"https:\/\/www.sp-mallorca.com\/de\/wp-json\/wp\/v2\/pages\/155\/revisions\/1074"}],"wp:attachment":[{"href":"https:\/\/www.sp-mallorca.com\/de\/wp-json\/wp\/v2\/media?parent=155"}],"curies":[{"name":"wp","href":"https:\/\/api.w.org\/{rel}","templated":true}]}}