{"id":149,"date":"2024-11-02T08:51:48","date_gmt":"2024-11-02T07:51:48","guid":{"rendered":"https:\/\/wordpress.p390872.webspaceconfig.de\/?page_id=149"},"modified":"2025-11-20T09:07:41","modified_gmt":"2025-11-20T08:07:41","slug":"interessentenformular","status":"publish","type":"page","link":"https:\/\/www.sp-mallorca.com\/de\/interessentenformular\/","title":{"rendered":"Interessentenformular"},"content":{"rendered":"<p class=\"western\">Sie ziehen in Erw\u00e4gung, eine Immobilie zu kaufen oder zu mieten? Teilen Sie uns einfach mit, welche Suchkriterien eine Immobilie f\u00fcr Sie erf\u00fcllen muss und wir werden Ihre Traumimmobilie finden!<\/p>\n<section class=\"contactform\">\r\n\r\n    <div class=\"container\">\r\n\t\t<form method=\"post\" id=\"onoffice-form\" class=\"applicantform\">\r\n\r\n\t\t\t<input type=\"hidden\" name=\"oo_formid\" value=\"Interessentenformular\">\r\n\t\t\t<input type=\"hidden\" name=\"oo_formno\" value=\"1\">\r\n\r\n\t\t\r\n\t\t\t<h2> Ihre Kontaktdaten <\/h2>\r\n\t\t\t\t<div>\r\n\t\t\t\t\t<div class=\"col-md-6 formfield\"><label>Anrede<\/label><select data-placeholder=\"Anrede ausw\u00e4hlen\" id=\"Anrede\" aria-hidden=\"true\" class=\"custom-single-select-tom\" autocomplete=\"off\" size=\"1\" name=\"Anrede\" ><option value=\"\">Anrede ausw\u00e4hlen<\/option><option value=\"Herr\">Herr<\/option><option value=\"Frau\">Frau<\/option><option value=\"Firma\">Firma<\/option><option value=\"Familie\">Familie<\/option><option value=\"Eheleute\">Eheleute<\/option><\/select><\/div><div class=\"col-md-6 formfield\"><label>Titel<\/label><input type=\"text\" name=\"Titel\" value=\"\" autocomplete=\"honorific-prefix\"><\/div><div class=\"col-md-6 formfield\"><label>Vorname*<\/label><input type=\"text\"required aria-required='true' aria-invalid='false' name=\"Vorname\" value=\"\" autocomplete=\"given-name\"><span class='error' aria-hidden='true' aria-atomic='true'><p>Bitte geben Sie einen Text ein.<\/p><\/span><\/div><div class=\"col-md-6 formfield\"><label>Nachname*<\/label><input type=\"text\"required aria-required='true' aria-invalid='false' name=\"Name\" value=\"\" autocomplete=\"family-name\"><span class='error' aria-hidden='true' aria-atomic='true'><p>Bitte geben Sie einen Text ein.<\/p><\/span><\/div><div class=\"col-md-6 formfield\"><label>Stra\u00dfe<\/label><input type=\"text\" name=\"Strasse\" value=\"\" autocomplete=\"street-address\"><\/div><div class=\"col-md-6 formfield\"><label>Plz<\/label><input type=\"text\" name=\"Plz\" value=\"\" autocomplete=\"postal-code\"><\/div><div class=\"col-md-6 formfield\"><label>Ort<\/label><input type=\"text\" name=\"Ort\" value=\"\" autocomplete=\"address-level2\"><\/div><div class=\"col-md-6 formfield\"><label>Telefonnummern<\/label><input type=\"text\" name=\"Telefon1\" value=\"\" autocomplete=\"tel\"><\/div><div class=\"col-md-6 formfield\"><label>E-Mail*<\/label><input type=\"email\"required aria-required='true' aria-invalid='false' name=\"Email\" value=\"\" autocomplete=\"email\"><span class='error' aria-hidden='true' aria-atomic='true'><p>Bitte geben Sie eine g\u00fcltige E-Mail-Adresse ein.<\/p><\/span><\/div>\t\t\t\t<\/div>\r\n\t\t\r\n\t\r\n\t\t\t<h2> Ihre Suchkriterien <\/h2>\r\n\t\t\t\t<div>\r\n\t\t\t\t\t<div class=\"col-md-6 formfield\"><label>Objektart<\/label><select data-placeholder=\"Objektart ausw\u00e4hlen\" id=\"objektart\" aria-hidden=\"true\" class=\"custom-single-select-tom\" autocomplete=\"off\" size=\"1\" name=\"objektart\" ><option value=\"\">Objektart ausw\u00e4hlen<\/option><option value=\"haus\">Haus<\/option><option value=\"wohnung\">Wohnung<\/option><option value=\"grundstueck\">Grundst\u00fcck<\/option><option value=\"gastgewerbe\">Gastgewerbe<\/option><option value=\"parken\">Parken<\/option><\/select><\/div><div class=\"col-md-6 formfield\"><label>Objekttyp<\/label><select aria-hidden=\"true\" class=\"custom-multiple-select-tom form-control\" autocomplete=\"off\" name=\"objekttyp[]\" multiple=\"multiple\" ><option value=\"gewerbepark\">Gewerbepark<\/option><option value=\"einfamilienhausMitEinliegerwohnung\">Einfamilienhaus mit Einliegerwohnung<\/option><option value=\"zimmer\">Zimmer<\/option><option value=\"hochparterre\">Hochparterre<\/option><option value=\"eigentumswohnung\">Eigentumswohnung<\/option><option value=\"blockhaus\">Blockhaus<\/option><option value=\"hausbau_reihenhaus\">Reihenhaus<\/option><option value=\"hausbau_mehrfamilienhaus\">Mehrfamilienhaus<\/option><option value=\"hausbau_landhaus\">Landhaus<\/option><option value=\"holzhaus\">Holzhaus<\/option><option value=\"fachwerkhaus\">Fachwerkhaus<\/option><option value=\"hausbau_einfamilienhaus\">Einfamilienhaus<\/option><option value=\"doppelhaus\">Doppelhaus<\/option><option value=\"hausbau_bungalow\">Bungalow<\/option><option value=\"hausbau_villa\">Villa<\/option><option value=\"ausstellungsflaeche\">Ausstellungsfl\u00e4che<\/option><option value=\"mehrfamilienhaus\">Mehrfamilienhaus<\/option><option value=\"industriehalle\">Industriehalle<\/option><option value=\"wohn_und_geschaeftshaus\">Wohn und Gesch\u00e4ftshaus<\/option><option value=\"industriehalle_und_freiflaeche\">Industriehalle und Freifl\u00e4che<\/option><option value=\"geschaeftshaus\">Gesch\u00e4ftshaus<\/option><option value=\"kuehlhaus\">K\u00fchlhaus<\/option><option value=\"buerogebaeude\">B\u00fcrogeb\u00e4ude<\/option><option value=\"sb_maerkte\">SB M\u00e4rkte<\/option><option value=\"kuehlregallager\">K\u00fchlregallager<\/option><option value=\"einkaufscentren\">Einkaufscentren<\/option><option value=\"lager_mit_freiflaeche\">Lager mit Freifl\u00e4che<\/option><option value=\"lagerflaeche\">Lagerfl\u00e4che<\/option><option value=\"wohnanlagen\">Wohnanlagen<\/option><option value=\"lagerhalle\">Lagerhalle<\/option><option value=\"verbrauchermaerkte\">Verbraucherm\u00e4rkte<\/option><option value=\"speditionslager\">Speditionslager<\/option><option value=\"industrieanlagen\">Industrieanlagen<\/option><option value=\"anwesen\">Anwesen<\/option><option value=\"barbetrieb\">Barbetrieb<\/option><option value=\"cafe\">Caf\u00e9<\/option><option value=\"loft\">Loft<\/option><option value=\"atelier\">Atelier<\/option><option value=\"bueroetage\">B\u00fcroetage<\/option><option value=\"buerozentrum\">B\u00fcrozentrum<\/option><option value=\"buero_und_lager\">B\u00fcro und Lagergeb\u00e4ude<\/option><option value=\"praxisetage\">Praxisetage<\/option><option value=\"praxishaus\">Praxishaus<\/option><option value=\"gewerbezentrum\">Gewerbezentrum<\/option><option value=\"factory_outlet\">Factory Outlet<\/option><option value=\"kaufhaus\">Kaufhaus<\/option><option value=\"kiosk\">Kiosk<\/option><option value=\"sb_markt\">SB-Markt<\/option><option value=\"verkaufssflaeche\">Verkaufsfl\u00e4che<\/option><option value=\"verkaufshalle\">Verkaufshalle<\/option><option value=\"gaststaette\">Gastst\u00e4tte<\/option><option value=\"hotelanwesen\">Hotelanwesen<\/option><option value=\"sportanlage\">Sportanlage<\/option><option value=\"vergnuegungsparks_und_center\">Vergn\u00fcgungsparks und Center<\/option><option value=\"halle\">Halle<\/option><option value=\"lager\">Lager<\/option><option value=\"produktion\">Produktion<\/option><option value=\"werkstatt\">Werkstatt<\/option><option value=\"hochregallager\">Hochregallager<\/option><option value=\"service\">Service<\/option><option value=\"freiflaechen\">Freifl\u00e4chen<\/option><option value=\"dachgeschoss\">Dachgeschoss<\/option><option value=\"maisonette\">Maisonette<\/option><option value=\"loft-studio-atelier\">Loft\/Studio\/Atelier<\/option><option value=\"penthouse\">Penthouse<\/option><option value=\"terrassen\">Terrassenwohnung<\/option><option value=\"etage\">Etagenwohnung<\/option><option value=\"erdgeschoss\">Erdgeschoss<\/option><option value=\"souterrain\">Souterrain<\/option><option value=\"reihenhaus\">Reihenhaus<\/option><option value=\"reihenend\">Reihenend<\/option><option value=\"reihenmittel\">Reihenmittel<\/option><option value=\"reiheneck\">Reiheneck<\/option><option value=\"doppelhaushaelfte\">Doppelhaush\u00e4lfte<\/option><option value=\"einfamilienhaus\">Einfamilienhaus<\/option><option value=\"stadthaus\">Stadthaus<\/option><option value=\"villa\">Villa<\/option><option value=\"resthof\">Resthof<\/option><option value=\"bauernhaus\">Bauernhaus<\/option><option value=\"landhaus\">Landhaus<\/option><option value=\"schloss\">Schloss<\/option><option value=\"zweifamilienhaus\">Zweifamilienhaus<\/option><option value=\"ferienhaus\">Ferienhaus<\/option><option value=\"berghuette\">Bergh\u00fctte<\/option><option value=\"chalet\">Chalet<\/option><option value=\"strandhaus\">Strandhaus<\/option><option value=\"wohnen\">Wohnen<\/option><option value=\"gewerbe\">Gewerbe<\/option><option value=\"industrie\">Industrie<\/option><option value=\"land_forstwirtschaft\">Land\/Forstwirtschaft<\/option><option value=\"freizeit\">Freizeit<\/option><option value=\"gemischt\">Gemischt<\/option><option value=\"sondernutzung\">Sondernutzung<\/option><option value=\"bueroflaeche\">B\u00fcrofl\u00e4che<\/option><option value=\"buerohaus\">B\u00fcrohaus<\/option><option value=\"praxis\">Praxis<\/option><option value=\"ladenlokal\">Ladenlokal<\/option><option value=\"einzelhandelsladen\">Einzelhandelsladen<\/option><option value=\"verbrauchermarkt\">Verbrauchermarkt<\/option><option value=\"einkaufszentrum\">Einkaufszentrum<\/option><option value=\"gastronomie\">Gastronomie<\/option><option value=\"gastronomie_und_wohnung\">Gastronomie und Wohnen<\/option><option value=\"pensionen\">Pension<\/option><option value=\"hotels\">Hotels<\/option><option value=\"weitere_beherbergungsbetriebe\">Weitere Beherbergungsbetriebe<\/option><option value=\"landwirtschaftliche_betriebe\">Landwirtschaftliche Betriebe<\/option><option value=\"parkhaus\">Parkhaus<\/option><option value=\"tankstelle\">Tankstelle<\/option><option value=\"sonstige\">Sonstige<\/option><option value=\"gewerbeeinheit\">Gewerbeeinheit<\/option><option value=\"gewerbeanwesen\">Gewerbeanwesen<\/option><option value=\"wohnanlage\">Wohnanlage<\/option><option value=\"finca\">Finca<\/option><option value=\"doppelgarage\">Doppelgarage<\/option><option value=\"einzelgarage\">Einzelgarage<\/option><option value=\"besondereImmobilie\">besondere Immobilie<\/option><\/select><\/div><div class=\"col-md-6 formfield\"><label>Vermarktungsart<\/label><select data-placeholder=\"Vermarktungsart ausw\u00e4hlen\" id=\"vermarktungsart\" aria-hidden=\"true\" class=\"custom-single-select-tom\" autocomplete=\"off\" size=\"1\" name=\"vermarktungsart\" ><option value=\"\">Vermarktungsart ausw\u00e4hlen<\/option><option value=\"erbpacht\">Erbpacht<\/option><option value=\"kauf\">Kauf<\/option><option value=\"miete\">Miete<\/option><option value=\"pacht\">Pacht<\/option><\/select><\/div><div class=\"col-md-6 formfield\"><label>Preis<\/label><label>Preis von <input autocomplete=\"off\" type=\"number\" step=\"1\"   name=\"kaufpreis__von\" value=\"\" placeholder=\"Preis von\"><\/label><label>Preis bis <input autocomplete=\"off\" type=\"number\" step=\"1\"   name=\"kaufpreis__bis\" value=\"\" placeholder=\"Preis bis\"><\/label><\/div><div class=\"col-md-6 formfield\"><label>Kaltmiete<\/label><label>Kaltmiete von <input autocomplete=\"off\" type=\"number\" step=\"1\"   name=\"kaltmiete__von\" value=\"\" placeholder=\"Kaltmiete von\"><\/label><label>Kaltmiete bis <input autocomplete=\"off\" type=\"number\" step=\"1\"   name=\"kaltmiete__bis\" value=\"\" placeholder=\"Kaltmiete bis\"><\/label><\/div><div class=\"col-md-6 formfield\"><label>Pauschalmiete<\/label><label>Pauschalmiete von <input autocomplete=\"off\" type=\"number\" step=\"1\"   name=\"miete_pauschal__von\" value=\"\" placeholder=\"Pauschalmiete von\"><\/label><label>Pauschalmiete bis <input autocomplete=\"off\" type=\"number\" step=\"1\"   name=\"miete_pauschal__bis\" value=\"\" placeholder=\"Pauschalmiete bis\"><\/label><\/div><div class=\"col-md-6 formfield\"><label>Anzahl Zimmer<\/label><label>Anzahl Zimmer von <input autocomplete=\"off\" type=\"number\" step=\"1\"   name=\"anzahl_zimmer__von\" value=\"\" placeholder=\"Anzahl Zimmer von\"><\/label><label>Anzahl Zimmer bis <input autocomplete=\"off\" type=\"number\" step=\"1\"   name=\"anzahl_zimmer__bis\" value=\"\" placeholder=\"Anzahl Zimmer bis\"><\/label><\/div><div class=\"col-md-6 formfield\"><label>Anzahl Schlafzimmer<\/label><label>Anzahl Schlafzimmer von <input autocomplete=\"off\" type=\"number\" step=\"1\"   name=\"anzahl_schlafzimmer__von\" value=\"\" placeholder=\"Anzahl Schlafzimmer von\"><\/label><label>Anzahl Schlafzimmer bis <input autocomplete=\"off\" type=\"number\" step=\"1\"   name=\"anzahl_schlafzimmer__bis\" value=\"\" placeholder=\"Anzahl Schlafzimmer bis\"><\/label><\/div><div class=\"col-md-6 formfield\"><label>Wohnfl\u00e4che<\/label><label>Wohnfl\u00e4che von <input autocomplete=\"off\" type=\"number\" step=\"1\"   name=\"wohnflaeche__von\" value=\"\" placeholder=\"Wohnfl\u00e4che von\"><\/label><label>Wohnfl\u00e4che bis <input autocomplete=\"off\" type=\"number\" step=\"1\"   name=\"wohnflaeche__bis\" value=\"\" placeholder=\"Wohnfl\u00e4che bis\"><\/label><\/div><div class=\"col-md-6 formfield\"><label>Grundst\u00fccksgr\u00f6\u00dfe<\/label><label>Grundst\u00fccksgr\u00f6\u00dfe von <input autocomplete=\"off\" type=\"number\" step=\"1\"   name=\"grundstuecksflaeche__von\" value=\"\" placeholder=\"Grundst\u00fccksgr\u00f6\u00dfe von\"><\/label><label>Grundst\u00fccksgr\u00f6\u00dfe bis <input autocomplete=\"off\" type=\"number\" step=\"1\"   name=\"grundstuecksflaeche__bis\" value=\"\" placeholder=\"Grundst\u00fccksgr\u00f6\u00dfe bis\"><\/label><\/div>\t\t\t\t<\/div>\r\n\r\n\t\t\t\t<label> Nachricht:<\/label>\r\n\t\t\t\t\r\n\t\t\t\t<textarea name=\"message\" ><\/textarea>\r\n\r\n\t\t\t\t\t\t\t<br>\r\n\t\t\t\t<br>\r\n\t\t\t\t<input id=\"checkBox\" type=\"checkbox\" required  name=\"gdprcheckbox\" value=\"1\" >\r\n\t\t\t\t<span style=\"font-size:12px;font-weight:normal;\">Akzeptiere <a href=\"\/datenschutzerklaerung\/\" rel=\"noopener\" target=\"_blank\">Datenschutzbestimmung: *<\/a><\/span>\r\n\t\t\t\t\t\t\t\t\r\n\t\t\t<br>\r\n\t\t\t<p>Diese Website ist durch reCAPTCHA gesch\u00fctzt.\t\t\t\t<a href=\"https:\/\/policies.google.com\/privacy\" target=\"_blank\">Es gelten die Datenschutzbestimmung<\/a> and\t\t\t\t<a href=\"https:\/\/policies.google.com\/terms\" target=\"_blank\">Terms of Service<\/a> <\/p>\r\n\t\t\t<div>\r\n\t\t\t\t    <script>\n        function submitForm1() {\n            const selectorFormById = `form[id^=\"onoffice-form\"] input[name=\"oo_formno\"][value=\"1\"]`;\n            const form = document.querySelector(selectorFormById).closest('#onoffice-form, .oo-form, #leadgeneratorform');\n            const submitButtonElement = form.querySelector('.submit_button');\n            form.submit();\n            submitButtonElement.disabled = true;\n            submitButtonElement.classList.add('onoffice-unclickable-form');\n        }\n    <\/script>\n    <div class=\"g-recaptcha\"\n        data-sitekey=\"6LeAr8UUAAAAAOPBqXNYnFd30ZYRFLIdD_rXTRxl\" \n        data-callback=\"submitForm1\" data-size=\"invisible\">\n    <\/div>\n    <button class=\"submit_button\">Absenden<\/button>\n    <script>\n        (function() {\n            const selectorFormById = `form[id^=\"onoffice-form\"] input[name=\"oo_formno\"][value=\"1\"]`;\n            const form = document.querySelector(selectorFormById).closest('#onoffice-form, .oo-form, #leadgeneratorform');\n            const submitButtonElement = form.querySelector('.submit_button');\n            if (typeof onOffice !== 'undefined' && onOffice.captchaControl) {\n                onOffice.captchaControl(form, submitButtonElement);\n            }\n        })();\n    <\/script>\n\t\t\t<\/div>\r\n\t\t<\/form>\r\n\t<\/div>\r\n\r\n<\/section>\t\t\n","protected":false},"excerpt":{"rendered":"Sie ziehen in Erw\u00e4gung, eine Immobilie zu kaufen oder zu mieten? Teilen Sie uns einfach mit, welche Suchkriterien eine Immobilie f\u00fcr Sie erf\u00fcllen muss und wir werden Ihre Traumimmobilie finden! Ihre Kontaktdaten AnredeAnrede ausw\u00e4hlenHerrFrauFirmaFamilieEheleuteTitelVorname*Bitte geben Sie einen Text ein.Nachname*Bitte geben &hellip; <a href=\"https:\/\/www.sp-mallorca.com\/de\/interessentenformular\/\">Weiterlesen <span class=\"meta-nav\">&rarr;<\/span><\/a>","protected":false},"author":7,"featured_media":0,"parent":0,"menu_order":5,"comment_status":"closed","ping_status":"closed","template":"","meta":{"_acf_changed":false,"footnotes":""},"class_list":["post-149","page","type-page","status-publish","hentry"],"acf":[],"yoast_head":"<!-- This site is optimized with the Yoast SEO plugin v27.5 - https:\/\/yoast.com\/product\/yoast-seo-wordpress\/ -->\n<title>Interessentenformular - Steffek und Partner Immobilien SLU-Mallorca Immobilien Verkauf Vermietung S\u00fcdwesten Mallorca kaufen mieten<\/title>\n<meta name=\"description\" content=\"Interessentenformular Immobilienangebote Mallorca Immobilien kaufen, verkaufen, mieten, Meerblick, Finca, Apartment, Penthaus, Wohnung\" \/>\n<meta name=\"robots\" content=\"index, follow, max-snippet:-1, max-image-preview:large, max-video-preview:-1\" \/>\n<link rel=\"canonical\" href=\"https:\/\/www.sp-mallorca.com\/interessentenformular\/\" \/>\n<meta property=\"og:locale\" content=\"de_DE\" \/>\n<meta property=\"og:type\" content=\"article\" \/>\n<meta property=\"og:title\" content=\"Interessentenformular - Steffek und Partner Immobilien SLU-Mallorca Immobilien Verkauf Vermietung S\u00fcdwesten Mallorca kaufen mieten\" \/>\n<meta property=\"og:description\" content=\"{:de}Interessentenformular Immobilienangebote Mallorca Immobilien kaufen, verkaufen, mieten, Meerblick, Finca, Apartment, Penthaus, Wohnung{:en}Interessentenformular{:es}Interessentenformular{:}\" \/>\n<meta property=\"og:url\" content=\"https:\/\/www.sp-mallorca.com\/interessentenformular\/\" \/>\n<meta property=\"og:site_name\" content=\"Steffek und Partner Immobilien SLU-Mallorca Immobilien Verkauf Vermietung S\u00fcdwesten Mallorca kaufen mieten\" \/>\n<meta property=\"article:modified_time\" content=\"2025-11-20T08:07:41+00:00\" \/>\n<meta name=\"twitter:card\" content=\"summary_large_image\" \/>\n<meta name=\"twitter:label1\" content=\"Gesch\u00e4tzte Lesezeit\" \/>\n\t<meta name=\"twitter:data1\" content=\"1\u00a0Minute\" \/>\n<script type=\"application\/ld+json\" class=\"yoast-schema-graph\">{\"@context\":\"https:\\\/\\\/schema.org\",\"@graph\":[{\"@type\":\"WebPage\",\"@id\":\"https:\\\/\\\/www.sp-mallorca.com\\\/interessentenformular\\\/\",\"url\":\"https:\\\/\\\/www.sp-mallorca.com\\\/interessentenformular\\\/\",\"name\":\"Interessentenformular - Steffek und Partner Immobilien SLU-Mallorca Immobilien Verkauf Vermietung S\u00fcdwesten Mallorca kaufen mieten\",\"isPartOf\":{\"@id\":\"https:\\\/\\\/www.sp-mallorca.com\\\/de\\\/#website\"},\"datePublished\":\"2024-11-02T07:51:48+00:00\",\"dateModified\":\"2025-11-20T08:07:41+00:00\",\"description\":\"{:de}Interessentenformular Immobilienangebote Mallorca Immobilien kaufen, verkaufen, mieten, Meerblick, Finca, Apartment, Penthaus, Wohnung{:en}Interessentenformular{:es}Interessentenformular{:}\",\"breadcrumb\":{\"@id\":\"https:\\\/\\\/www.sp-mallorca.com\\\/interessentenformular\\\/#breadcrumb\"},\"inLanguage\":\"de\",\"potentialAction\":[{\"@type\":\"ReadAction\",\"target\":[\"https:\\\/\\\/www.sp-mallorca.com\\\/interessentenformular\\\/\"]}]},{\"@type\":\"BreadcrumbList\",\"@id\":\"https:\\\/\\\/www.sp-mallorca.com\\\/interessentenformular\\\/#breadcrumb\",\"itemListElement\":[{\"@type\":\"ListItem\",\"position\":1,\"name\":\"Startseite\",\"item\":\"https:\\\/\\\/www.sp-mallorca.com\\\/\"},{\"@type\":\"ListItem\",\"position\":2,\"name\":\"Interessentenformular\"}]},{\"@type\":\"WebSite\",\"@id\":\"https:\\\/\\\/www.sp-mallorca.com\\\/de\\\/#website\",\"url\":\"https:\\\/\\\/www.sp-mallorca.com\\\/de\\\/\",\"name\":\"Steffek und Partner Immobilien SLU-Mallorca Immobilien Verkauf Vermietung S\u00fcdwesten Mallorca kaufen mieten\",\"description\":\"Mallorca Immobilien, Inmobiliaria, Real Estate, Verkauf und Vermietung, Makler Immobilienb\u00fcro, Agentur Mallorca S\u00fcdwest El Toro Calvi\u00e1 Spanien Spain, Immobilien Mallorca, g\u00fcnstige Immobilien Mallorca, Langzeitmiete Mallorca S\u00fcdwesten, Immobilien Mallorca S\u00fcdwest, Immobilien Mallorca mieten, Santa ponsa Immobilien kaufen. \u00a0 \u00a0\",\"potentialAction\":[{\"@type\":\"SearchAction\",\"target\":{\"@type\":\"EntryPoint\",\"urlTemplate\":\"https:\\\/\\\/www.sp-mallorca.com\\\/de\\\/?s={search_term_string}\"},\"query-input\":{\"@type\":\"PropertyValueSpecification\",\"valueRequired\":true,\"valueName\":\"search_term_string\"}}],\"inLanguage\":\"de\"}]}<\/script>\n<!-- \/ Yoast SEO plugin. -->","yoast_head_json":{"title":"Interessentenformular - Steffek und Partner Immobilien SLU-Mallorca Immobilien Verkauf Vermietung S\u00fcdwesten Mallorca kaufen mieten","description":"Interessentenformular Immobilienangebote Mallorca Immobilien kaufen, verkaufen, mieten, Meerblick, Finca, Apartment, Penthaus, Wohnung","robots":{"index":"index","follow":"follow","max-snippet":"max-snippet:-1","max-image-preview":"max-image-preview:large","max-video-preview":"max-video-preview:-1"},"canonical":"https:\/\/www.sp-mallorca.com\/interessentenformular\/","og_locale":"de_DE","og_type":"article","og_title":"Interessentenformular - Steffek und Partner Immobilien SLU-Mallorca Immobilien Verkauf Vermietung S\u00fcdwesten Mallorca kaufen mieten","og_description":"{:de}Interessentenformular Immobilienangebote Mallorca Immobilien kaufen, verkaufen, mieten, Meerblick, Finca, Apartment, Penthaus, Wohnung{:en}Interessentenformular{:es}Interessentenformular{:}","og_url":"https:\/\/www.sp-mallorca.com\/interessentenformular\/","og_site_name":"Steffek und Partner Immobilien SLU-Mallorca Immobilien Verkauf Vermietung S\u00fcdwesten Mallorca kaufen mieten","article_modified_time":"2025-11-20T08:07:41+00:00","twitter_card":"summary_large_image","twitter_misc":{"Gesch\u00e4tzte Lesezeit":"1\u00a0Minute"},"schema":{"@context":"https:\/\/schema.org","@graph":[{"@type":"WebPage","@id":"https:\/\/www.sp-mallorca.com\/interessentenformular\/","url":"https:\/\/www.sp-mallorca.com\/interessentenformular\/","name":"Interessentenformular - Steffek und Partner Immobilien SLU-Mallorca Immobilien Verkauf Vermietung S\u00fcdwesten Mallorca kaufen mieten","isPartOf":{"@id":"https:\/\/www.sp-mallorca.com\/de\/#website"},"datePublished":"2024-11-02T07:51:48+00:00","dateModified":"2025-11-20T08:07:41+00:00","description":"{:de}Interessentenformular Immobilienangebote Mallorca Immobilien kaufen, verkaufen, mieten, Meerblick, Finca, Apartment, Penthaus, Wohnung{:en}Interessentenformular{:es}Interessentenformular{:}","breadcrumb":{"@id":"https:\/\/www.sp-mallorca.com\/interessentenformular\/#breadcrumb"},"inLanguage":"de","potentialAction":[{"@type":"ReadAction","target":["https:\/\/www.sp-mallorca.com\/interessentenformular\/"]}]},{"@type":"BreadcrumbList","@id":"https:\/\/www.sp-mallorca.com\/interessentenformular\/#breadcrumb","itemListElement":[{"@type":"ListItem","position":1,"name":"Startseite","item":"https:\/\/www.sp-mallorca.com\/"},{"@type":"ListItem","position":2,"name":"Interessentenformular"}]},{"@type":"WebSite","@id":"https:\/\/www.sp-mallorca.com\/de\/#website","url":"https:\/\/www.sp-mallorca.com\/de\/","name":"Steffek und Partner Immobilien SLU-Mallorca Immobilien Verkauf Vermietung S\u00fcdwesten Mallorca kaufen mieten","description":"Mallorca Immobilien, Inmobiliaria, Real Estate, Verkauf und Vermietung, Makler Immobilienb\u00fcro, Agentur Mallorca S\u00fcdwest El Toro Calvi\u00e1 Spanien Spain, Immobilien Mallorca, g\u00fcnstige Immobilien Mallorca, Langzeitmiete Mallorca S\u00fcdwesten, Immobilien Mallorca S\u00fcdwest, Immobilien Mallorca mieten, Santa ponsa Immobilien kaufen. \u00a0 \u00a0","potentialAction":[{"@type":"SearchAction","target":{"@type":"EntryPoint","urlTemplate":"https:\/\/www.sp-mallorca.com\/de\/?s={search_term_string}"},"query-input":{"@type":"PropertyValueSpecification","valueRequired":true,"valueName":"search_term_string"}}],"inLanguage":"de"}]}},"_links":{"self":[{"href":"https:\/\/www.sp-mallorca.com\/de\/wp-json\/wp\/v2\/pages\/149","targetHints":{"allow":["GET"]}}],"collection":[{"href":"https:\/\/www.sp-mallorca.com\/de\/wp-json\/wp\/v2\/pages"}],"about":[{"href":"https:\/\/www.sp-mallorca.com\/de\/wp-json\/wp\/v2\/types\/page"}],"author":[{"embeddable":true,"href":"https:\/\/www.sp-mallorca.com\/de\/wp-json\/wp\/v2\/users\/7"}],"replies":[{"embeddable":true,"href":"https:\/\/www.sp-mallorca.com\/de\/wp-json\/wp\/v2\/comments?post=149"}],"version-history":[{"count":16,"href":"https:\/\/www.sp-mallorca.com\/de\/wp-json\/wp\/v2\/pages\/149\/revisions"}],"predecessor-version":[{"id":1094,"href":"https:\/\/www.sp-mallorca.com\/de\/wp-json\/wp\/v2\/pages\/149\/revisions\/1094"}],"wp:attachment":[{"href":"https:\/\/www.sp-mallorca.com\/de\/wp-json\/wp\/v2\/media?parent=149"}],"curies":[{"name":"wp","href":"https:\/\/api.w.org\/{rel}","templated":true}]}}