{"id":128,"date":"2024-11-02T09:49:39","date_gmt":"2024-11-02T08:49:39","guid":{"rendered":"https:\/\/wordpress.p390872.webspaceconfig.de\/?page_id=128"},"modified":"2024-11-03T14:58:47","modified_gmt":"2024-11-03T13:58:47","slug":"detailansicht","status":"publish","type":"page","link":"https:\/\/www.sp-mallorca.com\/de\/detailansicht\/","title":{"rendered":"Detailansicht"},"content":{"rendered":"<div class=\"oo-detailview-helper\"><p class=\"oo-detailview-helper-text oo-detailview-helper-text--default\">You have opened the detail page, but we do not know which estate to show you, because there is no estate ID in the URL. Please go to an estate list and open an estate from there.<\/p><\/div>\n","protected":false},"excerpt":{"rendered":"","protected":false},"author":7,"featured_media":0,"parent":0,"menu_order":1,"comment_status":"closed","ping_status":"closed","template":"detail.php","meta":{"_acf_changed":false,"footnotes":""},"class_list":["post-128","page","type-page","status-publish","hentry"],"acf":[],"yoast_head":"<!-- This site is optimized with the Yoast SEO plugin v27.5 - https:\/\/yoast.com\/product\/yoast-seo-wordpress\/ -->\n<title>Detailansicht - Steffek und Partner Immobilien SLU-Mallorca Immobilien Verkauf Vermietung S\u00fcdwesten Mallorca kaufen mieten<\/title>\n<meta name=\"description\" content=\"Villa kaufen Mallorca S\u00fcd West Bendinat Villa mit Meerblick S\u00fcdwest Meerblick Costa de en Blanes, Villa Costa d\u00b4en Blanes, Costa den Blanes, Villa s\u00fcdwesten\" \/>\n<meta name=\"robots\" content=\"index, follow, max-snippet:-1, max-image-preview:large, max-video-preview:-1\" \/>\n<link rel=\"canonical\" href=\"https:\/\/www.sp-mallorca.com\/de\/wp-json\/wp\/v2\/pages\/128\" \/>\n<meta property=\"og:locale\" content=\"de_DE\" \/>\n<meta property=\"og:type\" content=\"article\" \/>\n<meta property=\"og:title\" content=\"[:de]Detailansicht - Steffek und Partner Immobilien SLU-Mallorca Immobilien Verkauf Vermietung S\u00fcdwesten Mallorca kaufen mieten [:]\" \/>\n<meta property=\"og:description\" content=\"{:de}Villa kaufen Mallorca S\u00fcd West Bendinat Villa mit Meerblick S\u00fcdwest Meerblick Costa de en Blanes, Villa Costa d\u00b4en Blanes, Costa den Blanes, Villa s\u00fcdwesten{:es}Villa kaufen Mallorca S\u00fcd West Bendinat Villa mit Meerblick S\u00fcdwest Meerblick Costa de en Blanes, Villa Costa d\u00b4en Blanes, Costa den Blanes, Villa s\u00fcdwesten{:}\" \/>\n<meta property=\"og:url\" content=\"https:\/\/www.sp-mallorca.com\/detailansicht\/\" \/>\n<meta property=\"og:site_name\" content=\"Steffek und Partner Immobilien SLU-Mallorca Immobilien Verkauf Vermietung S\u00fcdwesten Mallorca kaufen mieten\" \/>\n<meta property=\"article:modified_time\" content=\"2024-11-03T13:58:47+00:00\" \/>\n<meta name=\"twitter:card\" content=\"summary_large_image\" \/>\n<script type=\"application\/ld+json\" class=\"yoast-schema-graph\">{\"@context\":\"https:\\\/\\\/schema.org\",\"@graph\":[{\"@type\":\"WebPage\",\"@id\":\"https:\\\/\\\/www.sp-mallorca.com\\\/detailansicht\\\/\",\"url\":\"https:\\\/\\\/www.sp-mallorca.com\\\/detailansicht\\\/\",\"name\":\"[:de]Detailansicht - Steffek und Partner Immobilien SLU-Mallorca Immobilien Verkauf Vermietung S\u00fcdwesten Mallorca kaufen mieten [:]\",\"isPartOf\":{\"@id\":\"https:\\\/\\\/www.sp-mallorca.com\\\/de\\\/#website\"},\"datePublished\":\"2024-11-02T08:49:39+00:00\",\"dateModified\":\"2024-11-03T13:58:47+00:00\",\"description\":\"{:de}Villa kaufen Mallorca S\u00fcd West Bendinat Villa mit Meerblick S\u00fcdwest Meerblick Costa de en Blanes, Villa Costa d\u00b4en Blanes, Costa den Blanes, Villa s\u00fcdwesten{:es}Villa kaufen Mallorca S\u00fcd West Bendinat Villa mit Meerblick S\u00fcdwest Meerblick Costa de en Blanes, Villa Costa d\u00b4en Blanes, Costa den Blanes, Villa s\u00fcdwesten{:}\",\"breadcrumb\":{\"@id\":\"https:\\\/\\\/www.sp-mallorca.com\\\/detailansicht\\\/#breadcrumb\"},\"inLanguage\":\"de\",\"potentialAction\":[{\"@type\":\"ReadAction\",\"target\":[\"https:\\\/\\\/www.sp-mallorca.com\\\/detailansicht\\\/\"]}]},{\"@type\":\"BreadcrumbList\",\"@id\":\"https:\\\/\\\/www.sp-mallorca.com\\\/detailansicht\\\/#breadcrumb\",\"itemListElement\":[{\"@type\":\"ListItem\",\"position\":1,\"name\":\"Startseite\",\"item\":\"https:\\\/\\\/www.sp-mallorca.com\\\/\"},{\"@type\":\"ListItem\",\"position\":2,\"name\":\"Detailansicht\"}]},{\"@type\":\"WebSite\",\"@id\":\"https:\\\/\\\/www.sp-mallorca.com\\\/de\\\/#website\",\"url\":\"https:\\\/\\\/www.sp-mallorca.com\\\/de\\\/\",\"name\":\"Steffek und Partner Immobilien SLU-Mallorca Immobilien Verkauf Vermietung S\u00fcdwesten Mallorca kaufen mieten\",\"description\":\"Mallorca Immobilien, Inmobiliaria, Real Estate, Verkauf und Vermietung, Makler Immobilienb\u00fcro, Agentur Mallorca S\u00fcdwest El Toro Calvi\u00e1 Spanien Spain, Immobilien Mallorca, g\u00fcnstige Immobilien Mallorca, Langzeitmiete Mallorca S\u00fcdwesten, Immobilien Mallorca S\u00fcdwest, Immobilien Mallorca mieten, Santa ponsa Immobilien kaufen. \u00a0 \u00a0\",\"potentialAction\":[{\"@type\":\"SearchAction\",\"target\":{\"@type\":\"EntryPoint\",\"urlTemplate\":\"https:\\\/\\\/www.sp-mallorca.com\\\/de\\\/?s={search_term_string}\"},\"query-input\":{\"@type\":\"PropertyValueSpecification\",\"valueRequired\":true,\"valueName\":\"search_term_string\"}}],\"inLanguage\":\"de\"}]}<\/script>\n<!-- \/ Yoast SEO plugin. -->","yoast_head_json":{"title":"Detailansicht - Steffek und Partner Immobilien SLU-Mallorca Immobilien Verkauf Vermietung S\u00fcdwesten Mallorca kaufen mieten","description":"Villa kaufen Mallorca S\u00fcd West Bendinat Villa mit Meerblick S\u00fcdwest Meerblick Costa de en Blanes, Villa Costa d\u00b4en Blanes, Costa den Blanes, Villa s\u00fcdwesten","robots":{"index":"index","follow":"follow","max-snippet":"max-snippet:-1","max-image-preview":"max-image-preview:large","max-video-preview":"max-video-preview:-1"},"canonical":"https:\/\/www.sp-mallorca.com\/de\/wp-json\/wp\/v2\/pages\/128","og_locale":"de_DE","og_type":"article","og_title":"[:de]Detailansicht - Steffek und Partner Immobilien SLU-Mallorca Immobilien Verkauf Vermietung S\u00fcdwesten Mallorca kaufen mieten [:]","og_description":"{:de}Villa kaufen Mallorca S\u00fcd West Bendinat Villa mit Meerblick S\u00fcdwest Meerblick Costa de en Blanes, Villa Costa d\u00b4en Blanes, Costa den Blanes, Villa s\u00fcdwesten{:es}Villa kaufen Mallorca S\u00fcd West Bendinat Villa mit Meerblick S\u00fcdwest Meerblick Costa de en Blanes, Villa Costa d\u00b4en Blanes, Costa den Blanes, Villa s\u00fcdwesten{:}","og_url":"https:\/\/www.sp-mallorca.com\/detailansicht\/","og_site_name":"Steffek und Partner Immobilien SLU-Mallorca Immobilien Verkauf Vermietung S\u00fcdwesten Mallorca kaufen mieten","article_modified_time":"2024-11-03T13:58:47+00:00","twitter_card":"summary_large_image","schema":{"@context":"https:\/\/schema.org","@graph":[{"@type":"WebPage","@id":"https:\/\/www.sp-mallorca.com\/detailansicht\/","url":"https:\/\/www.sp-mallorca.com\/detailansicht\/","name":"[:de]Detailansicht - Steffek und Partner Immobilien SLU-Mallorca Immobilien Verkauf Vermietung S\u00fcdwesten Mallorca kaufen mieten [:]","isPartOf":{"@id":"https:\/\/www.sp-mallorca.com\/de\/#website"},"datePublished":"2024-11-02T08:49:39+00:00","dateModified":"2024-11-03T13:58:47+00:00","description":"{:de}Villa kaufen Mallorca S\u00fcd West Bendinat Villa mit Meerblick S\u00fcdwest Meerblick Costa de en Blanes, Villa Costa d\u00b4en Blanes, Costa den Blanes, Villa s\u00fcdwesten{:es}Villa kaufen Mallorca S\u00fcd West Bendinat Villa mit Meerblick S\u00fcdwest Meerblick Costa de en Blanes, Villa Costa d\u00b4en Blanes, Costa den Blanes, Villa s\u00fcdwesten{:}","breadcrumb":{"@id":"https:\/\/www.sp-mallorca.com\/detailansicht\/#breadcrumb"},"inLanguage":"de","potentialAction":[{"@type":"ReadAction","target":["https:\/\/www.sp-mallorca.com\/detailansicht\/"]}]},{"@type":"BreadcrumbList","@id":"https:\/\/www.sp-mallorca.com\/detailansicht\/#breadcrumb","itemListElement":[{"@type":"ListItem","position":1,"name":"Startseite","item":"https:\/\/www.sp-mallorca.com\/"},{"@type":"ListItem","position":2,"name":"Detailansicht"}]},{"@type":"WebSite","@id":"https:\/\/www.sp-mallorca.com\/de\/#website","url":"https:\/\/www.sp-mallorca.com\/de\/","name":"Steffek und Partner Immobilien SLU-Mallorca Immobilien Verkauf Vermietung S\u00fcdwesten Mallorca kaufen mieten","description":"Mallorca Immobilien, Inmobiliaria, Real Estate, Verkauf und Vermietung, Makler Immobilienb\u00fcro, Agentur Mallorca S\u00fcdwest El Toro Calvi\u00e1 Spanien Spain, Immobilien Mallorca, g\u00fcnstige Immobilien Mallorca, Langzeitmiete Mallorca S\u00fcdwesten, Immobilien Mallorca S\u00fcdwest, Immobilien Mallorca mieten, Santa ponsa Immobilien kaufen. \u00a0 \u00a0","potentialAction":[{"@type":"SearchAction","target":{"@type":"EntryPoint","urlTemplate":"https:\/\/www.sp-mallorca.com\/de\/?s={search_term_string}"},"query-input":{"@type":"PropertyValueSpecification","valueRequired":true,"valueName":"search_term_string"}}],"inLanguage":"de"}]}},"_links":{"self":[{"href":"https:\/\/www.sp-mallorca.com\/de\/wp-json\/wp\/v2\/pages\/128","targetHints":{"allow":["GET"]}}],"collection":[{"href":"https:\/\/www.sp-mallorca.com\/de\/wp-json\/wp\/v2\/pages"}],"about":[{"href":"https:\/\/www.sp-mallorca.com\/de\/wp-json\/wp\/v2\/types\/page"}],"author":[{"embeddable":true,"href":"https:\/\/www.sp-mallorca.com\/de\/wp-json\/wp\/v2\/users\/7"}],"replies":[{"embeddable":true,"href":"https:\/\/www.sp-mallorca.com\/de\/wp-json\/wp\/v2\/comments?post=128"}],"version-history":[{"count":17,"href":"https:\/\/www.sp-mallorca.com\/de\/wp-json\/wp\/v2\/pages\/128\/revisions"}],"predecessor-version":[{"id":922,"href":"https:\/\/www.sp-mallorca.com\/de\/wp-json\/wp\/v2\/pages\/128\/revisions\/922"}],"wp:attachment":[{"href":"https:\/\/www.sp-mallorca.com\/de\/wp-json\/wp\/v2\/media?parent=128"}],"curies":[{"name":"wp","href":"https:\/\/api.w.org\/{rel}","templated":true}]}}